{"id":1345,"date":"2019-11-22T10:49:14","date_gmt":"2019-11-22T10:49:14","guid":{"rendered":"http:\/\/www.hundinstitutet.com\/?page_id=1345"},"modified":"2025-04-23T07:10:58","modified_gmt":"2025-04-23T07:10:58","slug":"nosework-f-valpar","status":"publish","type":"page","link":"https:\/\/www.hundinstitutet.com\/?page_id=1345","title":{"rendered":"Nosework f. valpar"},"content":{"rendered":"\n<h4 class=\"wp-block-heading\">Nosework f\u00f6r valpar, utm\u00e4rkt aktivering och berikning av hundens vardag!<\/h4>\n\n\n\n<figure class=\"wp-block-gallery has-nested-images columns-default is-cropped wp-block-gallery-1 is-layout-flex wp-block-gallery-is-layout-flex\">\n<figure class=\"wp-block-image size-large\"><a href=\"https:\/\/www.hundinstitutet.com\/wp-content\/uploads\/2014\/04\/cgnutcrackerikorg.jpg\"><img loading=\"lazy\" decoding=\"async\" width=\"422\" height=\"417\" data-id=\"214\" src=\"https:\/\/www.hundinstitutet.com\/wp-content\/uploads\/2014\/04\/cgnutcrackerikorg.jpg\" alt=\"\" class=\"wp-image-214\" srcset=\"https:\/\/www.hundinstitutet.com\/wp-content\/uploads\/2014\/04\/cgnutcrackerikorg.jpg 422w, https:\/\/www.hundinstitutet.com\/wp-content\/uploads\/2014\/04\/cgnutcrackerikorg-300x296.jpg 300w\" sizes=\"auto, (max-width: 422px) 100vw, 422px\" \/><\/a><\/figure>\n\n\n\n<figure class=\"wp-block-image size-large\"><a href=\"https:\/\/www.hundinstitutet.com\/wp-content\/uploads\/2016\/05\/13139145_10209574758591621_223326257483696771_n.jpg\"><img loading=\"lazy\" decoding=\"async\" width=\"960\" height=\"640\" data-id=\"809\" src=\"https:\/\/www.hundinstitutet.com\/wp-content\/uploads\/2016\/05\/13139145_10209574758591621_223326257483696771_n.jpg\" alt=\"\" class=\"wp-image-809\" srcset=\"https:\/\/www.hundinstitutet.com\/wp-content\/uploads\/2016\/05\/13139145_10209574758591621_223326257483696771_n.jpg 960w, https:\/\/www.hundinstitutet.com\/wp-content\/uploads\/2016\/05\/13139145_10209574758591621_223326257483696771_n-300x200.jpg 300w\" sizes=\"auto, (max-width: 960px) 100vw, 960px\" \/><\/a><figcaption class=\"wp-element-caption\">Foto: Anna Karin Dernsj\u00f6<\/figcaption><\/figure>\n<\/figure>\n\n\n\n<p>Detta \u00e4r en kurs som passar ypperligt f\u00f6r den som senare planerar anm\u00e4la till kursen Nosework 1. Kursen ger ocks\u00e5 en god grund f\u00f6r att tr\u00e4na vidare med annat s\u00f6karbete ex.&nbsp; specials\u00f6k.<\/p>\n\n\n\n<p>Nosework \u00e4r en hundsportgren d\u00e4r i princip vilken hund som helst kan delta! Oavsett om du bara vill aktivera din valp med n\u00e5got roligt eller om du \u00e4r t\u00e4vlingsinriktad s\u00e5 passar denna gren utm\u00e4rkt. Sj\u00e4lvklart anv\u00e4nder vi &nbsp;bel\u00f6ningsbaserad tr\u00e4ning \u00e4ven h\u00e4r.<\/p>\n\n\n\n<p>Nosework, nosarbete, kan \u00e4ven fungera som ett komplement f\u00f6r att hj\u00e4lpa reaktiva, k\u00e4nsliga och h\u00f6gvarvade hundar till att komma ner p\u00e5 en l\u00e4gre stressniv\u00e5.<\/p>\n\n\n\n<p>Hundarna anv\u00e4nder aktivt nosen och s\u00f6ker ex. bland kartonger, m\u00f6bler, p\u00e5 v\u00e4ggar, golv eller runt fordon. P\u00e5 valpkursen i nosework&nbsp; fokuserar vi p\u00e5 olika inomhuss\u00f6k. Vi anpassar tr\u00e4ningen f\u00f6r varje individ, alla beh\u00f6ver inte g\u00e5 lika fort fram, vi satsar p\u00e5 kvalitet i nosarbetet och fokuserar \u00e4ven p\u00e5 att ta pauser l\u00e4mpligt eftersom nosework \u00e4r kr\u00e4vande f\u00f6r din hund.&nbsp; Som extra krydda p\u00e5 tr\u00e4ningen l\u00e4gger vi ocks\u00e5 in lite kroppskontroll\u00f6vningar vilket ytterligare f\u00f6rst\u00e4rker din valp i s\u00f6ksituationer.<\/p>\n\n\n\n<p>M\u00e5let med kursen \u00e4r att du och din valp under kursens g\u00e5ng f\u00e5r kunskap och tr\u00e4ning i nosework p\u00e5 ett enkelt lekfullt s\u00e4tt . Vi jobbar i huvudsak praktiskt med leksakss\u00f6k\/ godiss\u00f6k och p\u00e5 slutet f\u00e5r man \u00e4ven prova p\u00e5 eukalyptus.<\/p>\n\n\n\n<p>Film om hur det kan se ut med vuxen hund, p\u00e5 filmen tv\u00e5 fynd (nyb\u00f6rjarhund, andra dagen noseworktr\u00e4ning):<\/p>\n\n\n\n<figure class=\"wp-block-embed is-type-video is-provider-youtube wp-block-embed-youtube wp-embed-aspect-16-9 wp-has-aspect-ratio\"><div class=\"wp-block-embed__wrapper\">\n<iframe loading=\"lazy\" title=\"Nosework\" width=\"660\" height=\"371\" src=\"https:\/\/www.youtube.com\/embed\/jNUqHYnMd98?feature=oembed\" frameborder=\"0\" allow=\"accelerometer; autoplay; clipboard-write; encrypted-media; gyroscope; picture-in-picture; web-share\" referrerpolicy=\"strict-origin-when-cross-origin\" allowfullscreen><\/iframe>\n<\/div><\/figure>\n\n\n<div class=\"wp-block-image\">\n<figure class=\"aligncenter\"><a href=\"https:\/\/www.hundinstitutet.com\/wp-content\/uploads\/2015\/10\/12120035_10153666567855682_8717603248771710907_o.jpg\"><img loading=\"lazy\" decoding=\"async\" width=\"300\" height=\"199\" src=\"https:\/\/www.hundinstitutet.com\/wp-content\/uploads\/2015\/10\/12120035_10153666567855682_8717603248771710907_o-300x199.jpg\" alt=\"12120035_10153666567855682_8717603248771710907_o\" class=\"wp-image-607\" srcset=\"https:\/\/www.hundinstitutet.com\/wp-content\/uploads\/2015\/10\/12120035_10153666567855682_8717603248771710907_o-300x199.jpg 300w, https:\/\/www.hundinstitutet.com\/wp-content\/uploads\/2015\/10\/12120035_10153666567855682_8717603248771710907_o-1024x680.jpg 1024w, https:\/\/www.hundinstitutet.com\/wp-content\/uploads\/2015\/10\/12120035_10153666567855682_8717603248771710907_o.jpg 2048w\" sizes=\"auto, (max-width: 300px) 100vw, 300px\" \/><\/a><\/figure>\n<\/div>\n\n\n<p>Jag \u00e4r certifierad Noseworkinstrukt\u00f6r av SNWK, Svenska Noseworkklubben och<strong>&nbsp;<\/strong>doftprovsdomare av SNWK. Jag har \u00e4ven g\u00e5tt flertal s\u00f6kutvecklingskurser f\u00f6r olika instrukt\u00f6rer inom bla tj\u00e4nstehundssektorn. Jag har utf\u00f6rt doftprov i Sverige, klass 1 och klass 2 , t\u00e4vlat i klass 1 samtliga moment. Du kan l\u00e4sa mer om mig som instrukt\u00f6r&nbsp;<a href=\"https:\/\/www.hundinstitutet.com\/?page_id=22\">h\u00e4r<\/a>.<\/p>\n\n\n\n<p>Denna kurs rekommenderas f\u00f6r valpar fr\u00e5n 3 -10 m\u00e5n. Vid behov kan valparna stundvis beh\u00f6va pausa i bilen, s\u00e5 tr\u00e4na det g\u00e4rna i god tid innan kursen. Som hj\u00e4lp kan du ta med n\u00e5got hunden gillar att gnaga p\u00e5.<\/p>\n\n\n\n<p><strong>F\u00f6rkunskaper<\/strong>: har du g\u00e5tt valpkurs eller motsvarande vid Hundinstitutet har du f\u00f6rtur till denna kurs.<\/p>\n\n\n\n<p><strong>Efter genomf\u00f6rd kurs<\/strong>&nbsp;kan du g\u00e5 t.ex.&nbsp;<a href=\"https:\/\/www.hundinstitutet.com\/?page_id=605\" data-type=\"page\" data-id=\"605\">nosework 1<\/a>.<\/p>\n\n\n\n<p>Datum: se<strong> <a href=\"https:\/\/www.hundinstitutet.com\/?page_id=2861\" data-type=\"page\" data-id=\"2861\">Aktuella kurser<\/a><\/strong> f\u00f6r mer information!<\/p>\n\n\n\n<div class=\"wp-block-buttons is-content-justification-center is-layout-flex wp-container-core-buttons-is-layout-16018d1d wp-block-buttons-is-layout-flex\">\n<div class=\"wp-block-button\"><a class=\"wp-block-button__link wp-element-button\" href=\"https:\/\/www.hundinstitutet.com\/?page_id=2861\">AKTUELLA KURSER<\/a><\/div>\n<\/div>\n\n\n\n<p>Anm\u00e4lan vid fastslaget datum \u00e4r bindande. <\/p>\n\n\n\n<p>ANM\u00c4LNINGSBLANKETT<\/p>\n\n\n<div class=\"wpforms-container wpforms-container-full wpforms-block wpforms-block-130254c0-1948-495e-8ddb-b471444eaa39\" id=\"wpforms-1695\"><form id=\"wpforms-form-1695\" class=\"wpforms-validate wpforms-form\" data-formid=\"1695\" method=\"post\" enctype=\"multipart\/form-data\" action=\"\/index.php?rest_route=%2Fwp%2Fv2%2Fpages%2F1345\" data-token=\"78c114820b157f0d14ed745b17de9726\" data-token-time=\"1778331345\"><noscript class=\"wpforms-error-noscript\">Aktivera JavaScript i din webbl\u00e4sare f\u00f6r att fylla i formul\u00e4ret.<\/noscript><div class=\"wpforms-field-container\"><div id=\"wpforms-1695-field_2-container\" class=\"wpforms-field wpforms-field-name\" data-field-id=\"2\"><label class=\"wpforms-field-label\" for=\"wpforms-1695-field_2\">Namn <span class=\"wpforms-required-label\">*<\/span><\/label><div class=\"wpforms-field-row wpforms-field-medium\"><div class=\"wpforms-field-row-block wpforms-first wpforms-one-half\"><input type=\"text\" id=\"wpforms-1695-field_2\" class=\"wpforms-field-name-first wpforms-field-required\" name=\"wpforms[fields][2][first]\" placeholder=\"F\u00f6rnamn\" required><label for=\"wpforms-1695-field_2\" class=\"wpforms-field-sublabel after wpforms-sublabel-hide\">F\u00f6rst<\/label><\/div><div class=\"wpforms-field-row-block wpforms-one-half\"><input type=\"text\" id=\"wpforms-1695-field_2-last\" class=\"wpforms-field-name-last wpforms-field-required\" name=\"wpforms[fields][2][last]\" placeholder=\"Efternamn\" required><label for=\"wpforms-1695-field_2-last\" class=\"wpforms-field-sublabel after wpforms-sublabel-hide\">Sist<\/label><\/div><\/div><\/div><div id=\"wpforms-1695-field_3-container\" class=\"wpforms-field wpforms-field-text\" data-field-id=\"3\"><label class=\"wpforms-field-label\" for=\"wpforms-1695-field_3\">Adress <span class=\"wpforms-required-label\">*<\/span><\/label><input type=\"text\" id=\"wpforms-1695-field_3\" class=\"wpforms-field-medium wpforms-field-required\" name=\"wpforms[fields][3]\" placeholder=\"N\u00e4radress\" required><\/div><div id=\"wpforms-1695-field_4-container\" class=\"wpforms-field wpforms-field-text\" data-field-id=\"4\"><label class=\"wpforms-field-label\" for=\"wpforms-1695-field_4\">Postadress <span class=\"wpforms-required-label\">*<\/span><\/label><input type=\"text\" id=\"wpforms-1695-field_4\" class=\"wpforms-field-medium wpforms-field-required\" name=\"wpforms[fields][4]\" placeholder=\"Postnummer och ort\" required><\/div><div id=\"wpforms-1695-field_5-container\" class=\"wpforms-field wpforms-field-email\" data-field-id=\"5\"><label class=\"wpforms-field-label\" for=\"wpforms-1695-field_5\">Epost <span class=\"wpforms-required-label\">*<\/span><\/label><input type=\"email\" id=\"wpforms-1695-field_5\" class=\"wpforms-field-medium wpforms-field-required\" name=\"wpforms[fields][5]\" spellcheck=\"false\" required><\/div><div id=\"wpforms-1695-field_18-container\" class=\"wpforms-field wpforms-field-text\" data-field-id=\"18\"><label class=\"wpforms-field-label\" for=\"wpforms-1695-field_18\">Telefonnummer <span class=\"wpforms-required-label\">*<\/span><\/label><input type=\"text\" id=\"wpforms-1695-field_18\" class=\"wpforms-field-medium wpforms-field-required\" name=\"wpforms[fields][18]\" required><\/div><div id=\"wpforms-1695-field_7-container\" class=\"wpforms-field wpforms-field-text\" data-field-id=\"7\"><label class=\"wpforms-field-label\" for=\"wpforms-1695-field_7\">Jag vill delta i  <span class=\"wpforms-required-label\">*<\/span><\/label><input type=\"text\" id=\"wpforms-1695-field_7\" class=\"wpforms-field-medium wpforms-field-required\" name=\"wpforms[fields][7]\" placeholder=\"Kursnamn\" required><\/div><div id=\"wpforms-1695-field_8-container\" class=\"wpforms-field wpforms-field-text\" data-field-id=\"8\"><label class=\"wpforms-field-label\" for=\"wpforms-1695-field_8\">Hundens namn <span class=\"wpforms-required-label\">*<\/span><\/label><input type=\"text\" id=\"wpforms-1695-field_8\" class=\"wpforms-field-medium wpforms-field-required\" name=\"wpforms[fields][8]\" required><\/div><div id=\"wpforms-1695-field_9-container\" class=\"wpforms-field wpforms-field-text\" data-field-id=\"9\"><label class=\"wpforms-field-label\" for=\"wpforms-1695-field_9\">Hundens ras <span class=\"wpforms-required-label\">*<\/span><\/label><input type=\"text\" id=\"wpforms-1695-field_9\" class=\"wpforms-field-medium wpforms-field-required\" name=\"wpforms[fields][9]\" required><\/div><div id=\"wpforms-1695-field_10-container\" class=\"wpforms-field wpforms-field-checkbox\" data-field-id=\"10\"><label class=\"wpforms-field-label\">Hundens k\u00f6n <span class=\"wpforms-required-label\">*<\/span><\/label><ul id=\"wpforms-1695-field_10\" class=\"wpforms-field-required\"><li class=\"choice-1 depth-1\"><input type=\"checkbox\" id=\"wpforms-1695-field_10_1\" name=\"wpforms[fields][10][]\" value=\"Tik\" required ><label class=\"wpforms-field-label-inline\" for=\"wpforms-1695-field_10_1\">Tik<\/label><\/li><li class=\"choice-2 depth-1\"><input type=\"checkbox\" id=\"wpforms-1695-field_10_2\" name=\"wpforms[fields][10][]\" value=\"Hane\" required ><label class=\"wpforms-field-label-inline\" for=\"wpforms-1695-field_10_2\">Hane<\/label><\/li><\/ul><\/div><div id=\"wpforms-1695-field_12-container\" class=\"wpforms-field wpforms-field-textarea\" data-field-id=\"12\"><label class=\"wpforms-field-label\" for=\"wpforms-1695-field_12\">Vad vill du l\u00e4ra dig p\u00e5 kursen?<\/label><textarea id=\"wpforms-1695-field_12\" class=\"wpforms-field-medium\" name=\"wpforms[fields][12]\" ><\/textarea><\/div><div id=\"wpforms-1695-field_13-container\" class=\"wpforms-field wpforms-field-textarea\" data-field-id=\"13\"><label class=\"wpforms-field-label\" for=\"wpforms-1695-field_13\"> Ska hunden anv\u00e4ndas till n\u00e5got speciellt? (jakt, bruks, lydnad, sp\u00e5r, familjehund)<\/label><textarea id=\"wpforms-1695-field_13\" class=\"wpforms-field-medium\" name=\"wpforms[fields][13]\" ><\/textarea><\/div><div id=\"wpforms-1695-field_14-container\" class=\"wpforms-field wpforms-field-textarea\" data-field-id=\"14\"><label class=\"wpforms-field-label\" for=\"wpforms-1695-field_14\">Har hunden haft n\u00e5gra skador eller sjukdomar?<\/label><textarea id=\"wpforms-1695-field_14\" class=\"wpforms-field-medium\" name=\"wpforms[fields][14]\" ><\/textarea><\/div><div id=\"wpforms-1695-field_15-container\" class=\"wpforms-field wpforms-field-textarea\" data-field-id=\"15\"><label class=\"wpforms-field-label\" for=\"wpforms-1695-field_15\">Har du specifika problem med hunden?<\/label><textarea id=\"wpforms-1695-field_15\" class=\"wpforms-field-medium\" name=\"wpforms[fields][15]\" ><\/textarea><\/div><div id=\"wpforms-1695-field_16-container\" class=\"wpforms-field wpforms-field-checkbox\" data-field-id=\"16\"><label class=\"wpforms-field-label\">Avbest\u00e4llningsvillkor: Anm\u00e4lan till kurs\/utbildning \u00e4r bindande. Vid f\u00f6rhinder har jag sj\u00e4lv r\u00e4tt att s\u00e4lja min avbokade plats till annan deltagare som \u00e4r p\u00e5 l\u00e4mplig niv\u00e5 f\u00f6r kursen. <span class=\"wpforms-required-label\">*<\/span><\/label><ul id=\"wpforms-1695-field_16\" class=\"wpforms-field-required\"><li class=\"choice-1 depth-1\"><input type=\"checkbox\" id=\"wpforms-1695-field_16_1\" name=\"wpforms[fields][16][]\" value=\"Jag accepterar\" required ><label class=\"wpforms-field-label-inline\" for=\"wpforms-1695-field_16_1\">Jag accepterar<\/label><\/li><\/ul><\/div><div id=\"wpforms-1695-field_17-container\" class=\"wpforms-field wpforms-field-checkbox\" data-field-id=\"17\"><label class=\"wpforms-field-label\">Ansvarsvillkor: Jag \u00e4r sj\u00e4lv ansvarig f\u00f6r att jag och min hund \u00e4r tillr\u00e4ckligt f\u00f6rs\u00e4krade. Jag bekr\u00e4ftar att jag deltar p\u00e5 kursen p\u00e5 eget ansvar och att jag sj\u00e4lv \u00e4r ansvarig f\u00f6r eventuella skador som jag eller min hund orsakar. <span class=\"wpforms-required-label\">*<\/span><\/label><ul id=\"wpforms-1695-field_17\" class=\"wpforms-field-required\"><li class=\"choice-1 depth-1\"><input type=\"checkbox\" id=\"wpforms-1695-field_17_1\" name=\"wpforms[fields][17][]\" value=\"Jag accepterar\" required ><label class=\"wpforms-field-label-inline\" for=\"wpforms-1695-field_17_1\">Jag accepterar<\/label><\/li><\/ul><\/div><\/div><!-- .wpforms-field-container --><div class=\"wpforms-submit-container\" ><input type=\"hidden\" name=\"wpforms[id]\" value=\"1695\"><input type=\"hidden\" name=\"page_title\" value=\"\"><input type=\"hidden\" name=\"page_url\" value=\"https:\/\/www.hundinstitutet.com\/index.php?rest_route=\/wp\/v2\/pages\/1345\"><input type=\"hidden\" name=\"url_referer\" value=\"\"><button type=\"submit\" name=\"wpforms[submit]\" id=\"wpforms-submit-1695\" class=\"wpforms-submit\" data-alt-text=\"Skickar din anm\u00e4lan...\" data-submit-text=\"Skicka\" aria-live=\"assertive\" value=\"wpforms-submit\">Skicka<\/button><\/div><\/form><\/div>  <!-- .wpforms-container -->\n\n\n<p><\/p>\n","protected":false},"excerpt":{"rendered":"<p>Nosework f\u00f6r valpar, utm\u00e4rkt aktivering och berikning av hundens vardag! Detta \u00e4r en kurs som passar ypperligt f\u00f6r den som senare planerar anm\u00e4la till kursen Nosework 1. Kursen ger ocks\u00e5 en god grund f\u00f6r att tr\u00e4na vidare med annat s\u00f6karbete ex.&nbsp; specials\u00f6k. Nosework \u00e4r en hundsportgren d\u00e4r i princip vilken hund som helst kan delta! &hellip; <a href=\"https:\/\/www.hundinstitutet.com\/?page_id=1345\" class=\"more-link\">Forts\u00e4tt l\u00e4sa <span class=\"screen-reader-text\">Nosework f. valpar<\/span><\/a><\/p>\n","protected":false},"author":1,"featured_media":0,"parent":2327,"menu_order":0,"comment_status":"closed","ping_status":"closed","template":"","meta":{"footnotes":""},"class_list":["post-1345","page","type-page","status-publish","hentry"],"_links":{"self":[{"href":"https:\/\/www.hundinstitutet.com\/index.php?rest_route=\/wp\/v2\/pages\/1345","targetHints":{"allow":["GET"]}}],"collection":[{"href":"https:\/\/www.hundinstitutet.com\/index.php?rest_route=\/wp\/v2\/pages"}],"about":[{"href":"https:\/\/www.hundinstitutet.com\/index.php?rest_route=\/wp\/v2\/types\/page"}],"author":[{"embeddable":true,"href":"https:\/\/www.hundinstitutet.com\/index.php?rest_route=\/wp\/v2\/users\/1"}],"replies":[{"embeddable":true,"href":"https:\/\/www.hundinstitutet.com\/index.php?rest_route=%2Fwp%2Fv2%2Fcomments&post=1345"}],"version-history":[{"count":16,"href":"https:\/\/www.hundinstitutet.com\/index.php?rest_route=\/wp\/v2\/pages\/1345\/revisions"}],"predecessor-version":[{"id":4202,"href":"https:\/\/www.hundinstitutet.com\/index.php?rest_route=\/wp\/v2\/pages\/1345\/revisions\/4202"}],"up":[{"embeddable":true,"href":"https:\/\/www.hundinstitutet.com\/index.php?rest_route=\/wp\/v2\/pages\/2327"}],"wp:attachment":[{"href":"https:\/\/www.hundinstitutet.com\/index.php?rest_route=%2Fwp%2Fv2%2Fmedia&parent=1345"}],"curies":[{"name":"wp","href":"https:\/\/api.w.org\/{rel}","templated":true}]}}