{"id":1388,"date":"2022-03-18T21:21:19","date_gmt":"2022-03-18T21:21:19","guid":{"rendered":"http:\/\/www.hundinstitutet.com\/?page_id=1388"},"modified":"2026-04-28T05:55:42","modified_gmt":"2026-04-28T05:55:42","slug":"noseworklager","status":"publish","type":"page","link":"https:\/\/www.hundinstitutet.com\/?page_id=1388","title":{"rendered":"Noseworkl\u00e4ger"},"content":{"rendered":"\n<p>Samtliga moment p\u00e5 en tv\u00e5 dagar! Nosework 1 och Nosework 2 eller v\u00e4lj ett av dem!<\/p>\n\n\n\n<div class=\"wp-block-media-text is-stacked-on-mobile\"><figure class=\"wp-block-media-text__media\"><img loading=\"lazy\" decoding=\"async\" width=\"670\" height=\"1024\" src=\"https:\/\/www.hundinstitutet.com\/wp-content\/uploads\/2024\/04\/437171751_2132676873769303_4560331090321483386_n-670x1024.jpg\" alt=\"\" class=\"wp-image-3152 size-full\" srcset=\"https:\/\/www.hundinstitutet.com\/wp-content\/uploads\/2024\/04\/437171751_2132676873769303_4560331090321483386_n-670x1024.jpg 670w, https:\/\/www.hundinstitutet.com\/wp-content\/uploads\/2024\/04\/437171751_2132676873769303_4560331090321483386_n-196x300.jpg 196w, https:\/\/www.hundinstitutet.com\/wp-content\/uploads\/2024\/04\/437171751_2132676873769303_4560331090321483386_n-768x1174.jpg 768w, https:\/\/www.hundinstitutet.com\/wp-content\/uploads\/2024\/04\/437171751_2132676873769303_4560331090321483386_n.jpg 827w\" sizes=\"auto, (max-width: 670px) 100vw, 670px\" \/><\/figure><div class=\"wp-block-media-text__content\">\n<p>Beh\u00e5llars\u00f6k p\u00e5 bild<\/p>\n\n\n\n<p><\/p>\n<\/div><\/div>\n\n\n<p><a href=\"https:\/\/www.hundinstitutet.com\/wp-content\/uploads\/2024\/04\/439218248_401584656087577_6360935008102620107_n-1.jpg\"><img loading=\"lazy\" decoding=\"async\" class=\" wp-image-3150 alignleft\" src=\"https:\/\/www.hundinstitutet.com\/wp-content\/uploads\/2024\/04\/439218248_401584656087577_6360935008102620107_n-1-225x300.jpg\" alt=\"\" width=\"298\" height=\"397\" srcset=\"https:\/\/www.hundinstitutet.com\/wp-content\/uploads\/2024\/04\/439218248_401584656087577_6360935008102620107_n-1-225x300.jpg 225w, https:\/\/www.hundinstitutet.com\/wp-content\/uploads\/2024\/04\/439218248_401584656087577_6360935008102620107_n-1-768x1024.jpg 768w, https:\/\/www.hundinstitutet.com\/wp-content\/uploads\/2024\/04\/439218248_401584656087577_6360935008102620107_n-1.jpg 828w\" sizes=\"auto, (max-width: 298px) 100vw, 298px\" \/><\/a><\/p>\n<p>&nbsp;<\/p>\n<p>&nbsp;<\/p>\n<p>&nbsp;<\/p>\n<p>L\u00e4gret passar allt fr\u00e5n nyb\u00f6rjare inom\u00a0 Nosework till dig som startat upp tr\u00e4ningen\u00a0 och vill vidareutveckla Din hund!\u00a0 \u00a0Teorin\u00a0 kommer att h\u00e5llas fr\u00e5n nyb\u00f6rjarniv\u00e5. <strong>De som kommit l\u00e4ngre ex g\u00e5tt Nosework 1 <\/strong>eller kanske \u00e4ven<strong> 2<\/strong>\u00a0 f\u00e5r st\u00f6rre utmaningar i s\u00f6ken!\u00a0 \u00a0<\/p>\n<p><a href=\"https:\/\/www.hundinstitutet.com\/wp-content\/uploads\/2016\/05\/13139145_10209574758591621_223326257483696771_n.jpg\"><img loading=\"lazy\" decoding=\"async\" class=\"size-medium wp-image-809 aligncenter\" src=\"https:\/\/www.hundinstitutet.com\/wp-content\/uploads\/2016\/05\/13139145_10209574758591621_223326257483696771_n-300x200.jpg\" alt=\"\" width=\"300\" height=\"200\" srcset=\"https:\/\/www.hundinstitutet.com\/wp-content\/uploads\/2016\/05\/13139145_10209574758591621_223326257483696771_n-300x200.jpg 300w, https:\/\/www.hundinstitutet.com\/wp-content\/uploads\/2016\/05\/13139145_10209574758591621_223326257483696771_n.jpg 960w\" sizes=\"auto, (max-width: 300px) 100vw, 300px\" \/> <\/a>Nosework \u00e4r en hundsportgren d\u00e4r i princip vilken hund som helst kan delta! Oavsett om du bara vill aktivera din hund med n\u00e5got roligt eller om du \u00e4r t\u00e4vlingsinriktad s\u00e5 passar denna gren utm\u00e4rkt.\u00a0 F\u00f6rutom att nosework \u00e4r v\u00e4ldigt roligt kan nosework kan fungera som ett komplement f\u00f6r att hj\u00e4lpa reaktiva, k\u00e4nsliga och h\u00f6gvarvade hundar till att komma ner p\u00e5 en l\u00e4gre stressniv\u00e5 och samtidigt bygga\u00a0 psykisk styrka f\u00f6r en f\u00f6rsiktig hund.\u00a0<\/p>\n<p>Nu v\u00e4xer sporten med rasande fart och i Norden letar hundarna dofter som eukalyptus, lavendel och lagerblad. Hundarna s\u00f6ker b\u00e5de inomhus och utomhus. ex bland kartonger, m\u00f6bler, p\u00e5 v\u00e4ggar, golv eller fordon.\u00a0 Vi anpassar tr\u00e4ningen f\u00f6r varje individ, alla beh\u00f6ver inte g\u00e5 lika fort fram, vi satsar p\u00e5 kvalitet i nosarbetet och fokuserar \u00e4ven p\u00e5 att ta pauser l\u00e4mpligt eftersom nosework \u00e4r kr\u00e4vande f\u00f6r din hund. \u00a0Samtliga ekipage f\u00e5r egen tr\u00e4ningstid utan att andra hundar finns i samma rum.<\/p>\n<p>I slutet av kursen ing\u00e5r ett frivilligt tr\u00e4ningsdoftprov utomhus (reserverat endast f\u00f6r kursdeltagare), allt f\u00f6r att du ska vara f\u00f6rberedd om du vill g\u00e5 vidare i tr\u00e4ning och t\u00e4vling.<\/p>\n<p><a href=\"https:\/\/www.hundinstitutet.com\/wp-content\/uploads\/2023\/01\/noseworkfordon.jpg\"><img loading=\"lazy\" decoding=\"async\" class=\"size-medium wp-image-2137 aligncenter\" src=\"https:\/\/www.hundinstitutet.com\/wp-content\/uploads\/2023\/01\/noseworkfordon-300x205.jpg\" alt=\"\" width=\"300\" height=\"205\" srcset=\"https:\/\/www.hundinstitutet.com\/wp-content\/uploads\/2023\/01\/noseworkfordon-300x205.jpg 300w, https:\/\/www.hundinstitutet.com\/wp-content\/uploads\/2023\/01\/noseworkfordon-768x525.jpg 768w, https:\/\/www.hundinstitutet.com\/wp-content\/uploads\/2023\/01\/noseworkfordon.jpg 960w\" sizes=\"auto, (max-width: 300px) 100vw, 300px\" \/><\/a><\/p>\n<p>Det finns\u00a0 olika t\u00e4vlingsklasser och varje klass best\u00e5r av\u00a0 olika moment: inomhuss\u00f6k, utomhuss\u00f6k, fordonss\u00f6k och beh\u00e5llars\u00f6k.<\/p>\n<p>Film om hur det kan se ut, p\u00e5 filmen tv\u00e5 fynd\u00a0 med nyb\u00f6rjarhund, andra dagen noseworktr\u00e4ning<\/p>\n<p><a href=\"https:\/\/www.youtube.com\/watch?v=jNUqHYnMd98\" target=\"_blank\" rel=\"nofollow noopener\">https:\/\/www.youtube.com\/watch?v=jNUqHYnMd98<\/a><\/p>\n<p><a href=\"https:\/\/www.hundinstitutet.com\/wp-content\/uploads\/2015\/10\/12120035_10153666567855682_8717603248771710907_o.jpg\"><img loading=\"lazy\" decoding=\"async\" class=\"aligncenter size-medium wp-image-607\" src=\"https:\/\/www.hundinstitutet.com\/wp-content\/uploads\/2015\/10\/12120035_10153666567855682_8717603248771710907_o-300x199.jpg\" alt=\"12120035_10153666567855682_8717603248771710907_o\" width=\"300\" height=\"199\" srcset=\"https:\/\/www.hundinstitutet.com\/wp-content\/uploads\/2015\/10\/12120035_10153666567855682_8717603248771710907_o-300x199.jpg 300w, https:\/\/www.hundinstitutet.com\/wp-content\/uploads\/2015\/10\/12120035_10153666567855682_8717603248771710907_o-1024x680.jpg 1024w, https:\/\/www.hundinstitutet.com\/wp-content\/uploads\/2015\/10\/12120035_10153666567855682_8717603248771710907_o.jpg 2048w\" sizes=\"auto, (max-width: 300px) 100vw, 300px\" \/><\/a><\/p>\n<p>Instrukt\u00f6ren \u00e4r :<\/p>\n<p>Utbildad och\u00a0<strong>Certifierad Noseworkinstrukt\u00f6r<\/strong> av SNWK ( Svenska Noseworkklubben)<\/p>\n<p><strong>Doftprovsdomare<\/strong> av SNWK<\/p>\n<p>Utbildat och jobbat med <strong>Specials\u00f6kshund, dvs tj\u00e4nstehund<\/strong>\u00a0<\/p>\n<p>Flertal s\u00f6kutvecklingskurser f\u00f6r olika instrukt\u00f6rer inom bla tj\u00e4nstehundssektorn<\/p>\n<p>Utf\u00f6rt doftprov i Sverige, klass 1 och klass 2 . T\u00e4vlat i samtliga moment. Vidare utbildning se flik: info om instrukt\u00f6ren.<\/p>\n<p><strong>2026<\/strong><\/p>\n<p><b>Mer info: scrolla ner p\u00e5 Aktuella kurser enligt l\u00e4nken:\u00a0<\/b><\/p>\n<p><a href=\"https:\/\/www.hundinstitutet.com\/?page_id=2861\">https:\/\/www.hundinstitutet.com\/?page_id=2861<\/a><\/p>\n<p>Datum 6-7 juli\u00a0 Kl 9,30-15,30 med avbrott f\u00f6r en h lunchpaus. Du kan \u00e4ven v\u00e4lja att delta endast f\u00f6rmiddagar eller eftermiddagar NSW1 eller NSW 2. G\u00e5 in via l\u00e4nken f\u00f6r att l\u00e4sa mer!<\/p>\n<p>Plats: Vestmyra Hundsporthall\/ inh\u00e4gnad hundplan samt andra utomhusomr\u00e5den p\u00e5 annan plats!\u00a0<\/p>\n<p>&nbsp;<\/p>\n<p><a href=\"https:\/\/www.hundinstitutet.com\/wp-content\/uploads\/2016\/10\/12821621_954232097980238_611158092642277721_n.jpg\"><img loading=\"lazy\" decoding=\"async\" class=\"aligncenter size-medium wp-image-910\" src=\"https:\/\/www.hundinstitutet.com\/wp-content\/uploads\/2016\/10\/12821621_954232097980238_611158092642277721_n-225x300.jpg\" alt=\"12821621_954232097980238_611158092642277721_n\" width=\"225\" height=\"300\" srcset=\"https:\/\/www.hundinstitutet.com\/wp-content\/uploads\/2016\/10\/12821621_954232097980238_611158092642277721_n-225x300.jpg 225w, https:\/\/www.hundinstitutet.com\/wp-content\/uploads\/2016\/10\/12821621_954232097980238_611158092642277721_n.jpg 720w\" sizes=\"auto, (max-width: 225px) 100vw, 225px\" \/><\/a><\/p>\n<p>&nbsp;<\/p>\n<p><span style=\"color: #ff0000;\"><span style=\"color: #000000;\"><strong data-rich-text-format-boundary=\"true\">Anm\u00e4lan \u00e4r strikt bindande d\u00e5 detta \u00e4r ett omfattande arrangemang<\/strong>. Vid f\u00f6rhinder s\u00e4ljer du sj\u00e4lv din l\u00e4gerplats.\u00a0<\/span><\/span><\/p>\n<h3>\u00a0<\/h3>\n<p>Observat\u00f6r utan hund: tas Ej.\u00a0<\/p>\n<p>Anm\u00e4l via anm\u00e4lningsblanketten.\u00a0 Begr\u00e4nsat antal platser!\u00a0<\/p>\n\n<div class=\"wpforms-container wpforms-container-full wpforms-block wpforms-block-068ae858-380c-4c91-b1c9-c85a7482a968\" id=\"wpforms-1707\"><form id=\"wpforms-form-1707\" class=\"wpforms-validate wpforms-form\" data-formid=\"1707\" method=\"post\" enctype=\"multipart\/form-data\" action=\"\/index.php?rest_route=%2Fwp%2Fv2%2Fpages%2F1388\" data-token=\"0cde974311b9998fa380803f8103693a\" data-token-time=\"1777898448\"><noscript class=\"wpforms-error-noscript\">Aktivera JavaScript i din webbl\u00e4sare f\u00f6r att fylla i formul\u00e4ret.<\/noscript><div class=\"wpforms-field-container\"><div id=\"wpforms-1707-field_2-container\" class=\"wpforms-field wpforms-field-name\" data-field-id=\"2\"><label class=\"wpforms-field-label\" for=\"wpforms-1707-field_2\">Namn <span class=\"wpforms-required-label\">*<\/span><\/label><div class=\"wpforms-field-row wpforms-field-medium\"><div class=\"wpforms-field-row-block wpforms-first wpforms-one-half\"><input type=\"text\" id=\"wpforms-1707-field_2\" class=\"wpforms-field-name-first wpforms-field-required\" name=\"wpforms[fields][2][first]\" placeholder=\"F\u00f6rnamn\" required><label for=\"wpforms-1707-field_2\" class=\"wpforms-field-sublabel after wpforms-sublabel-hide\">F\u00f6rst<\/label><\/div><div class=\"wpforms-field-row-block wpforms-one-half\"><input type=\"text\" id=\"wpforms-1707-field_2-last\" class=\"wpforms-field-name-last wpforms-field-required\" name=\"wpforms[fields][2][last]\" placeholder=\"Efternamn\" required><label for=\"wpforms-1707-field_2-last\" class=\"wpforms-field-sublabel after wpforms-sublabel-hide\">Sist<\/label><\/div><\/div><\/div><div id=\"wpforms-1707-field_3-container\" class=\"wpforms-field wpforms-field-text\" data-field-id=\"3\"><label class=\"wpforms-field-label\" for=\"wpforms-1707-field_3\">Adress <span class=\"wpforms-required-label\">*<\/span><\/label><input type=\"text\" id=\"wpforms-1707-field_3\" class=\"wpforms-field-medium wpforms-field-required\" name=\"wpforms[fields][3]\" placeholder=\"N\u00e4radress\" required><\/div><div id=\"wpforms-1707-field_4-container\" class=\"wpforms-field wpforms-field-text\" data-field-id=\"4\"><label class=\"wpforms-field-label\" for=\"wpforms-1707-field_4\">Postadress <span class=\"wpforms-required-label\">*<\/span><\/label><input type=\"text\" id=\"wpforms-1707-field_4\" class=\"wpforms-field-medium wpforms-field-required\" name=\"wpforms[fields][4]\" placeholder=\"Postnummer och ort\" required><\/div><div id=\"wpforms-1707-field_5-container\" class=\"wpforms-field wpforms-field-email\" data-field-id=\"5\"><label class=\"wpforms-field-label\" for=\"wpforms-1707-field_5\">Epost <span class=\"wpforms-required-label\">*<\/span><\/label><input type=\"email\" id=\"wpforms-1707-field_5\" class=\"wpforms-field-medium wpforms-field-required\" name=\"wpforms[fields][5]\" spellcheck=\"false\" required><\/div><div id=\"wpforms-1707-field_18-container\" class=\"wpforms-field wpforms-field-text\" data-field-id=\"18\"><label class=\"wpforms-field-label\" for=\"wpforms-1707-field_18\">Telefonnummer <span class=\"wpforms-required-label\">*<\/span><\/label><input type=\"text\" id=\"wpforms-1707-field_18\" class=\"wpforms-field-medium wpforms-field-required\" name=\"wpforms[fields][18]\" required><\/div><div id=\"wpforms-1707-field_7-container\" class=\"wpforms-field wpforms-field-text\" data-field-id=\"7\"><label class=\"wpforms-field-label\" for=\"wpforms-1707-field_7\">Jag vill delta i  <span class=\"wpforms-required-label\">*<\/span><\/label><input type=\"text\" id=\"wpforms-1707-field_7\" class=\"wpforms-field-medium wpforms-field-required\" name=\"wpforms[fields][7]\" placeholder=\"Kursnamn\" required><\/div><div id=\"wpforms-1707-field_8-container\" class=\"wpforms-field wpforms-field-text\" data-field-id=\"8\"><label class=\"wpforms-field-label\" for=\"wpforms-1707-field_8\">Hundens namn <span class=\"wpforms-required-label\">*<\/span><\/label><input type=\"text\" id=\"wpforms-1707-field_8\" class=\"wpforms-field-medium wpforms-field-required\" name=\"wpforms[fields][8]\" required><\/div><div id=\"wpforms-1707-field_9-container\" class=\"wpforms-field wpforms-field-text\" data-field-id=\"9\"><label class=\"wpforms-field-label\" for=\"wpforms-1707-field_9\">Hundens ras <span class=\"wpforms-required-label\">*<\/span><\/label><input type=\"text\" id=\"wpforms-1707-field_9\" class=\"wpforms-field-medium wpforms-field-required\" name=\"wpforms[fields][9]\" required><\/div><div id=\"wpforms-1707-field_10-container\" class=\"wpforms-field wpforms-field-checkbox\" data-field-id=\"10\"><label class=\"wpforms-field-label\">Hundens k\u00f6n <span class=\"wpforms-required-label\">*<\/span><\/label><ul id=\"wpforms-1707-field_10\" class=\"wpforms-field-required\"><li class=\"choice-1 depth-1\"><input type=\"checkbox\" id=\"wpforms-1707-field_10_1\" name=\"wpforms[fields][10][]\" value=\"Tik\" required ><label class=\"wpforms-field-label-inline\" for=\"wpforms-1707-field_10_1\">Tik<\/label><\/li><li class=\"choice-2 depth-1\"><input type=\"checkbox\" id=\"wpforms-1707-field_10_2\" name=\"wpforms[fields][10][]\" value=\"Hane\" required ><label class=\"wpforms-field-label-inline\" for=\"wpforms-1707-field_10_2\">Hane<\/label><\/li><\/ul><\/div><div id=\"wpforms-1707-field_12-container\" class=\"wpforms-field wpforms-field-textarea\" data-field-id=\"12\"><label class=\"wpforms-field-label\" for=\"wpforms-1707-field_12\">Vad vill du l\u00e4ra dig p\u00e5 kursen?<\/label><textarea id=\"wpforms-1707-field_12\" class=\"wpforms-field-medium\" name=\"wpforms[fields][12]\" ><\/textarea><\/div><div id=\"wpforms-1707-field_13-container\" class=\"wpforms-field wpforms-field-textarea\" data-field-id=\"13\"><label class=\"wpforms-field-label\" for=\"wpforms-1707-field_13\"> Ska hunden anv\u00e4ndas till n\u00e5got speciellt? (jakt, bruks, lydnad, sp\u00e5r, familjehund)<\/label><textarea id=\"wpforms-1707-field_13\" class=\"wpforms-field-medium\" name=\"wpforms[fields][13]\" ><\/textarea><\/div><div id=\"wpforms-1707-field_14-container\" class=\"wpforms-field wpforms-field-textarea\" data-field-id=\"14\"><label class=\"wpforms-field-label\" for=\"wpforms-1707-field_14\">Har hunden haft n\u00e5gra skador eller sjukdomar?<\/label><textarea id=\"wpforms-1707-field_14\" class=\"wpforms-field-medium\" name=\"wpforms[fields][14]\" ><\/textarea><\/div><div id=\"wpforms-1707-field_15-container\" class=\"wpforms-field wpforms-field-textarea\" data-field-id=\"15\"><label class=\"wpforms-field-label\" for=\"wpforms-1707-field_15\">Har du specifika problem med hunden?<\/label><textarea id=\"wpforms-1707-field_15\" class=\"wpforms-field-medium\" name=\"wpforms[fields][15]\" ><\/textarea><\/div><div id=\"wpforms-1707-field_16-container\" class=\"wpforms-field wpforms-field-checkbox\" data-field-id=\"16\"><label class=\"wpforms-field-label\">Avbest\u00e4llningsvillkor: Anm\u00e4lan till kurs\/utbildning \u00e4r bindande. Vid f\u00f6rhinder har jag sj\u00e4lv r\u00e4tt att s\u00e4lja min avbokade plats till annan deltagare som \u00e4r p\u00e5 l\u00e4mplig niv\u00e5 f\u00f6r kursen. <span class=\"wpforms-required-label\">*<\/span><\/label><ul id=\"wpforms-1707-field_16\" class=\"wpforms-field-required\"><li class=\"choice-1 depth-1\"><input type=\"checkbox\" id=\"wpforms-1707-field_16_1\" name=\"wpforms[fields][16][]\" value=\"Jag accepterar\" required ><label class=\"wpforms-field-label-inline\" for=\"wpforms-1707-field_16_1\">Jag accepterar<\/label><\/li><\/ul><\/div><div id=\"wpforms-1707-field_17-container\" class=\"wpforms-field wpforms-field-checkbox\" data-field-id=\"17\"><label class=\"wpforms-field-label\">Ansvarsvillkor: Jag \u00e4r sj\u00e4lv ansvarig f\u00f6r att jag och min hund \u00e4r tillr\u00e4ckligt f\u00f6rs\u00e4krade. Jag bekr\u00e4ftar att jag deltar p\u00e5 kursen p\u00e5 eget ansvar och att jag sj\u00e4lv \u00e4r ansvarig f\u00f6r eventuella skador som jag eller min hund orsakar. <span class=\"wpforms-required-label\">*<\/span><\/label><ul id=\"wpforms-1707-field_17\" class=\"wpforms-field-required\"><li class=\"choice-1 depth-1\"><input type=\"checkbox\" id=\"wpforms-1707-field_17_1\" name=\"wpforms[fields][17][]\" value=\"Jag accepterar\" required ><label class=\"wpforms-field-label-inline\" for=\"wpforms-1707-field_17_1\">Jag accepterar<\/label><\/li><\/ul><\/div><\/div><!-- .wpforms-field-container --><div class=\"wpforms-submit-container\" ><input type=\"hidden\" name=\"wpforms[id]\" value=\"1707\"><input type=\"hidden\" name=\"page_title\" value=\"\"><input type=\"hidden\" name=\"page_url\" value=\"https:\/\/www.hundinstitutet.com\/index.php?rest_route=\/wp\/v2\/pages\/1388\"><input type=\"hidden\" name=\"url_referer\" value=\"\"><button type=\"submit\" name=\"wpforms[submit]\" id=\"wpforms-submit-1707\" class=\"wpforms-submit\" data-alt-text=\"Skickar din anm\u00e4lan...\" data-submit-text=\"Skicka\" aria-live=\"assertive\" value=\"wpforms-submit\">Skicka<\/button><\/div><\/form><\/div>  <!-- .wpforms-container -->\n\n\n<figure class=\"wp-block-image size-full\"><a href=\"https:\/\/www.hundinstitutet.com\/wp-content\/uploads\/2026\/04\/487938054_1355996258779301_6785915128903762359_n.jpg\"><img loading=\"lazy\" decoding=\"async\" width=\"828\" height=\"621\" src=\"https:\/\/www.hundinstitutet.com\/wp-content\/uploads\/2026\/04\/487938054_1355996258779301_6785915128903762359_n.jpg\" alt=\"\" class=\"wp-image-4568\" srcset=\"https:\/\/www.hundinstitutet.com\/wp-content\/uploads\/2026\/04\/487938054_1355996258779301_6785915128903762359_n.jpg 828w, https:\/\/www.hundinstitutet.com\/wp-content\/uploads\/2026\/04\/487938054_1355996258779301_6785915128903762359_n-300x225.jpg 300w, https:\/\/www.hundinstitutet.com\/wp-content\/uploads\/2026\/04\/487938054_1355996258779301_6785915128903762359_n-768x576.jpg 768w\" sizes=\"auto, (max-width: 828px) 100vw, 828px\" \/><\/a><\/figure>\n","protected":false},"excerpt":{"rendered":"<p>Samtliga moment p\u00e5 en tv\u00e5 dagar! Nosework 1 och Nosework 2 eller v\u00e4lj ett av dem! Beh\u00e5llars\u00f6k p\u00e5 bild &nbsp; &nbsp; &nbsp; L\u00e4gret passar allt fr\u00e5n nyb\u00f6rjare inom\u00a0 Nosework till dig som startat upp tr\u00e4ningen\u00a0 och vill vidareutveckla Din hund!\u00a0 \u00a0Teorin\u00a0 kommer att h\u00e5llas fr\u00e5n nyb\u00f6rjarniv\u00e5. De som kommit l\u00e4ngre ex g\u00e5tt Nosework 1 eller &hellip; <a href=\"https:\/\/www.hundinstitutet.com\/?page_id=1388\" class=\"more-link\">Forts\u00e4tt l\u00e4sa <span class=\"screen-reader-text\">Noseworkl\u00e4ger<\/span><\/a><\/p>\n","protected":false},"author":1,"featured_media":0,"parent":2327,"menu_order":0,"comment_status":"closed","ping_status":"closed","template":"","meta":{"footnotes":""},"class_list":["post-1388","page","type-page","status-publish","hentry"],"_links":{"self":[{"href":"https:\/\/www.hundinstitutet.com\/index.php?rest_route=\/wp\/v2\/pages\/1388","targetHints":{"allow":["GET"]}}],"collection":[{"href":"https:\/\/www.hundinstitutet.com\/index.php?rest_route=\/wp\/v2\/pages"}],"about":[{"href":"https:\/\/www.hundinstitutet.com\/index.php?rest_route=\/wp\/v2\/types\/page"}],"author":[{"embeddable":true,"href":"https:\/\/www.hundinstitutet.com\/index.php?rest_route=\/wp\/v2\/users\/1"}],"replies":[{"embeddable":true,"href":"https:\/\/www.hundinstitutet.com\/index.php?rest_route=%2Fwp%2Fv2%2Fcomments&post=1388"}],"version-history":[{"count":73,"href":"https:\/\/www.hundinstitutet.com\/index.php?rest_route=\/wp\/v2\/pages\/1388\/revisions"}],"predecessor-version":[{"id":4629,"href":"https:\/\/www.hundinstitutet.com\/index.php?rest_route=\/wp\/v2\/pages\/1388\/revisions\/4629"}],"up":[{"embeddable":true,"href":"https:\/\/www.hundinstitutet.com\/index.php?rest_route=\/wp\/v2\/pages\/2327"}],"wp:attachment":[{"href":"https:\/\/www.hundinstitutet.com\/index.php?rest_route=%2Fwp%2Fv2%2Fmedia&parent=1388"}],"curies":[{"name":"wp","href":"https:\/\/api.w.org\/{rel}","templated":true}]}}