{"id":1519,"date":"2021-02-05T17:12:00","date_gmt":"2021-02-05T17:12:00","guid":{"rendered":"http:\/\/www.hundinstitutet.com\/?page_id=1519"},"modified":"2024-06-25T10:12:46","modified_gmt":"2024-06-25T10:12:46","slug":"kennel-coton-gardens","status":"publish","type":"page","link":"https:\/\/www.hundinstitutet.com\/?page_id=1519","title":{"rendered":"Kennel Coton Garden\u00b4s"},"content":{"rendered":"\n<p>Sidan har flyttat tillbaka till sin ursprungliga plats: g\u00e5 in via denna l\u00e4nk s\u00e5 kommer du till Coton Gardens Kennel , st\u00f6rre hemsida: <\/p>\n\n\n\n<figure class=\"wp-block-embed is-type-wp-embed is-provider-coton-de-tulear wp-block-embed-coton-de-tulear\"><div class=\"wp-block-embed__wrapper\">\n<blockquote class=\"wp-embedded-content\" data-secret=\"ARkoJLh4fT\"><a href=\"https:\/\/cotongardens.com\/\">Coton Garden\u00b4s kennel<\/a><\/blockquote><iframe loading=\"lazy\" class=\"wp-embedded-content\" sandbox=\"allow-scripts\" security=\"restricted\" style=\"position: absolute; clip: rect(1px, 1px, 1px, 1px);\" title=\"\u201dCoton Garden\u00b4s kennel\u201d &ndash; Coton de Tulear\" src=\"https:\/\/cotongardens.com\/?embed=true#?secret=pMi3pRt4tN#?secret=ARkoJLh4fT\" data-secret=\"ARkoJLh4fT\" width=\"600\" height=\"338\" frameborder=\"0\" marginwidth=\"0\" marginheight=\"0\" scrolling=\"no\"><\/iframe>\n<\/div><\/figure>\n\n\n\n<div class=\"wp-block-group\"><div class=\"wp-block-group__inner-container is-layout-flow wp-block-group-is-layout-flow\"><div class=\"wp-block-image is-resized\">\n<figure class=\"aligncenter size-large\"><a href=\"https:\/\/www.hundinstitutet.com\/wp-content\/uploads\/2023\/02\/194205068_171238721517750_4509350933696771790_n-1.jpg\"><img loading=\"lazy\" decoding=\"async\" width=\"950\" height=\"1024\" src=\"https:\/\/www.hundinstitutet.com\/wp-content\/uploads\/2023\/02\/194205068_171238721517750_4509350933696771790_n-1-950x1024.jpg\" alt=\"Coton Gardens valp\" class=\"wp-image-2190\" style=\"width:268px;height:auto\" srcset=\"https:\/\/www.hundinstitutet.com\/wp-content\/uploads\/2023\/02\/194205068_171238721517750_4509350933696771790_n-1-950x1024.jpg 950w, https:\/\/www.hundinstitutet.com\/wp-content\/uploads\/2023\/02\/194205068_171238721517750_4509350933696771790_n-1-278x300.jpg 278w, https:\/\/www.hundinstitutet.com\/wp-content\/uploads\/2023\/02\/194205068_171238721517750_4509350933696771790_n-1-768x828.jpg 768w, https:\/\/www.hundinstitutet.com\/wp-content\/uploads\/2023\/02\/194205068_171238721517750_4509350933696771790_n-1.jpg 1241w\" sizes=\"auto, (max-width: 950px) 100vw, 950px\" \/><\/a><figcaption class=\"wp-element-caption\"> En av Mimmis valpar 2021. \u00c4gare: pensionerade veterin\u00e4ren Rauli Lehtinen<\/figcaption><\/figure>\n<\/div><\/div><\/div>\n\n\n<p><a href=\"https:\/\/www.hundinstitutet.com\/wp-content\/uploads\/2021\/02\/wwgruppsitteriringen.jpg\"><img loading=\"lazy\" decoding=\"async\" class=\"size-medium wp-image-1522 aligncenter\" src=\"https:\/\/www.hundinstitutet.com\/wp-content\/uploads\/2021\/02\/wwgruppsitteriringen-300x239.jpg\" alt=\"\" width=\"300\" height=\"239\" srcset=\"https:\/\/www.hundinstitutet.com\/wp-content\/uploads\/2021\/02\/wwgruppsitteriringen-300x239.jpg 300w, https:\/\/www.hundinstitutet.com\/wp-content\/uploads\/2021\/02\/wwgruppsitteriringen.jpg 408w\" sizes=\"auto, (max-width: 300px) 100vw, 300px\" \/><\/a><\/p>\n<p>V\u00e5ra allra st\u00f6rsta segrar \u00e4r fr\u00e5n V\u00e4rldsvinnarutst\u00e4llningar i Finland, Sverige och Danmark. Bild fr\u00e5n Sverige, B\u00c4STA UPPF\u00d6DARGRUPP I RASEN!<\/p>\n<p><img loading=\"lazy\" decoding=\"async\" class=\"aligncenter\" src=\"https:\/\/www.hundinstitutet.com\/wp-content\/uploads\/2014\/08\/cotongardenssimplythebest.jpg\" alt=\"Denna bild har ett alt-attribut som \u00e4r tomt. Dess filnamn \u00e4r cotongardenssimplythebest.jpg\" width=\"419\" height=\"278\" \/><\/p>\n<p>Ovan: Hos Tatjana\u00a0 f\u00f6ddes bl a Coton Garden\u00b4s\u00a0 Simply the Best &#8221;Molltass&#8221; Flerfaldig Champion och \u00e5terkommande BIR vinnare.<\/p>\n<p style=\"text-align: center;\"><img loading=\"lazy\" decoding=\"async\" class=\"size-full wp-image-1520 aligncenter\" src=\"https:\/\/www.hundinstitutet.com\/wp-content\/uploads\/2021\/02\/Fiffisida.jpg\" alt=\"\" width=\"200\" height=\"158\" \/><\/p>\n<p>Ovan: Rifelin Joke Jocelyn &#8221;Fiffi&#8221;, stamtik till kenneln . Utst\u00e4llningschampion i Finland, Sverige och Norge<\/p>\n<p>Vi har \u00e4ven importerat hundar direkt fr\u00e5n Frankrike, den f\u00f6rsta och &#8221;st\u00f6rsta hanen&#8221; avelsm\u00e4ssigt var hanen Phantom du Domaine de Larouviere. En glad sprallig mycket trevlig hane med show och drive i steget. Ett fint tillskott i aveln som var stark i pigment, raka ben och gav fina bett.<a href=\"https:\/\/www.hundinstitutet.com\/wp-content\/uploads\/2021\/02\/Fantavasteras.jpg\"><img loading=\"lazy\" decoding=\"async\" class=\"size-medium wp-image-1521 aligncenter\" src=\"https:\/\/www.hundinstitutet.com\/wp-content\/uploads\/2021\/02\/Fantavasteras-300x225.jpg\" alt=\"\" width=\"300\" height=\"225\" srcset=\"https:\/\/www.hundinstitutet.com\/wp-content\/uploads\/2021\/02\/Fantavasteras-300x225.jpg 300w, https:\/\/www.hundinstitutet.com\/wp-content\/uploads\/2021\/02\/Fantavasteras.jpg 640w\" sizes=\"auto, (max-width: 300px) 100vw, 300px\" \/><\/a><\/p>\n<p style=\"text-align: center;\">Phantom du Domaine de Larouviere, unghund p\u00e5 bilden<\/p>\n<p>\u00a0<\/p>\n<p><a href=\"https:\/\/www.hundinstitutet.com\/wp-content\/uploads\/2014\/06\/11357186_813655895371193_5564705315742643124_o.jpg\"><img loading=\"lazy\" decoding=\"async\" class=\"size-medium wp-image-813 aligncenter\" src=\"https:\/\/www.hundinstitutet.com\/wp-content\/uploads\/2014\/06\/11357186_813655895371193_5564705315742643124_o-300x225.jpg\" alt=\"\" width=\"300\" height=\"225\" srcset=\"https:\/\/www.hundinstitutet.com\/wp-content\/uploads\/2014\/06\/11357186_813655895371193_5564705315742643124_o-300x225.jpg 300w, https:\/\/www.hundinstitutet.com\/wp-content\/uploads\/2014\/06\/11357186_813655895371193_5564705315742643124_o-1024x768.jpg 1024w, https:\/\/www.hundinstitutet.com\/wp-content\/uploads\/2014\/06\/11357186_813655895371193_5564705315742643124_o.jpg 2048w\" sizes=\"auto, (max-width: 300px) 100vw, 300px\" \/><\/a><\/p>\n<p>Ovan Coton Gardens Goldie hawn med Tajtana Berglund.\u00a0<\/p>\n<h5><strong>Kennelns cottar just nu<\/strong>:\u00a0<\/h5>\n<p>Kenneln \u00e4r sm\u00e5skalig: just nu 2 tikar och en unghund<\/p>\n<p><strong>Coton Gardens Just Love me &#8221;Mimmi&#8221;<\/strong>\u00a0 f\u00f6dd 2\/8 2018.\u00a0 Reg nr: FI49394\/18\u00a0 \u00d6gonlyst och kn\u00e4ledsunders\u00f6kt u.a. DNA checkad och fri fr\u00e5n samtliga sjukdomar.\u00a0 Utst\u00e4llningar: bed\u00f6mningen:\u00a0 Exellent\u00a0<\/p>\n<p>Mimmi \u00e4r en mycket glad tik som \u00e4ven \u00e4r mycket tr\u00e4ningsvillig, \u00e4lskar att tr\u00e4na och l\u00e4ra sig nya saker.\u00a0\u00a0<\/p>\n<p><a href=\"https:\/\/www.hundinstitutet.com\/wp-content\/uploads\/2021\/02\/mimmitremanader.jpg\"><img loading=\"lazy\" decoding=\"async\" class=\"size-medium wp-image-1523 alignleft\" src=\"https:\/\/www.hundinstitutet.com\/wp-content\/uploads\/2021\/02\/mimmitremanader-300x200.jpg\" alt=\"\" width=\"300\" height=\"200\" srcset=\"https:\/\/www.hundinstitutet.com\/wp-content\/uploads\/2021\/02\/mimmitremanader-300x200.jpg 300w, https:\/\/www.hundinstitutet.com\/wp-content\/uploads\/2021\/02\/mimmitremanader-768x512.jpg 768w, https:\/\/www.hundinstitutet.com\/wp-content\/uploads\/2021\/02\/mimmitremanader-1024x683.jpg 1024w, https:\/\/www.hundinstitutet.com\/wp-content\/uploads\/2021\/02\/mimmitremanader.jpg 2048w\" sizes=\"auto, (max-width: 300px) 100vw, 300px\" \/><\/a><\/p>\n<p>\u00a0&#8221;Mimmi&#8221; valp<\/p>\n<p style=\"text-align: center;\"><a href=\"https:\/\/www.hundinstitutet.com\/wp-content\/uploads\/2023\/02\/294737662_459942938933622_7298977377418104146_n.jpg\"><img loading=\"lazy\" decoding=\"async\" class=\"size-medium wp-image-2155 alignleft\" src=\"https:\/\/www.hundinstitutet.com\/wp-content\/uploads\/2023\/02\/294737662_459942938933622_7298977377418104146_n-225x300.jpg\" alt=\"\" width=\"225\" height=\"300\" srcset=\"https:\/\/www.hundinstitutet.com\/wp-content\/uploads\/2023\/02\/294737662_459942938933622_7298977377418104146_n-225x300.jpg 225w, https:\/\/www.hundinstitutet.com\/wp-content\/uploads\/2023\/02\/294737662_459942938933622_7298977377418104146_n-768x1024.jpg 768w, https:\/\/www.hundinstitutet.com\/wp-content\/uploads\/2023\/02\/294737662_459942938933622_7298977377418104146_n.jpg 1125w\" sizes=\"auto, (max-width: 225px) 100vw, 225px\" \/><\/a><\/p>\n<p>\u00a0&#8221;Mimmi&#8221;\u00a0 Stockholm 2022<\/p>\n<p style=\"text-align: center;\"><a href=\"https:\/\/www.hundinstitutet.com\/wp-content\/uploads\/2023\/02\/192983102_480656409878413_6045058121859618280_n-scaled.jpg\"><img loading=\"lazy\" decoding=\"async\" class=\"size-medium wp-image-2187 alignleft\" src=\"https:\/\/www.hundinstitutet.com\/wp-content\/uploads\/2023\/02\/192983102_480656409878413_6045058121859618280_n-225x300.jpg\" alt=\"\" width=\"225\" height=\"300\" srcset=\"https:\/\/www.hundinstitutet.com\/wp-content\/uploads\/2023\/02\/192983102_480656409878413_6045058121859618280_n-225x300.jpg 225w, https:\/\/www.hundinstitutet.com\/wp-content\/uploads\/2023\/02\/192983102_480656409878413_6045058121859618280_n-768x1024.jpg 768w, https:\/\/www.hundinstitutet.com\/wp-content\/uploads\/2023\/02\/192983102_480656409878413_6045058121859618280_n-1152x1536.jpg 1152w, https:\/\/www.hundinstitutet.com\/wp-content\/uploads\/2023\/02\/192983102_480656409878413_6045058121859618280_n-1536x2048.jpg 1536w, https:\/\/www.hundinstitutet.com\/wp-content\/uploads\/2023\/02\/192983102_480656409878413_6045058121859618280_n-scaled.jpg 1920w\" sizes=\"auto, (max-width: 225px) 100vw, 225px\" \/><\/a><\/p>\n<h6><a href=\"https:\/\/www.hundinstitutet.com\/wp-content\/uploads\/2023\/02\/skorpanstarutstallnjunior-1.jpg\"><img loading=\"lazy\" decoding=\"async\" class=\"size-medium wp-image-2181 alignleft\" src=\"https:\/\/www.hundinstitutet.com\/wp-content\/uploads\/2023\/02\/skorpanstarutstallnjunior-1-300x209.jpg\" alt=\"\" width=\"300\" height=\"209\" srcset=\"https:\/\/www.hundinstitutet.com\/wp-content\/uploads\/2023\/02\/skorpanstarutstallnjunior-1-300x209.jpg 300w, https:\/\/www.hundinstitutet.com\/wp-content\/uploads\/2023\/02\/skorpanstarutstallnjunior-1-768x534.jpg 768w, https:\/\/www.hundinstitutet.com\/wp-content\/uploads\/2023\/02\/skorpanstarutstallnjunior-1.jpg 833w\" sizes=\"auto, (max-width: 300px) 100vw, 300px\" \/><\/a><\/h6>\n<p>Coton Gardens\u00a0 Kylie Key to Love &#8221;Skorpan&#8221; f\u00f6dd 6\/4 2021. Som valp h\u00f6gst upp, sidobild:\u00a0 1 \u00e5r , Ecker\u00f6 int. utst\u00e4llning. Bed\u00f6mningen very good som junior. Unders\u00f6kt officiellt kn\u00e4n 2023 u.a. \u00d6gonunders\u00f6kning officiellt 2024 u.a.\u00a0 Skorpan \u00e4r dotter till &#8221;Mimmi&#8221;.<\/p>\n<h2><strong>VALPAR\u00a0<\/strong><\/h2>\n<p>Valpar v\u00e4ntas 7-8 juli \u00e5r 2024! Skorpan ska bli mamma! Se mer info genom den andra hemsidan!\u00a0<a href=\"https:\/\/cotongardens.com\/\">https:\/\/cotongardens.com\/<\/a><\/p>\n<p>\u00a0<\/p>\n<p>&#8212;&#8212;&#8212;&#8212;&#8212;&#8212;&#8212;&#8212;&#8212;&#8212;&#8212;&#8212;&#8212;&#8212;&#8212;&#8212;&#8212;&#8212;&#8212;&#8212;&#8212;&#8212;&#8212;&#8212;&#8212;&#8212;&#8212;&#8212;&#8212;&#8212;&#8212;&#8212;&#8212;&#8212;&#8212;&#8212;-<\/p>\n<div class=\"Preview_row__3Fkye row\">\n<div class=\"Preview_componentWrapper__2i4QI\" data-id=\"6ECB288E-9434-4359-BA1B-2FDE022ABF9A\" data-kind=\"TEXT\">\n<div class=\"Preview_component__SbiKo text-align-null\" data-in-template=\"false\" data-id=\"6ECB288E-9434-4359-BA1B-2FDE022ABF9A\" data-kind=\"Component\" data-specific-kind=\"TEXT\">\n<h3 class=\"textheading3 mobile-oversized\">KULLEN \u00c5R 2023:\u00a0<\/h3>\n<\/div>\n<\/div>\n<\/div>\n<div class=\"Preview_row__3Fkye row\">\n<div class=\"Preview_componentWrapper__2i4QI\" data-id=\"DA064EDD-8B19-4550-9595-6FEE3F66221C\" data-kind=\"TEXT\">\n<div class=\"Preview_component__SbiKo text-align-null\" data-in-template=\"false\" data-id=\"DA064EDD-8B19-4550-9595-6FEE3F66221C\" data-kind=\"Component\" data-specific-kind=\"TEXT\">\n<div class=\"styles_contentContainer__lrPIa textnormal styles_text__3jGMu\" data-mve-font-change=\"0\">\n<div class=\"mceNonEditable right\">\n<div data-wrap-id=\"FE8AA166-B160-4607-9563-1A20272D3CF9\">\n<div class=\"Preview_column__1KeVx col\">\n<figure id=\"attachment_2198\" aria-describedby=\"caption-attachment-2198\" style=\"width: 276px\" class=\"wp-caption alignnone\"><a href=\"https:\/\/www.hundinstitutet.com\/wp-content\/uploads\/2023\/02\/Kenzo.jpg\"><img loading=\"lazy\" decoding=\"async\" class=\"size-medium wp-image-2198\" src=\"https:\/\/www.hundinstitutet.com\/wp-content\/uploads\/2023\/02\/Kenzo-276x300.jpg\" alt=\"\" width=\"276\" height=\"300\" srcset=\"https:\/\/www.hundinstitutet.com\/wp-content\/uploads\/2023\/02\/Kenzo-276x300.jpg 276w, https:\/\/www.hundinstitutet.com\/wp-content\/uploads\/2023\/02\/Kenzo-941x1024.jpg 941w, https:\/\/www.hundinstitutet.com\/wp-content\/uploads\/2023\/02\/Kenzo-768x835.jpg 768w, https:\/\/www.hundinstitutet.com\/wp-content\/uploads\/2023\/02\/Kenzo-1412x1536.jpg 1412w, https:\/\/www.hundinstitutet.com\/wp-content\/uploads\/2023\/02\/Kenzo.jpg 1775w\" sizes=\"auto, (max-width: 276px) 100vw, 276px\" \/><\/a><figcaption id=\"caption-attachment-2198\" class=\"wp-caption-text\"><span style=\"font-size: inherit; color: #141412;\">C.I.B,SE UCH,NO UCH<\/span><\/figcaption><\/figure>\n<\/div>\n<\/div>\n<\/div>\n<p><span class=\"textnormal\">Pappa till kullen: Kenzo White Pearl Of Madagaskar<\/span><br \/><span class=\"textnormal\">SE58775\/2014<\/span><br \/><span class=\"textnormal\">F\u00f6dd:2014-06-17<\/span><br \/><span class=\"textnormal\">E. Errol Of The Swift Coton<\/span><br \/><span class=\"textnormal\">U. Flamencoton Carisma<\/span><\/p>\n<p>Mamma till kullen : Coton Garden\u00b4s Just Love me &#8221;Mimmi&#8221;<\/p>\n<p>N\u00e5gra av valparna 2023:<\/p>\n<\/div>\n<p><a href=\"https:\/\/www.hundinstitutet.com\/wp-content\/uploads\/2023\/06\/353741699_214947204800758_1432453765749542786_n.jpg\"><img loading=\"lazy\" decoding=\"async\" class=\"size-medium wp-image-2495 alignright\" src=\"https:\/\/www.hundinstitutet.com\/wp-content\/uploads\/2023\/06\/353741699_214947204800758_1432453765749542786_n-237x300.jpg\" alt=\"\" width=\"237\" height=\"300\" srcset=\"https:\/\/www.hundinstitutet.com\/wp-content\/uploads\/2023\/06\/353741699_214947204800758_1432453765749542786_n-237x300.jpg 237w, https:\/\/www.hundinstitutet.com\/wp-content\/uploads\/2023\/06\/353741699_214947204800758_1432453765749542786_n-768x974.jpg 768w, https:\/\/www.hundinstitutet.com\/wp-content\/uploads\/2023\/06\/353741699_214947204800758_1432453765749542786_n-624x791.jpg 624w, https:\/\/www.hundinstitutet.com\/wp-content\/uploads\/2023\/06\/353741699_214947204800758_1432453765749542786_n.jpg 777w\" sizes=\"auto, (max-width: 237px) 100vw, 237px\" \/><\/a><\/p>\n<p><a href=\"https:\/\/www.hundinstitutet.com\/wp-content\/uploads\/2023\/06\/353741699_214947204800758_1432453765749542786_n.jpg\">Coton Garden\u00b4s Le Prestige, hane<\/a><\/p>\n<p><a href=\"https:\/\/www.hundinstitutet.com\/wp-content\/uploads\/2023\/06\/329117794_1062030524763509_5695637944557010711_n.jpg\"><img loading=\"lazy\" decoding=\"async\" class=\"size-medium wp-image-2497 alignright\" src=\"https:\/\/www.hundinstitutet.com\/wp-content\/uploads\/2023\/06\/329117794_1062030524763509_5695637944557010711_n-229x300.jpg\" alt=\"\" width=\"229\" height=\"300\" srcset=\"https:\/\/www.hundinstitutet.com\/wp-content\/uploads\/2023\/06\/329117794_1062030524763509_5695637944557010711_n-229x300.jpg 229w, https:\/\/www.hundinstitutet.com\/wp-content\/uploads\/2023\/06\/329117794_1062030524763509_5695637944557010711_n-782x1024.jpg 782w, https:\/\/www.hundinstitutet.com\/wp-content\/uploads\/2023\/06\/329117794_1062030524763509_5695637944557010711_n-768x1006.jpg 768w, https:\/\/www.hundinstitutet.com\/wp-content\/uploads\/2023\/06\/329117794_1062030524763509_5695637944557010711_n-1172x1536.jpg 1172w, https:\/\/www.hundinstitutet.com\/wp-content\/uploads\/2023\/06\/329117794_1062030524763509_5695637944557010711_n-624x818.jpg 624w, https:\/\/www.hundinstitutet.com\/wp-content\/uploads\/2023\/06\/329117794_1062030524763509_5695637944557010711_n.jpg 1505w\" sizes=\"auto, (max-width: 229px) 100vw, 229px\" \/> Coton Garden\u00b4s Le Libre Blanc , tik<\/a><\/p>\n<p>6 v<\/p>\n<p>Fler bilder och filmer finns p\u00e5 Fb Hundinstitutet1 eller Fb Maria S\u00f6derlund<\/p>\n<div class=\"styles_contentContainer__lrPIa textnormal styles_text__3jGMu\" data-mve-font-change=\"0\">\n<p><span style=\"font-size: revert;\">\u00a0<\/span><\/p>\n<\/div>\n<\/div>\n<\/div>\n<\/div>\n<p>N\u00e5gra av valparna 2021:<\/p>\n<p><a href=\"https:\/\/www.hundinstitutet.com\/wp-content\/uploads\/2023\/02\/195237625_925837174870260_5026139795467805426_n.jpg\"><img loading=\"lazy\" decoding=\"async\" class=\"size-medium wp-image-2176 alignleft\" src=\"https:\/\/www.hundinstitutet.com\/wp-content\/uploads\/2023\/02\/195237625_925837174870260_5026139795467805426_n-225x300.jpg\" alt=\"\" width=\"225\" height=\"300\" srcset=\"https:\/\/www.hundinstitutet.com\/wp-content\/uploads\/2023\/02\/195237625_925837174870260_5026139795467805426_n-225x300.jpg 225w, https:\/\/www.hundinstitutet.com\/wp-content\/uploads\/2023\/02\/195237625_925837174870260_5026139795467805426_n-767x1024.jpg 767w, https:\/\/www.hundinstitutet.com\/wp-content\/uploads\/2023\/02\/195237625_925837174870260_5026139795467805426_n-768x1025.jpg 768w, https:\/\/www.hundinstitutet.com\/wp-content\/uploads\/2023\/02\/195237625_925837174870260_5026139795467805426_n-1151x1536.jpg 1151w, https:\/\/www.hundinstitutet.com\/wp-content\/uploads\/2023\/02\/195237625_925837174870260_5026139795467805426_n.jpg 1241w\" sizes=\"auto, (max-width: 225px) 100vw, 225px\" \/><\/a><a href=\"https:\/\/www.hundinstitutet.com\/wp-content\/uploads\/2023\/02\/194482022_168836458522828_6872292687244084838_n-scaled.jpg\"><img loading=\"lazy\" decoding=\"async\" class=\"alignnone size-medium wp-image-2188\" src=\"https:\/\/www.hundinstitutet.com\/wp-content\/uploads\/2023\/02\/194482022_168836458522828_6872292687244084838_n-280x300.jpg\" alt=\"\" width=\"280\" height=\"300\" srcset=\"https:\/\/www.hundinstitutet.com\/wp-content\/uploads\/2023\/02\/194482022_168836458522828_6872292687244084838_n-280x300.jpg 280w, https:\/\/www.hundinstitutet.com\/wp-content\/uploads\/2023\/02\/194482022_168836458522828_6872292687244084838_n-955x1024.jpg 955w, https:\/\/www.hundinstitutet.com\/wp-content\/uploads\/2023\/02\/194482022_168836458522828_6872292687244084838_n-768x824.jpg 768w, https:\/\/www.hundinstitutet.com\/wp-content\/uploads\/2023\/02\/194482022_168836458522828_6872292687244084838_n-1432x1536.jpg 1432w, https:\/\/www.hundinstitutet.com\/wp-content\/uploads\/2023\/02\/194482022_168836458522828_6872292687244084838_n-1910x2048.jpg 1910w\" sizes=\"auto, (max-width: 280px) 100vw, 280px\" \/><\/a><a href=\"https:\/\/www.hundinstitutet.com\/wp-content\/uploads\/2023\/02\/194018798_340370407435732_5150181443899348960_n-scaled.jpg\"><img loading=\"lazy\" decoding=\"async\" class=\"alignnone size-medium wp-image-2189\" src=\"https:\/\/www.hundinstitutet.com\/wp-content\/uploads\/2023\/02\/194018798_340370407435732_5150181443899348960_n-225x300.jpg\" alt=\"\" width=\"225\" height=\"300\" srcset=\"https:\/\/www.hundinstitutet.com\/wp-content\/uploads\/2023\/02\/194018798_340370407435732_5150181443899348960_n-225x300.jpg 225w, https:\/\/www.hundinstitutet.com\/wp-content\/uploads\/2023\/02\/194018798_340370407435732_5150181443899348960_n-768x1024.jpg 768w, https:\/\/www.hundinstitutet.com\/wp-content\/uploads\/2023\/02\/194018798_340370407435732_5150181443899348960_n-1152x1536.jpg 1152w, https:\/\/www.hundinstitutet.com\/wp-content\/uploads\/2023\/02\/194018798_340370407435732_5150181443899348960_n-1536x2048.jpg 1536w, https:\/\/www.hundinstitutet.com\/wp-content\/uploads\/2023\/02\/194018798_340370407435732_5150181443899348960_n-scaled.jpg 1920w\" sizes=\"auto, (max-width: 225px) 100vw, 225px\" \/><\/a><\/p>\n<p>\u00a0<\/p>\n<p>Film p\u00e5 kullen f\u00f6dd 2021:\u00a0 7 v<\/p>\n<p><iframe loading=\"lazy\" title=\"video 1622742970\" width=\"660\" height=\"371\" src=\"https:\/\/www.youtube.com\/embed\/Wb7oH1TBsrY?feature=oembed\" frameborder=\"0\" allow=\"accelerometer; autoplay; clipboard-write; encrypted-media; gyroscope; picture-in-picture; web-share\" referrerpolicy=\"strict-origin-when-cross-origin\" allowfullscreen><\/iframe><\/p>\n\n\n<p><\/p>\n","protected":false},"excerpt":{"rendered":"<p>Sidan har flyttat tillbaka till sin ursprungliga plats: g\u00e5 in via denna l\u00e4nk s\u00e5 kommer du till Coton Gardens Kennel , st\u00f6rre hemsida: V\u00e5ra allra st\u00f6rsta segrar \u00e4r fr\u00e5n V\u00e4rldsvinnarutst\u00e4llningar i Finland, Sverige och Danmark. Bild fr\u00e5n Sverige, B\u00c4STA UPPF\u00d6DARGRUPP I RASEN! Ovan: Hos Tatjana\u00a0 f\u00f6ddes bl a Coton Garden\u00b4s\u00a0 Simply the Best &#8221;Molltass&#8221; Flerfaldig &hellip; <a href=\"https:\/\/www.hundinstitutet.com\/?page_id=1519\" class=\"more-link\">Forts\u00e4tt l\u00e4sa <span class=\"screen-reader-text\">Kennel Coton Garden\u00b4s<\/span><\/a><\/p>\n","protected":false},"author":1,"featured_media":0,"parent":0,"menu_order":0,"comment_status":"closed","ping_status":"closed","template":"","meta":{"footnotes":""},"class_list":["post-1519","page","type-page","status-publish","hentry"],"_links":{"self":[{"href":"https:\/\/www.hundinstitutet.com\/index.php?rest_route=\/wp\/v2\/pages\/1519","targetHints":{"allow":["GET"]}}],"collection":[{"href":"https:\/\/www.hundinstitutet.com\/index.php?rest_route=\/wp\/v2\/pages"}],"about":[{"href":"https:\/\/www.hundinstitutet.com\/index.php?rest_route=\/wp\/v2\/types\/page"}],"author":[{"embeddable":true,"href":"https:\/\/www.hundinstitutet.com\/index.php?rest_route=\/wp\/v2\/users\/1"}],"replies":[{"embeddable":true,"href":"https:\/\/www.hundinstitutet.com\/index.php?rest_route=%2Fwp%2Fv2%2Fcomments&post=1519"}],"version-history":[{"count":55,"href":"https:\/\/www.hundinstitutet.com\/index.php?rest_route=\/wp\/v2\/pages\/1519\/revisions"}],"predecessor-version":[{"id":3413,"href":"https:\/\/www.hundinstitutet.com\/index.php?rest_route=\/wp\/v2\/pages\/1519\/revisions\/3413"}],"wp:attachment":[{"href":"https:\/\/www.hundinstitutet.com\/index.php?rest_route=%2Fwp%2Fv2%2Fmedia&parent=1519"}],"curies":[{"name":"wp","href":"https:\/\/api.w.org\/{rel}","templated":true}]}}