{"id":1880,"date":"2022-03-28T16:32:25","date_gmt":"2022-03-28T16:32:25","guid":{"rendered":"https:\/\/www.hundinstitutet.com\/?page_id=1880"},"modified":"2026-02-27T19:31:58","modified_gmt":"2026-02-27T19:31:58","slug":"noseworklager-sokutveckling-4-5-juli","status":"publish","type":"page","link":"https:\/\/www.hundinstitutet.com\/?page_id=1880","title":{"rendered":"Noseworkl\u00e4ger, s\u00f6kutveckling!"},"content":{"rendered":"\n<p>V\u00e4lkommen p\u00e5 sp\u00e4nnande Nosework s\u00f6kutvecklingsl\u00e4ger med Din hund!   Vi fokuserar p\u00e5 att hundar och f\u00f6rare ska ha roligt och samtidigt utveckla sig sj\u00e4lv och sin hund p\u00e5 individuell niv\u00e5.<\/p>\n\n\n<div class=\"wp-block-image\">\n<figure class=\"aligncenter size-large is-resized\"><a href=\"https:\/\/www.hundinstitutet.com\/wp-content\/uploads\/2025\/02\/IMG_8077-scaled.jpeg\"><img loading=\"lazy\" decoding=\"async\" width=\"768\" height=\"1024\" src=\"https:\/\/www.hundinstitutet.com\/wp-content\/uploads\/2025\/02\/IMG_8077-768x1024.jpeg\" alt=\"\" class=\"wp-image-4081\" style=\"width:321px;height:auto\" srcset=\"https:\/\/www.hundinstitutet.com\/wp-content\/uploads\/2025\/02\/IMG_8077-768x1024.jpeg 768w, https:\/\/www.hundinstitutet.com\/wp-content\/uploads\/2025\/02\/IMG_8077-225x300.jpeg 225w, https:\/\/www.hundinstitutet.com\/wp-content\/uploads\/2025\/02\/IMG_8077-1152x1536.jpeg 1152w, https:\/\/www.hundinstitutet.com\/wp-content\/uploads\/2025\/02\/IMG_8077-1536x2048.jpeg 1536w, https:\/\/www.hundinstitutet.com\/wp-content\/uploads\/2025\/02\/IMG_8077-1320x1760.jpeg 1320w, https:\/\/www.hundinstitutet.com\/wp-content\/uploads\/2025\/02\/IMG_8077-scaled.jpeg 1920w\" sizes=\"auto, (max-width: 768px) 100vw, 768px\" \/><\/a><\/figure>\n<\/div>\n\n\n<p>N\u00e4r&nbsp;man tr\u00e4nat en del Nosework och vill komma vidare s\u00e5 kan man beh\u00f6va hj\u00e4lp p\u00e5 v\u00e4gen. Vi kommer att fokusera bl a p\u00e5 markeringar, s\u00e4krings\u00f6vningar, urvalsbana p\u00e5 s\u00f6kplattformen, l\u00e4r in ex lagerblad eller lavendel, fris\u00f6k, nya st\u00f6rningsdofter, kombig\u00f6mmor, styrt s\u00f6k, sv\u00e5r\u00e5tkomlighet mm. &nbsp;Sj\u00e4lvklart kan DU v\u00e4lja precis vad Du och Din hund beh\u00f6ver tr\u00e4na p\u00e5 oavsett om du satsar t\u00e4vlingsm\u00e4ssigt eller f\u00f6r enbart s\u00e4llskapshundaktivering. Vid anm\u00e4lan kan man skriva in egna \u00f6nskem\u00e5l .  Deltagarna kommer att ha m\u00f6jlighet att delta i ett frivilligt inofficiellt prov under s\u00f6ndagen.<\/p>\n\n\n\n<figure class=\"wp-block-image\"><a href=\"https:\/\/www.hundinstitutet.com\/wp-content\/uploads\/2020\/11\/Dantehallen.jpg\"><img loading=\"lazy\" decoding=\"async\" width=\"300\" height=\"168\" src=\"https:\/\/www.hundinstitutet.com\/wp-content\/uploads\/2020\/11\/Dantehallen-300x168.jpg\" alt=\"\" class=\"wp-image-1488\" srcset=\"https:\/\/www.hundinstitutet.com\/wp-content\/uploads\/2020\/11\/Dantehallen-300x168.jpg 300w, https:\/\/www.hundinstitutet.com\/wp-content\/uploads\/2020\/11\/Dantehallen-768x431.jpg 768w, https:\/\/www.hundinstitutet.com\/wp-content\/uploads\/2020\/11\/Dantehallen-1024x575.jpg 1024w, https:\/\/www.hundinstitutet.com\/wp-content\/uploads\/2020\/11\/Dantehallen.jpg 2048w\" sizes=\"auto, (max-width: 300px) 100vw, 300px\" \/><\/a><figcaption class=\"wp-element-caption\">Geta inomhushall f\u00f6r hundtr\u00e4ning, tidigare kurs <\/figcaption><\/figure>\n\n\n\n<p>L\u00e4mpliga f\u00f6rkunskaper: minst Nosework 1 vid Hundinstitutet eller motsvarande kunskaper\/grundkurs i Nosework.  Hunden beh\u00f6ver k\u00e4nna igen eukalyptushydrolat, markeringen beh\u00f6ver dock inte vara klar. Har du kommit l\u00e4ngre med din hund s\u00e5 kommer du att tilldelas sv\u00e5rare s\u00f6k.<\/p>\n\n\n\n<p><img loading=\"lazy\" decoding=\"async\" width=\"278\" height=\"185\" class=\"wp-image-809\" style=\"width: 278px;\" src=\"https:\/\/www.hundinstitutet.com\/wp-content\/uploads\/2016\/05\/13139145_10209574758591621_223326257483696771_n.jpg\" alt=\"\" srcset=\"https:\/\/www.hundinstitutet.com\/wp-content\/uploads\/2016\/05\/13139145_10209574758591621_223326257483696771_n.jpg 960w, https:\/\/www.hundinstitutet.com\/wp-content\/uploads\/2016\/05\/13139145_10209574758591621_223326257483696771_n-300x200.jpg 300w\" sizes=\"auto, (max-width: 278px) 100vw, 278px\" \/>Foto Anna Karin Dernsj\u00f6<\/p>\n\n\n\n<p>Instrukt\u00f6ren \u00e4r : Utbildad och\u00a0<strong>Certifierad Noseworkinstrukt\u00f6r<\/strong>\u00a0av <strong>SNWK <\/strong>( Svenska Noseworkklubben) <\/p>\n\n\n\n<p><strong>Doftprovsdomare<\/strong>&nbsp;av SNWK<\/p>\n\n\n\n<p>Utbildat och jobbat med&nbsp;<strong>Specials\u00f6kshund<\/strong>&nbsp;under ett par \u00e5rs tid<\/p>\n\n\n\n<p><strong>Instrukt\u00f6r f\u00f6r Nosework sedan 2016<\/strong>, \u00e5rligen flertalet kurser p\u00e5 olika niv\u00e5 fr\u00e5n nyb\u00f6rjare till avancerad\/ \u00e4ven tj\u00e4nstehundstr\u00e4ning. <\/p>\n\n\n\n<p>Flertal s\u00f6kutvecklingskurser inom Nosework f\u00f6r olika instrukt\u00f6rer inom bla tj\u00e4nstehundssektorn.<\/p>\n\n\n\n<p>Uppdateras st\u00e4ndigt genom olika kortkurser!<br><br><strong>Helgl\u00e4ger<\/strong><br><br><strong>Datum<\/strong>:  kl 10-15 b\u00e4gge dagar med avbrott f\u00f6r lunch<br><br><strong>Pris: <\/strong><\/p>\n\n\n\n<p>Observat\u00f6r utan hund: tas ej<\/p>\n\n\n\n<p>Plats: Vestmyra Hundhall + utomhusomr\u00e5den, meddelas innan start! <\/p>\n\n\n\n<p>L\u00c4MNA INTRESSEANM\u00c4LAN F\u00d6R DENNA KURS!<\/p>\n\n\n<div class=\"wpforms-container wpforms-container-full wpforms-block wpforms-block-e149a0b7-5169-4ffd-b123-ed8c9ffdf2d2\" id=\"wpforms-1707\"><form id=\"wpforms-form-1707\" class=\"wpforms-validate wpforms-form\" data-formid=\"1707\" method=\"post\" enctype=\"multipart\/form-data\" action=\"\/index.php?rest_route=%2Fwp%2Fv2%2Fpages%2F1880\" data-token=\"bf065cf6d8a97e3c2810d242b994fcc2\" data-token-time=\"1778726952\"><noscript class=\"wpforms-error-noscript\">Aktivera JavaScript i din webbl\u00e4sare f\u00f6r att fylla i formul\u00e4ret.<\/noscript><div class=\"wpforms-field-container\"><div id=\"wpforms-1707-field_2-container\" class=\"wpforms-field wpforms-field-name\" data-field-id=\"2\"><label class=\"wpforms-field-label\" for=\"wpforms-1707-field_2\">Namn <span class=\"wpforms-required-label\">*<\/span><\/label><div class=\"wpforms-field-row wpforms-field-medium\"><div class=\"wpforms-field-row-block wpforms-first wpforms-one-half\"><input type=\"text\" id=\"wpforms-1707-field_2\" class=\"wpforms-field-name-first wpforms-field-required\" name=\"wpforms[fields][2][first]\" placeholder=\"F\u00f6rnamn\" required><label for=\"wpforms-1707-field_2\" class=\"wpforms-field-sublabel after wpforms-sublabel-hide\">F\u00f6rst<\/label><\/div><div class=\"wpforms-field-row-block wpforms-one-half\"><input type=\"text\" id=\"wpforms-1707-field_2-last\" class=\"wpforms-field-name-last wpforms-field-required\" name=\"wpforms[fields][2][last]\" placeholder=\"Efternamn\" required><label for=\"wpforms-1707-field_2-last\" class=\"wpforms-field-sublabel after wpforms-sublabel-hide\">Sist<\/label><\/div><\/div><\/div><div id=\"wpforms-1707-field_3-container\" class=\"wpforms-field wpforms-field-text\" data-field-id=\"3\"><label class=\"wpforms-field-label\" for=\"wpforms-1707-field_3\">Adress <span class=\"wpforms-required-label\">*<\/span><\/label><input type=\"text\" id=\"wpforms-1707-field_3\" class=\"wpforms-field-medium wpforms-field-required\" name=\"wpforms[fields][3]\" placeholder=\"N\u00e4radress\" required><\/div><div id=\"wpforms-1707-field_4-container\" class=\"wpforms-field wpforms-field-text\" data-field-id=\"4\"><label class=\"wpforms-field-label\" for=\"wpforms-1707-field_4\">Postadress <span class=\"wpforms-required-label\">*<\/span><\/label><input type=\"text\" id=\"wpforms-1707-field_4\" class=\"wpforms-field-medium wpforms-field-required\" name=\"wpforms[fields][4]\" placeholder=\"Postnummer och ort\" required><\/div><div id=\"wpforms-1707-field_5-container\" class=\"wpforms-field wpforms-field-email\" data-field-id=\"5\"><label class=\"wpforms-field-label\" for=\"wpforms-1707-field_5\">Epost <span class=\"wpforms-required-label\">*<\/span><\/label><input type=\"email\" id=\"wpforms-1707-field_5\" class=\"wpforms-field-medium wpforms-field-required\" name=\"wpforms[fields][5]\" spellcheck=\"false\" required><\/div><div id=\"wpforms-1707-field_18-container\" class=\"wpforms-field wpforms-field-text\" data-field-id=\"18\"><label class=\"wpforms-field-label\" for=\"wpforms-1707-field_18\">Telefonnummer <span class=\"wpforms-required-label\">*<\/span><\/label><input type=\"text\" id=\"wpforms-1707-field_18\" class=\"wpforms-field-medium wpforms-field-required\" name=\"wpforms[fields][18]\" required><\/div><div id=\"wpforms-1707-field_7-container\" class=\"wpforms-field wpforms-field-text\" data-field-id=\"7\"><label class=\"wpforms-field-label\" for=\"wpforms-1707-field_7\">Jag vill delta i  <span class=\"wpforms-required-label\">*<\/span><\/label><input type=\"text\" id=\"wpforms-1707-field_7\" class=\"wpforms-field-medium wpforms-field-required\" name=\"wpforms[fields][7]\" placeholder=\"Kursnamn\" required><\/div><div id=\"wpforms-1707-field_8-container\" class=\"wpforms-field wpforms-field-text\" data-field-id=\"8\"><label class=\"wpforms-field-label\" for=\"wpforms-1707-field_8\">Hundens namn <span class=\"wpforms-required-label\">*<\/span><\/label><input type=\"text\" id=\"wpforms-1707-field_8\" class=\"wpforms-field-medium wpforms-field-required\" name=\"wpforms[fields][8]\" required><\/div><div id=\"wpforms-1707-field_9-container\" class=\"wpforms-field wpforms-field-text\" data-field-id=\"9\"><label class=\"wpforms-field-label\" for=\"wpforms-1707-field_9\">Hundens ras <span class=\"wpforms-required-label\">*<\/span><\/label><input type=\"text\" id=\"wpforms-1707-field_9\" class=\"wpforms-field-medium wpforms-field-required\" name=\"wpforms[fields][9]\" required><\/div><div id=\"wpforms-1707-field_10-container\" class=\"wpforms-field wpforms-field-checkbox\" data-field-id=\"10\"><label class=\"wpforms-field-label\">Hundens k\u00f6n <span class=\"wpforms-required-label\">*<\/span><\/label><ul id=\"wpforms-1707-field_10\" class=\"wpforms-field-required\"><li class=\"choice-1 depth-1\"><input type=\"checkbox\" id=\"wpforms-1707-field_10_1\" name=\"wpforms[fields][10][]\" value=\"Tik\" required ><label class=\"wpforms-field-label-inline\" for=\"wpforms-1707-field_10_1\">Tik<\/label><\/li><li class=\"choice-2 depth-1\"><input type=\"checkbox\" id=\"wpforms-1707-field_10_2\" name=\"wpforms[fields][10][]\" value=\"Hane\" required ><label class=\"wpforms-field-label-inline\" for=\"wpforms-1707-field_10_2\">Hane<\/label><\/li><\/ul><\/div><div id=\"wpforms-1707-field_12-container\" class=\"wpforms-field wpforms-field-textarea\" data-field-id=\"12\"><label class=\"wpforms-field-label\" for=\"wpforms-1707-field_12\">Vad vill du l\u00e4ra dig p\u00e5 kursen?<\/label><textarea id=\"wpforms-1707-field_12\" class=\"wpforms-field-medium\" name=\"wpforms[fields][12]\" ><\/textarea><\/div><div id=\"wpforms-1707-field_13-container\" class=\"wpforms-field wpforms-field-textarea\" data-field-id=\"13\"><label class=\"wpforms-field-label\" for=\"wpforms-1707-field_13\"> Ska hunden anv\u00e4ndas till n\u00e5got speciellt? (jakt, bruks, lydnad, sp\u00e5r, familjehund)<\/label><textarea id=\"wpforms-1707-field_13\" class=\"wpforms-field-medium\" name=\"wpforms[fields][13]\" ><\/textarea><\/div><div id=\"wpforms-1707-field_14-container\" class=\"wpforms-field wpforms-field-textarea\" data-field-id=\"14\"><label class=\"wpforms-field-label\" for=\"wpforms-1707-field_14\">Har hunden haft n\u00e5gra skador eller sjukdomar?<\/label><textarea id=\"wpforms-1707-field_14\" class=\"wpforms-field-medium\" name=\"wpforms[fields][14]\" ><\/textarea><\/div><div id=\"wpforms-1707-field_15-container\" class=\"wpforms-field wpforms-field-textarea\" data-field-id=\"15\"><label class=\"wpforms-field-label\" for=\"wpforms-1707-field_15\">Har du specifika problem med hunden?<\/label><textarea id=\"wpforms-1707-field_15\" class=\"wpforms-field-medium\" name=\"wpforms[fields][15]\" ><\/textarea><\/div><div id=\"wpforms-1707-field_16-container\" class=\"wpforms-field wpforms-field-checkbox\" data-field-id=\"16\"><label class=\"wpforms-field-label\">Avbest\u00e4llningsvillkor: Anm\u00e4lan till kurs\/utbildning \u00e4r bindande. Vid f\u00f6rhinder har jag sj\u00e4lv r\u00e4tt att s\u00e4lja min avbokade plats till annan deltagare som \u00e4r p\u00e5 l\u00e4mplig niv\u00e5 f\u00f6r kursen. <span class=\"wpforms-required-label\">*<\/span><\/label><ul id=\"wpforms-1707-field_16\" class=\"wpforms-field-required\"><li class=\"choice-1 depth-1\"><input type=\"checkbox\" id=\"wpforms-1707-field_16_1\" name=\"wpforms[fields][16][]\" value=\"Jag accepterar\" required ><label class=\"wpforms-field-label-inline\" for=\"wpforms-1707-field_16_1\">Jag accepterar<\/label><\/li><\/ul><\/div><div id=\"wpforms-1707-field_17-container\" class=\"wpforms-field wpforms-field-checkbox\" data-field-id=\"17\"><label class=\"wpforms-field-label\">Ansvarsvillkor: Jag \u00e4r sj\u00e4lv ansvarig f\u00f6r att jag och min hund \u00e4r tillr\u00e4ckligt f\u00f6rs\u00e4krade. Jag bekr\u00e4ftar att jag deltar p\u00e5 kursen p\u00e5 eget ansvar och att jag sj\u00e4lv \u00e4r ansvarig f\u00f6r eventuella skador som jag eller min hund orsakar. <span class=\"wpforms-required-label\">*<\/span><\/label><ul id=\"wpforms-1707-field_17\" class=\"wpforms-field-required\"><li class=\"choice-1 depth-1\"><input type=\"checkbox\" id=\"wpforms-1707-field_17_1\" name=\"wpforms[fields][17][]\" value=\"Jag accepterar\" required ><label class=\"wpforms-field-label-inline\" for=\"wpforms-1707-field_17_1\">Jag accepterar<\/label><\/li><\/ul><\/div><\/div><!-- .wpforms-field-container --><div class=\"wpforms-submit-container\" ><input type=\"hidden\" name=\"wpforms[id]\" value=\"1707\"><input type=\"hidden\" name=\"page_title\" value=\"\"><input type=\"hidden\" name=\"page_url\" value=\"https:\/\/www.hundinstitutet.com\/index.php?rest_route=\/wp\/v2\/pages\/1880\"><input type=\"hidden\" name=\"url_referer\" value=\"\"><button type=\"submit\" name=\"wpforms[submit]\" id=\"wpforms-submit-1707\" class=\"wpforms-submit\" data-alt-text=\"Skickar din anm\u00e4lan...\" data-submit-text=\"Skicka\" aria-live=\"assertive\" value=\"wpforms-submit\">Skicka<\/button><\/div><\/form><\/div>  <!-- .wpforms-container -->","protected":false},"excerpt":{"rendered":"<p>V\u00e4lkommen p\u00e5 sp\u00e4nnande Nosework s\u00f6kutvecklingsl\u00e4ger med Din hund! Vi fokuserar p\u00e5 att hundar och f\u00f6rare ska ha roligt och samtidigt utveckla sig sj\u00e4lv och sin hund p\u00e5 individuell niv\u00e5. N\u00e4r&nbsp;man tr\u00e4nat en del Nosework och vill komma vidare s\u00e5 kan man beh\u00f6va hj\u00e4lp p\u00e5 v\u00e4gen. Vi kommer att fokusera bl a p\u00e5 markeringar, s\u00e4krings\u00f6vningar, urvalsbana &hellip; <a href=\"https:\/\/www.hundinstitutet.com\/?page_id=1880\" class=\"more-link\">Forts\u00e4tt l\u00e4sa <span class=\"screen-reader-text\">Noseworkl\u00e4ger, s\u00f6kutveckling!<\/span><\/a><\/p>\n","protected":false},"author":1,"featured_media":0,"parent":2327,"menu_order":0,"comment_status":"closed","ping_status":"closed","template":"","meta":{"footnotes":""},"class_list":["post-1880","page","type-page","status-publish","hentry"],"_links":{"self":[{"href":"https:\/\/www.hundinstitutet.com\/index.php?rest_route=\/wp\/v2\/pages\/1880","targetHints":{"allow":["GET"]}}],"collection":[{"href":"https:\/\/www.hundinstitutet.com\/index.php?rest_route=\/wp\/v2\/pages"}],"about":[{"href":"https:\/\/www.hundinstitutet.com\/index.php?rest_route=\/wp\/v2\/types\/page"}],"author":[{"embeddable":true,"href":"https:\/\/www.hundinstitutet.com\/index.php?rest_route=\/wp\/v2\/users\/1"}],"replies":[{"embeddable":true,"href":"https:\/\/www.hundinstitutet.com\/index.php?rest_route=%2Fwp%2Fv2%2Fcomments&post=1880"}],"version-history":[{"count":39,"href":"https:\/\/www.hundinstitutet.com\/index.php?rest_route=\/wp\/v2\/pages\/1880\/revisions"}],"predecessor-version":[{"id":4532,"href":"https:\/\/www.hundinstitutet.com\/index.php?rest_route=\/wp\/v2\/pages\/1880\/revisions\/4532"}],"up":[{"embeddable":true,"href":"https:\/\/www.hundinstitutet.com\/index.php?rest_route=\/wp\/v2\/pages\/2327"}],"wp:attachment":[{"href":"https:\/\/www.hundinstitutet.com\/index.php?rest_route=%2Fwp%2Fv2%2Fmedia&parent=1880"}],"curies":[{"name":"wp","href":"https:\/\/api.w.org\/{rel}","templated":true}]}}