{"id":22,"date":"2014-04-16T15:11:17","date_gmt":"2014-04-16T15:11:17","guid":{"rendered":"http:\/\/hundinstitutet.cotongardens.com\/?page_id=22"},"modified":"2025-01-06T07:53:19","modified_gmt":"2025-01-06T07:53:19","slug":"om-mig","status":"publish","type":"page","link":"https:\/\/www.hundinstitutet.com\/?page_id=22","title":{"rendered":"Om mig, kurser\/utbildning"},"content":{"rendered":"<div class=\"wp-block-image\">\n<figure class=\"aligncenter size-large is-resized\"><a href=\"https:\/\/www.hundinstitutet.com\/wp-content\/uploads\/2024\/04\/prestentationsfotojag.jpg\"><img loading=\"lazy\" decoding=\"async\" width=\"1024\" height=\"683\" src=\"https:\/\/www.hundinstitutet.com\/wp-content\/uploads\/2024\/04\/prestentationsfotojag-1024x683.jpg\" alt=\"\" class=\"wp-image-3160\" style=\"width:533px;height:auto\" srcset=\"https:\/\/www.hundinstitutet.com\/wp-content\/uploads\/2024\/04\/prestentationsfotojag-1024x683.jpg 1024w, https:\/\/www.hundinstitutet.com\/wp-content\/uploads\/2024\/04\/prestentationsfotojag-300x200.jpg 300w, https:\/\/www.hundinstitutet.com\/wp-content\/uploads\/2024\/04\/prestentationsfotojag-768x512.jpg 768w, https:\/\/www.hundinstitutet.com\/wp-content\/uploads\/2024\/04\/prestentationsfotojag-1536x1024.jpg 1536w, https:\/\/www.hundinstitutet.com\/wp-content\/uploads\/2024\/04\/prestentationsfotojag-1320x880.jpg 1320w, https:\/\/www.hundinstitutet.com\/wp-content\/uploads\/2024\/04\/prestentationsfotojag.jpg 2048w\" sizes=\"auto, (max-width: 1024px) 100vw, 1024px\" \/><\/a><figcaption class=\"wp-element-caption\">Foto: Anna Karin Dernsj\u00f6. Maria med Nelly, Mimmi och Grace<\/figcaption><\/figure>\n<\/div>\n\n\n<p>Jag har sedan barnsben varit f\u00f6rtjust i djur och inl\u00e4rning. Redan under ton\u00e5ren besl\u00f6t jag mig f\u00f6r att det var hundar jag ville satsa p\u00e5 utbildningsm\u00e4ssigt. Det har blivit m\u00e5nga hundar och svindlande m\u00e5nga kurser\/utbildningar genom \u00e5ren. I dagsl\u00e4get finns 5 st hundar hemma. Hundraserna \u00e4r: en pensionerad Nova Scotia Duck tolling retriever, en bordercollie och tre Coton de Tulear. Den jag tr\u00e4nar mest just nu \u00e4r min Bordecollie Grace, vi satsar fr\u00e4mst p\u00e5 t\u00e4vlingslydnad och rallylydnad men har \u00e4ven provat lite vallning och agility. Arbetet med hundar tar stor del av min fritid s\u00e5 jag har minskat radikalt p\u00e5 t\u00e4vlingar f\u00f6r egen del.   Jag \u00e4r \u00e4ven uppf\u00f6dare av Coton de Tulear sedan m\u00e5nga \u00e5r.  Utst\u00e4llningar har tidigare h\u00f6rt till en stor del av mitt liv. Uppf\u00f6dningarna g\u00e5r under kennelnamnet Coton Garden\u00b4s. <\/p>\n\n\n\n<div class=\"wp-block-buttons is-content-justification-center is-layout-flex wp-container-core-buttons-is-layout-16018d1d wp-block-buttons-is-layout-flex\">\n<div class=\"wp-block-button\"><a class=\"wp-block-button__link wp-element-button\" href=\"https:\/\/www.hundinstitutet.com\/?page_id=1519\">Kennel coton Garden\u00b4s<\/a><\/div>\n<\/div>\n\n\n\n<p><\/p>\n\n\n<div class=\"wp-block-image\">\n<figure class=\"aligncenter size-large is-resized\"><a href=\"https:\/\/www.hundinstitutet.com\/wp-content\/uploads\/2023\/02\/skorpan-vg-Eckero.jpg\"><img loading=\"lazy\" decoding=\"async\" width=\"880\" height=\"1024\" src=\"https:\/\/www.hundinstitutet.com\/wp-content\/uploads\/2023\/02\/skorpan-vg-Eckero-880x1024.jpg\" alt=\"\" class=\"wp-image-2154\" style=\"width:227px;height:auto\" srcset=\"https:\/\/www.hundinstitutet.com\/wp-content\/uploads\/2023\/02\/skorpan-vg-Eckero-880x1024.jpg 880w, https:\/\/www.hundinstitutet.com\/wp-content\/uploads\/2023\/02\/skorpan-vg-Eckero-258x300.jpg 258w, https:\/\/www.hundinstitutet.com\/wp-content\/uploads\/2023\/02\/skorpan-vg-Eckero-768x894.jpg 768w, https:\/\/www.hundinstitutet.com\/wp-content\/uploads\/2023\/02\/skorpan-vg-Eckero.jpg 969w\" sizes=\"auto, (max-width: 880px) 100vw, 880px\" \/><\/a><\/figure>\n<\/div>\n\n\n<p><br>Jag har under \u00e5ren tr\u00e4nat t\u00e4vlingslydnad, jaktapportering, agility, HTM, sp\u00e5r, specials\u00f6k( vilket jag ocks\u00e5 jobbat med p\u00e5 heltid med tj\u00e4nstehund) och nosework. En del av mina hundar deltar \u00e4ven som statisthundar i hundskolan f\u00f6r tr\u00e4ning av hundar med problembeteenden\/hundm\u00f6tesproblem.<\/p>\n\n\n\n<p>Jag \u00e4r lika glad \u00e5t mina elevers framsteg som mina egna, ser varje problem som en utmaning, de finns till f\u00f6r att l\u00f6sas och med facit i hand s\u00e5 har de sv\u00e5rtr\u00e4nade hundarna varit de b\u00e4sta l\u00e4rom\u00e4starna.<\/p>\n\n\n\n<p>Mina hundtr\u00e4narutbildningar och kurser:<br><strong>Canis Klickertr\u00e4nare, Sverige. 1 \u00e5r.<\/strong> Flera praktiska helger och teoretiska beteendevetenskapliga studier. Examen i b\u00e5de teori och praktik.<br><strong>Canis Klickerinstrukt\u00f6rsutbildning i Norge. 1 \u00e5r.<\/strong> Grundf\u00e4rdigheter, bakl\u00e4ngeskedjning, vardagslydnad och pedagogik i Oslo f\u00f6r Morten och Cecilie K\u00f8ste. Flera helger med praktisk tr\u00e4ning och beteendevetenskaplig teori. Examen i b\u00e5de teori och praktik .<br><strong>Examinerad: Canis instrukt\u00f6r \u00e5r 2008<\/strong> Examenshelg med Canis i Trondheim, Norge: inneh\u00f6ll \u00e4ven klickertr\u00e4ning f\u00f6r servicehund och h\u00e4st. <\/p>\n\n\n<div class=\"wp-block-image\">\n<figure class=\"aligncenter size-full\"><a href=\"https:\/\/www.hundinstitutet.com\/wp-content\/uploads\/2014\/04\/canisinstruktorsbevis-e1711452785781.jpg\"><img loading=\"lazy\" decoding=\"async\" width=\"306\" height=\"408\" src=\"https:\/\/www.hundinstitutet.com\/wp-content\/uploads\/2014\/04\/canisinstruktorsbevis-e1711452785781.jpg\" alt=\"\" class=\"wp-image-65\" srcset=\"https:\/\/www.hundinstitutet.com\/wp-content\/uploads\/2014\/04\/canisinstruktorsbevis-e1711452785781.jpg 306w, https:\/\/www.hundinstitutet.com\/wp-content\/uploads\/2014\/04\/canisinstruktorsbevis-e1711452785781-225x300.jpg 225w\" sizes=\"auto, (max-width: 306px) 100vw, 306px\" \/><\/a><\/figure>\n<\/div>\n\n\n<p><strong>TAGteach Primary Certification Seminar (Certified TAGteach Primary) <\/strong>i Uddevalla f\u00f6r Theresa McKeon, Emelie Johnson-Vegh och Eva Bertilsson, dvs. Tag Teach level one. www.tagteach.com<\/p>\n\n\n<div class=\"wp-block-image\">\n<figure class=\"aligncenter size-full\"><a href=\"https:\/\/www.hundinstitutet.com\/wp-content\/uploads\/2014\/04\/gtacteachbevis-e1711453113263.jpg\"><img loading=\"lazy\" decoding=\"async\" width=\"243\" height=\"259\" src=\"https:\/\/www.hundinstitutet.com\/wp-content\/uploads\/2014\/04\/gtacteachbevis-e1711453113263.jpg\" alt=\"\" class=\"wp-image-66\"\/><\/a><\/figure>\n<\/div>\n\n\n<p><br><strong>Klickertr\u00e4ningseminarium<\/strong> med v\u00e4rldens fr\u00e4msta djurtr\u00e4nare, <strong>Bob Baily <\/strong>och Cathy Sdao, certified applied animal behaviorist, Stockholm<br><strong>Agility <\/strong> bla f\u00f6r Emelie Johnson-Vegh och Eva Bertilsson, Uddevalla<br><strong>Bruksvecka, s\u00f6k och sp\u00e5r med Canis<\/strong> i S\u00f6len, Norge<br><strong>T\u00e4vlingslydnadskurser och elitlydnadssatsning<\/strong> hos Maria Hagstr\u00f6m Brandel<br><strong>T\u00e4vlingslydnadskurser<\/strong> med Nina\/Kent Svartberg<br><strong>Obedience rules<\/strong>, arrang\u00f6r NIna och Kent Svartberg, observat\u00f6r under en vecka med hundtr\u00e4nare\/instrukt\u00f6rer inom elitlydnad fr\u00e5n Norden<br><strong>Retrieverjakt, <\/strong>Eva Thoren- S\u00f6derstr\u00f6m, Sverige, Sophie Phil, Sverige<br><strong>Problembeteende,<\/strong> Grisha Stewart USA BAT<br><strong>Problembeteende,<\/strong> Grisha Stewart USA BAT 2,0 \u00e5r 2018<\/p>\n\n\n\n<p>\u00d6vrigt:<br><strong>Tidigare kortkurser, helger och dagskurser<\/strong> med bl a: Annica Aller ( agility), Kenth Svartberg (bel\u00f6ningstr\u00e4ning), Nina Svartberg (lydnad), Micke Nilsson (utst\u00e4llningshandling) , Louise Runemark mfl. jag kommer tyv\u00e4rr inte ih\u00e5g alla jag g\u00e5tt kurs f\u00f6r under \u00e5rens lopp<br><strong>Deltagare i agilityskolningsledarutbildning<\/strong> 2013 arrangerad av Finlands agilityf\u00f6rbund via \u00c5BSK o Agility.ax.<br><strong>Apportering \u201dmed klickert\u00e4nk\u201d<\/strong> i Dalarna<br><strong>T\u00e4vlingslydnadsledarkurs<\/strong> 2014, arrangerad genom \u00c5BSK<br><strong>Nosework grundkurs och forts\u00e4ttning<\/strong> 2015, s\u00f6kutveckling av certifierade Noseworkinstrukt\u00f6rer bla Michael Hedman, Yvonne H\u00f6glund mfl <strong>Nosework\/specials\u00f6k<\/strong> med Siw Ruden mfl<br><strong>T\u00e4vlingslydnad<\/strong>, helgkurser, 2015-2017, f\u00f6r Nina Svartberg, Anne Dhalin, l\u00e4gervecka f\u00f6r Heidi Billkvam, Michelle Holmlund mfl<\/p>\n\n\n\n<p>\u00d6vriga \u00e4ldre hundrelaterade praktikperioder och kurser\/utbildningar:<br><strong>Djurv\u00e5rdarutbildning ( tv\u00e5 \u00e5r)<\/strong>. Stockholm. Praktik bla fr\u00e5n: Djursjukhus, Bagarmossen, hundtrim och Hundskolan i Sollefte\u00e5 med tj\u00e4nstehundsutbildning.<br><strong>Instrukt\u00f6rsutbildning f\u00f6r hundklubbar,<\/strong> h\u00e5llit kurser ideellt f\u00f6r klubben och privat<br><strong>Tj\u00e4nstehundsutbildning <\/strong>med bordercollien Vicky:<strong> Specials\u00f6k<\/strong>, vilket jag ocks\u00e5 jobbat med p\u00e5 heltid. <br><strong>Certifierad Noseworkinstrukt\u00f6r och Doftprovsdomare <\/strong>av svenska Noseworkklubben 2016<\/p>\n\n\n\n<p><strong>Hunduppf\u00f6dare<\/strong> med framg\u00e5ngar p\u00e5 utst\u00e4llningar sedan 1997. Uppf\u00f6dargrupper med SEGER inom rasen p\u00e5 V\u00e4rldsutst\u00e4llningar tv\u00e5 g\u00e5nger.<br><strong>BEST IN SHOW <\/strong>placeringar individuellt och i grupper med olika raser<\/p>\n\n\n\n<h2 class=\"wp-block-heading\">Tollaren Nelly<\/h2>\n\n\n<div class=\"wp-block-image\">\n<figure class=\"aligncenter size-large is-resized\"><a href=\"https:\/\/www.hundinstitutet.com\/wp-content\/uploads\/2023\/03\/jagonelly.jpg\"><img loading=\"lazy\" decoding=\"async\" width=\"664\" height=\"1024\" src=\"https:\/\/www.hundinstitutet.com\/wp-content\/uploads\/2023\/03\/jagonelly-664x1024.jpg\" alt=\"\" class=\"wp-image-2413\" style=\"width:239px;height:auto\" srcset=\"https:\/\/www.hundinstitutet.com\/wp-content\/uploads\/2023\/03\/jagonelly-664x1024.jpg 664w, https:\/\/www.hundinstitutet.com\/wp-content\/uploads\/2023\/03\/jagonelly-195x300.jpg 195w, https:\/\/www.hundinstitutet.com\/wp-content\/uploads\/2023\/03\/jagonelly-768x1184.jpg 768w, https:\/\/www.hundinstitutet.com\/wp-content\/uploads\/2023\/03\/jagonelly-624x962.jpg 624w, https:\/\/www.hundinstitutet.com\/wp-content\/uploads\/2023\/03\/jagonelly.jpg 803w\" sizes=\"auto, (max-width: 664px) 100vw, 664px\" \/><\/a><\/figure>\n<\/div>\n\n\n<p><strong>T\u00e4vlingslydnad<\/strong> med Nelly som har vunnit ett antal t\u00e4vlingar. Uppflyttad till segrarklass.<br><strong>Nosework<\/strong> med Nelly. Doftprov klass 1 godk\u00e4nt, doftprov klass 2 godk\u00e4nt. T\u00e4vling: samtliga moment<\/p>\n\n\n\n<p>Nelly somnade in efter en kamp mot cancer \u00e5r 2023<\/p>\n\n\n\n<h2 class=\"wp-block-heading\">Bordercollien Grace<\/h2>\n\n\n<div class=\"wp-block-image\">\n<figure class=\"aligncenter size-large is-resized\"><a href=\"https:\/\/www.hundinstitutet.com\/wp-content\/uploads\/2023\/03\/gracevannrallyny.jpg\"><img loading=\"lazy\" decoding=\"async\" width=\"604\" height=\"1024\" src=\"https:\/\/www.hundinstitutet.com\/wp-content\/uploads\/2023\/03\/gracevannrallyny-604x1024.jpg\" alt=\"\" class=\"wp-image-2371\" style=\"width:261px;height:auto\" srcset=\"https:\/\/www.hundinstitutet.com\/wp-content\/uploads\/2023\/03\/gracevannrallyny-604x1024.jpg 604w, https:\/\/www.hundinstitutet.com\/wp-content\/uploads\/2023\/03\/gracevannrallyny-177x300.jpg 177w, https:\/\/www.hundinstitutet.com\/wp-content\/uploads\/2023\/03\/gracevannrallyny-624x1058.jpg 624w, https:\/\/www.hundinstitutet.com\/wp-content\/uploads\/2023\/03\/gracevannrallyny.jpg 726w\" sizes=\"auto, (max-width: 604px) 100vw, 604px\" \/><\/a><figcaption class=\"wp-element-caption\">Grace 1 pris i h\u00f6gsta klassen rallylydnad<\/figcaption><\/figure>\n<\/div>\n\n\n<p><strong>T\u00e4vlingslydnad<\/strong> med sikte p\u00e5 elitlydnad, sita t\u00e4vlingen 1 p ifr\u00e5n uppflyttning till elit.<br><strong>Rallylydnad Finland<\/strong>, t\u00e4vlar i m\u00e4starklass, h\u00f6gsta klassen med vinster<\/p>\n\n\n\n<h2 class=\"wp-block-heading\">Med olika hundar:<\/h2>\n\n\n\n<p><strong>Agility ( klass 3)<\/strong>, Coton de Tulear<br><strong>Lydnad (segrarklass)<\/strong>, Labrador och Bordercollie<br><strong>Jaktprov( anlagsprov)<\/strong> f\u00f6r retrievers<br><strong>Brukshundsprov <\/strong>( BH prov) bordercollie och labrador<br><strong>Utst\u00e4llningar<\/strong> ( BIS finaler) flertal raser<\/p>\n\n\n\n<h2 class=\"wp-block-heading\">Kurser, utbildningar och arbete<\/h2>\n\n\n\n<p>Sedan 2009 har jag h\u00e5llit kurser och UTBILDNINGAR ( <strong>CANIS Tr\u00e4narutbildning)<\/strong> i Canis regi b\u00e5de p\u00e5 \u00c5land och i fastlandet: Finland.<\/p>\n\n\n\n<p>\u00d6vriga \u00e4ldre studier:<br>\u00c5lands handelsl\u00e4roverk, Pedagogik och Konstvetenskap vid h\u00f6gskolan. Barnsk\u00f6tarutbildning, Djurv\u00e5rdarutbildning och <strong>Specials\u00f6ksutbildning<\/strong><\/p>\n\n\n\n<p>Arbeten: Zoo-aff\u00e4r, 4H-instrukt\u00f6r, f\u00f6rest\u00e5ndare f\u00f6r djuravd. vid 4H-g\u00e5rd, egen f\u00f6retagare, djurv\u00e5rdare, arbete med specials\u00f6k\/hund, \u00e4ven barnsk\u00f6tare vid fritidshem och f\u00f6rskola.<\/p>\n\n\n\n<p>F\u00f6r n\u00e4rvarande driver jag det egna f\u00f6retaget administrativt vid &#8221;skrivbordet&#8221;, med hundhallen, hundskolans kurser och privatlektioner. <\/p>\n","protected":false},"excerpt":{"rendered":"<p>Jag har sedan barnsben varit f\u00f6rtjust i djur och inl\u00e4rning. Redan under ton\u00e5ren besl\u00f6t jag mig f\u00f6r att det var hundar jag ville satsa p\u00e5 utbildningsm\u00e4ssigt. Det har blivit m\u00e5nga hundar och svindlande m\u00e5nga kurser\/utbildningar genom \u00e5ren. I dagsl\u00e4get finns 5 st hundar hemma. Hundraserna \u00e4r: en pensionerad Nova Scotia Duck tolling retriever, en bordercollie &hellip; <a href=\"https:\/\/www.hundinstitutet.com\/?page_id=22\" class=\"more-link\">Forts\u00e4tt l\u00e4sa <span class=\"screen-reader-text\">Om mig, kurser\/utbildning<\/span><\/a><\/p>\n","protected":false},"author":1,"featured_media":0,"parent":3912,"menu_order":0,"comment_status":"closed","ping_status":"closed","template":"","meta":{"footnotes":""},"class_list":["post-22","page","type-page","status-publish","hentry"],"_links":{"self":[{"href":"https:\/\/www.hundinstitutet.com\/index.php?rest_route=\/wp\/v2\/pages\/22","targetHints":{"allow":["GET"]}}],"collection":[{"href":"https:\/\/www.hundinstitutet.com\/index.php?rest_route=\/wp\/v2\/pages"}],"about":[{"href":"https:\/\/www.hundinstitutet.com\/index.php?rest_route=\/wp\/v2\/types\/page"}],"author":[{"embeddable":true,"href":"https:\/\/www.hundinstitutet.com\/index.php?rest_route=\/wp\/v2\/users\/1"}],"replies":[{"embeddable":true,"href":"https:\/\/www.hundinstitutet.com\/index.php?rest_route=%2Fwp%2Fv2%2Fcomments&post=22"}],"version-history":[{"count":69,"href":"https:\/\/www.hundinstitutet.com\/index.php?rest_route=\/wp\/v2\/pages\/22\/revisions"}],"predecessor-version":[{"id":3919,"href":"https:\/\/www.hundinstitutet.com\/index.php?rest_route=\/wp\/v2\/pages\/22\/revisions\/3919"}],"up":[{"embeddable":true,"href":"https:\/\/www.hundinstitutet.com\/index.php?rest_route=\/wp\/v2\/pages\/3912"}],"wp:attachment":[{"href":"https:\/\/www.hundinstitutet.com\/index.php?rest_route=%2Fwp%2Fv2%2Fmedia&parent=22"}],"curies":[{"name":"wp","href":"https:\/\/api.w.org\/{rel}","templated":true}]}}