{"id":2327,"date":"2023-03-10T18:58:00","date_gmt":"2023-03-10T18:58:00","guid":{"rendered":"https:\/\/www.hundinstitutet.com\/?page_id=2327"},"modified":"2024-06-13T07:08:07","modified_gmt":"2024-06-13T07:08:07","slug":"nosework","status":"publish","type":"page","link":"https:\/\/www.hundinstitutet.com\/?page_id=2327","title":{"rendered":"Nosework, s\u00f6kvarianter m.m."},"content":{"rendered":"\n<div class=\"wp-block-buttons is-content-justification-center is-layout-flex wp-container-core-buttons-is-layout-16018d1d wp-block-buttons-is-layout-flex\">\n<div class=\"wp-block-button\"><a class=\"wp-block-button__link wp-element-button\" href=\"https:\/\/www.hundinstitutet.com\/?page_id=2861\">Aktuella kurser<\/a><\/div>\n\n\n\n<div class=\"wp-block-button\"><a class=\"wp-block-button__link wp-element-button\" href=\"https:\/\/www.hundinstitutet.com\/?page_id=605\">Nosework 1<\/a><\/div>\n\n\n\n<div class=\"wp-block-button\"><a class=\"wp-block-button__link wp-element-button\" href=\"https:\/\/www.hundinstitutet.com\/?page_id=688\">Nosework 2<\/a><\/div>\n\n\n\n<div class=\"wp-block-button\"><a class=\"wp-block-button__link wp-element-button\" href=\"https:\/\/www.hundinstitutet.com\/?page_id=1345\">nosework f\u00f6r valpar<\/a><\/div>\n\n\n\n<div class=\"wp-block-button\"><a class=\"wp-block-button__link wp-element-button\" href=\"https:\/\/www.hundinstitutet.com\/?page_id=1388\">noseworkl\u00e4ger<\/a><\/div>\n\n\n\n<div class=\"wp-block-button\"><a class=\"wp-block-button__link wp-element-button\" href=\"https:\/\/www.hundinstitutet.com\/?page_id=1880\">noseworkl\u00e4ger\/s\u00f6kutveckling<\/a><\/div>\n\n\n\n<div class=\"wp-block-button\"><a class=\"wp-block-button__link wp-element-button\" href=\"https:\/\/www.hundinstitutet.com\/?page_id=923\">eukalyptus doftprovstillf\u00e4lle\/beh\u00e5llars\u00f6k<\/a><\/div>\n\n\n\n<div class=\"wp-block-button\"><a class=\"wp-block-button__link wp-element-button\" href=\"https:\/\/www.hundinstitutet.com\/?page_id=3362\">Nosework cup<\/a><\/div>\n\n\n\n<div class=\"wp-block-button\"><a class=\"wp-block-button__link wp-element-button\" href=\"https:\/\/www.hundinstitutet.com\/?page_id=930\">s\u00f6kutveckling\/s\u00f6kplattform\/doftstock<\/a><\/div>\n\n\n\n<div class=\"wp-block-button\"><a class=\"wp-block-button__link wp-element-button\" href=\"https:\/\/www.hundinstitutet.com\/?page_id=2378\">specials\u00f6k\/s\u00f6kplattform<\/a><\/div>\n\n\n\n<div class=\"wp-block-button\"><a class=\"wp-block-button__link wp-element-button\" href=\"https:\/\/www.hundinstitutet.com\/?page_id=833\">kantarells\u00f6k<\/a><\/div>\n<\/div>\n\n\n\n<p>H\u00e4r finns olika Noseworkkurser p\u00e5 olika niv\u00e5 och varianter av nosarbete, kurser, l\u00e4ger och prov. Hobby\/t\u00e4vling\/praktiskt arbete \u00e4ven inom specials\u00f6k, kantarells\u00f6k mm.<\/p>\n\n\n\n<p><em><strong>Friskv\u00e5rdskuponger f\u00f6r motion? Hundinstitutets \u00e4r friskv\u00e5rdsleverant\u00f6r f\u00f6r friskv\u00e5rd.ax samt \u00c5HS ! Meddela vid anm\u00e4lan om du vill dra av dina kuponger p\u00e5 kurs, lektioner eller hyra av Vestmyra Hundhall!<\/strong><\/em><\/p>\n","protected":false},"excerpt":{"rendered":"<p>H\u00e4r finns olika Noseworkkurser p\u00e5 olika niv\u00e5 och varianter av nosarbete, kurser, l\u00e4ger och prov. Hobby\/t\u00e4vling\/praktiskt arbete \u00e4ven inom specials\u00f6k, kantarells\u00f6k mm. Friskv\u00e5rdskuponger f\u00f6r motion? Hundinstitutets \u00e4r friskv\u00e5rdsleverant\u00f6r f\u00f6r friskv\u00e5rd.ax samt \u00c5HS ! Meddela vid anm\u00e4lan om du vill dra av dina kuponger p\u00e5 kurs, lektioner eller hyra av Vestmyra Hundhall!<\/p>\n","protected":false},"author":1,"featured_media":0,"parent":85,"menu_order":0,"comment_status":"closed","ping_status":"closed","template":"","meta":{"footnotes":""},"class_list":["post-2327","page","type-page","status-publish","hentry"],"_links":{"self":[{"href":"https:\/\/www.hundinstitutet.com\/index.php?rest_route=\/wp\/v2\/pages\/2327","targetHints":{"allow":["GET"]}}],"collection":[{"href":"https:\/\/www.hundinstitutet.com\/index.php?rest_route=\/wp\/v2\/pages"}],"about":[{"href":"https:\/\/www.hundinstitutet.com\/index.php?rest_route=\/wp\/v2\/types\/page"}],"author":[{"embeddable":true,"href":"https:\/\/www.hundinstitutet.com\/index.php?rest_route=\/wp\/v2\/users\/1"}],"replies":[{"embeddable":true,"href":"https:\/\/www.hundinstitutet.com\/index.php?rest_route=%2Fwp%2Fv2%2Fcomments&post=2327"}],"version-history":[{"count":10,"href":"https:\/\/www.hundinstitutet.com\/index.php?rest_route=\/wp\/v2\/pages\/2327\/revisions"}],"predecessor-version":[{"id":3374,"href":"https:\/\/www.hundinstitutet.com\/index.php?rest_route=\/wp\/v2\/pages\/2327\/revisions\/3374"}],"up":[{"embeddable":true,"href":"https:\/\/www.hundinstitutet.com\/index.php?rest_route=\/wp\/v2\/pages\/85"}],"wp:attachment":[{"href":"https:\/\/www.hundinstitutet.com\/index.php?rest_route=%2Fwp%2Fv2%2Fmedia&parent=2327"}],"curies":[{"name":"wp","href":"https:\/\/api.w.org\/{rel}","templated":true}]}}