{"id":2331,"date":"2023-03-10T19:10:31","date_gmt":"2023-03-10T19:10:31","guid":{"rendered":"https:\/\/www.hundinstitutet.com\/?page_id=2331"},"modified":"2026-02-27T08:07:48","modified_gmt":"2026-02-27T08:07:48","slug":"agility","status":"publish","type":"page","link":"https:\/\/www.hundinstitutet.com\/?page_id=2331","title":{"rendered":"Agility"},"content":{"rendered":"\n<div class=\"wp-block-buttons is-content-justification-center is-layout-flex wp-container-core-buttons-is-layout-16018d1d wp-block-buttons-is-layout-flex\">\n<div class=\"wp-block-button\"><a class=\"wp-block-button__link wp-element-button\" href=\"https:\/\/www.hundinstitutet.com\/?page_id=2861\">Aktuella kurser<\/a><\/div>\n\n\n\n<div class=\"wp-block-button\"><a class=\"wp-block-button__link wp-element-button\" href=\"https:\/\/www.hundinstitutet.com\/?page_id=2020\">Agility Nyb\u00f6rjarkurs<\/a><\/div>\n\n\n\n<div class=\"wp-block-button\"><a class=\"wp-block-button__link wp-element-button\" href=\"https:\/\/www.hundinstitutet.com\/?page_id=2684\">Agility Forts\u00e4ttning<\/a><\/div>\n\n\n\n\n\n<div class=\"wp-block-button\"><a class=\"wp-block-button__link wp-element-button\" href=\"https:\/\/www.hundinstitutet.com\/?page_id=2679\">AGILITY F\u00f6r valpar och unghundar<\/a><\/div>\n\n\n\n<div class=\"wp-block-button\"><a class=\"wp-block-button__link wp-element-button\" href=\"https:\/\/www.hundinstitutet.com\/?page_id=4028\">AGILITY T\u00c4VLINGSKURS<\/a><\/div>\n<\/div>\n\n\n\n<div class=\"wp-block-group is-layout-grid wp-container-core-group-is-layout-9649a0d9 wp-block-group-is-layout-grid\"><\/div>\n\n\n\n<p><em><strong>M\u00e5nga arbetsplatser p\u00e5 \u00c5land delar ut friskv\u00e5rdskuponger. Hundinstitutets \u00e4r  friskv\u00e5rdsleverant\u00f6r f\u00f6r e-passi,  friskv\u00e5rd.ax samt \u00c5HS  ! Meddela vid anm\u00e4lan om du vill dra av dina kuponger p\u00e5 kurs eller lektioner hos oss!<\/strong><\/em><\/p>\n\n\n<div class=\"is-default-size wp-block-site-logo\"><a href=\"https:\/\/www.hundinstitutet.com\/\" class=\"custom-logo-link\" rel=\"home\"><img loading=\"lazy\" decoding=\"async\" width=\"874\" height=\"1224\" src=\"https:\/\/www.hundinstitutet.com\/wp-content\/uploads\/2024\/11\/Mellan-1200x820-trans.png\" class=\"custom-logo\" alt=\"\" srcset=\"https:\/\/www.hundinstitutet.com\/wp-content\/uploads\/2024\/11\/Mellan-1200x820-trans.png 874w, https:\/\/www.hundinstitutet.com\/wp-content\/uploads\/2024\/11\/Mellan-1200x820-trans-214x300.png 214w, https:\/\/www.hundinstitutet.com\/wp-content\/uploads\/2024\/11\/Mellan-1200x820-trans-731x1024.png 731w, https:\/\/www.hundinstitutet.com\/wp-content\/uploads\/2024\/11\/Mellan-1200x820-trans-768x1076.png 768w\" sizes=\"auto, (max-width: 874px) 100vw, 874px\" \/><\/a><\/div>","protected":false},"excerpt":{"rendered":"<p>M\u00e5nga arbetsplatser p\u00e5 \u00c5land delar ut friskv\u00e5rdskuponger. Hundinstitutets \u00e4r friskv\u00e5rdsleverant\u00f6r f\u00f6r e-passi, friskv\u00e5rd.ax samt \u00c5HS ! Meddela vid anm\u00e4lan om du vill dra av dina kuponger p\u00e5 kurs eller lektioner hos oss!<\/p>\n","protected":false},"author":1,"featured_media":0,"parent":85,"menu_order":0,"comment_status":"closed","ping_status":"closed","template":"","meta":{"footnotes":""},"class_list":["post-2331","page","type-page","status-publish","hentry"],"_links":{"self":[{"href":"https:\/\/www.hundinstitutet.com\/index.php?rest_route=\/wp\/v2\/pages\/2331","targetHints":{"allow":["GET"]}}],"collection":[{"href":"https:\/\/www.hundinstitutet.com\/index.php?rest_route=\/wp\/v2\/pages"}],"about":[{"href":"https:\/\/www.hundinstitutet.com\/index.php?rest_route=\/wp\/v2\/types\/page"}],"author":[{"embeddable":true,"href":"https:\/\/www.hundinstitutet.com\/index.php?rest_route=\/wp\/v2\/users\/1"}],"replies":[{"embeddable":true,"href":"https:\/\/www.hundinstitutet.com\/index.php?rest_route=%2Fwp%2Fv2%2Fcomments&post=2331"}],"version-history":[{"count":20,"href":"https:\/\/www.hundinstitutet.com\/index.php?rest_route=\/wp\/v2\/pages\/2331\/revisions"}],"predecessor-version":[{"id":4530,"href":"https:\/\/www.hundinstitutet.com\/index.php?rest_route=\/wp\/v2\/pages\/2331\/revisions\/4530"}],"up":[{"embeddable":true,"href":"https:\/\/www.hundinstitutet.com\/index.php?rest_route=\/wp\/v2\/pages\/85"}],"wp:attachment":[{"href":"https:\/\/www.hundinstitutet.com\/index.php?rest_route=%2Fwp%2Fv2%2Fmedia&parent=2331"}],"curies":[{"name":"wp","href":"https:\/\/api.w.org\/{rel}","templated":true}]}}