{"id":2338,"date":"2023-03-10T19:44:04","date_gmt":"2023-03-10T19:44:04","guid":{"rendered":"https:\/\/www.hundinstitutet.com\/?page_id=2338"},"modified":"2024-03-25T20:55:25","modified_gmt":"2024-03-25T20:55:25","slug":"klickertraning","status":"publish","type":"page","link":"https:\/\/www.hundinstitutet.com\/?page_id=2338","title":{"rendered":"Klickertr\u00e4ning"},"content":{"rendered":"\n<div class=\"wp-block-buttons is-content-justification-center is-layout-flex wp-container-core-buttons-is-layout-16018d1d wp-block-buttons-is-layout-flex\">\n<div class=\"wp-block-button\"><a class=\"wp-block-button__link wp-element-button\" href=\"https:\/\/www.hundinstitutet.com\/?page_id=2861\">Aktuella kurser<\/a><\/div>\n\n\n\n<div class=\"wp-block-button\"><a class=\"wp-block-button__link wp-element-button\" href=\"https:\/\/www.hundinstitutet.com\/?page_id=89\">Klickerkurs<\/a><\/div>\n<\/div>\n\n\n\n<p id=\"klickertraning\">H\u00e4r ser du specifikt klickertr\u00e4ningskurser. Bland det \u00f6vriga kursutbudet finns \u00e4ven kurser d\u00e4r vi inte specifikt g\u00e5r in p\u00e5 klickertr\u00e4ningens alla delar, men \u00e4nd\u00e5 sm\u00e4lter in tankem\u00f6nster och metoder med vetenskaplig f\u00f6rankring. <\/p>\n\n\n\n<p><em><strong>M\u00e5nga arbetsplatser p\u00e5 \u00c5land delar ut friskv\u00e5rdskuponger. Hundinstitutets \u00e4r friskv\u00e5rdsleverant\u00f6r f\u00f6r friskv\u00e5rd.ax samt \u00c5HS ! Meddela vid anm\u00e4lan om du vill dra av dina kuponger p\u00e5 kurs eller lektioner hos oss!<\/strong><\/em><\/p>\n","protected":false},"excerpt":{"rendered":"<p>H\u00e4r ser du specifikt klickertr\u00e4ningskurser. Bland det \u00f6vriga kursutbudet finns \u00e4ven kurser d\u00e4r vi inte specifikt g\u00e5r in p\u00e5 klickertr\u00e4ningens alla delar, men \u00e4nd\u00e5 sm\u00e4lter in tankem\u00f6nster och metoder med vetenskaplig f\u00f6rankring. M\u00e5nga arbetsplatser p\u00e5 \u00c5land delar ut friskv\u00e5rdskuponger. Hundinstitutets \u00e4r friskv\u00e5rdsleverant\u00f6r f\u00f6r friskv\u00e5rd.ax samt \u00c5HS ! Meddela vid anm\u00e4lan om du vill dra av &hellip; <a href=\"https:\/\/www.hundinstitutet.com\/?page_id=2338\" class=\"more-link\">Forts\u00e4tt l\u00e4sa <span class=\"screen-reader-text\">Klickertr\u00e4ning<\/span><\/a><\/p>\n","protected":false},"author":1,"featured_media":0,"parent":85,"menu_order":0,"comment_status":"closed","ping_status":"closed","template":"","meta":{"footnotes":""},"class_list":["post-2338","page","type-page","status-publish","hentry"],"_links":{"self":[{"href":"https:\/\/www.hundinstitutet.com\/index.php?rest_route=\/wp\/v2\/pages\/2338","targetHints":{"allow":["GET"]}}],"collection":[{"href":"https:\/\/www.hundinstitutet.com\/index.php?rest_route=\/wp\/v2\/pages"}],"about":[{"href":"https:\/\/www.hundinstitutet.com\/index.php?rest_route=\/wp\/v2\/types\/page"}],"author":[{"embeddable":true,"href":"https:\/\/www.hundinstitutet.com\/index.php?rest_route=\/wp\/v2\/users\/1"}],"replies":[{"embeddable":true,"href":"https:\/\/www.hundinstitutet.com\/index.php?rest_route=%2Fwp%2Fv2%2Fcomments&post=2338"}],"version-history":[{"count":2,"href":"https:\/\/www.hundinstitutet.com\/index.php?rest_route=\/wp\/v2\/pages\/2338\/revisions"}],"predecessor-version":[{"id":2915,"href":"https:\/\/www.hundinstitutet.com\/index.php?rest_route=\/wp\/v2\/pages\/2338\/revisions\/2915"}],"up":[{"embeddable":true,"href":"https:\/\/www.hundinstitutet.com\/index.php?rest_route=\/wp\/v2\/pages\/85"}],"wp:attachment":[{"href":"https:\/\/www.hundinstitutet.com\/index.php?rest_route=%2Fwp%2Fv2%2Fmedia&parent=2338"}],"curies":[{"name":"wp","href":"https:\/\/api.w.org\/{rel}","templated":true}]}}