{"id":2351,"date":"2023-03-12T15:54:43","date_gmt":"2023-03-12T15:54:43","guid":{"rendered":"https:\/\/www.hundinstitutet.com\/?page_id=2351"},"modified":"2025-02-04T11:06:44","modified_gmt":"2025-02-04T11:06:44","slug":"rallylydnad","status":"publish","type":"page","link":"https:\/\/www.hundinstitutet.com\/?page_id=2351","title":{"rendered":"Rallylydnad"},"content":{"rendered":"\n<div class=\"wp-block-buttons is-content-justification-center is-layout-flex wp-container-core-buttons-is-layout-16018d1d wp-block-buttons-is-layout-flex\">\n<div class=\"wp-block-button\"><a class=\"wp-block-button__link has-text-align-left wp-element-button\" href=\"https:\/\/www.hundinstitutet.com\/?page_id=1585\">fotg\u00e5ende<\/a><\/div>\n\n\n\n<div class=\"wp-block-button\"><a class=\"wp-block-button__link has-text-align-left wp-element-button\" href=\"https:\/\/www.hundinstitutet.com\/?page_id=1630\">RALLYLYDNADS &#8211; VECKA <\/a><\/div>\n\n\n\n<div class=\"wp-block-button\"><a class=\"wp-block-button__link has-text-align-left wp-element-button\" href=\"https:\/\/www.hundinstitutet.com\/?page_id=2564\">Rally nyb\u00f6rjarkurs<\/a><\/div>\n\n\n\n<div class=\"wp-block-button\"><a class=\"wp-block-button__link has-text-align-left wp-element-button\" href=\"https:\/\/www.hundinstitutet.com\/?page_id=3955\">Rally Forts\u00e4ttning<\/a><\/div>\n<\/div>\n\n\n\n<p><em><strong>M\u00e5nga arbetsplatser p\u00e5 \u00c5land delar ut friskv\u00e5rdskuponger. Hundinstitutets \u00e4r friskv\u00e5rdsleverant\u00f6r f\u00f6r friskv\u00e5rd.ax, E passi samt \u00c5HS ! Meddela vid anm\u00e4lan om du vill dra av dina kuponger p\u00e5 kurs eller lektioner hos oss!<\/strong><\/em><\/p>\n\n\n\n<p><\/p>\n","protected":false},"excerpt":{"rendered":"<p>M\u00e5nga arbetsplatser p\u00e5 \u00c5land delar ut friskv\u00e5rdskuponger. Hundinstitutets \u00e4r friskv\u00e5rdsleverant\u00f6r f\u00f6r friskv\u00e5rd.ax, E passi samt \u00c5HS ! Meddela vid anm\u00e4lan om du vill dra av dina kuponger p\u00e5 kurs eller lektioner hos oss!<\/p>\n","protected":false},"author":1,"featured_media":0,"parent":0,"menu_order":0,"comment_status":"closed","ping_status":"closed","template":"","meta":{"footnotes":""},"class_list":["post-2351","page","type-page","status-publish","hentry"],"_links":{"self":[{"href":"https:\/\/www.hundinstitutet.com\/index.php?rest_route=\/wp\/v2\/pages\/2351","targetHints":{"allow":["GET"]}}],"collection":[{"href":"https:\/\/www.hundinstitutet.com\/index.php?rest_route=\/wp\/v2\/pages"}],"about":[{"href":"https:\/\/www.hundinstitutet.com\/index.php?rest_route=\/wp\/v2\/types\/page"}],"author":[{"embeddable":true,"href":"https:\/\/www.hundinstitutet.com\/index.php?rest_route=\/wp\/v2\/users\/1"}],"replies":[{"embeddable":true,"href":"https:\/\/www.hundinstitutet.com\/index.php?rest_route=%2Fwp%2Fv2%2Fcomments&post=2351"}],"version-history":[{"count":12,"href":"https:\/\/www.hundinstitutet.com\/index.php?rest_route=\/wp\/v2\/pages\/2351\/revisions"}],"predecessor-version":[{"id":4016,"href":"https:\/\/www.hundinstitutet.com\/index.php?rest_route=\/wp\/v2\/pages\/2351\/revisions\/4016"}],"wp:attachment":[{"href":"https:\/\/www.hundinstitutet.com\/index.php?rest_route=%2Fwp%2Fv2%2Fmedia&parent=2351"}],"curies":[{"name":"wp","href":"https:\/\/api.w.org\/{rel}","templated":true}]}}