{"id":2378,"date":"2023-03-28T13:12:24","date_gmt":"2023-03-28T13:12:24","guid":{"rendered":"https:\/\/www.hundinstitutet.com\/?page_id=2378"},"modified":"2024-03-26T10:57:47","modified_gmt":"2024-03-26T10:57:47","slug":"specialsok","status":"publish","type":"page","link":"https:\/\/www.hundinstitutet.com\/?page_id=2378","title":{"rendered":"Specials\u00f6k, s\u00f6kplattform"},"content":{"rendered":"\n<p>Instrukt\u00f6ren har bla bakgrund med utbildad tj\u00e4nstehund inom specials\u00f6k. Certifierad Nosework instrukt\u00f6r och doftprovsdomare genom Svenska Noseworkklubben mm<\/p>\n\n\n<div class=\"wp-block-image is-resized\">\n<figure class=\"aligncenter size-large\"><a href=\"https:\/\/www.hundinstitutet.com\/wp-content\/uploads\/2023\/03\/337334879_962174088249345_5636646648939123365_n.jpg\"><img loading=\"lazy\" decoding=\"async\" width=\"992\" height=\"1024\" src=\"https:\/\/www.hundinstitutet.com\/wp-content\/uploads\/2023\/03\/337334879_962174088249345_5636646648939123365_n-992x1024.jpg\" alt=\"\" class=\"wp-image-2380\" srcset=\"https:\/\/www.hundinstitutet.com\/wp-content\/uploads\/2023\/03\/337334879_962174088249345_5636646648939123365_n-992x1024.jpg 992w, https:\/\/www.hundinstitutet.com\/wp-content\/uploads\/2023\/03\/337334879_962174088249345_5636646648939123365_n-291x300.jpg 291w, https:\/\/www.hundinstitutet.com\/wp-content\/uploads\/2023\/03\/337334879_962174088249345_5636646648939123365_n-768x793.jpg 768w, https:\/\/www.hundinstitutet.com\/wp-content\/uploads\/2023\/03\/337334879_962174088249345_5636646648939123365_n-1488x1536.jpg 1488w, https:\/\/www.hundinstitutet.com\/wp-content\/uploads\/2023\/03\/337334879_962174088249345_5636646648939123365_n-1983x2048.jpg 1983w, https:\/\/www.hundinstitutet.com\/wp-content\/uploads\/2023\/03\/337334879_962174088249345_5636646648939123365_n-624x644.jpg 624w\" sizes=\"auto, (max-width: 992px) 100vw, 992px\" \/><\/a><\/figure>\n<\/div>\n\n\n<p>Denna kurs \u00e4r till f\u00f6r dig som vill l\u00e4ra in eller utveckla specials\u00f6k med hj\u00e4lp av s\u00f6kplattform, ex noseworkdofter, r\u00f6d kong eller svamp. Du kan givetvis ocks\u00e5 sj\u00e4lv v\u00e4lja n\u00e5gon helt annan doft du vill tr\u00e4na in, det \u00e4r bara att ta med sig sitt \u00f6nskem\u00e5l. H\u00e4r \u00e4r det ocks\u00e5 ypperligt att tr\u00e4na in st\u00f6rningsdofter eller utveckla markeringsf\u00f6rm\u00e5gan. Varje hund f\u00e5r tr\u00e4na ost\u00f6rt av andra hundar. F\u00f6r de som \u00f6nskar finns \u00e4ven m\u00f6jlighet att tr\u00e4na urvalsbanor och vidare s\u00f6k inomhus p\u00e5 individuell niv\u00e5. Meddela Din \u00f6nskan vid anm\u00e4lan!<\/p>\n\n\n<div class=\"wp-block-image is-resized\">\n<figure class=\"aligncenter size-large\"><a href=\"https:\/\/www.hundinstitutet.com\/wp-content\/uploads\/2023\/03\/338013552_1596414804198623_6959730697233160289_n-scaled.jpg\"><img loading=\"lazy\" decoding=\"async\" width=\"1024\" height=\"962\" src=\"https:\/\/www.hundinstitutet.com\/wp-content\/uploads\/2023\/03\/338013552_1596414804198623_6959730697233160289_n-1024x962.jpg\" alt=\"\" class=\"wp-image-2382\" srcset=\"https:\/\/www.hundinstitutet.com\/wp-content\/uploads\/2023\/03\/338013552_1596414804198623_6959730697233160289_n-1024x962.jpg 1024w, https:\/\/www.hundinstitutet.com\/wp-content\/uploads\/2023\/03\/338013552_1596414804198623_6959730697233160289_n-300x282.jpg 300w, https:\/\/www.hundinstitutet.com\/wp-content\/uploads\/2023\/03\/338013552_1596414804198623_6959730697233160289_n-768x722.jpg 768w, https:\/\/www.hundinstitutet.com\/wp-content\/uploads\/2023\/03\/338013552_1596414804198623_6959730697233160289_n-1536x1443.jpg 1536w, https:\/\/www.hundinstitutet.com\/wp-content\/uploads\/2023\/03\/338013552_1596414804198623_6959730697233160289_n-2048x1924.jpg 2048w, https:\/\/www.hundinstitutet.com\/wp-content\/uploads\/2023\/03\/338013552_1596414804198623_6959730697233160289_n-624x586.jpg 624w\" sizes=\"auto, (max-width: 1024px) 100vw, 1024px\" \/><\/a><\/figure>\n<\/div>\n\n\n<p>Kursen \u00e4r totalt 4 lektioner uppdelat p\u00e5 3 tillf\u00e4llen. 1h 20 min per tillf\u00e4lle.  Tiden kan justeras vid behov. Vi tr\u00e4nar inomhus i ett garage. <\/p>\n\n\n\n<p>F\u00f6rkunskaper: allt fr\u00e5n grundlydnad till dig som redan har goda f\u00f6rkunskaper i NSW 1-2 eller motsvarande. Vi tr\u00e4nar en hund \u00e5t g\u00e5ngen s\u00e5 din hund  beh\u00f6ver klara av att v\u00e4nta i bilen mellan tr\u00e4ningspassen. Om din hund kan kissa inne beh\u00f6ver den ha tikskydd\/hanhundsskydd.  <\/p>\n\n\n\n<p>Datum ej \u00e4nnu best\u00e4mt, l\u00e4mna intresseanm\u00e4lan!<\/p>\n\n\n<div class=\"wpforms-container wpforms-container-full wpforms-block wpforms-block-5828ef5d-5b96-45c1-9344-88e5ecea6f10\" id=\"wpforms-1707\"><form id=\"wpforms-form-1707\" class=\"wpforms-validate wpforms-form\" data-formid=\"1707\" method=\"post\" enctype=\"multipart\/form-data\" action=\"\/index.php?rest_route=%2Fwp%2Fv2%2Fpages%2F2378\" data-token=\"5e9236fbec487c61c4e0465fca28ba06\" data-token-time=\"1777810796\"><noscript class=\"wpforms-error-noscript\">Aktivera JavaScript i din webbl\u00e4sare f\u00f6r att fylla i formul\u00e4ret.<\/noscript><div class=\"wpforms-field-container\"><div id=\"wpforms-1707-field_2-container\" class=\"wpforms-field wpforms-field-name\" data-field-id=\"2\"><label class=\"wpforms-field-label\" for=\"wpforms-1707-field_2\">Namn <span class=\"wpforms-required-label\">*<\/span><\/label><div class=\"wpforms-field-row wpforms-field-medium\"><div class=\"wpforms-field-row-block wpforms-first wpforms-one-half\"><input type=\"text\" id=\"wpforms-1707-field_2\" class=\"wpforms-field-name-first wpforms-field-required\" name=\"wpforms[fields][2][first]\" placeholder=\"F\u00f6rnamn\" required><label for=\"wpforms-1707-field_2\" class=\"wpforms-field-sublabel after wpforms-sublabel-hide\">F\u00f6rst<\/label><\/div><div class=\"wpforms-field-row-block wpforms-one-half\"><input type=\"text\" id=\"wpforms-1707-field_2-last\" class=\"wpforms-field-name-last wpforms-field-required\" name=\"wpforms[fields][2][last]\" placeholder=\"Efternamn\" required><label for=\"wpforms-1707-field_2-last\" class=\"wpforms-field-sublabel after wpforms-sublabel-hide\">Sist<\/label><\/div><\/div><\/div><div id=\"wpforms-1707-field_3-container\" class=\"wpforms-field wpforms-field-text\" data-field-id=\"3\"><label class=\"wpforms-field-label\" for=\"wpforms-1707-field_3\">Adress <span class=\"wpforms-required-label\">*<\/span><\/label><input type=\"text\" id=\"wpforms-1707-field_3\" class=\"wpforms-field-medium wpforms-field-required\" name=\"wpforms[fields][3]\" placeholder=\"N\u00e4radress\" required><\/div><div id=\"wpforms-1707-field_4-container\" class=\"wpforms-field wpforms-field-text\" data-field-id=\"4\"><label class=\"wpforms-field-label\" for=\"wpforms-1707-field_4\">Postadress <span class=\"wpforms-required-label\">*<\/span><\/label><input type=\"text\" id=\"wpforms-1707-field_4\" class=\"wpforms-field-medium wpforms-field-required\" name=\"wpforms[fields][4]\" placeholder=\"Postnummer och ort\" required><\/div><div id=\"wpforms-1707-field_5-container\" class=\"wpforms-field wpforms-field-email\" data-field-id=\"5\"><label class=\"wpforms-field-label\" for=\"wpforms-1707-field_5\">Epost <span class=\"wpforms-required-label\">*<\/span><\/label><input type=\"email\" id=\"wpforms-1707-field_5\" class=\"wpforms-field-medium wpforms-field-required\" name=\"wpforms[fields][5]\" spellcheck=\"false\" required><\/div><div id=\"wpforms-1707-field_18-container\" class=\"wpforms-field wpforms-field-text\" data-field-id=\"18\"><label class=\"wpforms-field-label\" for=\"wpforms-1707-field_18\">Telefonnummer <span class=\"wpforms-required-label\">*<\/span><\/label><input type=\"text\" id=\"wpforms-1707-field_18\" class=\"wpforms-field-medium wpforms-field-required\" name=\"wpforms[fields][18]\" required><\/div><div id=\"wpforms-1707-field_7-container\" class=\"wpforms-field wpforms-field-text\" data-field-id=\"7\"><label class=\"wpforms-field-label\" for=\"wpforms-1707-field_7\">Jag vill delta i  <span class=\"wpforms-required-label\">*<\/span><\/label><input type=\"text\" id=\"wpforms-1707-field_7\" class=\"wpforms-field-medium wpforms-field-required\" name=\"wpforms[fields][7]\" placeholder=\"Kursnamn\" required><\/div><div id=\"wpforms-1707-field_8-container\" class=\"wpforms-field wpforms-field-text\" data-field-id=\"8\"><label class=\"wpforms-field-label\" for=\"wpforms-1707-field_8\">Hundens namn <span class=\"wpforms-required-label\">*<\/span><\/label><input type=\"text\" id=\"wpforms-1707-field_8\" class=\"wpforms-field-medium wpforms-field-required\" name=\"wpforms[fields][8]\" required><\/div><div id=\"wpforms-1707-field_9-container\" class=\"wpforms-field wpforms-field-text\" data-field-id=\"9\"><label class=\"wpforms-field-label\" for=\"wpforms-1707-field_9\">Hundens ras <span class=\"wpforms-required-label\">*<\/span><\/label><input type=\"text\" id=\"wpforms-1707-field_9\" class=\"wpforms-field-medium wpforms-field-required\" name=\"wpforms[fields][9]\" required><\/div><div id=\"wpforms-1707-field_10-container\" class=\"wpforms-field wpforms-field-checkbox\" data-field-id=\"10\"><label class=\"wpforms-field-label\">Hundens k\u00f6n <span class=\"wpforms-required-label\">*<\/span><\/label><ul id=\"wpforms-1707-field_10\" class=\"wpforms-field-required\"><li class=\"choice-1 depth-1\"><input type=\"checkbox\" id=\"wpforms-1707-field_10_1\" name=\"wpforms[fields][10][]\" value=\"Tik\" required ><label class=\"wpforms-field-label-inline\" for=\"wpforms-1707-field_10_1\">Tik<\/label><\/li><li class=\"choice-2 depth-1\"><input type=\"checkbox\" id=\"wpforms-1707-field_10_2\" name=\"wpforms[fields][10][]\" value=\"Hane\" required ><label class=\"wpforms-field-label-inline\" for=\"wpforms-1707-field_10_2\">Hane<\/label><\/li><\/ul><\/div><div id=\"wpforms-1707-field_12-container\" class=\"wpforms-field wpforms-field-textarea\" data-field-id=\"12\"><label class=\"wpforms-field-label\" for=\"wpforms-1707-field_12\">Vad vill du l\u00e4ra dig p\u00e5 kursen?<\/label><textarea id=\"wpforms-1707-field_12\" class=\"wpforms-field-medium\" name=\"wpforms[fields][12]\" ><\/textarea><\/div><div id=\"wpforms-1707-field_13-container\" class=\"wpforms-field wpforms-field-textarea\" data-field-id=\"13\"><label class=\"wpforms-field-label\" for=\"wpforms-1707-field_13\"> Ska hunden anv\u00e4ndas till n\u00e5got speciellt? (jakt, bruks, lydnad, sp\u00e5r, familjehund)<\/label><textarea id=\"wpforms-1707-field_13\" class=\"wpforms-field-medium\" name=\"wpforms[fields][13]\" ><\/textarea><\/div><div id=\"wpforms-1707-field_14-container\" class=\"wpforms-field wpforms-field-textarea\" data-field-id=\"14\"><label class=\"wpforms-field-label\" for=\"wpforms-1707-field_14\">Har hunden haft n\u00e5gra skador eller sjukdomar?<\/label><textarea id=\"wpforms-1707-field_14\" class=\"wpforms-field-medium\" name=\"wpforms[fields][14]\" ><\/textarea><\/div><div id=\"wpforms-1707-field_15-container\" class=\"wpforms-field wpforms-field-textarea\" data-field-id=\"15\"><label class=\"wpforms-field-label\" for=\"wpforms-1707-field_15\">Har du specifika problem med hunden?<\/label><textarea id=\"wpforms-1707-field_15\" class=\"wpforms-field-medium\" name=\"wpforms[fields][15]\" ><\/textarea><\/div><div id=\"wpforms-1707-field_16-container\" class=\"wpforms-field wpforms-field-checkbox\" data-field-id=\"16\"><label class=\"wpforms-field-label\">Avbest\u00e4llningsvillkor: Anm\u00e4lan till kurs\/utbildning \u00e4r bindande. Vid f\u00f6rhinder har jag sj\u00e4lv r\u00e4tt att s\u00e4lja min avbokade plats till annan deltagare som \u00e4r p\u00e5 l\u00e4mplig niv\u00e5 f\u00f6r kursen. <span class=\"wpforms-required-label\">*<\/span><\/label><ul id=\"wpforms-1707-field_16\" class=\"wpforms-field-required\"><li class=\"choice-1 depth-1\"><input type=\"checkbox\" id=\"wpforms-1707-field_16_1\" name=\"wpforms[fields][16][]\" value=\"Jag accepterar\" required ><label class=\"wpforms-field-label-inline\" for=\"wpforms-1707-field_16_1\">Jag accepterar<\/label><\/li><\/ul><\/div><div id=\"wpforms-1707-field_17-container\" class=\"wpforms-field wpforms-field-checkbox\" data-field-id=\"17\"><label class=\"wpforms-field-label\">Ansvarsvillkor: Jag \u00e4r sj\u00e4lv ansvarig f\u00f6r att jag och min hund \u00e4r tillr\u00e4ckligt f\u00f6rs\u00e4krade. Jag bekr\u00e4ftar att jag deltar p\u00e5 kursen p\u00e5 eget ansvar och att jag sj\u00e4lv \u00e4r ansvarig f\u00f6r eventuella skador som jag eller min hund orsakar. <span class=\"wpforms-required-label\">*<\/span><\/label><ul id=\"wpforms-1707-field_17\" class=\"wpforms-field-required\"><li class=\"choice-1 depth-1\"><input type=\"checkbox\" id=\"wpforms-1707-field_17_1\" name=\"wpforms[fields][17][]\" value=\"Jag accepterar\" required ><label class=\"wpforms-field-label-inline\" for=\"wpforms-1707-field_17_1\">Jag accepterar<\/label><\/li><\/ul><\/div><\/div><!-- .wpforms-field-container --><div class=\"wpforms-submit-container\" ><input type=\"hidden\" name=\"wpforms[id]\" value=\"1707\"><input type=\"hidden\" name=\"page_title\" value=\"\"><input type=\"hidden\" name=\"page_url\" value=\"https:\/\/www.hundinstitutet.com\/index.php?rest_route=\/wp\/v2\/pages\/2378\"><input type=\"hidden\" name=\"url_referer\" value=\"\"><button type=\"submit\" name=\"wpforms[submit]\" id=\"wpforms-submit-1707\" class=\"wpforms-submit\" data-alt-text=\"Skickar din anm\u00e4lan...\" data-submit-text=\"Skicka\" aria-live=\"assertive\" value=\"wpforms-submit\">Skicka<\/button><\/div><\/form><\/div>  <!-- .wpforms-container -->\n\n\n<p><\/p>\n\n\n\n<p><\/p>\n\n\n\n<p><\/p>\n\n\n\n<p><\/p>\n","protected":false},"excerpt":{"rendered":"<p>Instrukt\u00f6ren har bla bakgrund med utbildad tj\u00e4nstehund inom specials\u00f6k. Certifierad Nosework instrukt\u00f6r och doftprovsdomare genom Svenska Noseworkklubben mm Denna kurs \u00e4r till f\u00f6r dig som vill l\u00e4ra in eller utveckla specials\u00f6k med hj\u00e4lp av s\u00f6kplattform, ex noseworkdofter, r\u00f6d kong eller svamp. Du kan givetvis ocks\u00e5 sj\u00e4lv v\u00e4lja n\u00e5gon helt annan doft du vill tr\u00e4na in, &hellip; <a href=\"https:\/\/www.hundinstitutet.com\/?page_id=2378\" class=\"more-link\">Forts\u00e4tt l\u00e4sa <span class=\"screen-reader-text\">Specials\u00f6k, s\u00f6kplattform<\/span><\/a><\/p>\n","protected":false},"author":1,"featured_media":0,"parent":2327,"menu_order":0,"comment_status":"closed","ping_status":"closed","template":"","meta":{"footnotes":""},"class_list":["post-2378","page","type-page","status-publish","hentry"],"_links":{"self":[{"href":"https:\/\/www.hundinstitutet.com\/index.php?rest_route=\/wp\/v2\/pages\/2378","targetHints":{"allow":["GET"]}}],"collection":[{"href":"https:\/\/www.hundinstitutet.com\/index.php?rest_route=\/wp\/v2\/pages"}],"about":[{"href":"https:\/\/www.hundinstitutet.com\/index.php?rest_route=\/wp\/v2\/types\/page"}],"author":[{"embeddable":true,"href":"https:\/\/www.hundinstitutet.com\/index.php?rest_route=\/wp\/v2\/users\/1"}],"replies":[{"embeddable":true,"href":"https:\/\/www.hundinstitutet.com\/index.php?rest_route=%2Fwp%2Fv2%2Fcomments&post=2378"}],"version-history":[{"count":8,"href":"https:\/\/www.hundinstitutet.com\/index.php?rest_route=\/wp\/v2\/pages\/2378\/revisions"}],"predecessor-version":[{"id":2884,"href":"https:\/\/www.hundinstitutet.com\/index.php?rest_route=\/wp\/v2\/pages\/2378\/revisions\/2884"}],"up":[{"embeddable":true,"href":"https:\/\/www.hundinstitutet.com\/index.php?rest_route=\/wp\/v2\/pages\/2327"}],"wp:attachment":[{"href":"https:\/\/www.hundinstitutet.com\/index.php?rest_route=%2Fwp%2Fv2%2Fmedia&parent=2378"}],"curies":[{"name":"wp","href":"https:\/\/api.w.org\/{rel}","templated":true}]}}