{"id":2679,"date":"2024-01-17T20:47:56","date_gmt":"2024-01-17T20:47:56","guid":{"rendered":"https:\/\/www.hundinstitutet.com\/?page_id=2679"},"modified":"2024-04-20T05:54:37","modified_gmt":"2024-04-20T05:54:37","slug":"agility-for-valpar-och-unghundar","status":"publish","type":"page","link":"https:\/\/www.hundinstitutet.com\/?page_id=2679","title":{"rendered":"AGILITY f\u00f6r valpar och unghundar"},"content":{"rendered":"<div class=\"wp-block-image\">\n<figure class=\"aligncenter is-resized\"><a href=\"https:\/\/www.hundinstitutet.com\/wp-content\/uploads\/2023\/09\/leprestigeframifranmunopen.jpg\"><img loading=\"lazy\" decoding=\"async\" width=\"1024\" height=\"683\" src=\"https:\/\/www.hundinstitutet.com\/wp-content\/uploads\/2023\/09\/leprestigeframifranmunopen-1024x683.jpg\" alt=\"\" class=\"wp-image-2540\" style=\"width:592px;height:auto\" srcset=\"https:\/\/www.hundinstitutet.com\/wp-content\/uploads\/2023\/09\/leprestigeframifranmunopen-1024x683.jpg 1024w, https:\/\/www.hundinstitutet.com\/wp-content\/uploads\/2023\/09\/leprestigeframifranmunopen-300x200.jpg 300w, https:\/\/www.hundinstitutet.com\/wp-content\/uploads\/2023\/09\/leprestigeframifranmunopen-768x512.jpg 768w, https:\/\/www.hundinstitutet.com\/wp-content\/uploads\/2023\/09\/leprestigeframifranmunopen-624x416.jpg 624w, https:\/\/www.hundinstitutet.com\/wp-content\/uploads\/2023\/09\/leprestigeframifranmunopen.jpg 1200w\" sizes=\"auto, (max-width: 1024px) 100vw, 1024px\" \/><\/a><\/figure>\n<\/div>\n\n\n<p>Kursen med viktiga grunder med fokus p\u00e5 att din hund ska f\u00e5 en bra och rolig start innan \u201dagilitytr\u00e4ning p\u00e5 allvar\u201d. Vi jobbar med bl a med bel\u00f6ningsbaserad lydnad, f\u00f6ljsamhet och targets p\u00e5 olika s\u00e4tt. Agilityf\u00f6rberedande hinder finns med i \u00f6vningarna. Du f\u00e5r en inblick i hur du kan anv\u00e4nda bel\u00f6ningsbaserad effektiv tr\u00e4ning \u201dklickert\u00e4nk\u201d i agility och sj\u00e4lva klickern om du vill! Instrukt\u00f6ren spec. utbildad bl a klickerinstrukt\u00f6r. <\/p>\n\n\n\n<p>Denna kurs kan du delta i trots att din hund bara \u00e4r valp. <\/p>\n\n\n\n<p><strong>F\u00f6rkunskaper<\/strong>: valpkurs eller motsvarande<\/p>\n\n\n\n<p><strong>Efter genomf\u00f6rd kurs<\/strong> kan du g\u00e5 t.ex. <a href=\"https:\/\/www.hundinstitutet.com\/?page_id=2684\" data-type=\"page\" data-id=\"2684\">Agility grundkurs<\/a>.<\/p>\n\n\n\n<p>Nu finns en planerad kurs! Se aktuella kurser f\u00f6r mer info!<\/p>\n\n\n\n<p>Vill du anm\u00e4la familjemedlem som \u00e5h\u00f6rare? Fr\u00e5ga om plats!<\/p>\n\n\n\n<div class=\"wp-block-buttons is-content-justification-center is-layout-flex wp-container-core-buttons-is-layout-16018d1d wp-block-buttons-is-layout-flex\">\n<div class=\"wp-block-button\"><a class=\"wp-block-button__link wp-element-button\" href=\"https:\/\/www.hundinstitutet.com\/?page_id=2861\">Aktuella kurser<\/a><\/div>\n<\/div>\n\n\n\n<p>Anm\u00e4lan \u00e4r bindande. <\/p>\n\n\n\n<p>ANM\u00c4LNINGSBLANKETT<\/p>\n\n\n<div class=\"wpforms-container wpforms-container-full wpforms-block wpforms-block-9c213959-aa2f-4e53-b62b-60b0468d8bc7\" id=\"wpforms-1695\"><form id=\"wpforms-form-1695\" class=\"wpforms-validate wpforms-form\" data-formid=\"1695\" method=\"post\" enctype=\"multipart\/form-data\" action=\"\/index.php?rest_route=%2Fwp%2Fv2%2Fpages%2F2679\" data-token=\"e1c557ff68e2e2065232f35ca7a0b201\" data-token-time=\"1775612801\"><noscript class=\"wpforms-error-noscript\">Aktivera JavaScript i din webbl\u00e4sare f\u00f6r att fylla i formul\u00e4ret.<\/noscript><div class=\"wpforms-field-container\"><div id=\"wpforms-1695-field_2-container\" class=\"wpforms-field wpforms-field-name\" data-field-id=\"2\"><label class=\"wpforms-field-label\" for=\"wpforms-1695-field_2\">Namn <span class=\"wpforms-required-label\">*<\/span><\/label><div class=\"wpforms-field-row wpforms-field-medium\"><div class=\"wpforms-field-row-block wpforms-first wpforms-one-half\"><input type=\"text\" id=\"wpforms-1695-field_2\" class=\"wpforms-field-name-first wpforms-field-required\" name=\"wpforms[fields][2][first]\" placeholder=\"F\u00f6rnamn\" required><label for=\"wpforms-1695-field_2\" class=\"wpforms-field-sublabel after wpforms-sublabel-hide\">F\u00f6rst<\/label><\/div><div class=\"wpforms-field-row-block wpforms-one-half\"><input type=\"text\" id=\"wpforms-1695-field_2-last\" class=\"wpforms-field-name-last wpforms-field-required\" name=\"wpforms[fields][2][last]\" placeholder=\"Efternamn\" required><label for=\"wpforms-1695-field_2-last\" class=\"wpforms-field-sublabel after wpforms-sublabel-hide\">Sist<\/label><\/div><\/div><\/div><div id=\"wpforms-1695-field_3-container\" class=\"wpforms-field wpforms-field-text\" data-field-id=\"3\"><label class=\"wpforms-field-label\" for=\"wpforms-1695-field_3\">Adress <span class=\"wpforms-required-label\">*<\/span><\/label><input type=\"text\" id=\"wpforms-1695-field_3\" class=\"wpforms-field-medium wpforms-field-required\" name=\"wpforms[fields][3]\" placeholder=\"N\u00e4radress\" required><\/div><div id=\"wpforms-1695-field_4-container\" class=\"wpforms-field wpforms-field-text\" data-field-id=\"4\"><label class=\"wpforms-field-label\" for=\"wpforms-1695-field_4\">Postadress <span class=\"wpforms-required-label\">*<\/span><\/label><input type=\"text\" id=\"wpforms-1695-field_4\" class=\"wpforms-field-medium wpforms-field-required\" name=\"wpforms[fields][4]\" placeholder=\"Postnummer och ort\" required><\/div><div id=\"wpforms-1695-field_5-container\" class=\"wpforms-field wpforms-field-email\" data-field-id=\"5\"><label class=\"wpforms-field-label\" for=\"wpforms-1695-field_5\">Epost <span class=\"wpforms-required-label\">*<\/span><\/label><input type=\"email\" id=\"wpforms-1695-field_5\" class=\"wpforms-field-medium wpforms-field-required\" name=\"wpforms[fields][5]\" spellcheck=\"false\" required><\/div><div id=\"wpforms-1695-field_18-container\" class=\"wpforms-field wpforms-field-text\" data-field-id=\"18\"><label class=\"wpforms-field-label\" for=\"wpforms-1695-field_18\">Telefonnummer <span class=\"wpforms-required-label\">*<\/span><\/label><input type=\"text\" id=\"wpforms-1695-field_18\" class=\"wpforms-field-medium wpforms-field-required\" name=\"wpforms[fields][18]\" required><\/div><div id=\"wpforms-1695-field_7-container\" class=\"wpforms-field wpforms-field-text\" data-field-id=\"7\"><label class=\"wpforms-field-label\" for=\"wpforms-1695-field_7\">Jag vill delta i  <span class=\"wpforms-required-label\">*<\/span><\/label><input type=\"text\" id=\"wpforms-1695-field_7\" class=\"wpforms-field-medium wpforms-field-required\" name=\"wpforms[fields][7]\" placeholder=\"Kursnamn\" required><\/div><div id=\"wpforms-1695-field_8-container\" class=\"wpforms-field wpforms-field-text\" data-field-id=\"8\"><label class=\"wpforms-field-label\" for=\"wpforms-1695-field_8\">Hundens namn <span class=\"wpforms-required-label\">*<\/span><\/label><input type=\"text\" id=\"wpforms-1695-field_8\" class=\"wpforms-field-medium wpforms-field-required\" name=\"wpforms[fields][8]\" required><\/div><div id=\"wpforms-1695-field_9-container\" class=\"wpforms-field wpforms-field-text\" data-field-id=\"9\"><label class=\"wpforms-field-label\" for=\"wpforms-1695-field_9\">Hundens ras <span class=\"wpforms-required-label\">*<\/span><\/label><input type=\"text\" id=\"wpforms-1695-field_9\" class=\"wpforms-field-medium wpforms-field-required\" name=\"wpforms[fields][9]\" required><\/div><div id=\"wpforms-1695-field_10-container\" class=\"wpforms-field wpforms-field-checkbox\" data-field-id=\"10\"><label class=\"wpforms-field-label\">Hundens k\u00f6n <span class=\"wpforms-required-label\">*<\/span><\/label><ul id=\"wpforms-1695-field_10\" class=\"wpforms-field-required\"><li class=\"choice-1 depth-1\"><input type=\"checkbox\" id=\"wpforms-1695-field_10_1\" name=\"wpforms[fields][10][]\" value=\"Tik\" required ><label class=\"wpforms-field-label-inline\" for=\"wpforms-1695-field_10_1\">Tik<\/label><\/li><li class=\"choice-2 depth-1\"><input type=\"checkbox\" id=\"wpforms-1695-field_10_2\" name=\"wpforms[fields][10][]\" value=\"Hane\" required ><label class=\"wpforms-field-label-inline\" for=\"wpforms-1695-field_10_2\">Hane<\/label><\/li><\/ul><\/div><div id=\"wpforms-1695-field_12-container\" class=\"wpforms-field wpforms-field-textarea\" data-field-id=\"12\"><label class=\"wpforms-field-label\" for=\"wpforms-1695-field_12\">Vad vill du l\u00e4ra dig p\u00e5 kursen?<\/label><textarea id=\"wpforms-1695-field_12\" class=\"wpforms-field-medium\" name=\"wpforms[fields][12]\" ><\/textarea><\/div><div id=\"wpforms-1695-field_13-container\" class=\"wpforms-field wpforms-field-textarea\" data-field-id=\"13\"><label class=\"wpforms-field-label\" for=\"wpforms-1695-field_13\"> Ska hunden anv\u00e4ndas till n\u00e5got speciellt? (jakt, bruks, lydnad, sp\u00e5r, familjehund)<\/label><textarea id=\"wpforms-1695-field_13\" class=\"wpforms-field-medium\" name=\"wpforms[fields][13]\" ><\/textarea><\/div><div id=\"wpforms-1695-field_14-container\" class=\"wpforms-field wpforms-field-textarea\" data-field-id=\"14\"><label class=\"wpforms-field-label\" for=\"wpforms-1695-field_14\">Har hunden haft n\u00e5gra skador eller sjukdomar?<\/label><textarea id=\"wpforms-1695-field_14\" class=\"wpforms-field-medium\" name=\"wpforms[fields][14]\" ><\/textarea><\/div><div id=\"wpforms-1695-field_15-container\" class=\"wpforms-field wpforms-field-textarea\" data-field-id=\"15\"><label class=\"wpforms-field-label\" for=\"wpforms-1695-field_15\">Har du specifika problem med hunden?<\/label><textarea id=\"wpforms-1695-field_15\" class=\"wpforms-field-medium\" name=\"wpforms[fields][15]\" ><\/textarea><\/div><div id=\"wpforms-1695-field_16-container\" class=\"wpforms-field wpforms-field-checkbox\" data-field-id=\"16\"><label class=\"wpforms-field-label\">Avbest\u00e4llningsvillkor: Anm\u00e4lan till kurs\/utbildning \u00e4r bindande. Vid f\u00f6rhinder har jag sj\u00e4lv r\u00e4tt att s\u00e4lja min avbokade plats till annan deltagare som \u00e4r p\u00e5 l\u00e4mplig niv\u00e5 f\u00f6r kursen. <span class=\"wpforms-required-label\">*<\/span><\/label><ul id=\"wpforms-1695-field_16\" class=\"wpforms-field-required\"><li class=\"choice-1 depth-1\"><input type=\"checkbox\" id=\"wpforms-1695-field_16_1\" name=\"wpforms[fields][16][]\" value=\"Jag accepterar\" required ><label class=\"wpforms-field-label-inline\" for=\"wpforms-1695-field_16_1\">Jag accepterar<\/label><\/li><\/ul><\/div><div id=\"wpforms-1695-field_17-container\" class=\"wpforms-field wpforms-field-checkbox\" data-field-id=\"17\"><label class=\"wpforms-field-label\">Ansvarsvillkor: Jag \u00e4r sj\u00e4lv ansvarig f\u00f6r att jag och min hund \u00e4r tillr\u00e4ckligt f\u00f6rs\u00e4krade. Jag bekr\u00e4ftar att jag deltar p\u00e5 kursen p\u00e5 eget ansvar och att jag sj\u00e4lv \u00e4r ansvarig f\u00f6r eventuella skador som jag eller min hund orsakar. <span class=\"wpforms-required-label\">*<\/span><\/label><ul id=\"wpforms-1695-field_17\" class=\"wpforms-field-required\"><li class=\"choice-1 depth-1\"><input type=\"checkbox\" id=\"wpforms-1695-field_17_1\" name=\"wpforms[fields][17][]\" value=\"Jag accepterar\" required ><label class=\"wpforms-field-label-inline\" for=\"wpforms-1695-field_17_1\">Jag accepterar<\/label><\/li><\/ul><\/div><\/div><!-- .wpforms-field-container --><div class=\"wpforms-submit-container\" ><input type=\"hidden\" name=\"wpforms[id]\" value=\"1695\"><input type=\"hidden\" name=\"page_title\" value=\"\"><input type=\"hidden\" name=\"page_url\" value=\"https:\/\/www.hundinstitutet.com\/index.php?rest_route=\/wp\/v2\/pages\/2679\"><input type=\"hidden\" name=\"url_referer\" value=\"\"><button type=\"submit\" name=\"wpforms[submit]\" id=\"wpforms-submit-1695\" class=\"wpforms-submit\" data-alt-text=\"Skickar din anm\u00e4lan...\" data-submit-text=\"Skicka\" aria-live=\"assertive\" value=\"wpforms-submit\">Skicka<\/button><\/div><\/form><\/div>  <!-- .wpforms-container -->","protected":false},"excerpt":{"rendered":"<p>Kursen med viktiga grunder med fokus p\u00e5 att din hund ska f\u00e5 en bra och rolig start innan \u201dagilitytr\u00e4ning p\u00e5 allvar\u201d. Vi jobbar med bl a med bel\u00f6ningsbaserad lydnad, f\u00f6ljsamhet och targets p\u00e5 olika s\u00e4tt. Agilityf\u00f6rberedande hinder finns med i \u00f6vningarna. Du f\u00e5r en inblick i hur du kan anv\u00e4nda bel\u00f6ningsbaserad effektiv tr\u00e4ning \u201dklickert\u00e4nk\u201d i &hellip; <a href=\"https:\/\/www.hundinstitutet.com\/?page_id=2679\" class=\"more-link\">Forts\u00e4tt l\u00e4sa <span class=\"screen-reader-text\">AGILITY f\u00f6r valpar och unghundar<\/span><\/a><\/p>\n","protected":false},"author":1,"featured_media":0,"parent":2331,"menu_order":0,"comment_status":"closed","ping_status":"closed","template":"","meta":{"footnotes":""},"class_list":["post-2679","page","type-page","status-publish","hentry"],"_links":{"self":[{"href":"https:\/\/www.hundinstitutet.com\/index.php?rest_route=\/wp\/v2\/pages\/2679","targetHints":{"allow":["GET"]}}],"collection":[{"href":"https:\/\/www.hundinstitutet.com\/index.php?rest_route=\/wp\/v2\/pages"}],"about":[{"href":"https:\/\/www.hundinstitutet.com\/index.php?rest_route=\/wp\/v2\/types\/page"}],"author":[{"embeddable":true,"href":"https:\/\/www.hundinstitutet.com\/index.php?rest_route=\/wp\/v2\/users\/1"}],"replies":[{"embeddable":true,"href":"https:\/\/www.hundinstitutet.com\/index.php?rest_route=%2Fwp%2Fv2%2Fcomments&post=2679"}],"version-history":[{"count":11,"href":"https:\/\/www.hundinstitutet.com\/index.php?rest_route=\/wp\/v2\/pages\/2679\/revisions"}],"predecessor-version":[{"id":3128,"href":"https:\/\/www.hundinstitutet.com\/index.php?rest_route=\/wp\/v2\/pages\/2679\/revisions\/3128"}],"up":[{"embeddable":true,"href":"https:\/\/www.hundinstitutet.com\/index.php?rest_route=\/wp\/v2\/pages\/2331"}],"wp:attachment":[{"href":"https:\/\/www.hundinstitutet.com\/index.php?rest_route=%2Fwp%2Fv2%2Fmedia&parent=2679"}],"curies":[{"name":"wp","href":"https:\/\/api.w.org\/{rel}","templated":true}]}}