{"id":2895,"date":"2024-03-25T14:22:30","date_gmt":"2024-03-25T14:22:30","guid":{"rendered":"https:\/\/www.hundinstitutet.com\/?page_id=2895"},"modified":"2026-02-08T17:10:58","modified_gmt":"2026-02-08T17:10:58","slug":"valkommen-till-hundinstitutet","status":"publish","type":"page","link":"https:\/\/www.hundinstitutet.com\/","title":{"rendered":"Hundinstitutet"},"content":{"rendered":"\n<div class=\"wp-block-buttons is-content-justification-center is-layout-flex wp-container-core-buttons-is-layout-16018d1d wp-block-buttons-is-layout-flex\">\n<div class=\"wp-block-button\"><a class=\"wp-block-button__link has-medium-pink-background-color has-background wp-element-button\" href=\"https:\/\/www.hundinstitutet.com\/?page_id=85\">Kurser<\/a><\/div>\n\n\n\n<div class=\"wp-block-button\"><a class=\"wp-block-button__link has-medium-pink-background-color has-background wp-element-button\" href=\"https:\/\/www.hundinstitutet.com\/?page_id=147\">kursanm\u00e4lan<\/a><\/div>\n\n\n\n<div class=\"wp-block-button\"><a class=\"wp-block-button__link has-medium-pink-background-color has-background wp-element-button\" href=\"https:\/\/www.hundinstitutet.com\/?page_id=2\">Hitta hit<\/a><\/div>\n\n\n\n<div class=\"wp-block-button\"><a class=\"wp-block-button__link has-medium-pink-background-color has-background wp-element-button\" href=\"https:\/\/www.hundinstitutet.com\/?page_id=3003\">vestmyra hundhall<\/a><\/div>\n\n\n\n<div class=\"wp-block-button\"><a class=\"wp-block-button__link wp-element-button\" href=\"https:\/\/www.hundinstitutet.com\/?page_id=3912\">Instrukt\u00f6rer<\/a><\/div>\n\n\n\n<div class=\"wp-block-button\"><a class=\"wp-block-button__link has-dark-purple-background-color has-background wp-element-button\" href=\"https:\/\/hundsporthallen-hundinstitutet.bokamera.se\/\" target=\"_blank\" rel=\"noreferrer noopener\">boka tid i hundhallen<\/a><\/div>\n<\/div>\n\n\n\n<p><\/p>\n\n\n\n<div class=\"wp-block-group\" style=\"font-size:0px\"><div class=\"wp-block-group__inner-container is-layout-constrained wp-block-group-is-layout-constrained\">\n<div class=\"wp-block-columns is-layout-flex wp-container-core-columns-is-layout-9d6595d7 wp-block-columns-is-layout-flex\">\n<div class=\"wp-block-column is-vertically-aligned-center is-layout-flow wp-block-column-is-layout-flow\" style=\"flex-basis:100%\">\n<div class=\"wp-block-columns is-layout-flex wp-container-core-columns-is-layout-9d6595d7 wp-block-columns-is-layout-flex\">\n<div class=\"wp-block-column is-vertically-aligned-top is-layout-flow wp-block-column-is-layout-flow\" style=\"flex-basis:100%\">\n<div class=\"wp-block-group is-vertical is-content-justification-right is-nowrap is-layout-flex wp-container-core-group-is-layout-2d5bef97 wp-block-group-is-layout-flex\">\n<div class=\"wp-block-columns is-layout-flex wp-container-core-columns-is-layout-9d6595d7 wp-block-columns-is-layout-flex\">\n<div class=\"wp-block-column is-layout-flow wp-block-column-is-layout-flow\" style=\"flex-basis:100%\">\n<figure class=\"wp-block-table aligncenter is-style-regular\"><table><tbody><tr><td class=\"has-text-align-center\" data-align=\"center\"><a href=\"https:\/\/www.epassi.fi\/fi\/etusivu\" data-type=\"link\" data-id=\"https:\/\/www.epassi.fi\/fi\/etusivu\"><img loading=\"lazy\" decoding=\"async\" width=\"150\" height=\"75\" class=\"wp-image-4324\" style=\"width: 150px;\" src=\"https:\/\/www.hundinstitutet.com\/wp-content\/uploads\/2025\/08\/epassi.png\" alt=\"\" srcset=\"https:\/\/www.hundinstitutet.com\/wp-content\/uploads\/2025\/08\/epassi.png 600w, https:\/\/www.hundinstitutet.com\/wp-content\/uploads\/2025\/08\/epassi-300x150.png 300w\" sizes=\"auto, (max-width: 150px) 100vw, 150px\" \/><\/a><\/td><td class=\"has-text-align-center\" data-align=\"center\"><a href=\"https:\/\/www.alandpost.ax\/foretag\/friskvardax-betalsystem-arbetsformaner\" rel=\"https:\/\/www.alandpost.ax\/foretag\/friskvardax-betalsystem-arbetsformaner\"><img loading=\"lazy\" decoding=\"async\" width=\"145\" height=\"25\" class=\"wp-image-3415\" style=\"width: 145px;\" src=\"https:\/\/www.hundinstitutet.com\/wp-content\/uploads\/2024\/07\/friskvard.ax-logotype-color-rgb.png\" alt=\"\" srcset=\"https:\/\/www.hundinstitutet.com\/wp-content\/uploads\/2024\/07\/friskvard.ax-logotype-color-rgb.png 502w, https:\/\/www.hundinstitutet.com\/wp-content\/uploads\/2024\/07\/friskvard.ax-logotype-color-rgb-300x51.png 300w\" sizes=\"auto, (max-width: 145px) 100vw, 145px\" \/><\/a><\/td><td><a href=\"http:\/\/www.ahs.ax\" target=\"_blank\" rel=\"noreferrer noopener\"><img loading=\"lazy\" decoding=\"async\" width=\"150\" height=\"37\" class=\"wp-image-4296\" style=\"width: 150px;\" src=\"https:\/\/www.hundinstitutet.com\/wp-content\/uploads\/2025\/08\/logo@2x.png\" alt=\"\" srcset=\"https:\/\/www.hundinstitutet.com\/wp-content\/uploads\/2025\/08\/logo@2x.png 488w, https:\/\/www.hundinstitutet.com\/wp-content\/uploads\/2025\/08\/logo@2x-300x73.png 300w\" sizes=\"auto, (max-width: 150px) 100vw, 150px\" \/><\/a><\/td><td class=\"has-text-align-center\" data-align=\"center\"><\/td><\/tr><tr><td class=\"has-text-align-center\" data-align=\"center\"><a href=\"http:\/\/www.smadjurskliniken.ax\/sv\/hem\" target=\"_blank\" rel=\"noreferrer noopener\"><img decoding=\"async\" class=\"wp-image-3791\" style=\"width: 145px;\" src=\"https:\/\/www.hundinstitutet.com\/wp-content\/uploads\/2024\/11\/logo_web_blue-1.png\" alt=\"\"><\/a><\/td><td class=\"has-text-align-center\" data-align=\"center\"><a href=\"https:\/\/www.veterinar.ax\/\"><img loading=\"lazy\" decoding=\"async\" width=\"145\" height=\"60\" class=\"wp-image-3746\" style=\"width: 145px;\" src=\"https:\/\/www.hundinstitutet.com\/wp-content\/uploads\/2024\/10\/alandia_veterinarklinik-1024x425.png\" alt=\"\" srcset=\"https:\/\/www.hundinstitutet.com\/wp-content\/uploads\/2024\/10\/alandia_veterinarklinik-1024x425.png 1024w, https:\/\/www.hundinstitutet.com\/wp-content\/uploads\/2024\/10\/alandia_veterinarklinik-300x124.png 300w, https:\/\/www.hundinstitutet.com\/wp-content\/uploads\/2024\/10\/alandia_veterinarklinik-768x319.png 768w, https:\/\/www.hundinstitutet.com\/wp-content\/uploads\/2024\/10\/alandia_veterinarklinik-1536x637.png 1536w, https:\/\/www.hundinstitutet.com\/wp-content\/uploads\/2024\/10\/alandia_veterinarklinik-1320x548.png 1320w, https:\/\/www.hundinstitutet.com\/wp-content\/uploads\/2024\/10\/alandia_veterinarklinik.png 1772w\" sizes=\"auto, (max-width: 145px) 100vw, 145px\" \/><\/a><\/td><td><a href=\"https:\/\/www.wiklofholding.fi\/\" target=\"_blank\" rel=\"noreferrer noopener\"><img loading=\"lazy\" decoding=\"async\" width=\"149\" height=\"43\" class=\"wp-image-3585\" style=\"width: 149px;\" src=\"https:\/\/www.hundinstitutet.com\/wp-content\/uploads\/2024\/08\/Bla-genomsk.jpg\" alt=\"\" srcset=\"https:\/\/www.hundinstitutet.com\/wp-content\/uploads\/2024\/08\/Bla-genomsk.jpg 741w, https:\/\/www.hundinstitutet.com\/wp-content\/uploads\/2024\/08\/Bla-genomsk-300x86.jpg 300w\" sizes=\"auto, (max-width: 149px) 100vw, 149px\" \/><\/a><\/td><td class=\"has-text-align-center\" data-align=\"center\"><a href=\"http:\/\/www.omsen.ax\" data-type=\"link\" data-id=\"http:\/\/www.omsen.ax\" target=\"_blank\" rel=\"noreferrer noopener\"><img loading=\"lazy\" decoding=\"async\" width=\"150\" height=\"62\" class=\"wp-image-4250\" style=\"width: 150px;\" src=\"https:\/\/www.hundinstitutet.com\/wp-content\/uploads\/2025\/07\/Omsen_blue_stor-1-scaled.png\" alt=\"\" srcset=\"https:\/\/www.hundinstitutet.com\/wp-content\/uploads\/2025\/07\/Omsen_blue_stor-1-scaled.png 2560w, https:\/\/www.hundinstitutet.com\/wp-content\/uploads\/2025\/07\/Omsen_blue_stor-1-300x123.png 300w, https:\/\/www.hundinstitutet.com\/wp-content\/uploads\/2025\/07\/Omsen_blue_stor-1-1024x421.png 1024w, https:\/\/www.hundinstitutet.com\/wp-content\/uploads\/2025\/07\/Omsen_blue_stor-1-768x316.png 768w, https:\/\/www.hundinstitutet.com\/wp-content\/uploads\/2025\/07\/Omsen_blue_stor-1-1536x632.png 1536w, https:\/\/www.hundinstitutet.com\/wp-content\/uploads\/2025\/07\/Omsen_blue_stor-1-2048x843.png 2048w, https:\/\/www.hundinstitutet.com\/wp-content\/uploads\/2025\/07\/Omsen_blue_stor-1-1320x543.png 1320w\" sizes=\"auto, (max-width: 150px) 100vw, 150px\" \/><\/a><\/td><\/tr><\/tbody><\/table><figcaption class=\"wp-element-caption\">Klicka p\u00e5 l\u00e4nkarna ovan f\u00f6r att komma till v\u00e5ra samarbetspartners! <\/figcaption><\/figure>\n<\/div>\n<\/div>\n<\/div>\n\n\n\n<p><\/p>\n<\/div>\n<\/div>\n<\/div>\n\n\n\n<div class=\"wp-block-column is-layout-flow wp-block-column-is-layout-flow\"><\/div>\n\n\n\n<div class=\"wp-block-column is-layout-flow wp-block-column-is-layout-flow\"><\/div>\n\n\n\n<div class=\"wp-block-column is-layout-flow wp-block-column-is-layout-flow\"><\/div>\n<\/div>\n<\/div><\/div>\n\n\n\n<p><\/p>\n\n\n\n<p>Alla elever \u00e4r v\u00e4lkomna hit,  fr\u00e5n nyb\u00f6rjaren till t\u00e4vlingsekipage! <\/p>\n\n\n<div class=\"wp-block-image\">\n<figure class=\"aligncenter size-large is-resized\"><a href=\"https:\/\/www.hundinstitutet.com\/wp-content\/uploads\/2024\/10\/canisbildjagvickyofly.jpg\"><img loading=\"lazy\" decoding=\"async\" width=\"1024\" height=\"797\" src=\"https:\/\/www.hundinstitutet.com\/wp-content\/uploads\/2024\/10\/canisbildjagvickyofly-1024x797.jpg\" alt=\"\" class=\"wp-image-3711\" style=\"width:260px;height:auto\" srcset=\"https:\/\/www.hundinstitutet.com\/wp-content\/uploads\/2024\/10\/canisbildjagvickyofly-1024x797.jpg 1024w, https:\/\/www.hundinstitutet.com\/wp-content\/uploads\/2024\/10\/canisbildjagvickyofly-300x233.jpg 300w, https:\/\/www.hundinstitutet.com\/wp-content\/uploads\/2024\/10\/canisbildjagvickyofly-768x598.jpg 768w, https:\/\/www.hundinstitutet.com\/wp-content\/uploads\/2024\/10\/canisbildjagvickyofly-1536x1195.jpg 1536w, https:\/\/www.hundinstitutet.com\/wp-content\/uploads\/2024\/10\/canisbildjagvickyofly-1320x1027.jpg 1320w, https:\/\/www.hundinstitutet.com\/wp-content\/uploads\/2024\/10\/canisbildjagvickyofly.jpg 1821w\" sizes=\"auto, (max-width: 1024px) 100vw, 1024px\" \/><\/a><\/figure>\n<\/div>\n\n\n<p>Hundinstitutet satsar st\u00e4ndigt p\u00e5 vidareutbildning inom olika grenar av hundsporten f\u00f6r att Du som kursdeltagare ska f\u00e5 optimal undervisning.<\/p>\n\n\n\n<p>\u00c5r 2008-2009:  Maria startade sin utbildning vid den v\u00e4lk\u00e4nda hundskolan CANIS Norge och Sverige. Canis Instrukt\u00f6rsutbildning var en omfattande teoretisk och praktisk utbildning under tv\u00e5 \u00e5rs tid med beteendevetenskaplig grund.<\/p>\n\n\n\n<p>Inom CANIS har Maria bl a fungerat som en av huvudl\u00e4rarna f\u00f6r Finlands ett\u00e5riga klickertr\u00e4narutbildning, i fastlandet Finland. Maria har \u00e4ven varit instrukt\u00f6r vid kurser i Sverige och h\u00e5ller forts\u00e4ttningsvis kurser och privatlektioner av m\u00e5nga olika slag hemma p\u00e5 \u00c5land genom hundskolan Hundinstitutet.<\/p>\n\n\n\n<p>Maria har en omfattande utbildningslista inom hundtr\u00e4ning vid olika omr\u00e5den som bl a tj\u00e4nstehundsutbildning inom specials\u00f6k, arbetat med tj\u00e4nstehund inom specials\u00f6k, specialiserat sig p\u00e5 klickertr\u00e4ning, problembeteenden, t\u00e4vlingslydnad, noseworkinstrukt\u00f6r. F\u00f6rutom det t\u00e4vlar hon inom olika hundsportgrenar.<\/p>\n\n\n\n<p>F\u00f6r att se mer info om Marias kurser: se fliken &#8221;om mig&#8221; <\/p>\n\n\n\n<h2 class=\"wp-block-heading\">Nyhetsbrev och uppdateringar<\/h2>\n\n\n\n<p>Nya kurser uppdateras p\u00e5 hemsidan under <a href=\"https:\/\/www.hundinstitutet.com\/?page_id=2861\" data-type=\"page\" data-id=\"2861\">Aktuella kurser<\/a> och p\u00e5 Facebook, <a href=\"https:\/\/www.facebook.com\/hundinstitutet1\" target=\"_blank\" rel=\"noreferrer noopener\">Hundinstitutet1 <\/a>efterhand.  Tryck &#8221;gilla&#8221; p\u00e5 hundinstitutet1 s\u00e5 borde du f\u00e5 uppdateringar via FB!<\/p>\n\n\n  \n  \n  <div class=\"\n    mailpoet_form_popup_overlay\n      \"><\/div>\n  <div\n    id=\"mailpoet_form_1\"\n    class=\"\n      mailpoet_form\n      mailpoet_form_html\n      mailpoet_form_position_\n      mailpoet_form_animation_\n    \"\n      >\n\n    <style type=\"text\/css\">\n     #mailpoet_form_1 .mailpoet_form {  }\n#mailpoet_form_1 form { margin-bottom: 0; }\n#mailpoet_form_1 p.mailpoet_form_paragraph { margin-bottom: 10px; }\n#mailpoet_form_1 .mailpoet_column_with_background { padding: 10px; }\n#mailpoet_form_1 .mailpoet_form_column:not(:first-child) { margin-left: 20px; }\n#mailpoet_form_1 .mailpoet_paragraph { line-height: 20px; margin-bottom: 20px; }\n#mailpoet_form_1 .mailpoet_segment_label, #mailpoet_form_1 .mailpoet_text_label, #mailpoet_form_1 .mailpoet_textarea_label, #mailpoet_form_1 .mailpoet_select_label, #mailpoet_form_1 .mailpoet_radio_label, #mailpoet_form_1 .mailpoet_checkbox_label, #mailpoet_form_1 .mailpoet_list_label, #mailpoet_form_1 .mailpoet_date_label { display: block; font-weight: normal; }\n#mailpoet_form_1 .mailpoet_text, #mailpoet_form_1 .mailpoet_textarea, #mailpoet_form_1 .mailpoet_select, #mailpoet_form_1 .mailpoet_date_month, #mailpoet_form_1 .mailpoet_date_day, #mailpoet_form_1 .mailpoet_date_year, #mailpoet_form_1 .mailpoet_date { display: block; }\n#mailpoet_form_1 .mailpoet_text, #mailpoet_form_1 .mailpoet_textarea { width: 200px; }\n#mailpoet_form_1 .mailpoet_checkbox {  }\n#mailpoet_form_1 .mailpoet_submit {  }\n#mailpoet_form_1 .mailpoet_divider {  }\n#mailpoet_form_1 .mailpoet_message {  }\n#mailpoet_form_1 .mailpoet_form_loading { width: 30px; text-align: center; line-height: normal; }\n#mailpoet_form_1 .mailpoet_form_loading > span { width: 5px; height: 5px; background-color: #5b5b5b; }\n#mailpoet_form_1 h2.mailpoet-heading { margin: 0 0 20px 0; }\n#mailpoet_form_1 h1.mailpoet-heading { margin: 0 0 10px; }#mailpoet_form_1{border-radius: 25px;text-align: center;}#mailpoet_form_1 form.mailpoet_form {padding: 30px;}#mailpoet_form_1{width: 100%;}#mailpoet_form_1 .mailpoet_message {margin: 0; padding: 0 20px;}\n        #mailpoet_form_1 .mailpoet_validate_success {color: #00d084}\n        #mailpoet_form_1 input.parsley-success {color: #00d084}\n        #mailpoet_form_1 select.parsley-success {color: #00d084}\n        #mailpoet_form_1 textarea.parsley-success {color: #00d084}\n      \n        #mailpoet_form_1 .mailpoet_validate_error {color: #cf2e2e}\n        #mailpoet_form_1 input.parsley-error {color: #cf2e2e}\n        #mailpoet_form_1 select.parsley-error {color: #cf2e2e}\n        #mailpoet_form_1 textarea.textarea.parsley-error {color: #cf2e2e}\n        #mailpoet_form_1 .parsley-errors-list {color: #cf2e2e}\n        #mailpoet_form_1 .parsley-required {color: #cf2e2e}\n        #mailpoet_form_1 .parsley-custom-error-message {color: #cf2e2e}\n      #mailpoet_form_1 .mailpoet_paragraph.last {margin-bottom: 0} @media (max-width: 500px) {#mailpoet_form_1 {background-image: none;}} @media (min-width: 500px) {#mailpoet_form_1 .last .mailpoet_paragraph:last-child {margin-bottom: 0}}  @media (max-width: 500px) {#mailpoet_form_1 .mailpoet_form_column:last-child .mailpoet_paragraph:last-child {margin-bottom: 0}} \n    <\/style>\n\n    <form\n      target=\"_self\"\n      method=\"post\"\n      action=\"https:\/\/www.hundinstitutet.com\/wp-admin\/admin-post.php?action=mailpoet_subscription_form\"\n      class=\"mailpoet_form mailpoet_form_form mailpoet_form_html\"\n      novalidate\n      data-delay=\"\"\n      data-exit-intent-enabled=\"\"\n      data-font-family=\"\"\n      data-cookie-expiration-time=\"\"\n    >\n      <input type=\"hidden\" name=\"data[form_id]\" value=\"1\" \/>\n      <input type=\"hidden\" name=\"token\" value=\"fa7fd8361a\" \/>\n      <input type=\"hidden\" name=\"api_version\" value=\"v1\" \/>\n      <input type=\"hidden\" name=\"endpoint\" value=\"subscribers\" \/>\n      <input type=\"hidden\" name=\"mailpoet_method\" value=\"subscribe\" \/>\n\n      <label class=\"mailpoet_hp_email_label\" style=\"display: none !important;\">L\u00e4mna detta f\u00e4lt tomt<input type=\"email\" name=\"data[email]\"\/><\/label><div class=\"mailpoet_form_image\"><figure class=\"size-large aligncenter\"><img decoding=\"async\" src=\"https:\/\/ps.w.org\/mailpoet\/assets\/form-templates\/template-4\/mailbox@3x.png\" alt width=95 height=90 style=\"width: 95px;height: 90px\"><\/figure><\/div>\n<div class='mailpoet_spacer' style='height: 1px;'><\/div>\n<h2 class=\"mailpoet-heading  mailpoet-has-font-size\" style=\"text-align: center; color: #0081ff; font-size: 20px; line-height: 1.5\">Nyhetsbrev om kurser<\/h2>\n<h2 class=\"mailpoet-heading  mailpoet-has-font-size\" style=\"text-align: center; font-size: 18px; line-height: 1.5\"><strong>Registrera dig f\u00f6r att f\u00e5 l\u00f6pande <\/strong>information om kursutbudet!<\/h2>\n<div class='mailpoet_spacer' style='height: 1px;'><\/div>\n<div class=\"mailpoet_paragraph \"><input type=\"email\" autocomplete=\"email\" class=\"mailpoet_text\" id=\"form_email_1\" name=\"data[form_field_MWM5MGJlYzJjOTYxX2VtYWls]\" title=\"E-postadress\" value=\"\" style=\"width:100%;box-sizing:border-box;background-color:#f1f1f1;border-style:solid;border-radius:40px !important;border-width:0px;border-color:#313131;padding:15px;margin: 0 auto;font-family:&#039;Montserrat&#039;;font-size:16px;line-height:1.5;height:auto;\" data-automation-id=\"form_email\"  placeholder=\"E-postadress *\" aria-label=\"E-postadress *\" data-parsley-errors-container=\".mailpoet_error_p0sur\" data-parsley-required=\"true\" required aria-required=\"true\" data-parsley-minlength=\"6\" data-parsley-maxlength=\"150\" data-parsley-type-message=\"Detta v\u00e4rde m\u00e5ste vara en giltig e-postadress.\" data-parsley-required-message=\"Detta f\u00e4lt \u00e4r obligatoriskt.\"\/><span class=\"mailpoet_error_p0sur\"><\/span><\/div>\n<div class=\"mailpoet_paragraph \"><input type=\"submit\" class=\"mailpoet_submit\" value=\"OK\" data-automation-id=\"subscribe-submit-button\" data-font-family='Montserrat' style=\"width:100%;box-sizing:border-box;background-color:#0081ff;border-style:solid;border-radius:40px !important;border-width:0px;border-color:#313131;padding:15px;margin: 0 auto;font-family:&#039;Montserrat&#039;;font-size:20px;line-height:1.5;height:auto;color:#ffffff;font-weight:bold;\" \/><span class=\"mailpoet_form_loading\"><span class=\"mailpoet_bounce1\"><\/span><span class=\"mailpoet_bounce2\"><\/span><span class=\"mailpoet_bounce3\"><\/span><\/span><\/div>\n<p class=\"mailpoet_form_paragraph  mailpoet-has-font-size\" style=\"text-align: center; font-size: 13px; line-height: 1.5\"><em>Vi spammar inte! <\/em><\/p>\n\n      <div class=\"mailpoet_message\">\n        <p class=\"mailpoet_validate_success\"\n                style=\"display:none;\"\n                >Kontrollera din inkorg eller skr\u00e4ppostmapp f\u00f6r att bekr\u00e4fta din prenumeration.\n        <\/p>\n        <p class=\"mailpoet_validate_error\"\n                style=\"display:none;\"\n                >        <\/p>\n      <\/div>\n    <\/form>\n\n      <\/div>\n\n  ","protected":false},"excerpt":{"rendered":"<p>Klicka p\u00e5 l\u00e4nkarna ovan f\u00f6r att komma till v\u00e5ra samarbetspartners! Alla elever \u00e4r v\u00e4lkomna hit, fr\u00e5n nyb\u00f6rjaren till t\u00e4vlingsekipage! Hundinstitutet satsar st\u00e4ndigt p\u00e5 vidareutbildning inom olika grenar av hundsporten f\u00f6r att Du som kursdeltagare ska f\u00e5 optimal undervisning. \u00c5r 2008-2009: Maria startade sin utbildning vid den v\u00e4lk\u00e4nda hundskolan CANIS Norge och Sverige. Canis Instrukt\u00f6rsutbildning var &hellip; <a href=\"https:\/\/www.hundinstitutet.com\/\" class=\"more-link\">Forts\u00e4tt l\u00e4sa <span class=\"screen-reader-text\">Hundinstitutet<\/span><\/a><\/p>\n","protected":false},"author":2,"featured_media":0,"parent":0,"menu_order":0,"comment_status":"closed","ping_status":"closed","template":"","meta":{"footnotes":""},"class_list":["post-2895","page","type-page","status-publish","hentry"],"_links":{"self":[{"href":"https:\/\/www.hundinstitutet.com\/index.php?rest_route=\/wp\/v2\/pages\/2895","targetHints":{"allow":["GET"]}}],"collection":[{"href":"https:\/\/www.hundinstitutet.com\/index.php?rest_route=\/wp\/v2\/pages"}],"about":[{"href":"https:\/\/www.hundinstitutet.com\/index.php?rest_route=\/wp\/v2\/types\/page"}],"author":[{"embeddable":true,"href":"https:\/\/www.hundinstitutet.com\/index.php?rest_route=\/wp\/v2\/users\/2"}],"replies":[{"embeddable":true,"href":"https:\/\/www.hundinstitutet.com\/index.php?rest_route=%2Fwp%2Fv2%2Fcomments&post=2895"}],"version-history":[{"count":138,"href":"https:\/\/www.hundinstitutet.com\/index.php?rest_route=\/wp\/v2\/pages\/2895\/revisions"}],"predecessor-version":[{"id":4462,"href":"https:\/\/www.hundinstitutet.com\/index.php?rest_route=\/wp\/v2\/pages\/2895\/revisions\/4462"}],"wp:attachment":[{"href":"https:\/\/www.hundinstitutet.com\/index.php?rest_route=%2Fwp%2Fv2%2Fmedia&parent=2895"}],"curies":[{"name":"wp","href":"https:\/\/api.w.org\/{rel}","templated":true}]}}