{"id":3001,"date":"2024-03-28T06:57:18","date_gmt":"2024-03-28T06:57:18","guid":{"rendered":"https:\/\/www.hundinstitutet.com\/?page_id=3001"},"modified":"2026-01-12T05:56:16","modified_gmt":"2026-01-12T05:56:16","slug":"prislista","status":"publish","type":"page","link":"https:\/\/www.hundinstitutet.com\/?page_id=3001","title":{"rendered":"Prislista"},"content":{"rendered":"\n<div class=\"wp-block-buttons is-layout-flex wp-block-buttons-is-layout-flex\">\n<div class=\"wp-block-button\"><a class=\"wp-block-button__link wp-element-button\" href=\"https:\/\/www.hundinstitutet.com\/?page_id=3003\">Om hallen<\/a><\/div>\n\n\n\n<div class=\"wp-block-button\"><a class=\"wp-block-button__link wp-element-button\" href=\"https:\/\/www.hundinstitutet.com\/?page_id=3015\">Bokningsvillkor<\/a><\/div>\n\n\n\n<div class=\"wp-block-button\"><a class=\"wp-block-button__link wp-element-button\" href=\"https:\/\/www.hundinstitutet.com\/?page_id=3009\">trivselregler<\/a><\/div>\n<\/div>\n\n\n\n<h2 class=\"wp-block-heading\">VESTMYRA HUNDSPORTHALL<\/h2>\n\n\n\n<p><strong>N\u00e4ra 380 m2 tr\u00e4ningsyta! Den ST\u00d6RSTA inomhustr\u00e4ningsytan p\u00e5 \u00c5land! Hyr hallen f\u00f6r egen tr\u00e4ning eller samla ihop n\u00e5gra v\u00e4nner f\u00f6r gemensam hundtr\u00e4ning totalt oberoende av v\u00e4der! <\/strong><\/p>\n\n\n\n<p>F\u00f6rening, f\u00f6retagare eller privatperson som vill <strong>H\u00c5LLA KURS?<\/strong> Kontakta Hundinstitutet f\u00f6r mer information och offert!&nbsp;<\/p>\n\n\n\n<p>Vi har ett automatiskt bokningssytem via Bokamera\/ g\u00e5 tillbaka en flik och s\u00f6k Boka tid online s\u00e5 kommer de p\u00e5 r\u00e4tt  ! Du kan \u00e4ven <strong>boka  via SMS tfn 0457 3429 407<\/strong> eller messenger FB. Bokning via mail kan ta 1-2 dgr innan svar: <strong>maria@hundinstitutet.com <\/strong><\/p>\n\n\n\n<p>Genom att boka hallen bekr\u00e4ftar du att du l\u00e4st v\u00e5ra trivselregler, bokningsvillkor samt \u00f6vrig information om hallen.  <\/p>\n\n\n\n<p>Meddela nedanst\u00e5ende vid bokning om du \u00e4r ny kund: <\/p>\n\n\n\n<ul class=\"wp-block-list\">\n<li>f\u00f6rnamn och efternamn<\/li>\n\n\n\n<li>adress<\/li>\n\n\n\n<li>e-post<\/li>\n\n\n\n<li>telefonnummer <\/li>\n\n\n\n<li>samt n\u00e5gra \u00f6nskem\u00e5l om tider och dagar du vill boka <\/li>\n<\/ul>\n\n\n\n<p><strong>PRISER:<\/strong> Oktober- mars: (F\u00f6r sommarpriser se Bokamera) <a href=\"https:\/\/hundsporthallen-hundinstitutet.bokamera.se\/\">https:\/\/hundsporthallen-hundinstitutet.bokamera.se\/<\/a> <\/p>\n\n\n\n<p>VARDAGAR  kl 9-16     Personantal: 1-2 st\/h<\/p>\n\n\n\n<figure class=\"wp-block-table\"><table class=\"has-fixed-layout\"><tbody><tr><td>1\/2 h  <\/td><td>17,50 e\/ sms bokn<\/td><\/tr><tr><td>1 h      Bokningar 8 ggr eller fler<\/td><td>26,90 e\/h<\/td><\/tr><\/tbody><\/table><\/figure>\n\n\n\n<figure class=\"wp-block-table\"><table class=\"has-fixed-layout\"><tbody><tr><td>1 h Bokning, separat bokning<\/td><td>29 e\/h<\/td><\/tr><\/tbody><\/table><\/figure>\n\n\n\n<p>VARDAGAR  kl 17-21    Personantal 1-5 st<\/p>\n\n\n\n<figure class=\"wp-block-table\"><table class=\"has-fixed-layout\"><tbody><tr><td>1 h   Bokningar 8 ggr eller fler<\/td><td>35 e<\/td><\/tr><tr><td>1 h   Bokning av eng\u00e5ngstillf\u00e4lle<\/td><td>40 e \/ 42,90 e<\/td><\/tr><\/tbody><\/table><figcaption class=\"wp-element-caption\">F\u00f6r bokning av fler personer, beg\u00e4r offert<\/figcaption><\/figure>\n\n\n\n<p>Tidig morgon eller sen kv\u00e4ll: kl 6-10 eller fr\u00e5n kl 21:<\/p>\n\n\n\n<figure class=\"wp-block-table\"><table class=\"has-fixed-layout\"><tbody><tr><td>1 h <\/td><td>22 \u20ac\/ h !!!<\/td><\/tr><tr><td><\/td><td><\/td><\/tr><\/tbody><\/table><\/figure>\n\n\n\n<ul class=\"wp-block-list\">\n<li>Grupp \/ 3-5 personer dagtid 10-16  33 e\/h ( minst 8 ggr bokn)<\/li>\n<\/ul>\n\n\n\n<p>Helger och r\u00f6da dagar: beg\u00e4r pris!<\/p>\n\n\n\n<figure class=\"wp-block-table\"><table class=\"has-fixed-layout\"><tbody><tr><td><\/td><td><\/td><td><\/td><td><\/td><\/tr><tr><td><\/td><td><\/td><td><\/td><td><\/td><\/tr><tr><td><\/td><td><\/td><td><\/td><td><\/td><\/tr><\/tbody><\/table><figcaption class=\"wp-element-caption\">Vid bokning av fler personer beg\u00e4r offert! Bokning av teorilektioner, f\u00f6retagare, kursh\u00e5llare etc med h\u00f6gre krav p\u00e5 v\u00e4rme? Beg\u00e4r offert?<br><br><br><\/figcaption><\/figure>\n\n\n\n<p>Har du minst g\u00e5tt nyb\u00f6rjarkurs i n\u00e5gon hundsport eller \u00e4r Erfaren hundtr\u00e4nare? <strong>VILL DU DELTA I GRUPPTR\u00c4NING? <\/strong><br>Dessa grupper inneb\u00e4r normalt 3-5 personer per h (bokning fr\u00e5n januari-mars regelbundet) Ni best\u00e4mmer gemensamt hur ni g\u00f6r upp tr\u00e4ningen. En del grupper har startat under h\u00f6sten och bokat in sig \u00f6ver hela vinterperioden men anm\u00e4l intresse om du vill delta enstaka tillf\u00e4lle f\u00f6r att prova ! De som vill tr\u00e4na regelbundet har f\u00f6rtur till platserna.<\/p>\n\n\n\n<p>Tanken med grupperna \u00e4r att man hj\u00e4lper varandra. Vid en tr\u00e4ningsgrupp finns det ingen instrukt\u00f6r men man har m\u00f6jlighet att f\u00e5 hj\u00e4lp och st\u00f6d av varandra! Ni anm\u00e4ler er enskilt s\u00e5 s\u00f6ker jag upp tr\u00e4ningskompisar eller har ni redan egen grupp s\u00e5 anm\u00e4l hela gruppen! Pga att det inte finns n\u00e5gon instrukt\u00f6r beh\u00f6ver man ha f\u00f6rkunskaper inom hundsportgrenen innan man kan anm\u00e4la till en sj\u00e4lvst\u00e4ndig grupp. <\/p>\n\n\n\n<p>Har hunden problem med att tr\u00e4na n\u00e4ra andra hundar eller fr\u00e4mmande m\u00e4nniskor s\u00e5 kan det vara befogat att man bokar privatlektioner innan man anm\u00e4ler till grupptr\u00e4ning.   Alternativt bokar hallen privat p\u00e5 annan tid.  Undantag \u00e4r s\u00e5dan grupp d\u00e4r man tr\u00e4nar en hund i taget, d\u00e5 kan en hund med m\u00f6tesproblem vila i bilen n\u00e4r den inte \u00e4r aktiv.  <\/p>\n\n\n\n<p>Skulle man n\u00e5gon g\u00e5ng var sjuk eller f\u00e5 f\u00f6rhinder kan man s\u00e4lja sin plats privat eller via fb sidan Vestmyra Hundsporthall LEDIGA TIDER!  G\u00e5 med d\u00e4r!<\/p>\n\n\n\n<p><br>Boka in dig genom, messenger FB eller SMS telefon: Maria S\u00f6derlund tfn 0457 3429 407. Meddela: f\u00f6rnamn, efternamn, adress, e-post, tfn nr och \u00e4rende, s\u00e5 \u00e5terkommer vi till dig inom kort!<\/p>\n\n\n\n<p>2026:<\/p>\n\n\n\n<p><\/p>\n\n\n\n<p><em>Special<\/em>: Fast agilitybana bygs upp oj\u00e4mna veckor m\u00e5ndag dagtid &#8211; tisdag kl 13, g\u00e4ller jan-sista mars. <\/p>\n\n\n\n<figure class=\"wp-block-table\"><table class=\"has-fixed-layout\"><tbody><tr><td>1 h AGILITY\/ m\u00e5ndagar  grupper max 4 ekipage\/h<\/td><td>Niv\u00e5 forts\u00e4ttning<\/td><td>Kl 19 Fullsatt, Kl 20 Fullsatt.<\/td><\/tr><tr><td>Extern grupp tisdagar<br>Annan priv. agi grupp tisdagar bokat  kl 13-14<\/td><td>Niv\u00e5 forts\u00e4tttning<\/td><td>Bokat 18-21<\/td><\/tr><tr><td>1 h AGILITY \/onsdagar grupper max 4 ekipage\/h<\/td><td>Niv\u00e5 forts\u00e4ttning<\/td><td>Planerat: 18 -19,20 samt 19, 20- \/ beroende p\u00e5 antal deltagare.  Lediga platser! Denna grupp plockar undan banan<\/td><\/tr><tr><td>1,5 h Rally 17,30- 19<br>samt <br>Extern Rally 20-21,30<\/td><td>Niv\u00e5 forts\u00e4ttning<\/td><td>Faullsatt<\/td><\/tr><tr><td>L\u00f6rdagar, varannan <br>Extern grupp 10-12 agi<\/td><td><\/td><td><\/td><\/tr><tr><td><\/td><td><\/td><td><\/td><\/tr><tr><td><\/td><td><\/td><td><\/td><\/tr><\/tbody><\/table><\/figure>\n\n\n\n<p><\/p>\n","protected":false},"excerpt":{"rendered":"<p>VESTMYRA HUNDSPORTHALL N\u00e4ra 380 m2 tr\u00e4ningsyta! Den ST\u00d6RSTA inomhustr\u00e4ningsytan p\u00e5 \u00c5land! Hyr hallen f\u00f6r egen tr\u00e4ning eller samla ihop n\u00e5gra v\u00e4nner f\u00f6r gemensam hundtr\u00e4ning totalt oberoende av v\u00e4der! F\u00f6rening, f\u00f6retagare eller privatperson som vill H\u00c5LLA KURS? Kontakta Hundinstitutet f\u00f6r mer information och offert!&nbsp; Vi har ett automatiskt bokningssytem via Bokamera\/ g\u00e5 tillbaka en flik och &hellip; <a href=\"https:\/\/www.hundinstitutet.com\/?page_id=3001\" class=\"more-link\">Forts\u00e4tt l\u00e4sa <span class=\"screen-reader-text\">Prislista<\/span><\/a><\/p>\n","protected":false},"author":2,"featured_media":0,"parent":3003,"menu_order":0,"comment_status":"closed","ping_status":"closed","template":"","meta":{"footnotes":""},"class_list":["post-3001","page","type-page","status-publish","hentry"],"_links":{"self":[{"href":"https:\/\/www.hundinstitutet.com\/index.php?rest_route=\/wp\/v2\/pages\/3001","targetHints":{"allow":["GET"]}}],"collection":[{"href":"https:\/\/www.hundinstitutet.com\/index.php?rest_route=\/wp\/v2\/pages"}],"about":[{"href":"https:\/\/www.hundinstitutet.com\/index.php?rest_route=\/wp\/v2\/types\/page"}],"author":[{"embeddable":true,"href":"https:\/\/www.hundinstitutet.com\/index.php?rest_route=\/wp\/v2\/users\/2"}],"replies":[{"embeddable":true,"href":"https:\/\/www.hundinstitutet.com\/index.php?rest_route=%2Fwp%2Fv2%2Fcomments&post=3001"}],"version-history":[{"count":58,"href":"https:\/\/www.hundinstitutet.com\/index.php?rest_route=\/wp\/v2\/pages\/3001\/revisions"}],"predecessor-version":[{"id":4421,"href":"https:\/\/www.hundinstitutet.com\/index.php?rest_route=\/wp\/v2\/pages\/3001\/revisions\/4421"}],"up":[{"embeddable":true,"href":"https:\/\/www.hundinstitutet.com\/index.php?rest_route=\/wp\/v2\/pages\/3003"}],"wp:attachment":[{"href":"https:\/\/www.hundinstitutet.com\/index.php?rest_route=%2Fwp%2Fv2%2Fmedia&parent=3001"}],"curies":[{"name":"wp","href":"https:\/\/api.w.org\/{rel}","templated":true}]}}