{"id":3003,"date":"2024-03-28T06:52:32","date_gmt":"2024-03-28T06:52:32","guid":{"rendered":"https:\/\/www.hundinstitutet.com\/?page_id=3003"},"modified":"2025-04-14T09:40:35","modified_gmt":"2025-04-14T09:40:35","slug":"vestmyra-hundhall","status":"publish","type":"page","link":"https:\/\/www.hundinstitutet.com\/?page_id=3003","title":{"rendered":"Vestmyra HUNDSPORTHALL"},"content":{"rendered":"\n<div class=\"wp-block-buttons is-content-justification-center is-layout-flex wp-container-core-buttons-is-layout-16018d1d wp-block-buttons-is-layout-flex\">\n<div class=\"wp-block-button\"><a class=\"wp-block-button__link has-medium-pink-background-color has-background wp-element-button\" href=\"https:\/\/www.hundinstitutet.com\/?page_id=3001\">Prislista<\/a><\/div>\n\n\n\n<div class=\"wp-block-button\"><a class=\"wp-block-button__link has-medium-pink-background-color has-background wp-element-button\" href=\"https:\/\/www.hundinstitutet.com\/?page_id=3015\">Bokningsvillkor<\/a><\/div>\n\n\n\n<div class=\"wp-block-button\"><a class=\"wp-block-button__link has-medium-pink-background-color has-background wp-element-button\" href=\"https:\/\/hundsporthallen-hundinstitutet.bokamera.se\/\" target=\"_blank\" rel=\"noreferrer noopener\">trivselregler<\/a><\/div>\n\n\n\n<div class=\"wp-block-button\"><a class=\"wp-block-button__link has-medium-pink-background-color has-background wp-element-button\" href=\"https:\/\/www.hundinstitutet.com\/?page_id=3437\">Tr\u00e4ningsgruppER AGILITY<\/a><\/div>\n\n\n\n<div class=\"wp-block-button\"><a class=\"wp-block-button__link has-dark-purple-background-color has-background wp-element-button\" href=\"https:\/\/hundsporthallen-hundinstitutet.bokamera.se\/\" target=\"_blank\" rel=\"noreferrer noopener\">Boka tid online<\/a><\/div>\n<\/div>\n\n\n\n<p>Hyr Vestmyra Hundhall f\u00f6r Din egen tr\u00e4ning eller varf\u00f6r inte, samla ihop tr\u00e4ningsgrupp! Inget medlemskap beh\u00f6vs!&nbsp;<\/p>\n\n\n\n<p>Vi tar emot Friskv\u00e5rdskuponger f\u00f6r motion: <strong>Friskv\u00e5rd.ax<\/strong>,  <strong>epassi <\/strong>samt <strong>\u00c5HS <\/strong><\/p>\n\n\n\n<iframe src=\"https:\/\/www.google.com\/maps\/embed?pb=!1m17!1m12!1m3!1d1983.1371576354065!2d19.757431999999998!3d60.195012999999996!2m3!1f0!2f0!3f0!3m2!1i1024!2i768!4f13.1!3m2!1m1!2zNjDCsDExJzQyLjEiTiAxOcKwNDUnMjYuOCJF!5e0!3m2!1ssv!2sfi!4v1711612545167!5m2!1ssv!2sfi\" width=\"600\" height=\"450\" style=\"border:0;\" allowfullscreen=\"\" loading=\"lazy\" referrerpolicy=\"no-referrer-when-downgrade\"><\/iframe>\n\n\n\n<p>Vill du som f\u00f6retag, privatperson, f\u00f6rening eller klubb h\u00e5lla kurser? Privatlektioner? T\u00e4vlingar: officiella eller inofficiella&nbsp;i Vestmyra Hundhall?&nbsp;Kontakta oss f\u00f6r offert!&nbsp;<\/p>\n\n\n\n<p>V\u00e4rme vintertid: Hallens v\u00e4rmesystem \u00e4r inst\u00e4llt p\u00e5 8+ dvs en behaglig temperatur \u00e4ven f\u00f6r fartfyllda tr\u00e4ningar som ex agility. F\u00f6r lugnare tr\u00e4ningar kan du beh\u00e5lla jackan eller fleecen p\u00e5. Endast uteskorna beh\u00f6ver bytas till inneskor n\u00e4r du g\u00e5r in i hallen.  Vill du eller din f\u00f6rening hyra hallen f\u00f6r ex teorif\u00f6rel\u00e4sning \u00f6ver m\u00e5nga h beg\u00e4r offert f\u00f6r att f\u00e5 hallen uppv\u00e4rmd till +16 grader.   <\/p>\n\n\n\n<p><\/p>\n\n\n\n<p>Ser mer information om hallen, trivselregler etc genom att g\u00e5 in p\u00e5 bokningssidan!   <a href=\"https:\/\/hundsporthallen-hundinstitutet.bokamera.se\/\">https:\/\/hundsporthallen-hundinstitutet.bokamera.se\/<\/a><\/p>\n\n\n\n<figure class=\"wp-block-embed\"><div class=\"wp-block-embed__wrapper\">\nhttps:\/\/hundsporthallen-hundinstitutet.bokamera.se\n<\/div><\/figure>\n","protected":false},"excerpt":{"rendered":"<p>Hyr Vestmyra Hundhall f\u00f6r Din egen tr\u00e4ning eller varf\u00f6r inte, samla ihop tr\u00e4ningsgrupp! Inget medlemskap beh\u00f6vs!&nbsp; Vi tar emot Friskv\u00e5rdskuponger f\u00f6r motion: Friskv\u00e5rd.ax, epassi samt \u00c5HS Vill du som f\u00f6retag, privatperson, f\u00f6rening eller klubb h\u00e5lla kurser? Privatlektioner? T\u00e4vlingar: officiella eller inofficiella&nbsp;i Vestmyra Hundhall?&nbsp;Kontakta oss f\u00f6r offert!&nbsp; V\u00e4rme vintertid: Hallens v\u00e4rmesystem \u00e4r inst\u00e4llt p\u00e5 8+ dvs &hellip; <a href=\"https:\/\/www.hundinstitutet.com\/?page_id=3003\" class=\"more-link\">Forts\u00e4tt l\u00e4sa <span class=\"screen-reader-text\">Vestmyra HUNDSPORTHALL<\/span><\/a><\/p>\n","protected":false},"author":2,"featured_media":0,"parent":0,"menu_order":0,"comment_status":"closed","ping_status":"closed","template":"","meta":{"footnotes":""},"class_list":["post-3003","page","type-page","status-publish","hentry"],"_links":{"self":[{"href":"https:\/\/www.hundinstitutet.com\/index.php?rest_route=\/wp\/v2\/pages\/3003","targetHints":{"allow":["GET"]}}],"collection":[{"href":"https:\/\/www.hundinstitutet.com\/index.php?rest_route=\/wp\/v2\/pages"}],"about":[{"href":"https:\/\/www.hundinstitutet.com\/index.php?rest_route=\/wp\/v2\/types\/page"}],"author":[{"embeddable":true,"href":"https:\/\/www.hundinstitutet.com\/index.php?rest_route=\/wp\/v2\/users\/2"}],"replies":[{"embeddable":true,"href":"https:\/\/www.hundinstitutet.com\/index.php?rest_route=%2Fwp%2Fv2%2Fcomments&post=3003"}],"version-history":[{"count":31,"href":"https:\/\/www.hundinstitutet.com\/index.php?rest_route=\/wp\/v2\/pages\/3003\/revisions"}],"predecessor-version":[{"id":4197,"href":"https:\/\/www.hundinstitutet.com\/index.php?rest_route=\/wp\/v2\/pages\/3003\/revisions\/4197"}],"wp:attachment":[{"href":"https:\/\/www.hundinstitutet.com\/index.php?rest_route=%2Fwp%2Fv2%2Fmedia&parent=3003"}],"curies":[{"name":"wp","href":"https:\/\/api.w.org\/{rel}","templated":true}]}}