{"id":3362,"date":"2024-06-13T06:23:03","date_gmt":"2024-06-13T06:23:03","guid":{"rendered":"https:\/\/www.hundinstitutet.com\/?page_id=3362"},"modified":"2025-01-27T14:14:08","modified_gmt":"2025-01-27T14:14:08","slug":"nosework-cup","status":"publish","type":"page","link":"https:\/\/www.hundinstitutet.com\/?page_id=3362","title":{"rendered":"Nosework cup"},"content":{"rendered":"\n<p>Vill du skapa ett M\u00c5L med din Noseworktr\u00e4ning? Det \u00e4r s\u00e5 mycket roligare om man har ett m\u00e5l att se fram emot! Nu kan du anm\u00e4la till NOSEWORK CUP eller enskilda t\u00e4vlingar! Samtliga \u00e4r helt inofficiella d\u00e4r du f\u00e5r \u00f6vning i Noseworkt\u00e4vling samtidigt som du vid behov (efter t\u00e4vlingss\u00f6ket)  f\u00e5r extra tid med hj\u00e4lp p\u00e5 plats !<\/p>\n\n\n<div class=\"wp-block-image\">\n<figure class=\"aligncenter size-large is-resized\"><a href=\"https:\/\/www.hundinstitutet.com\/wp-content\/uploads\/2024\/06\/lizgunndarnosarpaladkant.jpg\"><img loading=\"lazy\" decoding=\"async\" width=\"1024\" height=\"683\" src=\"https:\/\/www.hundinstitutet.com\/wp-content\/uploads\/2024\/06\/lizgunndarnosarpaladkant-1024x683.jpg\" alt=\"\" class=\"wp-image-3365\" style=\"width:386px;height:auto\" srcset=\"https:\/\/www.hundinstitutet.com\/wp-content\/uploads\/2024\/06\/lizgunndarnosarpaladkant-1024x683.jpg 1024w, https:\/\/www.hundinstitutet.com\/wp-content\/uploads\/2024\/06\/lizgunndarnosarpaladkant-300x200.jpg 300w, https:\/\/www.hundinstitutet.com\/wp-content\/uploads\/2024\/06\/lizgunndarnosarpaladkant-768x512.jpg 768w, https:\/\/www.hundinstitutet.com\/wp-content\/uploads\/2024\/06\/lizgunndarnosarpaladkant.jpg 1200w\" sizes=\"auto, (max-width: 1024px) 100vw, 1024px\" \/><\/a><\/figure>\n<\/div>\n\n\n<p>Foto Anna Karin Dernsj\u00f6<\/p>\n\n\n\n<p>Vi kommer att h\u00e5lla m\u00e5nga varierande s\u00f6k i alla moment. Inomhus, utomhus, beh\u00e5llare och fordonss\u00f6k. <\/p>\n\n\n\n<p>Det kommer att finnas en uppv\u00e4rmningsbana utomhus d\u00e4r man kan \u00f6va innan man g\u00f6r sin t\u00e4vling. Varje delt\u00e4vling inneh\u00e5ller dvs 1 st s\u00f6kmoment. Platserna vi ska s\u00f6ka p\u00e5 kommer att variera. Meddelas minst 3 dagar innan om vi inte \u00e4r i Vestmyra.<\/p>\n\n\n\n<p>Cupen har en helt inofficiell bed\u00f6mning. T\u00e4vlingen g\u00e5r ut p\u00e5 att ekipaget ska hitta doften inom en viss tid. Samtliga ekipage ska kunna f\u00e5 t\u00e4vla ost\u00f6rt p\u00e5 banan. F\u00f6raren kan v\u00e4lja att t\u00e4vla utan publik och utan andra hundar i n\u00e4rheten. Det ska vara tryggt \u00e4ven f\u00f6r dem som deltar f\u00f6r meningsfull syssels\u00e4ttning, ex en hund med beteendeproblem mot andra hundar eller m\u00e4nniskor. Samtliga t\u00e4vlingar r\u00e4knas ihop och ger slutligen en vinnare. <br>Delt\u00e4vlingen: 3 placeringar f\u00e5r rosett om minst 10 st deltar. Hela cupens vinnare kommer f\u00f6rutom Rosett \u00e4ven att f\u00e5 andra priser av v\u00e5ra sponsorer \ud83d\ude42 ! <br><\/p>\n\n\n\n<p>Som deltagare i cupen turas man om att hj\u00e4lpa till med tidtagning och alla hj\u00e4lps \u00e5t att plocka undan vid behov. <\/p>\n\n\n\n<p>Inofficiell Nosework cup med 4 delt\u00e4vlingar! De som anm\u00e4ler utan \u00f6nskem\u00e5l hamnar automatiskt i samma startklass, den som \u00f6nskar st\u00f6rre utmaning och har minst 4 st godk\u00e4nda resultat fr\u00e5n tidigare kan anm\u00e4la sig i Klass 2 dvs d\u00e4r det finns tv\u00e5 g\u00f6mmor av eukalyptus eller lagerblad . Denna klass g\u00e5r sist. <br><strong>Datum:<\/strong> Se <a href=\"https:\/\/www.hundinstitutet.com\/?page_id=2861\" data-type=\"page\" data-id=\"2861\">Aktuella kurser<\/a><br><strong>Pris:<\/strong>&nbsp;Alla 4 t\u00e4vlingar f\u00f6r&nbsp;75 \u20ac inkl. moms eller 25 \u20ac per t\u00e4vling <br><strong>Plats:<\/strong> Vestmyra + utvalda platser<\/p>\n\n\n<div class=\"wpforms-container wpforms-container-full wpforms-block wpforms-block-68534fbd-2ead-4a30-8355-786f3c212180\" id=\"wpforms-1695\"><form id=\"wpforms-form-1695\" class=\"wpforms-validate wpforms-form\" data-formid=\"1695\" method=\"post\" enctype=\"multipart\/form-data\" action=\"\/index.php?rest_route=%2Fwp%2Fv2%2Fpages%2F3362\" data-token=\"427da787e3b9835188c5caa9b529803c\" data-token-time=\"1777464776\"><noscript class=\"wpforms-error-noscript\">Aktivera JavaScript i din webbl\u00e4sare f\u00f6r att fylla i formul\u00e4ret.<\/noscript><div class=\"wpforms-field-container\"><div id=\"wpforms-1695-field_2-container\" class=\"wpforms-field wpforms-field-name\" data-field-id=\"2\"><label class=\"wpforms-field-label\" for=\"wpforms-1695-field_2\">Namn <span class=\"wpforms-required-label\">*<\/span><\/label><div class=\"wpforms-field-row wpforms-field-medium\"><div class=\"wpforms-field-row-block wpforms-first wpforms-one-half\"><input type=\"text\" id=\"wpforms-1695-field_2\" class=\"wpforms-field-name-first wpforms-field-required\" name=\"wpforms[fields][2][first]\" placeholder=\"F\u00f6rnamn\" required><label for=\"wpforms-1695-field_2\" class=\"wpforms-field-sublabel after wpforms-sublabel-hide\">F\u00f6rst<\/label><\/div><div class=\"wpforms-field-row-block wpforms-one-half\"><input type=\"text\" id=\"wpforms-1695-field_2-last\" class=\"wpforms-field-name-last wpforms-field-required\" name=\"wpforms[fields][2][last]\" placeholder=\"Efternamn\" required><label for=\"wpforms-1695-field_2-last\" class=\"wpforms-field-sublabel after wpforms-sublabel-hide\">Sist<\/label><\/div><\/div><\/div><div id=\"wpforms-1695-field_3-container\" class=\"wpforms-field wpforms-field-text\" data-field-id=\"3\"><label class=\"wpforms-field-label\" for=\"wpforms-1695-field_3\">Adress <span class=\"wpforms-required-label\">*<\/span><\/label><input type=\"text\" id=\"wpforms-1695-field_3\" class=\"wpforms-field-medium wpforms-field-required\" name=\"wpforms[fields][3]\" placeholder=\"N\u00e4radress\" required><\/div><div id=\"wpforms-1695-field_4-container\" class=\"wpforms-field wpforms-field-text\" data-field-id=\"4\"><label class=\"wpforms-field-label\" for=\"wpforms-1695-field_4\">Postadress <span class=\"wpforms-required-label\">*<\/span><\/label><input type=\"text\" id=\"wpforms-1695-field_4\" class=\"wpforms-field-medium wpforms-field-required\" name=\"wpforms[fields][4]\" placeholder=\"Postnummer och ort\" required><\/div><div id=\"wpforms-1695-field_5-container\" class=\"wpforms-field wpforms-field-email\" data-field-id=\"5\"><label class=\"wpforms-field-label\" for=\"wpforms-1695-field_5\">Epost <span class=\"wpforms-required-label\">*<\/span><\/label><input type=\"email\" id=\"wpforms-1695-field_5\" class=\"wpforms-field-medium wpforms-field-required\" name=\"wpforms[fields][5]\" spellcheck=\"false\" required><\/div><div id=\"wpforms-1695-field_18-container\" class=\"wpforms-field wpforms-field-text\" data-field-id=\"18\"><label class=\"wpforms-field-label\" for=\"wpforms-1695-field_18\">Telefonnummer <span class=\"wpforms-required-label\">*<\/span><\/label><input type=\"text\" id=\"wpforms-1695-field_18\" class=\"wpforms-field-medium wpforms-field-required\" name=\"wpforms[fields][18]\" required><\/div><div id=\"wpforms-1695-field_7-container\" class=\"wpforms-field wpforms-field-text\" data-field-id=\"7\"><label class=\"wpforms-field-label\" for=\"wpforms-1695-field_7\">Jag vill delta i  <span class=\"wpforms-required-label\">*<\/span><\/label><input type=\"text\" id=\"wpforms-1695-field_7\" class=\"wpforms-field-medium wpforms-field-required\" name=\"wpforms[fields][7]\" placeholder=\"Kursnamn\" required><\/div><div id=\"wpforms-1695-field_8-container\" class=\"wpforms-field wpforms-field-text\" data-field-id=\"8\"><label class=\"wpforms-field-label\" for=\"wpforms-1695-field_8\">Hundens namn <span class=\"wpforms-required-label\">*<\/span><\/label><input type=\"text\" id=\"wpforms-1695-field_8\" class=\"wpforms-field-medium wpforms-field-required\" name=\"wpforms[fields][8]\" required><\/div><div id=\"wpforms-1695-field_9-container\" class=\"wpforms-field wpforms-field-text\" data-field-id=\"9\"><label class=\"wpforms-field-label\" for=\"wpforms-1695-field_9\">Hundens ras <span class=\"wpforms-required-label\">*<\/span><\/label><input type=\"text\" id=\"wpforms-1695-field_9\" class=\"wpforms-field-medium wpforms-field-required\" name=\"wpforms[fields][9]\" required><\/div><div id=\"wpforms-1695-field_10-container\" class=\"wpforms-field wpforms-field-checkbox\" data-field-id=\"10\"><label class=\"wpforms-field-label\">Hundens k\u00f6n <span class=\"wpforms-required-label\">*<\/span><\/label><ul id=\"wpforms-1695-field_10\" class=\"wpforms-field-required\"><li class=\"choice-1 depth-1\"><input type=\"checkbox\" id=\"wpforms-1695-field_10_1\" name=\"wpforms[fields][10][]\" value=\"Tik\" required ><label class=\"wpforms-field-label-inline\" for=\"wpforms-1695-field_10_1\">Tik<\/label><\/li><li class=\"choice-2 depth-1\"><input type=\"checkbox\" id=\"wpforms-1695-field_10_2\" name=\"wpforms[fields][10][]\" value=\"Hane\" required ><label class=\"wpforms-field-label-inline\" for=\"wpforms-1695-field_10_2\">Hane<\/label><\/li><\/ul><\/div><div id=\"wpforms-1695-field_12-container\" class=\"wpforms-field wpforms-field-textarea\" data-field-id=\"12\"><label class=\"wpforms-field-label\" for=\"wpforms-1695-field_12\">Vad vill du l\u00e4ra dig p\u00e5 kursen?<\/label><textarea id=\"wpforms-1695-field_12\" class=\"wpforms-field-medium\" name=\"wpforms[fields][12]\" ><\/textarea><\/div><div id=\"wpforms-1695-field_13-container\" class=\"wpforms-field wpforms-field-textarea\" data-field-id=\"13\"><label class=\"wpforms-field-label\" for=\"wpforms-1695-field_13\"> Ska hunden anv\u00e4ndas till n\u00e5got speciellt? (jakt, bruks, lydnad, sp\u00e5r, familjehund)<\/label><textarea id=\"wpforms-1695-field_13\" class=\"wpforms-field-medium\" name=\"wpforms[fields][13]\" ><\/textarea><\/div><div id=\"wpforms-1695-field_14-container\" class=\"wpforms-field wpforms-field-textarea\" data-field-id=\"14\"><label class=\"wpforms-field-label\" for=\"wpforms-1695-field_14\">Har hunden haft n\u00e5gra skador eller sjukdomar?<\/label><textarea id=\"wpforms-1695-field_14\" class=\"wpforms-field-medium\" name=\"wpforms[fields][14]\" ><\/textarea><\/div><div id=\"wpforms-1695-field_15-container\" class=\"wpforms-field wpforms-field-textarea\" data-field-id=\"15\"><label class=\"wpforms-field-label\" for=\"wpforms-1695-field_15\">Har du specifika problem med hunden?<\/label><textarea id=\"wpforms-1695-field_15\" class=\"wpforms-field-medium\" name=\"wpforms[fields][15]\" ><\/textarea><\/div><div id=\"wpforms-1695-field_16-container\" class=\"wpforms-field wpforms-field-checkbox\" data-field-id=\"16\"><label class=\"wpforms-field-label\">Avbest\u00e4llningsvillkor: Anm\u00e4lan till kurs\/utbildning \u00e4r bindande. Vid f\u00f6rhinder har jag sj\u00e4lv r\u00e4tt att s\u00e4lja min avbokade plats till annan deltagare som \u00e4r p\u00e5 l\u00e4mplig niv\u00e5 f\u00f6r kursen. <span class=\"wpforms-required-label\">*<\/span><\/label><ul id=\"wpforms-1695-field_16\" class=\"wpforms-field-required\"><li class=\"choice-1 depth-1\"><input type=\"checkbox\" id=\"wpforms-1695-field_16_1\" name=\"wpforms[fields][16][]\" value=\"Jag accepterar\" required ><label class=\"wpforms-field-label-inline\" for=\"wpforms-1695-field_16_1\">Jag accepterar<\/label><\/li><\/ul><\/div><div id=\"wpforms-1695-field_17-container\" class=\"wpforms-field wpforms-field-checkbox\" data-field-id=\"17\"><label class=\"wpforms-field-label\">Ansvarsvillkor: Jag \u00e4r sj\u00e4lv ansvarig f\u00f6r att jag och min hund \u00e4r tillr\u00e4ckligt f\u00f6rs\u00e4krade. Jag bekr\u00e4ftar att jag deltar p\u00e5 kursen p\u00e5 eget ansvar och att jag sj\u00e4lv \u00e4r ansvarig f\u00f6r eventuella skador som jag eller min hund orsakar. <span class=\"wpforms-required-label\">*<\/span><\/label><ul id=\"wpforms-1695-field_17\" class=\"wpforms-field-required\"><li class=\"choice-1 depth-1\"><input type=\"checkbox\" id=\"wpforms-1695-field_17_1\" name=\"wpforms[fields][17][]\" value=\"Jag accepterar\" required ><label class=\"wpforms-field-label-inline\" for=\"wpforms-1695-field_17_1\">Jag accepterar<\/label><\/li><\/ul><\/div><\/div><!-- .wpforms-field-container --><div class=\"wpforms-submit-container\" ><input type=\"hidden\" name=\"wpforms[id]\" value=\"1695\"><input type=\"hidden\" name=\"page_title\" value=\"\"><input type=\"hidden\" name=\"page_url\" value=\"https:\/\/www.hundinstitutet.com\/index.php?rest_route=\/wp\/v2\/pages\/3362\"><input type=\"hidden\" name=\"url_referer\" value=\"\"><button type=\"submit\" name=\"wpforms[submit]\" id=\"wpforms-submit-1695\" class=\"wpforms-submit\" data-alt-text=\"Skickar din anm\u00e4lan...\" data-submit-text=\"Skicka\" aria-live=\"assertive\" value=\"wpforms-submit\">Skicka<\/button><\/div><\/form><\/div>  <!-- .wpforms-container -->\n\n\n<p><\/p>\n\n\n\n<p><\/p>\n\n\n\n<p><\/p>\n\n\n\n<p><\/p>\n\n\n\n<p><\/p>\n","protected":false},"excerpt":{"rendered":"<p>Vill du skapa ett M\u00c5L med din Noseworktr\u00e4ning? Det \u00e4r s\u00e5 mycket roligare om man har ett m\u00e5l att se fram emot! Nu kan du anm\u00e4la till NOSEWORK CUP eller enskilda t\u00e4vlingar! Samtliga \u00e4r helt inofficiella d\u00e4r du f\u00e5r \u00f6vning i Noseworkt\u00e4vling samtidigt som du vid behov (efter t\u00e4vlingss\u00f6ket) f\u00e5r extra tid med hj\u00e4lp p\u00e5 &hellip; <a href=\"https:\/\/www.hundinstitutet.com\/?page_id=3362\" class=\"more-link\">Forts\u00e4tt l\u00e4sa <span class=\"screen-reader-text\">Nosework cup<\/span><\/a><\/p>\n","protected":false},"author":1,"featured_media":0,"parent":2327,"menu_order":0,"comment_status":"closed","ping_status":"closed","template":"","meta":{"footnotes":""},"class_list":["post-3362","page","type-page","status-publish","hentry"],"_links":{"self":[{"href":"https:\/\/www.hundinstitutet.com\/index.php?rest_route=\/wp\/v2\/pages\/3362","targetHints":{"allow":["GET"]}}],"collection":[{"href":"https:\/\/www.hundinstitutet.com\/index.php?rest_route=\/wp\/v2\/pages"}],"about":[{"href":"https:\/\/www.hundinstitutet.com\/index.php?rest_route=\/wp\/v2\/types\/page"}],"author":[{"embeddable":true,"href":"https:\/\/www.hundinstitutet.com\/index.php?rest_route=\/wp\/v2\/users\/1"}],"replies":[{"embeddable":true,"href":"https:\/\/www.hundinstitutet.com\/index.php?rest_route=%2Fwp%2Fv2%2Fcomments&post=3362"}],"version-history":[{"count":9,"href":"https:\/\/www.hundinstitutet.com\/index.php?rest_route=\/wp\/v2\/pages\/3362\/revisions"}],"predecessor-version":[{"id":3991,"href":"https:\/\/www.hundinstitutet.com\/index.php?rest_route=\/wp\/v2\/pages\/3362\/revisions\/3991"}],"up":[{"embeddable":true,"href":"https:\/\/www.hundinstitutet.com\/index.php?rest_route=\/wp\/v2\/pages\/2327"}],"wp:attachment":[{"href":"https:\/\/www.hundinstitutet.com\/index.php?rest_route=%2Fwp%2Fv2%2Fmedia&parent=3362"}],"curies":[{"name":"wp","href":"https:\/\/api.w.org\/{rel}","templated":true}]}}