{"id":3437,"date":"2024-07-31T10:17:50","date_gmt":"2024-07-31T10:17:50","guid":{"rendered":"https:\/\/www.hundinstitutet.com\/?page_id=3437"},"modified":"2025-09-12T11:52:41","modified_gmt":"2025-09-12T11:52:41","slug":"traningsgrupper-agility","status":"publish","type":"page","link":"https:\/\/www.hundinstitutet.com\/?page_id=3437","title":{"rendered":"TR\u00c4NINGSGRUPPER"},"content":{"rendered":"\n<p>ANM\u00c4L dig till tr\u00e4ningsgrupp f\u00f6r regelbunden tr\u00e4ning i Hundsporthallen! Man kan anm\u00e4la sig genom tv\u00e5 olika varianter:<\/p>\n\n\n\n<p>1. Du kan anm\u00e4la dig enskilt och jag l\u00e4gger ihop grupper <br>2. Du kan ocks\u00e5 p\u00e5 egen hand samla ihop tr\u00e4ningskompisar och boka en egen en egen grupptid inom din hundsportgren.<\/p>\n\n\n\n<p>N\u00e4r du deltar i en tr\u00e4ningsgrupp beh\u00f6ver ni vara noga med att diskutera tillsammans innan tr\u00e4ning om ni alla tr\u00e4nar samtidigt i Hundsporthallen eller om ni ex. delar upp tr\u00e4ningstiden j\u00e4mnt mellan deltagarna. Tanken \u00e4r att ni kan hj\u00e4lpa varandra. Dock \u00e4r det inte m\u00f6jligt att &#8221;h\u00e5lla kurs&#8221; p\u00e5 denna tr\u00e4ningstid. Samtliga kursh\u00e5llare och f\u00f6retagare beh\u00f6ver h\u00f6ra av sig till Hundinstitutet innan bokning av kurs. <\/p>\n\n\n\n<p>Hundar med beteendeproblem mot andra hundar eller m\u00e4nniskor ska inte anm\u00e4la sig till denna typ av tr\u00e4ning . Dessa hundar \u00e4r v\u00e4lkomna att h\u00f6ra av sig f\u00f6r privatlektioner vid Hundinstitutet innan de ev. kan anm\u00e4la sig till l\u00e4mplig tr\u00e4ningsgrupp.<\/p>\n\n\n\n<p> Just nu finns sj\u00e4lvst\u00e4ndiga tr\u00e4ningsgrupper i : Nosework, Rallylydnad, Hoopers, Bruks\/lydnad och Agilitygrupper! \u00c4nnu finns plats f\u00f6r enstaka nya grupper! H\u00f6r av dig direkt!<\/p>\n\n\n\n<p>H\u00f6sten\/vintern 2025-2026! Desto tidigare Du bokar desto b\u00e4ttre m\u00f6jligheter att f\u00e5 den tid du \u00f6nskar f\u00f6r regelbunden tr\u00e4ning till bra pris!!! <\/p>\n\n\n\n<p><strong>AGILITY I HALLEN?<\/strong> <\/p>\n\n\n\n<p>Vi bytte fr\u00e5n ett nytt underlag till ett l\u00e4tt begagnat pga att vi fick m\u00e5nga \u00f6nskem\u00e5l om agility f\u00f6r stora snabba hundar! Underlaget \u00e4r sedan sommaren 2025 ett granulatfritt konstgr\u00e4s fr\u00e5n Saltex. Det \u00e4r dvs utan milj\u00f6skadligt granulat. Konstgr\u00e4set sitter ihop med en softpad och en robot st\u00e4dar mattan regelbundet.  F\u00f6rdelen med granulatfritt \u00e4r ocks\u00e5 att det \u00e4r l\u00e4ttare att st\u00e4da upp smulor av hundgodis etc som annars kan vara sv\u00e5ra att f\u00e5 bort. <\/p>\n\n\n\n<p>H\u00f6r av dig om du vill prova underlaget en stund innan du g\u00f6r en bokning! <\/p>\n\n\n\n<p>Kom ih\u00e5g att alltid v\u00e4rma upp hunden ex. i kombination med rastning utanf\u00f6r hallen minst 10-15 min innan ni tr\u00e4nar.<\/p>\n\n\n\n<p>Anm\u00e4lan \u00e4r strikt bindande, f\u00e5r du f\u00f6rhinder \u00e4r du sj\u00e4lv ansvarig f\u00f6r att f\u00f6rs\u00f6ka s\u00e4lja din plats vidare p\u00e5 egen hand. Det finns en fb grupp som heter lediga tider i Vestmyra Hundsporthall, g\u00e5 men i den!<\/p>\n\n\n<div class=\"wpforms-container wpforms-container-full wpforms-block wpforms-block-89c5df08-c39a-47ba-972b-2edfc578099f\" id=\"wpforms-1695\"><form id=\"wpforms-form-1695\" class=\"wpforms-validate wpforms-form\" data-formid=\"1695\" method=\"post\" enctype=\"multipart\/form-data\" action=\"\/index.php?rest_route=%2Fwp%2Fv2%2Fpages%2F3437\" data-token=\"39487d1609f44e195db279a44a671c39\" data-token-time=\"1778160205\"><noscript class=\"wpforms-error-noscript\">Aktivera JavaScript i din webbl\u00e4sare f\u00f6r att fylla i formul\u00e4ret.<\/noscript><div class=\"wpforms-field-container\"><div id=\"wpforms-1695-field_2-container\" class=\"wpforms-field wpforms-field-name\" data-field-id=\"2\"><label class=\"wpforms-field-label\" for=\"wpforms-1695-field_2\">Namn <span class=\"wpforms-required-label\">*<\/span><\/label><div class=\"wpforms-field-row wpforms-field-medium\"><div class=\"wpforms-field-row-block wpforms-first wpforms-one-half\"><input type=\"text\" id=\"wpforms-1695-field_2\" class=\"wpforms-field-name-first wpforms-field-required\" name=\"wpforms[fields][2][first]\" placeholder=\"F\u00f6rnamn\" required><label for=\"wpforms-1695-field_2\" class=\"wpforms-field-sublabel after wpforms-sublabel-hide\">F\u00f6rst<\/label><\/div><div class=\"wpforms-field-row-block wpforms-one-half\"><input type=\"text\" id=\"wpforms-1695-field_2-last\" class=\"wpforms-field-name-last wpforms-field-required\" name=\"wpforms[fields][2][last]\" placeholder=\"Efternamn\" required><label for=\"wpforms-1695-field_2-last\" class=\"wpforms-field-sublabel after wpforms-sublabel-hide\">Sist<\/label><\/div><\/div><\/div><div id=\"wpforms-1695-field_3-container\" class=\"wpforms-field wpforms-field-text\" data-field-id=\"3\"><label class=\"wpforms-field-label\" for=\"wpforms-1695-field_3\">Adress <span class=\"wpforms-required-label\">*<\/span><\/label><input type=\"text\" id=\"wpforms-1695-field_3\" class=\"wpforms-field-medium wpforms-field-required\" name=\"wpforms[fields][3]\" placeholder=\"N\u00e4radress\" required><\/div><div id=\"wpforms-1695-field_4-container\" class=\"wpforms-field wpforms-field-text\" data-field-id=\"4\"><label class=\"wpforms-field-label\" for=\"wpforms-1695-field_4\">Postadress <span class=\"wpforms-required-label\">*<\/span><\/label><input type=\"text\" id=\"wpforms-1695-field_4\" class=\"wpforms-field-medium wpforms-field-required\" name=\"wpforms[fields][4]\" placeholder=\"Postnummer och ort\" required><\/div><div id=\"wpforms-1695-field_5-container\" class=\"wpforms-field wpforms-field-email\" data-field-id=\"5\"><label class=\"wpforms-field-label\" for=\"wpforms-1695-field_5\">Epost <span class=\"wpforms-required-label\">*<\/span><\/label><input type=\"email\" id=\"wpforms-1695-field_5\" class=\"wpforms-field-medium wpforms-field-required\" name=\"wpforms[fields][5]\" spellcheck=\"false\" required><\/div><div id=\"wpforms-1695-field_18-container\" class=\"wpforms-field wpforms-field-text\" data-field-id=\"18\"><label class=\"wpforms-field-label\" for=\"wpforms-1695-field_18\">Telefonnummer <span class=\"wpforms-required-label\">*<\/span><\/label><input type=\"text\" id=\"wpforms-1695-field_18\" class=\"wpforms-field-medium wpforms-field-required\" name=\"wpforms[fields][18]\" required><\/div><div id=\"wpforms-1695-field_7-container\" class=\"wpforms-field wpforms-field-text\" data-field-id=\"7\"><label class=\"wpforms-field-label\" for=\"wpforms-1695-field_7\">Jag vill delta i  <span class=\"wpforms-required-label\">*<\/span><\/label><input type=\"text\" id=\"wpforms-1695-field_7\" class=\"wpforms-field-medium wpforms-field-required\" name=\"wpforms[fields][7]\" placeholder=\"Kursnamn\" required><\/div><div id=\"wpforms-1695-field_8-container\" class=\"wpforms-field wpforms-field-text\" data-field-id=\"8\"><label class=\"wpforms-field-label\" for=\"wpforms-1695-field_8\">Hundens namn <span class=\"wpforms-required-label\">*<\/span><\/label><input type=\"text\" id=\"wpforms-1695-field_8\" class=\"wpforms-field-medium wpforms-field-required\" name=\"wpforms[fields][8]\" required><\/div><div id=\"wpforms-1695-field_9-container\" class=\"wpforms-field wpforms-field-text\" data-field-id=\"9\"><label class=\"wpforms-field-label\" for=\"wpforms-1695-field_9\">Hundens ras <span class=\"wpforms-required-label\">*<\/span><\/label><input type=\"text\" id=\"wpforms-1695-field_9\" class=\"wpforms-field-medium wpforms-field-required\" name=\"wpforms[fields][9]\" required><\/div><div id=\"wpforms-1695-field_10-container\" class=\"wpforms-field wpforms-field-checkbox\" data-field-id=\"10\"><label class=\"wpforms-field-label\">Hundens k\u00f6n <span class=\"wpforms-required-label\">*<\/span><\/label><ul id=\"wpforms-1695-field_10\" class=\"wpforms-field-required\"><li class=\"choice-1 depth-1\"><input type=\"checkbox\" id=\"wpforms-1695-field_10_1\" name=\"wpforms[fields][10][]\" value=\"Tik\" required ><label class=\"wpforms-field-label-inline\" for=\"wpforms-1695-field_10_1\">Tik<\/label><\/li><li class=\"choice-2 depth-1\"><input type=\"checkbox\" id=\"wpforms-1695-field_10_2\" name=\"wpforms[fields][10][]\" value=\"Hane\" required ><label class=\"wpforms-field-label-inline\" for=\"wpforms-1695-field_10_2\">Hane<\/label><\/li><\/ul><\/div><div id=\"wpforms-1695-field_12-container\" class=\"wpforms-field wpforms-field-textarea\" data-field-id=\"12\"><label class=\"wpforms-field-label\" for=\"wpforms-1695-field_12\">Vad vill du l\u00e4ra dig p\u00e5 kursen?<\/label><textarea id=\"wpforms-1695-field_12\" class=\"wpforms-field-medium\" name=\"wpforms[fields][12]\" ><\/textarea><\/div><div id=\"wpforms-1695-field_13-container\" class=\"wpforms-field wpforms-field-textarea\" data-field-id=\"13\"><label class=\"wpforms-field-label\" for=\"wpforms-1695-field_13\"> Ska hunden anv\u00e4ndas till n\u00e5got speciellt? (jakt, bruks, lydnad, sp\u00e5r, familjehund)<\/label><textarea id=\"wpforms-1695-field_13\" class=\"wpforms-field-medium\" name=\"wpforms[fields][13]\" ><\/textarea><\/div><div id=\"wpforms-1695-field_14-container\" class=\"wpforms-field wpforms-field-textarea\" data-field-id=\"14\"><label class=\"wpforms-field-label\" for=\"wpforms-1695-field_14\">Har hunden haft n\u00e5gra skador eller sjukdomar?<\/label><textarea id=\"wpforms-1695-field_14\" class=\"wpforms-field-medium\" name=\"wpforms[fields][14]\" ><\/textarea><\/div><div id=\"wpforms-1695-field_15-container\" class=\"wpforms-field wpforms-field-textarea\" data-field-id=\"15\"><label class=\"wpforms-field-label\" for=\"wpforms-1695-field_15\">Har du specifika problem med hunden?<\/label><textarea id=\"wpforms-1695-field_15\" class=\"wpforms-field-medium\" name=\"wpforms[fields][15]\" ><\/textarea><\/div><div id=\"wpforms-1695-field_16-container\" class=\"wpforms-field wpforms-field-checkbox\" data-field-id=\"16\"><label class=\"wpforms-field-label\">Avbest\u00e4llningsvillkor: Anm\u00e4lan till kurs\/utbildning \u00e4r bindande. Vid f\u00f6rhinder har jag sj\u00e4lv r\u00e4tt att s\u00e4lja min avbokade plats till annan deltagare som \u00e4r p\u00e5 l\u00e4mplig niv\u00e5 f\u00f6r kursen. <span class=\"wpforms-required-label\">*<\/span><\/label><ul id=\"wpforms-1695-field_16\" class=\"wpforms-field-required\"><li class=\"choice-1 depth-1\"><input type=\"checkbox\" id=\"wpforms-1695-field_16_1\" name=\"wpforms[fields][16][]\" value=\"Jag accepterar\" required ><label class=\"wpforms-field-label-inline\" for=\"wpforms-1695-field_16_1\">Jag accepterar<\/label><\/li><\/ul><\/div><div id=\"wpforms-1695-field_17-container\" class=\"wpforms-field wpforms-field-checkbox\" data-field-id=\"17\"><label class=\"wpforms-field-label\">Ansvarsvillkor: Jag \u00e4r sj\u00e4lv ansvarig f\u00f6r att jag och min hund \u00e4r tillr\u00e4ckligt f\u00f6rs\u00e4krade. Jag bekr\u00e4ftar att jag deltar p\u00e5 kursen p\u00e5 eget ansvar och att jag sj\u00e4lv \u00e4r ansvarig f\u00f6r eventuella skador som jag eller min hund orsakar. <span class=\"wpforms-required-label\">*<\/span><\/label><ul id=\"wpforms-1695-field_17\" class=\"wpforms-field-required\"><li class=\"choice-1 depth-1\"><input type=\"checkbox\" id=\"wpforms-1695-field_17_1\" name=\"wpforms[fields][17][]\" value=\"Jag accepterar\" required ><label class=\"wpforms-field-label-inline\" for=\"wpforms-1695-field_17_1\">Jag accepterar<\/label><\/li><\/ul><\/div><\/div><!-- .wpforms-field-container --><div class=\"wpforms-submit-container\" ><input type=\"hidden\" name=\"wpforms[id]\" value=\"1695\"><input type=\"hidden\" name=\"page_title\" value=\"\"><input type=\"hidden\" name=\"page_url\" value=\"https:\/\/www.hundinstitutet.com\/index.php?rest_route=\/wp\/v2\/pages\/3437\"><input type=\"hidden\" name=\"url_referer\" value=\"\"><button type=\"submit\" name=\"wpforms[submit]\" id=\"wpforms-submit-1695\" class=\"wpforms-submit\" data-alt-text=\"Skickar din anm\u00e4lan...\" data-submit-text=\"Skicka\" aria-live=\"assertive\" value=\"wpforms-submit\">Skicka<\/button><\/div><\/form><\/div>  <!-- .wpforms-container -->\n\n\n<p><\/p>\n","protected":false},"excerpt":{"rendered":"<p>ANM\u00c4L dig till tr\u00e4ningsgrupp f\u00f6r regelbunden tr\u00e4ning i Hundsporthallen! Man kan anm\u00e4la sig genom tv\u00e5 olika varianter: 1. Du kan anm\u00e4la dig enskilt och jag l\u00e4gger ihop grupper 2. Du kan ocks\u00e5 p\u00e5 egen hand samla ihop tr\u00e4ningskompisar och boka en egen en egen grupptid inom din hundsportgren. N\u00e4r du deltar i en tr\u00e4ningsgrupp beh\u00f6ver &hellip; <a href=\"https:\/\/www.hundinstitutet.com\/?page_id=3437\" class=\"more-link\">Forts\u00e4tt l\u00e4sa <span class=\"screen-reader-text\">TR\u00c4NINGSGRUPPER<\/span><\/a><\/p>\n","protected":false},"author":1,"featured_media":3442,"parent":3003,"menu_order":0,"comment_status":"closed","ping_status":"closed","template":"","meta":{"footnotes":""},"class_list":["post-3437","page","type-page","status-publish","has-post-thumbnail","hentry"],"_links":{"self":[{"href":"https:\/\/www.hundinstitutet.com\/index.php?rest_route=\/wp\/v2\/pages\/3437","targetHints":{"allow":["GET"]}}],"collection":[{"href":"https:\/\/www.hundinstitutet.com\/index.php?rest_route=\/wp\/v2\/pages"}],"about":[{"href":"https:\/\/www.hundinstitutet.com\/index.php?rest_route=\/wp\/v2\/types\/page"}],"author":[{"embeddable":true,"href":"https:\/\/www.hundinstitutet.com\/index.php?rest_route=\/wp\/v2\/users\/1"}],"replies":[{"embeddable":true,"href":"https:\/\/www.hundinstitutet.com\/index.php?rest_route=%2Fwp%2Fv2%2Fcomments&post=3437"}],"version-history":[{"count":18,"href":"https:\/\/www.hundinstitutet.com\/index.php?rest_route=\/wp\/v2\/pages\/3437\/revisions"}],"predecessor-version":[{"id":4362,"href":"https:\/\/www.hundinstitutet.com\/index.php?rest_route=\/wp\/v2\/pages\/3437\/revisions\/4362"}],"up":[{"embeddable":true,"href":"https:\/\/www.hundinstitutet.com\/index.php?rest_route=\/wp\/v2\/pages\/3003"}],"wp:featuredmedia":[{"embeddable":true,"href":"https:\/\/www.hundinstitutet.com\/index.php?rest_route=\/wp\/v2\/media\/3442"}],"wp:attachment":[{"href":"https:\/\/www.hundinstitutet.com\/index.php?rest_route=%2Fwp%2Fv2%2Fmedia&parent=3437"}],"curies":[{"name":"wp","href":"https:\/\/api.w.org\/{rel}","templated":true}]}}