{"id":3955,"date":"2025-01-12T17:35:36","date_gmt":"2025-01-12T17:35:36","guid":{"rendered":"https:\/\/www.hundinstitutet.com\/?page_id=3955"},"modified":"2026-02-26T13:45:08","modified_gmt":"2026-02-26T13:45:08","slug":"ny-rallylydnad-oppenklass-nyborjarklass","status":"publish","type":"page","link":"https:\/\/www.hundinstitutet.com\/?page_id=3955","title":{"rendered":"NY! Rallylydnad forts\u00e4ttning"},"content":{"rendered":"\n<h1 class=\"wp-block-heading\"><\/h1>\n\n\n\n<p id=\"block-22caa912-8ec7-4997-a8be-57d08ab96d6c\">Kursen passar dig som:  g\u00e5tt minst rallylydnad nyb\u00f6rjarkurs eller kanske du t\u00e4vlat och blivit uppflyttad nyb\u00f6rjar-segrarklass? F\u00f6rb\u00e4ttra detaljer och helhet p\u00e5 denna kurs. F\u00f6r de som \u00f6nskar g\u00e5r vi \u00e4ven igenom \u00f6ppen- och segrarklass!<\/p>\n\n\n\n<p id=\"block-55202472-fee3-44ee-a100-042df1df2d5b\">Rallylydnad \u00e4r sporten d\u00e4r det verkligen h\u00e4nger p\u00e5 att vi som f\u00f6rare vet exakt vad som f\u00f6rv\u00e4ntas vid skyltar och mellan moment. F\u00f6rutom det s\u00e5 m\u00e5ste vi l\u00e4ra hunden att f\u00f6lja oss och utf\u00f6ra det vi vill exakt d\u00e5 vi ber om det. Rallylydnad fungerar ocks\u00e5 som ett bra komplement till vardagslydnaden och andra t\u00e4vlingsgrenar som ex agility d\u00e4r den st\u00e4rker din hunds \u00f6nskv\u00e4rda beteenden.<\/p>\n\n\n\n<p id=\"block-5e37ed50-ad62-44a0-9ad3-4064198e8285\">Instrukt\u00f6r: Maria S\u00f6derlund utbildad klickerinstrukt\u00f6r med beteendevetenskaplig grund vid Canis hundskola. T\u00e4vlar sj\u00e4lv i den h\u00f6gsta klassen dvs m\u00e4starklass rallylydnad. Vi har plockat 100 p av 100 m\u00f6jliga i m\u00e4starklass och Rallylydnadschampionat ! <\/p>\n\n\n\n<p id=\"block-ebd34a75-e9af-4597-90b8-453a8ab72f0d\">Tr\u00e4ningsmetoden \u00e4r sj\u00e4lvklart genomt\u00e4nkt bel\u00f6ningsbaserad tr\u00e4ning b\u00e5de f\u00f6r hund och f\u00f6rare! Saknar du klickertr\u00e4ningskunskaper beh\u00f6ver du inte oroa dig, vi tr\u00e4nar enligt individuell niv\u00e5! Du kan \u00e4ven tr\u00e4na med oss utan klicker.<\/p>\n\n\n\n<figure class=\"wp-block-image is-resized\"><img loading=\"lazy\" decoding=\"async\" width=\"1938\" height=\"2560\" src=\"https:\/\/www.hundinstitutet.com\/wp-content\/uploads\/2024\/08\/IMG_4023-scaled.jpeg\" alt=\"\" class=\"wp-image-3581\" style=\"aspect-ratio:0.7570458753342934;width:387px;height:auto\" srcset=\"https:\/\/www.hundinstitutet.com\/wp-content\/uploads\/2024\/08\/IMG_4023-scaled.jpeg 1938w, https:\/\/www.hundinstitutet.com\/wp-content\/uploads\/2024\/08\/IMG_4023-227x300.jpeg 227w, https:\/\/www.hundinstitutet.com\/wp-content\/uploads\/2024\/08\/IMG_4023-775x1024.jpeg 775w, https:\/\/www.hundinstitutet.com\/wp-content\/uploads\/2024\/08\/IMG_4023-768x1014.jpeg 768w, https:\/\/www.hundinstitutet.com\/wp-content\/uploads\/2024\/08\/IMG_4023-1163x1536.jpeg 1163w, https:\/\/www.hundinstitutet.com\/wp-content\/uploads\/2024\/08\/IMG_4023-1551x2048.jpeg 1551w, https:\/\/www.hundinstitutet.com\/wp-content\/uploads\/2024\/08\/IMG_4023-1320x1744.jpeg 1320w\" sizes=\"auto, (max-width: 1938px) 100vw, 1938px\" \/><\/figure>\n\n\n\n<p id=\"block-18f52536-8283-43f0-b854-081b3fe22305\">Kursen inneh\u00e5ller \u00e4ven teori! Denna kurs inneb\u00e4r att du deltar med hund totalt 6 h f\u00f6r instrukt\u00f6r + FRI grupptr\u00e4ning d\u00e4r ni har m\u00f6jlighet att \u00f6va p\u00e5 sm\u00e5 banor i helt egen takt! Ni f\u00e5r \u00e4ven skicka in filmer och f\u00e5 distanshj\u00e4lp mellan tillf\u00e4llena! \ud83e\udd29<\/p>\n\n\n\n<p id=\"block-c6aa07f5-5279-4e09-aba7-6e5e83dfe5c3\">Kursdatum: Se <a href=\"https:\/\/www.hundinstitutet.com\/?page_id=2861\">Aktuella kurser 2024<\/a><\/p>\n\n\n\n<p><\/p>\n","protected":false},"excerpt":{"rendered":"<p>Kursen passar dig som: g\u00e5tt minst rallylydnad nyb\u00f6rjarkurs eller kanske du t\u00e4vlat och blivit uppflyttad nyb\u00f6rjar-segrarklass? F\u00f6rb\u00e4ttra detaljer och helhet p\u00e5 denna kurs. F\u00f6r de som \u00f6nskar g\u00e5r vi \u00e4ven igenom \u00f6ppen- och segrarklass! Rallylydnad \u00e4r sporten d\u00e4r det verkligen h\u00e4nger p\u00e5 att vi som f\u00f6rare vet exakt vad som f\u00f6rv\u00e4ntas vid skyltar och mellan &hellip; <a href=\"https:\/\/www.hundinstitutet.com\/?page_id=3955\" class=\"more-link\">Forts\u00e4tt l\u00e4sa <span class=\"screen-reader-text\">NY! Rallylydnad forts\u00e4ttning<\/span><\/a><\/p>\n","protected":false},"author":1,"featured_media":0,"parent":2351,"menu_order":0,"comment_status":"closed","ping_status":"closed","template":"","meta":{"footnotes":""},"class_list":["post-3955","page","type-page","status-publish","hentry"],"_links":{"self":[{"href":"https:\/\/www.hundinstitutet.com\/index.php?rest_route=\/wp\/v2\/pages\/3955","targetHints":{"allow":["GET"]}}],"collection":[{"href":"https:\/\/www.hundinstitutet.com\/index.php?rest_route=\/wp\/v2\/pages"}],"about":[{"href":"https:\/\/www.hundinstitutet.com\/index.php?rest_route=\/wp\/v2\/types\/page"}],"author":[{"embeddable":true,"href":"https:\/\/www.hundinstitutet.com\/index.php?rest_route=\/wp\/v2\/users\/1"}],"replies":[{"embeddable":true,"href":"https:\/\/www.hundinstitutet.com\/index.php?rest_route=%2Fwp%2Fv2%2Fcomments&post=3955"}],"version-history":[{"count":5,"href":"https:\/\/www.hundinstitutet.com\/index.php?rest_route=\/wp\/v2\/pages\/3955\/revisions"}],"predecessor-version":[{"id":4507,"href":"https:\/\/www.hundinstitutet.com\/index.php?rest_route=\/wp\/v2\/pages\/3955\/revisions\/4507"}],"up":[{"embeddable":true,"href":"https:\/\/www.hundinstitutet.com\/index.php?rest_route=\/wp\/v2\/pages\/2351"}],"wp:attachment":[{"href":"https:\/\/www.hundinstitutet.com\/index.php?rest_route=%2Fwp%2Fv2%2Fmedia&parent=3955"}],"curies":[{"name":"wp","href":"https:\/\/api.w.org\/{rel}","templated":true}]}}