{"id":4028,"date":"2025-02-05T19:21:42","date_gmt":"2025-02-05T19:21:42","guid":{"rendered":"https:\/\/www.hundinstitutet.com\/?page_id=4028"},"modified":"2025-02-05T19:56:12","modified_gmt":"2025-02-05T19:56:12","slug":"agility-tavlingskurs","status":"publish","type":"page","link":"https:\/\/www.hundinstitutet.com\/?page_id=4028","title":{"rendered":"AGILITY T\u00c4VLINGSKURS"},"content":{"rendered":"\n<p><strong>Agility T\u00c4VLINGSTEORI blandat med praktiska \u00f6vningar!<\/strong> <\/p>\n\n\n\n<p>Perfekt f\u00f6r dig som \u00e4r nyb\u00f6rjare och funderar p\u00e5 att b\u00f6rja t\u00e4vla eller kanske du precis st\u00e5r inf\u00f6r din f\u00f6rsta start?  Kom med p\u00e5 denna kurs med mycket nyttig information om hur det g\u00e5r till p\u00e5 t\u00e4vling och d\u00e4refter coachas vi vidare \u00e4ven praktiskt! Sista tillf\u00e4llet ska vi f\u00f6r F\u00d6RSTA g\u00e5ngen ha en helt inofficiell Agility T\u00c4VLING bara p\u00e5 skoj i VESTMYRA!!! Totalt ca 5 h uppdelat p\u00e5 3 tillf\u00e4llen! <\/p>\n\n\n\n<p>Kursledare \u00e4r Maria \u00c5bonde som \u00e4r en erfaren r\u00e4v i agility och hon har stenkoll p\u00e5 alla viktiga regler!  <\/p>\n\n\n\n<div class=\"wp-block-media-text is-stacked-on-mobile\"><figure class=\"wp-block-media-text__media\"><img loading=\"lazy\" decoding=\"async\" width=\"1024\" height=\"819\" src=\"https:\/\/www.hundinstitutet.com\/wp-content\/uploads\/2025\/02\/035ffc15-3da9-41d9-b9b7-228ab1703058-1024x819.jpg\" alt=\"\" class=\"wp-image-4029 size-full\" srcset=\"https:\/\/www.hundinstitutet.com\/wp-content\/uploads\/2025\/02\/035ffc15-3da9-41d9-b9b7-228ab1703058-1024x819.jpg 1024w, https:\/\/www.hundinstitutet.com\/wp-content\/uploads\/2025\/02\/035ffc15-3da9-41d9-b9b7-228ab1703058-300x240.jpg 300w, https:\/\/www.hundinstitutet.com\/wp-content\/uploads\/2025\/02\/035ffc15-3da9-41d9-b9b7-228ab1703058-768x614.jpg 768w, https:\/\/www.hundinstitutet.com\/wp-content\/uploads\/2025\/02\/035ffc15-3da9-41d9-b9b7-228ab1703058.jpg 1080w\" sizes=\"auto, (max-width: 1024px) 100vw, 1024px\" \/><\/figure><div class=\"wp-block-media-text__content\">\n<p>Maria \u00c5bonde in action p\u00e5 t\u00e4vlingsbanan med Merry<\/p>\n\n\n\n<p>Foton: Anna Karin Dernsj\u00f6<\/p>\n<\/div><\/div>\n\n\n\n<div class=\"wp-block-media-text is-stacked-on-mobile\"><figure class=\"wp-block-media-text__media\"><img loading=\"lazy\" decoding=\"async\" width=\"1024\" height=\"683\" src=\"https:\/\/www.hundinstitutet.com\/wp-content\/uploads\/2025\/02\/b310ebb1-f075-4932-a316-c75ba18f848e-1024x683.jpg\" alt=\"\" class=\"wp-image-4030 size-full\" srcset=\"https:\/\/www.hundinstitutet.com\/wp-content\/uploads\/2025\/02\/b310ebb1-f075-4932-a316-c75ba18f848e-1024x683.jpg 1024w, https:\/\/www.hundinstitutet.com\/wp-content\/uploads\/2025\/02\/b310ebb1-f075-4932-a316-c75ba18f848e-300x200.jpg 300w, https:\/\/www.hundinstitutet.com\/wp-content\/uploads\/2025\/02\/b310ebb1-f075-4932-a316-c75ba18f848e-768x512.jpg 768w, https:\/\/www.hundinstitutet.com\/wp-content\/uploads\/2025\/02\/b310ebb1-f075-4932-a316-c75ba18f848e.jpg 1080w\" sizes=\"auto, (max-width: 1024px) 100vw, 1024px\" \/><\/figure><div class=\"wp-block-media-text__content\">\n<p><\/p>\n<\/div><\/div>\n\n\n\n<p>Se datum p\u00e5 denna l\u00e4nk:<a href=\"http:\/\/Aktuella kurser\"> <\/a><a href=\"https:\/\/www.hundinstitutet.com\/?page_id=2861\">AKTUELLA KURSER<\/a><\/p>\n\n\n\n<p><\/p>\n","protected":false},"excerpt":{"rendered":"<p>Agility T\u00c4VLINGSTEORI blandat med praktiska \u00f6vningar! Perfekt f\u00f6r dig som \u00e4r nyb\u00f6rjare och funderar p\u00e5 att b\u00f6rja t\u00e4vla eller kanske du precis st\u00e5r inf\u00f6r din f\u00f6rsta start? Kom med p\u00e5 denna kurs med mycket nyttig information om hur det g\u00e5r till p\u00e5 t\u00e4vling och d\u00e4refter coachas vi vidare \u00e4ven praktiskt! Sista tillf\u00e4llet ska vi f\u00f6r &hellip; <a href=\"https:\/\/www.hundinstitutet.com\/?page_id=4028\" class=\"more-link\">Forts\u00e4tt l\u00e4sa <span class=\"screen-reader-text\">AGILITY T\u00c4VLINGSKURS<\/span><\/a><\/p>\n","protected":false},"author":1,"featured_media":0,"parent":2331,"menu_order":0,"comment_status":"closed","ping_status":"closed","template":"","meta":{"footnotes":""},"class_list":["post-4028","page","type-page","status-publish","hentry"],"_links":{"self":[{"href":"https:\/\/www.hundinstitutet.com\/index.php?rest_route=\/wp\/v2\/pages\/4028","targetHints":{"allow":["GET"]}}],"collection":[{"href":"https:\/\/www.hundinstitutet.com\/index.php?rest_route=\/wp\/v2\/pages"}],"about":[{"href":"https:\/\/www.hundinstitutet.com\/index.php?rest_route=\/wp\/v2\/types\/page"}],"author":[{"embeddable":true,"href":"https:\/\/www.hundinstitutet.com\/index.php?rest_route=\/wp\/v2\/users\/1"}],"replies":[{"embeddable":true,"href":"https:\/\/www.hundinstitutet.com\/index.php?rest_route=%2Fwp%2Fv2%2Fcomments&post=4028"}],"version-history":[{"count":2,"href":"https:\/\/www.hundinstitutet.com\/index.php?rest_route=\/wp\/v2\/pages\/4028\/revisions"}],"predecessor-version":[{"id":4040,"href":"https:\/\/www.hundinstitutet.com\/index.php?rest_route=\/wp\/v2\/pages\/4028\/revisions\/4040"}],"up":[{"embeddable":true,"href":"https:\/\/www.hundinstitutet.com\/index.php?rest_route=\/wp\/v2\/pages\/2331"}],"wp:attachment":[{"href":"https:\/\/www.hundinstitutet.com\/index.php?rest_route=%2Fwp%2Fv2%2Fmedia&parent=4028"}],"curies":[{"name":"wp","href":"https:\/\/api.w.org\/{rel}","templated":true}]}}