{"id":493,"date":"2015-01-25T09:43:39","date_gmt":"2015-01-25T09:43:39","guid":{"rendered":"http:\/\/www.hundinstitutet.com\/?page_id=493"},"modified":"2024-03-26T10:45:19","modified_gmt":"2024-03-26T10:45:19","slug":"problemtraning","status":"publish","type":"page","link":"https:\/\/www.hundinstitutet.com\/?page_id=493","title":{"rendered":"Problembeteende"},"content":{"rendered":"\n<div class=\"wp-block-buttons is-content-justification-center is-layout-flex wp-container-core-buttons-is-layout-16018d1d wp-block-buttons-is-layout-flex\">\n<div class=\"wp-block-button\"><a class=\"wp-block-button__link wp-element-button\" href=\"https:\/\/www.hundinstitutet.com\/?page_id=2861\">Aktuella kurser<\/a><\/div>\n\n\n\n<div class=\"wp-block-button\"><a class=\"wp-block-button__link wp-element-button\" href=\"https:\/\/www.hundinstitutet.com\/?page_id=264\">Grundkurs i Hund\/M\u00e4nniskom\u00f6ten<\/a><\/div>\n\n\n\n<div class=\"wp-block-button\"><a class=\"wp-block-button__link wp-element-button\" href=\"https:\/\/www.hundinstitutet.com\/?page_id=848\">Forts\u00e4ttningskurs i Hund\/M\u00e4nniskom\u00f6ten<\/a><\/div>\n\n\n\n<div class=\"wp-block-button\"><a class=\"wp-block-button__link wp-element-button\" href=\"https:\/\/www.hundinstitutet.com\/?page_id=98\">Privatlektioner och paket<\/a><\/div>\n<\/div>\n\n\n\n<p><em><strong>M\u00e5nga arbetsplatser p\u00e5 \u00c5land delar ut friskv\u00e5rdskuponger. Hundinstitutets \u00e4r friskv\u00e5rdsleverant\u00f6r f\u00f6r friskv\u00e5rd.ax samt \u00c5HS ! Meddela vid anm\u00e4lan om du vill dra av dina kuponger p\u00e5 kurs eller lektioner hos oss!<\/strong><\/em><\/p>\n","protected":false},"excerpt":{"rendered":"<p>M\u00e5nga arbetsplatser p\u00e5 \u00c5land delar ut friskv\u00e5rdskuponger. Hundinstitutets \u00e4r friskv\u00e5rdsleverant\u00f6r f\u00f6r friskv\u00e5rd.ax samt \u00c5HS ! Meddela vid anm\u00e4lan om du vill dra av dina kuponger p\u00e5 kurs eller lektioner hos oss!<\/p>\n","protected":false},"author":1,"featured_media":0,"parent":85,"menu_order":0,"comment_status":"closed","ping_status":"closed","template":"","meta":{"footnotes":""},"class_list":["post-493","page","type-page","status-publish","hentry"],"_links":{"self":[{"href":"https:\/\/www.hundinstitutet.com\/index.php?rest_route=\/wp\/v2\/pages\/493","targetHints":{"allow":["GET"]}}],"collection":[{"href":"https:\/\/www.hundinstitutet.com\/index.php?rest_route=\/wp\/v2\/pages"}],"about":[{"href":"https:\/\/www.hundinstitutet.com\/index.php?rest_route=\/wp\/v2\/types\/page"}],"author":[{"embeddable":true,"href":"https:\/\/www.hundinstitutet.com\/index.php?rest_route=\/wp\/v2\/users\/1"}],"replies":[{"embeddable":true,"href":"https:\/\/www.hundinstitutet.com\/index.php?rest_route=%2Fwp%2Fv2%2Fcomments&post=493"}],"version-history":[{"count":6,"href":"https:\/\/www.hundinstitutet.com\/index.php?rest_route=\/wp\/v2\/pages\/493\/revisions"}],"predecessor-version":[{"id":2938,"href":"https:\/\/www.hundinstitutet.com\/index.php?rest_route=\/wp\/v2\/pages\/493\/revisions\/2938"}],"up":[{"embeddable":true,"href":"https:\/\/www.hundinstitutet.com\/index.php?rest_route=\/wp\/v2\/pages\/85"}],"wp:attachment":[{"href":"https:\/\/www.hundinstitutet.com\/index.php?rest_route=%2Fwp%2Fv2%2Fmedia&parent=493"}],"curies":[{"name":"wp","href":"https:\/\/api.w.org\/{rel}","templated":true}]}}