{"id":498,"date":"2015-01-25T09:58:34","date_gmt":"2015-01-25T09:58:34","guid":{"rendered":"http:\/\/www.hundinstitutet.com\/?page_id=498"},"modified":"2025-08-05T08:26:03","modified_gmt":"2025-08-05T08:26:03","slug":"utstallning","status":"publish","type":"page","link":"https:\/\/www.hundinstitutet.com\/?page_id=498","title":{"rendered":"Utst\u00e4llning"},"content":{"rendered":"<p><a href=\"https:\/\/www.hundinstitutet.com\/wp-content\/uploads\/2025\/07\/att.wRzFdkLGvalU7pz65cqYJOybEKh1ZnRKzfwsqHwIh1o.jpeg\"><img loading=\"lazy\" decoding=\"async\" class=\"alignnone size-medium wp-image-4257\" src=\"https:\/\/www.hundinstitutet.com\/wp-content\/uploads\/2025\/07\/att.wRzFdkLGvalU7pz65cqYJOybEKh1ZnRKzfwsqHwIh1o-225x300.jpeg\" alt=\"\" width=\"225\" height=\"300\" srcset=\"https:\/\/www.hundinstitutet.com\/wp-content\/uploads\/2025\/07\/att.wRzFdkLGvalU7pz65cqYJOybEKh1ZnRKzfwsqHwIh1o-225x300.jpeg 225w, https:\/\/www.hundinstitutet.com\/wp-content\/uploads\/2025\/07\/att.wRzFdkLGvalU7pz65cqYJOybEKh1ZnRKzfwsqHwIh1o-768x1024.jpeg 768w, https:\/\/www.hundinstitutet.com\/wp-content\/uploads\/2025\/07\/att.wRzFdkLGvalU7pz65cqYJOybEKh1ZnRKzfwsqHwIh1o-1152x1536.jpeg 1152w, https:\/\/www.hundinstitutet.com\/wp-content\/uploads\/2025\/07\/att.wRzFdkLGvalU7pz65cqYJOybEKh1ZnRKzfwsqHwIh1o-1320x1760.jpeg 1320w, https:\/\/www.hundinstitutet.com\/wp-content\/uploads\/2025\/07\/att.wRzFdkLGvalU7pz65cqYJOybEKh1ZnRKzfwsqHwIh1o.jpeg 1536w\" sizes=\"auto, (max-width: 225px) 100vw, 225px\" \/><\/a><\/p>\n<p><a href=\"https:\/\/www.hundinstitutet.com\/wp-content\/uploads\/2024\/08\/454372288_1043386297448377_2622801323286814026_n.jpg\"><img loading=\"lazy\" decoding=\"async\" class=\"size-medium wp-image-3557 alignright\" src=\"https:\/\/www.hundinstitutet.com\/wp-content\/uploads\/2024\/08\/454372288_1043386297448377_2622801323286814026_n-279x300.jpg\" alt=\"\" width=\"279\" height=\"300\" srcset=\"https:\/\/www.hundinstitutet.com\/wp-content\/uploads\/2024\/08\/454372288_1043386297448377_2622801323286814026_n-279x300.jpg 279w, https:\/\/www.hundinstitutet.com\/wp-content\/uploads\/2024\/08\/454372288_1043386297448377_2622801323286814026_n-768x825.jpg 768w, https:\/\/www.hundinstitutet.com\/wp-content\/uploads\/2024\/08\/454372288_1043386297448377_2622801323286814026_n.jpg 828w\" sizes=\"auto, (max-width: 279px) 100vw, 279px\" \/><\/a><\/p>\n<p>\u00a0\u00c4r du totalt nyb\u00f6rjare p\u00e5 utst\u00e4llning eller erfaren som beh\u00f6ver sm\u00e5 justeringar?\u00a0 Vi anpassar tr\u00e4ningen f\u00f6r Dig och Din hund!\u00a0 Vi tittar dels p\u00e5 hur hunden beter sig, vad du ska g\u00f6ra och din &#8221;handling&#8221;.\u00a0 Sj\u00e4lvklart ing\u00e5r &#8221;bordstr\u00e4ning&#8221;, &#8221;st\u00e5endetr\u00e4ning&#8221;, \u201dtandvisning\u201d, \u00a0&#8221;hantering&#8221;, &#8221;g\u00e5ende&#8221; osv.\u00a0 En hund som visar sig med gl\u00e4dje f\u00e5r i regel ocks\u00e5 betydligt b\u00e4ttre bed\u00f6mning!\u00a0\u00a0<\/p>\n<p>Vi l\u00e4gger stort fokus vid att din hund ska tycka det \u00e4r roligt med utst\u00e4llning och vi \u00f6var p\u00e5 att din hund ska kunna de beteenden som kr\u00e4vs vid utst\u00e4llning. Bara att st\u00e5 still medan en fr\u00e4mmande m\u00e4nniska ska k\u00e4nna igenom hunden kan vara sv\u00e5rt f\u00f6r m\u00e5nga!\u00a0<\/p>\n<p>\u00c4ven du som har os\u00e4ker\/r\u00e4dd hund kan tryggt komma med p\u00e5 denna. \u00d6vningar anpassas s\u00e5 din hunden st\u00e4rks p\u00e5 individuell niv\u00e5.\u00a0<\/p>\n<p>Instrukt\u00f6ren\/instrukt\u00f6rerna f\u00f6r denna kurs har \u00e4ven stor erfarenhet av utst\u00e4llningar individuellt samt vid gruppfinaler.<\/p>\n<p>Vi tr\u00e4nar ute vid bra v\u00e4der!\u00a0 Vestmyra Hundsporthall, Hammarland.<\/p>\n<p>Tv\u00e5 tillf\u00e4llen! V\u00e4lj ett eller b\u00e5da! Datum: 12 aug och 12 september fr\u00e5n kl 18.\u00a0<\/p>\n<p>Pris 25 e\/per tillf\u00e4lle\/1,5 h<\/p>\n<ul>\n<li>Plats: vid Vestmyra\u00a0\u00a0<\/li>\n<li>Medtag utst\u00e4llningskoppel, vattensk\u00e5l, ev klicker och passande godis\/ leksaker till din hund<\/li>\n<\/ul>\n\n<div class=\"wpforms-container wpforms-container-full wpforms-block wpforms-block-63353040-a864-42dc-aaf9-40db0efaf62f\" id=\"wpforms-1695\"><form id=\"wpforms-form-1695\" class=\"wpforms-validate wpforms-form\" data-formid=\"1695\" method=\"post\" enctype=\"multipart\/form-data\" action=\"\/index.php?rest_route=%2Fwp%2Fv2%2Fpages%2F498\" data-token=\"d5cce333465adbcf355d651d0ec4cd3b\" data-token-time=\"1776503414\"><noscript class=\"wpforms-error-noscript\">Aktivera JavaScript i din webbl\u00e4sare f\u00f6r att fylla i formul\u00e4ret.<\/noscript><div class=\"wpforms-field-container\"><div id=\"wpforms-1695-field_2-container\" class=\"wpforms-field wpforms-field-name\" data-field-id=\"2\"><label class=\"wpforms-field-label\" for=\"wpforms-1695-field_2\">Namn <span class=\"wpforms-required-label\">*<\/span><\/label><div class=\"wpforms-field-row wpforms-field-medium\"><div class=\"wpforms-field-row-block wpforms-first wpforms-one-half\"><input type=\"text\" id=\"wpforms-1695-field_2\" class=\"wpforms-field-name-first wpforms-field-required\" name=\"wpforms[fields][2][first]\" placeholder=\"F\u00f6rnamn\" required><label for=\"wpforms-1695-field_2\" class=\"wpforms-field-sublabel after wpforms-sublabel-hide\">F\u00f6rst<\/label><\/div><div class=\"wpforms-field-row-block wpforms-one-half\"><input type=\"text\" id=\"wpforms-1695-field_2-last\" class=\"wpforms-field-name-last wpforms-field-required\" name=\"wpforms[fields][2][last]\" placeholder=\"Efternamn\" required><label for=\"wpforms-1695-field_2-last\" class=\"wpforms-field-sublabel after wpforms-sublabel-hide\">Sist<\/label><\/div><\/div><\/div><div id=\"wpforms-1695-field_3-container\" class=\"wpforms-field wpforms-field-text\" data-field-id=\"3\"><label class=\"wpforms-field-label\" for=\"wpforms-1695-field_3\">Adress <span class=\"wpforms-required-label\">*<\/span><\/label><input type=\"text\" id=\"wpforms-1695-field_3\" class=\"wpforms-field-medium wpforms-field-required\" name=\"wpforms[fields][3]\" placeholder=\"N\u00e4radress\" required><\/div><div id=\"wpforms-1695-field_4-container\" class=\"wpforms-field wpforms-field-text\" data-field-id=\"4\"><label class=\"wpforms-field-label\" for=\"wpforms-1695-field_4\">Postadress <span class=\"wpforms-required-label\">*<\/span><\/label><input type=\"text\" id=\"wpforms-1695-field_4\" class=\"wpforms-field-medium wpforms-field-required\" name=\"wpforms[fields][4]\" placeholder=\"Postnummer och ort\" required><\/div><div id=\"wpforms-1695-field_5-container\" class=\"wpforms-field wpforms-field-email\" data-field-id=\"5\"><label class=\"wpforms-field-label\" for=\"wpforms-1695-field_5\">Epost <span class=\"wpforms-required-label\">*<\/span><\/label><input type=\"email\" id=\"wpforms-1695-field_5\" class=\"wpforms-field-medium wpforms-field-required\" name=\"wpforms[fields][5]\" spellcheck=\"false\" required><\/div><div id=\"wpforms-1695-field_18-container\" class=\"wpforms-field wpforms-field-text\" data-field-id=\"18\"><label class=\"wpforms-field-label\" for=\"wpforms-1695-field_18\">Telefonnummer <span class=\"wpforms-required-label\">*<\/span><\/label><input type=\"text\" id=\"wpforms-1695-field_18\" class=\"wpforms-field-medium wpforms-field-required\" name=\"wpforms[fields][18]\" required><\/div><div id=\"wpforms-1695-field_7-container\" class=\"wpforms-field wpforms-field-text\" data-field-id=\"7\"><label class=\"wpforms-field-label\" for=\"wpforms-1695-field_7\">Jag vill delta i  <span class=\"wpforms-required-label\">*<\/span><\/label><input type=\"text\" id=\"wpforms-1695-field_7\" class=\"wpforms-field-medium wpforms-field-required\" name=\"wpforms[fields][7]\" placeholder=\"Kursnamn\" required><\/div><div id=\"wpforms-1695-field_8-container\" class=\"wpforms-field wpforms-field-text\" data-field-id=\"8\"><label class=\"wpforms-field-label\" for=\"wpforms-1695-field_8\">Hundens namn <span class=\"wpforms-required-label\">*<\/span><\/label><input type=\"text\" id=\"wpforms-1695-field_8\" class=\"wpforms-field-medium wpforms-field-required\" name=\"wpforms[fields][8]\" required><\/div><div id=\"wpforms-1695-field_9-container\" class=\"wpforms-field wpforms-field-text\" data-field-id=\"9\"><label class=\"wpforms-field-label\" for=\"wpforms-1695-field_9\">Hundens ras <span class=\"wpforms-required-label\">*<\/span><\/label><input type=\"text\" id=\"wpforms-1695-field_9\" class=\"wpforms-field-medium wpforms-field-required\" name=\"wpforms[fields][9]\" required><\/div><div id=\"wpforms-1695-field_10-container\" class=\"wpforms-field wpforms-field-checkbox\" data-field-id=\"10\"><label class=\"wpforms-field-label\">Hundens k\u00f6n <span class=\"wpforms-required-label\">*<\/span><\/label><ul id=\"wpforms-1695-field_10\" class=\"wpforms-field-required\"><li class=\"choice-1 depth-1\"><input type=\"checkbox\" id=\"wpforms-1695-field_10_1\" name=\"wpforms[fields][10][]\" value=\"Tik\" required ><label class=\"wpforms-field-label-inline\" for=\"wpforms-1695-field_10_1\">Tik<\/label><\/li><li class=\"choice-2 depth-1\"><input type=\"checkbox\" id=\"wpforms-1695-field_10_2\" name=\"wpforms[fields][10][]\" value=\"Hane\" required ><label class=\"wpforms-field-label-inline\" for=\"wpforms-1695-field_10_2\">Hane<\/label><\/li><\/ul><\/div><div id=\"wpforms-1695-field_12-container\" class=\"wpforms-field wpforms-field-textarea\" data-field-id=\"12\"><label class=\"wpforms-field-label\" for=\"wpforms-1695-field_12\">Vad vill du l\u00e4ra dig p\u00e5 kursen?<\/label><textarea id=\"wpforms-1695-field_12\" class=\"wpforms-field-medium\" name=\"wpforms[fields][12]\" ><\/textarea><\/div><div id=\"wpforms-1695-field_13-container\" class=\"wpforms-field wpforms-field-textarea\" data-field-id=\"13\"><label class=\"wpforms-field-label\" for=\"wpforms-1695-field_13\"> Ska hunden anv\u00e4ndas till n\u00e5got speciellt? (jakt, bruks, lydnad, sp\u00e5r, familjehund)<\/label><textarea id=\"wpforms-1695-field_13\" class=\"wpforms-field-medium\" name=\"wpforms[fields][13]\" ><\/textarea><\/div><div id=\"wpforms-1695-field_14-container\" class=\"wpforms-field wpforms-field-textarea\" data-field-id=\"14\"><label class=\"wpforms-field-label\" for=\"wpforms-1695-field_14\">Har hunden haft n\u00e5gra skador eller sjukdomar?<\/label><textarea id=\"wpforms-1695-field_14\" class=\"wpforms-field-medium\" name=\"wpforms[fields][14]\" ><\/textarea><\/div><div id=\"wpforms-1695-field_15-container\" class=\"wpforms-field wpforms-field-textarea\" data-field-id=\"15\"><label class=\"wpforms-field-label\" for=\"wpforms-1695-field_15\">Har du specifika problem med hunden?<\/label><textarea id=\"wpforms-1695-field_15\" class=\"wpforms-field-medium\" name=\"wpforms[fields][15]\" ><\/textarea><\/div><div id=\"wpforms-1695-field_16-container\" class=\"wpforms-field wpforms-field-checkbox\" data-field-id=\"16\"><label class=\"wpforms-field-label\">Avbest\u00e4llningsvillkor: Anm\u00e4lan till kurs\/utbildning \u00e4r bindande. Vid f\u00f6rhinder har jag sj\u00e4lv r\u00e4tt att s\u00e4lja min avbokade plats till annan deltagare som \u00e4r p\u00e5 l\u00e4mplig niv\u00e5 f\u00f6r kursen. <span class=\"wpforms-required-label\">*<\/span><\/label><ul id=\"wpforms-1695-field_16\" class=\"wpforms-field-required\"><li class=\"choice-1 depth-1\"><input type=\"checkbox\" id=\"wpforms-1695-field_16_1\" name=\"wpforms[fields][16][]\" value=\"Jag accepterar\" required ><label class=\"wpforms-field-label-inline\" for=\"wpforms-1695-field_16_1\">Jag accepterar<\/label><\/li><\/ul><\/div><div id=\"wpforms-1695-field_17-container\" class=\"wpforms-field wpforms-field-checkbox\" data-field-id=\"17\"><label class=\"wpforms-field-label\">Ansvarsvillkor: Jag \u00e4r sj\u00e4lv ansvarig f\u00f6r att jag och min hund \u00e4r tillr\u00e4ckligt f\u00f6rs\u00e4krade. Jag bekr\u00e4ftar att jag deltar p\u00e5 kursen p\u00e5 eget ansvar och att jag sj\u00e4lv \u00e4r ansvarig f\u00f6r eventuella skador som jag eller min hund orsakar. <span class=\"wpforms-required-label\">*<\/span><\/label><ul id=\"wpforms-1695-field_17\" class=\"wpforms-field-required\"><li class=\"choice-1 depth-1\"><input type=\"checkbox\" id=\"wpforms-1695-field_17_1\" name=\"wpforms[fields][17][]\" value=\"Jag accepterar\" required ><label class=\"wpforms-field-label-inline\" for=\"wpforms-1695-field_17_1\">Jag accepterar<\/label><\/li><\/ul><\/div><\/div><!-- .wpforms-field-container --><div class=\"wpforms-submit-container\" ><input type=\"hidden\" name=\"wpforms[id]\" value=\"1695\"><input type=\"hidden\" name=\"page_title\" value=\"\"><input type=\"hidden\" name=\"page_url\" value=\"https:\/\/www.hundinstitutet.com\/index.php?rest_route=\/wp\/v2\/pages\/498\"><input type=\"hidden\" name=\"url_referer\" value=\"\"><button type=\"submit\" name=\"wpforms[submit]\" id=\"wpforms-submit-1695\" class=\"wpforms-submit\" data-alt-text=\"Skickar din anm\u00e4lan...\" data-submit-text=\"Skicka\" aria-live=\"assertive\" value=\"wpforms-submit\">Skicka<\/button><\/div><\/form><\/div>  <!-- .wpforms-container -->","protected":false},"excerpt":{"rendered":"<p>\u00a0\u00c4r du totalt nyb\u00f6rjare p\u00e5 utst\u00e4llning eller erfaren som beh\u00f6ver sm\u00e5 justeringar?\u00a0 Vi anpassar tr\u00e4ningen f\u00f6r Dig och Din hund!\u00a0 Vi tittar dels p\u00e5 hur hunden beter sig, vad du ska g\u00f6ra och din &#8221;handling&#8221;.\u00a0 Sj\u00e4lvklart ing\u00e5r &#8221;bordstr\u00e4ning&#8221;, &#8221;st\u00e5endetr\u00e4ning&#8221;, \u201dtandvisning\u201d, \u00a0&#8221;hantering&#8221;, &#8221;g\u00e5ende&#8221; osv.\u00a0 En hund som visar sig med gl\u00e4dje f\u00e5r i regel ocks\u00e5 betydligt &hellip; <a href=\"https:\/\/www.hundinstitutet.com\/?page_id=498\" class=\"more-link\">Forts\u00e4tt l\u00e4sa <span class=\"screen-reader-text\">Utst\u00e4llning<\/span><\/a><\/p>\n","protected":false},"author":1,"featured_media":0,"parent":85,"menu_order":0,"comment_status":"closed","ping_status":"closed","template":"","meta":{"footnotes":""},"class_list":["post-498","page","type-page","status-publish","hentry"],"_links":{"self":[{"href":"https:\/\/www.hundinstitutet.com\/index.php?rest_route=\/wp\/v2\/pages\/498","targetHints":{"allow":["GET"]}}],"collection":[{"href":"https:\/\/www.hundinstitutet.com\/index.php?rest_route=\/wp\/v2\/pages"}],"about":[{"href":"https:\/\/www.hundinstitutet.com\/index.php?rest_route=\/wp\/v2\/types\/page"}],"author":[{"embeddable":true,"href":"https:\/\/www.hundinstitutet.com\/index.php?rest_route=\/wp\/v2\/users\/1"}],"replies":[{"embeddable":true,"href":"https:\/\/www.hundinstitutet.com\/index.php?rest_route=%2Fwp%2Fv2%2Fcomments&post=498"}],"version-history":[{"count":21,"href":"https:\/\/www.hundinstitutet.com\/index.php?rest_route=\/wp\/v2\/pages\/498\/revisions"}],"predecessor-version":[{"id":4268,"href":"https:\/\/www.hundinstitutet.com\/index.php?rest_route=\/wp\/v2\/pages\/498\/revisions\/4268"}],"up":[{"embeddable":true,"href":"https:\/\/www.hundinstitutet.com\/index.php?rest_route=\/wp\/v2\/pages\/85"}],"wp:attachment":[{"href":"https:\/\/www.hundinstitutet.com\/index.php?rest_route=%2Fwp%2Fv2%2Fmedia&parent=498"}],"curies":[{"name":"wp","href":"https:\/\/api.w.org\/{rel}","templated":true}]}}