{"id":671,"date":"2016-05-14T15:20:17","date_gmt":"2016-05-14T15:20:17","guid":{"rendered":"http:\/\/www.hundinstitutet.com\/?page_id=671"},"modified":"2026-02-05T19:01:45","modified_gmt":"2026-02-05T19:01:45","slug":"valpkurs-1","status":"publish","type":"page","link":"https:\/\/www.hundinstitutet.com\/?page_id=671","title":{"rendered":"Valpkurs &#8221;start&#8221;"},"content":{"rendered":"<header>\n<p style=\"text-align: center;\"><strong><span style=\"font-size: 16px; line-height: 1.5;\">Vill du f\u00e5 hj\u00e4lp med tr\u00e4ning av Din valp?\u00a0<\/span><\/strong><\/p>\n<p style=\"text-align: center;\"><a style=\"color: #ea9629; text-decoration: underline; outline: 0px;\" href=\"https:\/\/www.hundinstitutet.com\/wp-content\/uploads\/2016\/05\/nellyhuvud.jpg\"><img loading=\"lazy\" decoding=\"async\" class=\"aligncenter size-medium wp-image-675\" src=\"https:\/\/www.hundinstitutet.com\/wp-content\/uploads\/2016\/05\/nellyhuvud-300x200.jpg\" alt=\"nellyhuvud\" width=\"300\" height=\"200\" srcset=\"https:\/\/www.hundinstitutet.com\/wp-content\/uploads\/2016\/05\/nellyhuvud-300x200.jpg 300w, https:\/\/www.hundinstitutet.com\/wp-content\/uploads\/2016\/05\/nellyhuvud.jpg 960w\" sizes=\"auto, (max-width: 300px) 100vw, 300px\" \/><\/a><\/p>\n<\/header>\n<div style=\"text-align: center;\">\n<p style=\"text-align: center;\"><span style=\"line-height: 1.5;\">H\u00e4r tr\u00e4nar vi grunder f\u00f6r vad en \u00a0familjehund beh\u00f6ver till vardags. Vi jobbar \u00a0i huvudsak praktiskt: med att g\u00e5 fint i koppel, sitt, inkallning, h\u00e4lsa fint och att v\u00e4nta p\u00e5 \u201cvars\u00e5god\u201d. Social tr\u00e4ning med andra hundar \u00e4r ocks\u00e5 en viktig del. \u00a0Det viktigaste med kursen \u00e4r emellertid inte vad hunden l\u00e4r sig utan vad DU l\u00e4r dig.\u00a0<\/span><\/p>\n<div style=\"text-align: center;\"><address><span style=\"line-height: 1.5;\">\u00a0L\u00e4mplig f\u00f6r hundar av alla raser. F\u00f6rkunskaper kr\u00e4vs ej.\u00a0 Rek \u00e5lder: valpen beh\u00f6ver ha de f\u00f6rsta vaccinationerna i skick: 3 m\u00e5n- 10 m\u00e5n. ( privatlektioner kan man b\u00f6rja med tidigare) Det finns tv\u00e5 olika kurser: 4-\u00a0 5 lektioner totalt.\u00a0 En lektion \u00e4r ca 55 min.\u00a0\u00a0<\/span><\/address><address>Kursen med 5 lektioner inneh\u00e5ller \u00e4ven bl a grunder f\u00f6r harmoniska hundm\u00f6ten och m\u00e4nniskom\u00f6ten samt hantering inf\u00f6r ex. veterin\u00e4rbes\u00f6k.\u00a0 De flesta valpk\u00f6pare v\u00e4ljer kursen med 5 lektioner!<\/address><address>Observat\u00f6rer tas ej men familjemedlem kan fr\u00e5ga om plats.\u00a0<\/address><address><a href=\"https:\/\/www.hundinstitutet.com\/wp-content\/uploads\/2017\/12\/valpkurs-f\u00f6rsta-gruppen.jpg\"><img loading=\"lazy\" decoding=\"async\" class=\"size-medium wp-image-1139 aligncenter\" src=\"https:\/\/www.hundinstitutet.com\/wp-content\/uploads\/2017\/12\/valpkurs-f\u00f6rsta-gruppen-300x158.jpg\" alt=\"\" width=\"300\" height=\"158\" srcset=\"https:\/\/www.hundinstitutet.com\/wp-content\/uploads\/2017\/12\/valpkurs-f\u00f6rsta-gruppen-300x158.jpg 300w, https:\/\/www.hundinstitutet.com\/wp-content\/uploads\/2017\/12\/valpkurs-f\u00f6rsta-gruppen-768x405.jpg 768w, https:\/\/www.hundinstitutet.com\/wp-content\/uploads\/2017\/12\/valpkurs-f\u00f6rsta-gruppen.jpg 805w\" sizes=\"auto, (max-width: 300px) 100vw, 300px\" \/><\/a><\/address>\n<h3><strong>S\u00f6ker du kursdatum? <\/strong><\/h3>\n<h3><strong>Tryck p\u00e5 fliken:\u00a0<a href=\"https:\/\/www.hundinstitutet.com\/?page_id=2861\">Aktuella kurser<\/a><\/strong><\/h3>\n<\/div>\n<div>\n<p>Om du inte f\u00e5tt bekr\u00e4ftelse p\u00e5 att anm\u00e4lan \u00e4r mottagen inom 2 dygn, kolla f\u00f6rst skr\u00e4pposten. Har inget kommit: skicka fr\u00e5ga via telefon\/sms. Tack!\u00a0<\/p>\n<p>Fr\u00e5gor: Tfn 0457 3429 407<\/p>\n<p>Anm\u00e4lningsblankett:<\/p>\n<\/div>\n<\/div>\n\n<div class=\"wpforms-container wpforms-container-full wpforms-block wpforms-block-a611d6d4-ee53-4147-ad85-fe55484fcf01\" id=\"wpforms-1695\"><form id=\"wpforms-form-1695\" class=\"wpforms-validate wpforms-form\" data-formid=\"1695\" method=\"post\" enctype=\"multipart\/form-data\" action=\"\/index.php?rest_route=%2Fwp%2Fv2%2Fpages%2F671\" data-token=\"cc25a76cd99c24e9d510d397d5efb326\" data-token-time=\"1776847333\"><noscript class=\"wpforms-error-noscript\">Aktivera JavaScript i din webbl\u00e4sare f\u00f6r att fylla i formul\u00e4ret.<\/noscript><div class=\"wpforms-field-container\"><div id=\"wpforms-1695-field_2-container\" class=\"wpforms-field wpforms-field-name\" data-field-id=\"2\"><label class=\"wpforms-field-label\" for=\"wpforms-1695-field_2\">Namn <span class=\"wpforms-required-label\">*<\/span><\/label><div class=\"wpforms-field-row wpforms-field-medium\"><div class=\"wpforms-field-row-block wpforms-first wpforms-one-half\"><input type=\"text\" id=\"wpforms-1695-field_2\" class=\"wpforms-field-name-first wpforms-field-required\" name=\"wpforms[fields][2][first]\" placeholder=\"F\u00f6rnamn\" required><label for=\"wpforms-1695-field_2\" class=\"wpforms-field-sublabel after wpforms-sublabel-hide\">F\u00f6rst<\/label><\/div><div class=\"wpforms-field-row-block wpforms-one-half\"><input type=\"text\" id=\"wpforms-1695-field_2-last\" class=\"wpforms-field-name-last wpforms-field-required\" name=\"wpforms[fields][2][last]\" placeholder=\"Efternamn\" required><label for=\"wpforms-1695-field_2-last\" class=\"wpforms-field-sublabel after wpforms-sublabel-hide\">Sist<\/label><\/div><\/div><\/div><div id=\"wpforms-1695-field_3-container\" class=\"wpforms-field wpforms-field-text\" data-field-id=\"3\"><label class=\"wpforms-field-label\" for=\"wpforms-1695-field_3\">Adress <span class=\"wpforms-required-label\">*<\/span><\/label><input type=\"text\" id=\"wpforms-1695-field_3\" class=\"wpforms-field-medium wpforms-field-required\" name=\"wpforms[fields][3]\" placeholder=\"N\u00e4radress\" required><\/div><div id=\"wpforms-1695-field_4-container\" class=\"wpforms-field wpforms-field-text\" data-field-id=\"4\"><label class=\"wpforms-field-label\" for=\"wpforms-1695-field_4\">Postadress <span class=\"wpforms-required-label\">*<\/span><\/label><input type=\"text\" id=\"wpforms-1695-field_4\" class=\"wpforms-field-medium wpforms-field-required\" name=\"wpforms[fields][4]\" placeholder=\"Postnummer och ort\" required><\/div><div id=\"wpforms-1695-field_5-container\" class=\"wpforms-field wpforms-field-email\" data-field-id=\"5\"><label class=\"wpforms-field-label\" for=\"wpforms-1695-field_5\">Epost <span class=\"wpforms-required-label\">*<\/span><\/label><input type=\"email\" id=\"wpforms-1695-field_5\" class=\"wpforms-field-medium wpforms-field-required\" name=\"wpforms[fields][5]\" spellcheck=\"false\" required><\/div><div id=\"wpforms-1695-field_18-container\" class=\"wpforms-field wpforms-field-text\" data-field-id=\"18\"><label class=\"wpforms-field-label\" for=\"wpforms-1695-field_18\">Telefonnummer <span class=\"wpforms-required-label\">*<\/span><\/label><input type=\"text\" id=\"wpforms-1695-field_18\" class=\"wpforms-field-medium wpforms-field-required\" name=\"wpforms[fields][18]\" required><\/div><div id=\"wpforms-1695-field_7-container\" class=\"wpforms-field wpforms-field-text\" data-field-id=\"7\"><label class=\"wpforms-field-label\" for=\"wpforms-1695-field_7\">Jag vill delta i  <span class=\"wpforms-required-label\">*<\/span><\/label><input type=\"text\" id=\"wpforms-1695-field_7\" class=\"wpforms-field-medium wpforms-field-required\" name=\"wpforms[fields][7]\" placeholder=\"Kursnamn\" required><\/div><div id=\"wpforms-1695-field_8-container\" class=\"wpforms-field wpforms-field-text\" data-field-id=\"8\"><label class=\"wpforms-field-label\" for=\"wpforms-1695-field_8\">Hundens namn <span class=\"wpforms-required-label\">*<\/span><\/label><input type=\"text\" id=\"wpforms-1695-field_8\" class=\"wpforms-field-medium wpforms-field-required\" name=\"wpforms[fields][8]\" required><\/div><div id=\"wpforms-1695-field_9-container\" class=\"wpforms-field wpforms-field-text\" data-field-id=\"9\"><label class=\"wpforms-field-label\" for=\"wpforms-1695-field_9\">Hundens ras <span class=\"wpforms-required-label\">*<\/span><\/label><input type=\"text\" id=\"wpforms-1695-field_9\" class=\"wpforms-field-medium wpforms-field-required\" name=\"wpforms[fields][9]\" required><\/div><div id=\"wpforms-1695-field_10-container\" class=\"wpforms-field wpforms-field-checkbox\" data-field-id=\"10\"><label class=\"wpforms-field-label\">Hundens k\u00f6n <span class=\"wpforms-required-label\">*<\/span><\/label><ul id=\"wpforms-1695-field_10\" class=\"wpforms-field-required\"><li class=\"choice-1 depth-1\"><input type=\"checkbox\" id=\"wpforms-1695-field_10_1\" name=\"wpforms[fields][10][]\" value=\"Tik\" required ><label class=\"wpforms-field-label-inline\" for=\"wpforms-1695-field_10_1\">Tik<\/label><\/li><li class=\"choice-2 depth-1\"><input type=\"checkbox\" id=\"wpforms-1695-field_10_2\" name=\"wpforms[fields][10][]\" value=\"Hane\" required ><label class=\"wpforms-field-label-inline\" for=\"wpforms-1695-field_10_2\">Hane<\/label><\/li><\/ul><\/div><div id=\"wpforms-1695-field_12-container\" class=\"wpforms-field wpforms-field-textarea\" data-field-id=\"12\"><label class=\"wpforms-field-label\" for=\"wpforms-1695-field_12\">Vad vill du l\u00e4ra dig p\u00e5 kursen?<\/label><textarea id=\"wpforms-1695-field_12\" class=\"wpforms-field-medium\" name=\"wpforms[fields][12]\" ><\/textarea><\/div><div id=\"wpforms-1695-field_13-container\" class=\"wpforms-field wpforms-field-textarea\" data-field-id=\"13\"><label class=\"wpforms-field-label\" for=\"wpforms-1695-field_13\"> Ska hunden anv\u00e4ndas till n\u00e5got speciellt? (jakt, bruks, lydnad, sp\u00e5r, familjehund)<\/label><textarea id=\"wpforms-1695-field_13\" class=\"wpforms-field-medium\" name=\"wpforms[fields][13]\" ><\/textarea><\/div><div id=\"wpforms-1695-field_14-container\" class=\"wpforms-field wpforms-field-textarea\" data-field-id=\"14\"><label class=\"wpforms-field-label\" for=\"wpforms-1695-field_14\">Har hunden haft n\u00e5gra skador eller sjukdomar?<\/label><textarea id=\"wpforms-1695-field_14\" class=\"wpforms-field-medium\" name=\"wpforms[fields][14]\" ><\/textarea><\/div><div id=\"wpforms-1695-field_15-container\" class=\"wpforms-field wpforms-field-textarea\" data-field-id=\"15\"><label class=\"wpforms-field-label\" for=\"wpforms-1695-field_15\">Har du specifika problem med hunden?<\/label><textarea id=\"wpforms-1695-field_15\" class=\"wpforms-field-medium\" name=\"wpforms[fields][15]\" ><\/textarea><\/div><div id=\"wpforms-1695-field_16-container\" class=\"wpforms-field wpforms-field-checkbox\" data-field-id=\"16\"><label class=\"wpforms-field-label\">Avbest\u00e4llningsvillkor: Anm\u00e4lan till kurs\/utbildning \u00e4r bindande. Vid f\u00f6rhinder har jag sj\u00e4lv r\u00e4tt att s\u00e4lja min avbokade plats till annan deltagare som \u00e4r p\u00e5 l\u00e4mplig niv\u00e5 f\u00f6r kursen. <span class=\"wpforms-required-label\">*<\/span><\/label><ul id=\"wpforms-1695-field_16\" class=\"wpforms-field-required\"><li class=\"choice-1 depth-1\"><input type=\"checkbox\" id=\"wpforms-1695-field_16_1\" name=\"wpforms[fields][16][]\" value=\"Jag accepterar\" required ><label class=\"wpforms-field-label-inline\" for=\"wpforms-1695-field_16_1\">Jag accepterar<\/label><\/li><\/ul><\/div><div id=\"wpforms-1695-field_17-container\" class=\"wpforms-field wpforms-field-checkbox\" data-field-id=\"17\"><label class=\"wpforms-field-label\">Ansvarsvillkor: Jag \u00e4r sj\u00e4lv ansvarig f\u00f6r att jag och min hund \u00e4r tillr\u00e4ckligt f\u00f6rs\u00e4krade. Jag bekr\u00e4ftar att jag deltar p\u00e5 kursen p\u00e5 eget ansvar och att jag sj\u00e4lv \u00e4r ansvarig f\u00f6r eventuella skador som jag eller min hund orsakar. <span class=\"wpforms-required-label\">*<\/span><\/label><ul id=\"wpforms-1695-field_17\" class=\"wpforms-field-required\"><li class=\"choice-1 depth-1\"><input type=\"checkbox\" id=\"wpforms-1695-field_17_1\" name=\"wpforms[fields][17][]\" value=\"Jag accepterar\" required ><label class=\"wpforms-field-label-inline\" for=\"wpforms-1695-field_17_1\">Jag accepterar<\/label><\/li><\/ul><\/div><\/div><!-- .wpforms-field-container --><div class=\"wpforms-submit-container\" ><input type=\"hidden\" name=\"wpforms[id]\" value=\"1695\"><input type=\"hidden\" name=\"page_title\" value=\"\"><input type=\"hidden\" name=\"page_url\" value=\"https:\/\/www.hundinstitutet.com\/index.php?rest_route=\/wp\/v2\/pages\/671\"><input type=\"hidden\" name=\"url_referer\" value=\"\"><button type=\"submit\" name=\"wpforms[submit]\" id=\"wpforms-submit-1695\" class=\"wpforms-submit\" data-alt-text=\"Skickar din anm\u00e4lan...\" data-submit-text=\"Skicka\" aria-live=\"assertive\" value=\"wpforms-submit\">Skicka<\/button><\/div><\/form><\/div>  <!-- .wpforms-container -->\n\n\n<p><\/p>\n","protected":false},"excerpt":{"rendered":"<p>Vill du f\u00e5 hj\u00e4lp med tr\u00e4ning av Din valp?\u00a0 H\u00e4r tr\u00e4nar vi grunder f\u00f6r vad en \u00a0familjehund beh\u00f6ver till vardags. Vi jobbar \u00a0i huvudsak praktiskt: med att g\u00e5 fint i koppel, sitt, inkallning, h\u00e4lsa fint och att v\u00e4nta p\u00e5 \u201cvars\u00e5god\u201d. Social tr\u00e4ning med andra hundar \u00e4r ocks\u00e5 en viktig del. \u00a0Det viktigaste med kursen \u00e4r &hellip; <a href=\"https:\/\/www.hundinstitutet.com\/?page_id=671\" class=\"more-link\">Forts\u00e4tt l\u00e4sa <span class=\"screen-reader-text\">Valpkurs &#8221;start&#8221;<\/span><\/a><\/p>\n","protected":false},"author":1,"featured_media":0,"parent":85,"menu_order":0,"comment_status":"closed","ping_status":"closed","template":"","meta":{"footnotes":""},"class_list":["post-671","page","type-page","status-publish","hentry"],"_links":{"self":[{"href":"https:\/\/www.hundinstitutet.com\/index.php?rest_route=\/wp\/v2\/pages\/671","targetHints":{"allow":["GET"]}}],"collection":[{"href":"https:\/\/www.hundinstitutet.com\/index.php?rest_route=\/wp\/v2\/pages"}],"about":[{"href":"https:\/\/www.hundinstitutet.com\/index.php?rest_route=\/wp\/v2\/types\/page"}],"author":[{"embeddable":true,"href":"https:\/\/www.hundinstitutet.com\/index.php?rest_route=\/wp\/v2\/users\/1"}],"replies":[{"embeddable":true,"href":"https:\/\/www.hundinstitutet.com\/index.php?rest_route=%2Fwp%2Fv2%2Fcomments&post=671"}],"version-history":[{"count":142,"href":"https:\/\/www.hundinstitutet.com\/index.php?rest_route=\/wp\/v2\/pages\/671\/revisions"}],"predecessor-version":[{"id":4459,"href":"https:\/\/www.hundinstitutet.com\/index.php?rest_route=\/wp\/v2\/pages\/671\/revisions\/4459"}],"up":[{"embeddable":true,"href":"https:\/\/www.hundinstitutet.com\/index.php?rest_route=\/wp\/v2\/pages\/85"}],"wp:attachment":[{"href":"https:\/\/www.hundinstitutet.com\/index.php?rest_route=%2Fwp%2Fv2%2Fmedia&parent=671"}],"curies":[{"name":"wp","href":"https:\/\/api.w.org\/{rel}","templated":true}]}}