{"id":688,"date":"2016-05-25T20:16:44","date_gmt":"2016-05-25T20:16:44","guid":{"rendered":"http:\/\/www.hundinstitutet.com\/?page_id=688"},"modified":"2026-02-27T07:35:50","modified_gmt":"2026-02-27T07:35:50","slug":"688-2","status":"publish","type":"page","link":"https:\/\/www.hundinstitutet.com\/?page_id=688","title":{"rendered":"Nosework 2"},"content":{"rendered":"<div class=\"wp-block-image\">\n<figure class=\"aligncenter\"><a href=\"https:\/\/www.hundinstitutet.com\/wp-content\/uploads\/2016\/05\/nellyfordonss\u00f6k.jpg\"><img loading=\"lazy\" decoding=\"async\" width=\"225\" height=\"300\" src=\"https:\/\/www.hundinstitutet.com\/wp-content\/uploads\/2016\/05\/nellyfordonss\u00f6k-225x300.jpg\" alt=\"nellyfordonss\u00f6k\" class=\"wp-image-763\" srcset=\"https:\/\/www.hundinstitutet.com\/wp-content\/uploads\/2016\/05\/nellyfordonss\u00f6k-225x300.jpg 225w, https:\/\/www.hundinstitutet.com\/wp-content\/uploads\/2016\/05\/nellyfordonss\u00f6k.jpg 296w\" sizes=\"auto, (max-width: 225px) 100vw, 225px\" \/><\/a><\/figure>\n<\/div>\n\n\n<h3 class=\"wp-block-heading\">Forts\u00e4ttningskurs med fordonss\u00f6k och utomhuss\u00f6k<\/h3>\n\n\n\n<p>Har du g\u00e5tt Nosework nyb\u00f6rjarkurs eller motsvarande, \u00e4r du v\u00e4lkommen att anm\u00e4la till forts\u00e4ttningskursen, d\u00e4r vi tr\u00e4nar fordonss\u00f6k, utomhuss\u00f6k och ytterligare beh\u00e5llars\u00f6k.&nbsp; Det finns mycket nytt att l\u00e4ra n\u00e4r du b\u00f6rjar tr\u00e4na utomhus!&nbsp; Ekipagen jobbar vidare med doften eukalyptus. M\u00e5nga v\u00e4ljer ocks\u00e5 att jobba vidare med markeringar p\u00e5 denna kurs.&nbsp; Vi anpassar tr\u00e4ningen efter varje individ, alla beh\u00f6ver inte g\u00e5 lika fort fram. Vi satsar p\u00e5 kvalitet i nosarbetet och fokuserar \u00e4ven p\u00e5 att ta pauser vid l\u00e4mplig tidpunkt, eftersom nosework \u00e4r kr\u00e4vande f\u00f6r din hund. &nbsp;K\u00e4nsliga hundar har r\u00e4tt att jobba ost\u00f6rda av andra hundar och\/eller fr\u00e4mmande m\u00e4nniskor s\u00e5 vi arbetar med en hund i taget.<\/p>\n\n\n\n<figure class=\"wp-block-embed is-type-video is-provider-youtube wp-block-embed-youtube wp-embed-aspect-16-9 wp-has-aspect-ratio\"><div class=\"wp-block-embed__wrapper\">\n<iframe loading=\"lazy\" title=\"M2U01607\" width=\"660\" height=\"371\" src=\"https:\/\/www.youtube.com\/embed\/J8cfn6kDslw?feature=oembed\" frameborder=\"0\" allow=\"accelerometer; autoplay; clipboard-write; encrypted-media; gyroscope; picture-in-picture; web-share\" referrerpolicy=\"strict-origin-when-cross-origin\" allowfullscreen><\/iframe>\n<\/div><\/figure>\n\n\n\n<p><span style=\"line-height: 1.5;\">Det finns olika t\u00e4vlingsklasser + elit i Sverige och varje klass best\u00e5r av olika moment eller flera av samma moment: inomhuss\u00f6k, utomhuss\u00f6k, fordonss\u00f6k och beh\u00e5llars\u00f6k. <\/span><br><span style=\"line-height: 1.5;\">Observera att man innan t\u00e4vling i Sverige beh\u00f6ver hunden f\u00e5 ett godk\u00e4nt doftprov: Se film: <a href=\"https:\/\/www.youtube.com\/watch?v=sSTDCEVNtkk\">Doftprov<\/a>.<\/span>)<\/p>\n\n\n<div class=\"wp-block-image\">\n<figure class=\"aligncenter\"><a href=\"https:\/\/www.hundinstitutet.com\/wp-content\/uploads\/2016\/05\/13139145_10209574758591621_223326257483696771_n.jpg\"><img loading=\"lazy\" decoding=\"async\" width=\"300\" height=\"200\" src=\"https:\/\/www.hundinstitutet.com\/wp-content\/uploads\/2016\/05\/13139145_10209574758591621_223326257483696771_n-300x200.jpg\" alt=\"13139145_10209574758591621_223326257483696771_n\" class=\"wp-image-809\" srcset=\"https:\/\/www.hundinstitutet.com\/wp-content\/uploads\/2016\/05\/13139145_10209574758591621_223326257483696771_n-300x200.jpg 300w, https:\/\/www.hundinstitutet.com\/wp-content\/uploads\/2016\/05\/13139145_10209574758591621_223326257483696771_n.jpg 960w\" sizes=\"auto, (max-width: 300px) 100vw, 300px\" \/><\/a><figcaption class=\"wp-element-caption\">Foto: Anna Karin Dernsj\u00f6<\/figcaption><\/figure>\n<\/div>\n\n\n<p><span style=\"line-height: 1.5;\">Nosework beh\u00e5llars\u00f6k ordnas som en liten inofficiell t\u00e4vling p\u00e5 slutet om deltagarna \u00f6nskar.<\/span><\/p>\n\n\n\n<p>Instrukt\u00f6ren \u00e4r certifierad Noseworkinstrukt\u00f6r av SNWK, Svenska Noseworkklubben och<strong>\u00a0<\/strong>Doftprovsdomare av SNWK. Flertal s\u00f6kutvecklingskurser inom NSW f\u00f6r olika instrukt\u00f6rer inom bla tj\u00e4nstehundssektorn. Utf\u00f6rt det svenska doftprovet i Sverige, klass 1 och klass 2, t\u00e4vlat i klass 1 samtliga moment. F\u00f6rutom det \u00e4ven en specials\u00f6ksutbildning och jobbat med tj\u00e4nstehund. Du kan l\u00e4sa mer om mig som instrukt\u00f6r\u00a0<a href=\"https:\/\/www.hundinstitutet.com\/?page_id=22\">h\u00e4r<\/a>.<\/p>\n\n\n\n<p><strong>F\u00f6rkunskaper:<\/strong>&nbsp; nosework 1 eller motsvarande.&nbsp;<\/p>\n\n\n\n<p><strong>Efter genomf\u00f6rd kurs<\/strong>\u00a0kan du g\u00e5 t.ex. s\u00f6kutveckling,\u00a0<a href=\"https:\/\/www.hundinstitutet.com\/?page_id=2378\" data-type=\"page\" data-id=\"2378\">specials\u00f6k, s\u00f6kplattform<\/a>.<\/p>\n\n\n\n<p>F\u00f6r mer info -l\u00e4nken nedan:<\/p>\n\n\n\n<p><a href=\"https:\/\/www.hundinstitutet.com\/?page_id=2861\">AKTUELLA KURSER<\/a><\/p>\n\n\n\n<p>Anm\u00e4lan \u00e4r bindande.<\/p>\n\n\n\n<p>ANM\u00c4LNINGSBLANKETT<\/p>\n\n\n<div class=\"wpforms-container wpforms-container-full wpforms-block wpforms-block-e6d61c62-c60a-408b-a8b1-ffd4e6e0505d\" id=\"wpforms-1707\"><form id=\"wpforms-form-1707\" class=\"wpforms-validate wpforms-form\" data-formid=\"1707\" method=\"post\" enctype=\"multipart\/form-data\" action=\"\/index.php?rest_route=%2Fwp%2Fv2%2Fpages%2F688\" data-token=\"44e8d9bb68d6442aa4d5f547a11cd1ab\" data-token-time=\"1777126422\"><noscript class=\"wpforms-error-noscript\">Aktivera JavaScript i din webbl\u00e4sare f\u00f6r att fylla i formul\u00e4ret.<\/noscript><div class=\"wpforms-field-container\"><div id=\"wpforms-1707-field_2-container\" class=\"wpforms-field wpforms-field-name\" data-field-id=\"2\"><label class=\"wpforms-field-label\" for=\"wpforms-1707-field_2\">Namn <span class=\"wpforms-required-label\">*<\/span><\/label><div class=\"wpforms-field-row wpforms-field-medium\"><div class=\"wpforms-field-row-block wpforms-first wpforms-one-half\"><input type=\"text\" id=\"wpforms-1707-field_2\" class=\"wpforms-field-name-first wpforms-field-required\" name=\"wpforms[fields][2][first]\" placeholder=\"F\u00f6rnamn\" required><label for=\"wpforms-1707-field_2\" class=\"wpforms-field-sublabel after wpforms-sublabel-hide\">F\u00f6rst<\/label><\/div><div class=\"wpforms-field-row-block wpforms-one-half\"><input type=\"text\" id=\"wpforms-1707-field_2-last\" class=\"wpforms-field-name-last wpforms-field-required\" name=\"wpforms[fields][2][last]\" placeholder=\"Efternamn\" required><label for=\"wpforms-1707-field_2-last\" class=\"wpforms-field-sublabel after wpforms-sublabel-hide\">Sist<\/label><\/div><\/div><\/div><div id=\"wpforms-1707-field_3-container\" class=\"wpforms-field wpforms-field-text\" data-field-id=\"3\"><label class=\"wpforms-field-label\" for=\"wpforms-1707-field_3\">Adress <span class=\"wpforms-required-label\">*<\/span><\/label><input type=\"text\" id=\"wpforms-1707-field_3\" class=\"wpforms-field-medium wpforms-field-required\" name=\"wpforms[fields][3]\" placeholder=\"N\u00e4radress\" required><\/div><div id=\"wpforms-1707-field_4-container\" class=\"wpforms-field wpforms-field-text\" data-field-id=\"4\"><label class=\"wpforms-field-label\" for=\"wpforms-1707-field_4\">Postadress <span class=\"wpforms-required-label\">*<\/span><\/label><input type=\"text\" id=\"wpforms-1707-field_4\" class=\"wpforms-field-medium wpforms-field-required\" name=\"wpforms[fields][4]\" placeholder=\"Postnummer och ort\" required><\/div><div id=\"wpforms-1707-field_5-container\" class=\"wpforms-field wpforms-field-email\" data-field-id=\"5\"><label class=\"wpforms-field-label\" for=\"wpforms-1707-field_5\">Epost <span class=\"wpforms-required-label\">*<\/span><\/label><input type=\"email\" id=\"wpforms-1707-field_5\" class=\"wpforms-field-medium wpforms-field-required\" name=\"wpforms[fields][5]\" spellcheck=\"false\" required><\/div><div id=\"wpforms-1707-field_18-container\" class=\"wpforms-field wpforms-field-text\" data-field-id=\"18\"><label class=\"wpforms-field-label\" for=\"wpforms-1707-field_18\">Telefonnummer <span class=\"wpforms-required-label\">*<\/span><\/label><input type=\"text\" id=\"wpforms-1707-field_18\" class=\"wpforms-field-medium wpforms-field-required\" name=\"wpforms[fields][18]\" required><\/div><div id=\"wpforms-1707-field_7-container\" class=\"wpforms-field wpforms-field-text\" data-field-id=\"7\"><label class=\"wpforms-field-label\" for=\"wpforms-1707-field_7\">Jag vill delta i  <span class=\"wpforms-required-label\">*<\/span><\/label><input type=\"text\" id=\"wpforms-1707-field_7\" class=\"wpforms-field-medium wpforms-field-required\" name=\"wpforms[fields][7]\" placeholder=\"Kursnamn\" required><\/div><div id=\"wpforms-1707-field_8-container\" class=\"wpforms-field wpforms-field-text\" data-field-id=\"8\"><label class=\"wpforms-field-label\" for=\"wpforms-1707-field_8\">Hundens namn <span class=\"wpforms-required-label\">*<\/span><\/label><input type=\"text\" id=\"wpforms-1707-field_8\" class=\"wpforms-field-medium wpforms-field-required\" name=\"wpforms[fields][8]\" required><\/div><div id=\"wpforms-1707-field_9-container\" class=\"wpforms-field wpforms-field-text\" data-field-id=\"9\"><label class=\"wpforms-field-label\" for=\"wpforms-1707-field_9\">Hundens ras <span class=\"wpforms-required-label\">*<\/span><\/label><input type=\"text\" id=\"wpforms-1707-field_9\" class=\"wpforms-field-medium wpforms-field-required\" name=\"wpforms[fields][9]\" required><\/div><div id=\"wpforms-1707-field_10-container\" class=\"wpforms-field wpforms-field-checkbox\" data-field-id=\"10\"><label class=\"wpforms-field-label\">Hundens k\u00f6n <span class=\"wpforms-required-label\">*<\/span><\/label><ul id=\"wpforms-1707-field_10\" class=\"wpforms-field-required\"><li class=\"choice-1 depth-1\"><input type=\"checkbox\" id=\"wpforms-1707-field_10_1\" name=\"wpforms[fields][10][]\" value=\"Tik\" required ><label class=\"wpforms-field-label-inline\" for=\"wpforms-1707-field_10_1\">Tik<\/label><\/li><li class=\"choice-2 depth-1\"><input type=\"checkbox\" id=\"wpforms-1707-field_10_2\" name=\"wpforms[fields][10][]\" value=\"Hane\" required ><label class=\"wpforms-field-label-inline\" for=\"wpforms-1707-field_10_2\">Hane<\/label><\/li><\/ul><\/div><div id=\"wpforms-1707-field_12-container\" class=\"wpforms-field wpforms-field-textarea\" data-field-id=\"12\"><label class=\"wpforms-field-label\" for=\"wpforms-1707-field_12\">Vad vill du l\u00e4ra dig p\u00e5 kursen?<\/label><textarea id=\"wpforms-1707-field_12\" class=\"wpforms-field-medium\" name=\"wpforms[fields][12]\" ><\/textarea><\/div><div id=\"wpforms-1707-field_13-container\" class=\"wpforms-field wpforms-field-textarea\" data-field-id=\"13\"><label class=\"wpforms-field-label\" for=\"wpforms-1707-field_13\"> Ska hunden anv\u00e4ndas till n\u00e5got speciellt? (jakt, bruks, lydnad, sp\u00e5r, familjehund)<\/label><textarea id=\"wpforms-1707-field_13\" class=\"wpforms-field-medium\" name=\"wpforms[fields][13]\" ><\/textarea><\/div><div id=\"wpforms-1707-field_14-container\" class=\"wpforms-field wpforms-field-textarea\" data-field-id=\"14\"><label class=\"wpforms-field-label\" for=\"wpforms-1707-field_14\">Har hunden haft n\u00e5gra skador eller sjukdomar?<\/label><textarea id=\"wpforms-1707-field_14\" class=\"wpforms-field-medium\" name=\"wpforms[fields][14]\" ><\/textarea><\/div><div id=\"wpforms-1707-field_15-container\" class=\"wpforms-field wpforms-field-textarea\" data-field-id=\"15\"><label class=\"wpforms-field-label\" for=\"wpforms-1707-field_15\">Har du specifika problem med hunden?<\/label><textarea id=\"wpforms-1707-field_15\" class=\"wpforms-field-medium\" name=\"wpforms[fields][15]\" ><\/textarea><\/div><div id=\"wpforms-1707-field_16-container\" class=\"wpforms-field wpforms-field-checkbox\" data-field-id=\"16\"><label class=\"wpforms-field-label\">Avbest\u00e4llningsvillkor: Anm\u00e4lan till kurs\/utbildning \u00e4r bindande. Vid f\u00f6rhinder har jag sj\u00e4lv r\u00e4tt att s\u00e4lja min avbokade plats till annan deltagare som \u00e4r p\u00e5 l\u00e4mplig niv\u00e5 f\u00f6r kursen. <span class=\"wpforms-required-label\">*<\/span><\/label><ul id=\"wpforms-1707-field_16\" class=\"wpforms-field-required\"><li class=\"choice-1 depth-1\"><input type=\"checkbox\" id=\"wpforms-1707-field_16_1\" name=\"wpforms[fields][16][]\" value=\"Jag accepterar\" required ><label class=\"wpforms-field-label-inline\" for=\"wpforms-1707-field_16_1\">Jag accepterar<\/label><\/li><\/ul><\/div><div id=\"wpforms-1707-field_17-container\" class=\"wpforms-field wpforms-field-checkbox\" data-field-id=\"17\"><label class=\"wpforms-field-label\">Ansvarsvillkor: Jag \u00e4r sj\u00e4lv ansvarig f\u00f6r att jag och min hund \u00e4r tillr\u00e4ckligt f\u00f6rs\u00e4krade. Jag bekr\u00e4ftar att jag deltar p\u00e5 kursen p\u00e5 eget ansvar och att jag sj\u00e4lv \u00e4r ansvarig f\u00f6r eventuella skador som jag eller min hund orsakar. <span class=\"wpforms-required-label\">*<\/span><\/label><ul id=\"wpforms-1707-field_17\" class=\"wpforms-field-required\"><li class=\"choice-1 depth-1\"><input type=\"checkbox\" id=\"wpforms-1707-field_17_1\" name=\"wpforms[fields][17][]\" value=\"Jag accepterar\" required ><label class=\"wpforms-field-label-inline\" for=\"wpforms-1707-field_17_1\">Jag accepterar<\/label><\/li><\/ul><\/div><\/div><!-- .wpforms-field-container --><div class=\"wpforms-submit-container\" ><input type=\"hidden\" name=\"wpforms[id]\" value=\"1707\"><input type=\"hidden\" name=\"page_title\" value=\"\"><input type=\"hidden\" name=\"page_url\" value=\"https:\/\/www.hundinstitutet.com\/index.php?rest_route=\/wp\/v2\/pages\/688\"><input type=\"hidden\" name=\"url_referer\" value=\"\"><button type=\"submit\" name=\"wpforms[submit]\" id=\"wpforms-submit-1707\" class=\"wpforms-submit\" data-alt-text=\"Skickar din anm\u00e4lan...\" data-submit-text=\"Skicka\" aria-live=\"assertive\" value=\"wpforms-submit\">Skicka<\/button><\/div><\/form><\/div>  <!-- .wpforms-container -->\n\n\n<p><\/p>\n","protected":false},"excerpt":{"rendered":"<p>Forts\u00e4ttningskurs med fordonss\u00f6k och utomhuss\u00f6k Har du g\u00e5tt Nosework nyb\u00f6rjarkurs eller motsvarande, \u00e4r du v\u00e4lkommen att anm\u00e4la till forts\u00e4ttningskursen, d\u00e4r vi tr\u00e4nar fordonss\u00f6k, utomhuss\u00f6k och ytterligare beh\u00e5llars\u00f6k.&nbsp; Det finns mycket nytt att l\u00e4ra n\u00e4r du b\u00f6rjar tr\u00e4na utomhus!&nbsp; Ekipagen jobbar vidare med doften eukalyptus. M\u00e5nga v\u00e4ljer ocks\u00e5 att jobba vidare med markeringar p\u00e5 denna kurs.&nbsp; &hellip; <a href=\"https:\/\/www.hundinstitutet.com\/?page_id=688\" class=\"more-link\">Forts\u00e4tt l\u00e4sa <span class=\"screen-reader-text\">Nosework 2<\/span><\/a><\/p>\n","protected":false},"author":1,"featured_media":0,"parent":2327,"menu_order":0,"comment_status":"closed","ping_status":"closed","template":"","meta":{"footnotes":""},"class_list":["post-688","page","type-page","status-publish","hentry"],"_links":{"self":[{"href":"https:\/\/www.hundinstitutet.com\/index.php?rest_route=\/wp\/v2\/pages\/688","targetHints":{"allow":["GET"]}}],"collection":[{"href":"https:\/\/www.hundinstitutet.com\/index.php?rest_route=\/wp\/v2\/pages"}],"about":[{"href":"https:\/\/www.hundinstitutet.com\/index.php?rest_route=\/wp\/v2\/types\/page"}],"author":[{"embeddable":true,"href":"https:\/\/www.hundinstitutet.com\/index.php?rest_route=\/wp\/v2\/users\/1"}],"replies":[{"embeddable":true,"href":"https:\/\/www.hundinstitutet.com\/index.php?rest_route=%2Fwp%2Fv2%2Fcomments&post=688"}],"version-history":[{"count":47,"href":"https:\/\/www.hundinstitutet.com\/index.php?rest_route=\/wp\/v2\/pages\/688\/revisions"}],"predecessor-version":[{"id":4522,"href":"https:\/\/www.hundinstitutet.com\/index.php?rest_route=\/wp\/v2\/pages\/688\/revisions\/4522"}],"up":[{"embeddable":true,"href":"https:\/\/www.hundinstitutet.com\/index.php?rest_route=\/wp\/v2\/pages\/2327"}],"wp:attachment":[{"href":"https:\/\/www.hundinstitutet.com\/index.php?rest_route=%2Fwp%2Fv2%2Fmedia&parent=688"}],"curies":[{"name":"wp","href":"https:\/\/api.w.org\/{rel}","templated":true}]}}