{"id":773,"date":"2016-05-27T20:12:20","date_gmt":"2016-05-27T20:12:20","guid":{"rendered":"http:\/\/www.hundinstitutet.com\/?page_id=773"},"modified":"2024-03-26T14:29:15","modified_gmt":"2024-03-26T14:29:15","slug":"presentation","status":"publish","type":"page","link":"https:\/\/www.hundinstitutet.com\/?page_id=773","title":{"rendered":"Om Hundinstitutet"},"content":{"rendered":"\n<p class=\"has-text-align-left\">Vill du tr\u00e4na din hund inf\u00f6r n\u00e5gon som \u00e4r v\u00e4lutbildad inom hundtr\u00e4ning? D\u00e5 har du kommit r\u00e4tt!<\/p>\n\n\n\n<p class=\"has-text-align-left\">F\u00f6retaget satsar b\u00e5de p\u00e5 att ta in instrukt\u00f6rer till \u00c5land utifr\u00e5n och att h\u00e5lla egna kurser och lektioner p\u00e5 \u00c5land samt f\u00f6r externa uppdrag i Sverige och Finland.<\/p>\n\n\n\n<p class=\"has-text-align-left\">F\u00f6retagets egen huvudinstrukt\u00f6r \u00e4r utbildad bl a vid den h\u00f6gt ansedda utbildningen Canis Norge vilket inneb\u00e4r h\u00f6g utbildningskvalitet med vetenskaplig grund. F\u00f6rutom utbildning och m\u00e5nga kortkurser har instrukt\u00f6ren l\u00e5ng erfarenhet av att arbeta med hundar och deras tr\u00e4nare inom m\u00e5nga olika omr\u00e5den. \u00a0I meritlistan finns hundtr\u00e4narutbildningar, Canis tr\u00e4narutbildning, Canis instrukt\u00f6rsutbildning, tj\u00e4nstehundutbildning, t\u00e4vlingserfarenhet inom hund inom olika grenar och  hunduppf\u00f6darverksamhet.  F\u00f6r att n\u00e4mna n\u00e5gra namn: Bob Bailey USA &#8211; en av v\u00e4rldens fr\u00e4msta djurtr\u00e4nare, Grisha Stewart USA  dvs f\u00f6r hundar med problembeteenden, kurser f\u00f6r elitlydnadsinstrukt\u00f6rer som deltagit i V\u00e4rldsm\u00e4sterskapen med topplaceringar: Nina Svartberg, Maria Brandel, Michelle Holmlund mfl<\/p>\n\n\n<div class=\"wp-block-image\">\n<figure class=\"aligncenter\"><img decoding=\"async\" src=\"https:\/\/www.hundinstitutet.com\/wp-content\/uploads\/2016\/05\/canisvidbron.jpg\" alt=\"Denna bild har ett alt-attribut som \u00e4r tomt. Dess filnamn \u00e4r canisvidbron.jpg\"\/><\/figure>\n<\/div>\n\n\n<p class=\"has-text-align-left\">Vi satsar st\u00e4ndigt p\u00e5 vidareutbildning inom olika grenar av hundsporten f\u00f6r att Du som kursdeltagare ska f\u00e5 optimal undervisning.<\/p>\n\n\n\n<p class=\"has-text-align-left\">Alla elever \u00e4r v\u00e4lkomna hit, allt fr\u00e5n nyb\u00f6rjaren till den som satsar seri\u00f6st p\u00e5 t\u00e4vling. Kurserna inneh\u00e5ller i regel b\u00e5de teoretiska och praktiska delar. \u00a0P\u00e5 \u00c5land finns en egen HUNDHALL och p\u00e5 kommande inh\u00e4gnad tr\u00e4ningsplan.                                             I fastlandet har vi fr\u00e4mst haft avancerade kurser i Kimito, Axxells lokaler d\u00e4r vi ocks\u00e5\u00a0<strong>utbildat Canis klickertr\u00e4nare<\/strong>\u00a0dvs f\u00f6rsta steget till att bli instrukt\u00f6r. I Sverige har vi h\u00e5llt kurs bl a vid Canis Clickercamp, Stockholm.<\/p>\n\n\n\n<p class=\"has-text-align-left\">Privatlektioner och externa uppdrag mottages efter f\u00f6rfr\u00e5gan. <\/p>\n\n\n\n<p class=\"has-text-align-left\">Vill du veta mer? <a href=\"https:\/\/www.hundinstitutet.com\/?page_id=22\" data-type=\"page\" data-id=\"22\">L\u00e4s h\u00e4r.<\/a><\/p>\n","protected":false},"excerpt":{"rendered":"<p>Vill du tr\u00e4na din hund inf\u00f6r n\u00e5gon som \u00e4r v\u00e4lutbildad inom hundtr\u00e4ning? D\u00e5 har du kommit r\u00e4tt! F\u00f6retaget satsar b\u00e5de p\u00e5 att ta in instrukt\u00f6rer till \u00c5land utifr\u00e5n och att h\u00e5lla egna kurser och lektioner p\u00e5 \u00c5land samt f\u00f6r externa uppdrag i Sverige och Finland. F\u00f6retagets egen huvudinstrukt\u00f6r \u00e4r utbildad bl a vid den h\u00f6gt &hellip; <a href=\"https:\/\/www.hundinstitutet.com\/?page_id=773\" class=\"more-link\">Forts\u00e4tt l\u00e4sa <span class=\"screen-reader-text\">Om Hundinstitutet<\/span><\/a><\/p>\n","protected":false},"author":1,"featured_media":0,"parent":2895,"menu_order":0,"comment_status":"closed","ping_status":"closed","template":"","meta":{"footnotes":""},"class_list":["post-773","page","type-page","status-publish","hentry"],"_links":{"self":[{"href":"https:\/\/www.hundinstitutet.com\/index.php?rest_route=\/wp\/v2\/pages\/773","targetHints":{"allow":["GET"]}}],"collection":[{"href":"https:\/\/www.hundinstitutet.com\/index.php?rest_route=\/wp\/v2\/pages"}],"about":[{"href":"https:\/\/www.hundinstitutet.com\/index.php?rest_route=\/wp\/v2\/types\/page"}],"author":[{"embeddable":true,"href":"https:\/\/www.hundinstitutet.com\/index.php?rest_route=\/wp\/v2\/users\/1"}],"replies":[{"embeddable":true,"href":"https:\/\/www.hundinstitutet.com\/index.php?rest_route=%2Fwp%2Fv2%2Fcomments&post=773"}],"version-history":[{"count":8,"href":"https:\/\/www.hundinstitutet.com\/index.php?rest_route=\/wp\/v2\/pages\/773\/revisions"}],"predecessor-version":[{"id":2970,"href":"https:\/\/www.hundinstitutet.com\/index.php?rest_route=\/wp\/v2\/pages\/773\/revisions\/2970"}],"up":[{"embeddable":true,"href":"https:\/\/www.hundinstitutet.com\/index.php?rest_route=\/wp\/v2\/pages\/2895"}],"wp:attachment":[{"href":"https:\/\/www.hundinstitutet.com\/index.php?rest_route=%2Fwp%2Fv2%2Fmedia&parent=773"}],"curies":[{"name":"wp","href":"https:\/\/api.w.org\/{rel}","templated":true}]}}