{"id":89,"date":"2024-01-19T10:58:22","date_gmt":"2024-01-19T10:58:22","guid":{"rendered":"http:\/\/hundinstitutet.cotongardens.com\/?page_id=89"},"modified":"2024-03-27T08:38:23","modified_gmt":"2024-03-27T08:38:23","slug":"89-2","status":"publish","type":"page","link":"https:\/\/www.hundinstitutet.com\/?page_id=89","title":{"rendered":"Klickerkurs"},"content":{"rendered":"<div class=\"wp-block-image\">\n<figure class=\"aligncenter\"><a href=\"https:\/\/www.hundinstitutet.com\/wp-content\/uploads\/2014\/04\/canisvidbron.jpg\"><img loading=\"lazy\" decoding=\"async\" width=\"300\" height=\"183\" src=\"https:\/\/www.hundinstitutet.com\/wp-content\/uploads\/2014\/04\/canisvidbron-300x183.jpg\" alt=\"\" class=\"wp-image-31\" srcset=\"https:\/\/www.hundinstitutet.com\/wp-content\/uploads\/2014\/04\/canisvidbron-300x183.jpg 300w, https:\/\/www.hundinstitutet.com\/wp-content\/uploads\/2014\/04\/canisvidbron.jpg 400w\" sizes=\"auto, (max-width: 300px) 100vw, 300px\" \/><\/a><\/figure>\n<\/div>\n\n\n<p>Ta Din hundtr\u00e4ning till nya h\u00f6jder oavsett tr\u00e4nings- t\u00e4vlingsgren eller vardagstr\u00e4ning genom att l\u00e4r dig klickertr\u00e4ning! F\u00f6rutom att klickertr\u00e4ningen \u00e4r en effektiv vetenskapligt baserad metod, handlar det ocks\u00e5 om att vi g\u00f6r ett val. Vi anv\u00e4nder aldrig obehag i tr\u00e4ningen, hunden ska inte beh\u00f6va vara r\u00e4dd eller os\u00e4ker p\u00e5 att g\u00f6ra fel.<\/p>\n\n\n\n<p>Sj\u00e4lva klickern \u00e4r bara en liten del av vad du beh\u00f6ver kunna f\u00f6r att f\u00f6rst\u00e5 hur det fungerar. Klickertr\u00e4ning \u00e4r ett v\u00e4ldigt stort \u00e4mne. Klickertr\u00e4ning g\u00f6r att din hund \u00e4lskar tr\u00e4ningen, det har du givetvis gl\u00e4dje av resten av hundens liv!<\/p>\n\n\n\n<p>Vid kurserna fokuserar vi p\u00e5 klickertr\u00e4ningens funktion, hur du tr\u00e4nar med olika tekniker. Du f\u00e5r sj\u00e4lv l\u00e4ra dig hur de olika teknikerna fungerar b\u00e5de praktiskt och teoretiskt, exempelvis targettr\u00e4ning, shejping, f\u00e5nga beteenden, anv\u00e4ndning av milj\u00f6hj\u00e4lper mm. Du kommer ocks\u00e5 att f\u00e5 inblick i frivilliga beteenden och hur vi hanterar dem. Niv\u00e5n anpassas till individuella f\u00f6rkunskaper.<\/p>\n\n\n\n<p>Jag \u00e4r bl a examinerad\u00a0 KLICKERINSTRUKT\u00d6R hos CANIS NORGE, dvs 1 \u00e5rig teoretisk och praktisk Klickertr\u00e4narutbildning och vidareutbildning ytterligare\u00a0 till steg 2: 1 \u00e5r till CANIS INSTRUKT\u00d6R. Jag har \u00e4ven varit en av huvudl\u00e4rarna f\u00f6r utbildning av CANIS KLICKERTR\u00c4NARE i Finland.<a href=\"https:\/\/www.hundinstitutet.com\/wp-content\/uploads\/2014\/04\/freestyle-030.jpg\"><\/a><\/p>\n\n\n\n<p>Filmer nedan \u00e4r p\u00e5 en av teknikerna:\u00a0 target \u201dpalltr\u00e4ning\u201d f\u00f6r valp f\u00f6r utg\u00e5ngsposition<\/p>\n\n\n\n<figure class=\"wp-block-embed aligncenter is-type-video is-provider-youtube wp-block-embed-youtube wp-embed-aspect-16-9 wp-has-aspect-ratio\"><div class=\"wp-block-embed__wrapper\">\n<iframe loading=\"lazy\" title=\"De f\u00f6rsta stapplande stegen runt pallen\" width=\"660\" height=\"371\" src=\"https:\/\/www.youtube.com\/embed\/m0_lGVizDvs?feature=oembed\" frameborder=\"0\" allow=\"accelerometer; autoplay; clipboard-write; encrypted-media; gyroscope; picture-in-picture; web-share\" referrerpolicy=\"strict-origin-when-cross-origin\" allowfullscreen><\/iframe>\n<\/div><figcaption class=\"wp-element-caption\">Grace 10 veckor<\/figcaption><\/figure>\n\n\n\n<figure class=\"wp-block-embed aligncenter is-type-video is-provider-youtube wp-block-embed-youtube wp-embed-aspect-16-9 wp-has-aspect-ratio\"><div class=\"wp-block-embed__wrapper\">\n<iframe loading=\"lazy\" title=\"Grace tr\u00e4nar pallen o. foting\u00e5ng 13 v\" width=\"660\" height=\"371\" src=\"https:\/\/www.youtube.com\/embed\/kp78ZItUiI0?feature=oembed\" frameborder=\"0\" allow=\"accelerometer; autoplay; clipboard-write; encrypted-media; gyroscope; picture-in-picture; web-share\" referrerpolicy=\"strict-origin-when-cross-origin\" allowfullscreen><\/iframe>\n<\/div><figcaption class=\"wp-element-caption\">Grace 13 veckor<\/figcaption><\/figure>\n\n\n\n<h2 class=\"wp-block-heading\">Kurser hos Hundinstitutet:<\/h2>\n\n\n\n<p>Vill du l\u00e4sa innan eller efter kursen?\u00a0Litteratur finns p\u00e5 bibliotek samt att best\u00e4lla vid Adlibris och Canis:\u00a0 Klickertr\u00e4ning f\u00f6r din hund, utgiven av Canis<\/p>\n\n\n\n<h5 class=\"wp-block-heading\"><strong>\u201dKLICKERSTART\u201d<\/strong><\/h5>\n\n\n\n<p>\u00a0Det viktigaste med kursen \u00e4r vad DU l\u00e4r dig. Du f\u00e5r grundkunskap i klickertr\u00e4ning vilket ger en bra start f\u00f6r att b\u00f6rja tr\u00e4na p\u00e5 egen hand efter kursen.\u00a0 <\/p>\n\n\n\n<p>L\u00e4mplig f\u00f6r alla \u00e5ldrar fr\u00e5n 4 m\u00e5nader till senior.<\/p>\n\n\n\n<p><strong>F\u00f6rkunskaper<\/strong>: inga f\u00f6rkunskaper beh\u00f6vs<\/p>\n\n\n\n<p>Datum ej \u00e4nnu best\u00e4mt, l\u00e4mna intresseanm\u00e4lan!<\/p>\n\n\n\n<p><strong>Efter genomf\u00f6rd kurs<\/strong>\u00a0kan du g\u00e5 t.ex.\u00a0Klickerforts\u00e4ttning.<\/p>\n\n\n\n<h5 class=\"wp-block-heading\"><strong>\u201dKLICKERFORTS\u00c4TTNING\u201d<\/strong><\/h5>\n\n\n\n<p>F\u00f6r dig som vill vidareutveckla klickertr\u00e4ningen men har tidigare kunskaper.\u00a0<\/p>\n\n\n\n<p><strong>F\u00f6rkunskaper<\/strong>: klickerstart eller motsvarande.<\/p>\n\n\n\n<p>Datum ej \u00e4nnu best\u00e4mt, l\u00e4mna intresseanm\u00e4lan!<\/p>\n\n\n\n<div class=\"wp-block-buttons is-content-justification-center is-layout-flex wp-container-core-buttons-is-layout-16018d1d wp-block-buttons-is-layout-flex\">\n<div class=\"wp-block-button\"><a class=\"wp-block-button__link wp-element-button\" href=\"https:\/\/www.hundinstitutet.com\/?page_id=2861\">AKTUELLA KURSER<\/a><\/div>\n<\/div>\n\n\n\n<p>Anm\u00e4lan vid fastslaget datum \u00e4r bindande. Nedan kan du g\u00f6ra intresseanm\u00e4lan f\u00f6r kommande kurser.<\/p>\n\n\n\n<p>ANM\u00c4LNINGSBLANKETT<\/p>\n\n\n<div class=\"wpforms-container wpforms-container-full wpforms-block wpforms-block-ee7e4d8d-7df5-465b-a0cf-a0504c2570f0\" id=\"wpforms-1695\"><form id=\"wpforms-form-1695\" class=\"wpforms-validate wpforms-form\" data-formid=\"1695\" method=\"post\" enctype=\"multipart\/form-data\" action=\"\/index.php?rest_route=%2Fwp%2Fv2%2Fpages%2F89\" data-token=\"8861ef2567192d931888beac3c4ead64\" data-token-time=\"1777383205\"><noscript class=\"wpforms-error-noscript\">Aktivera JavaScript i din webbl\u00e4sare f\u00f6r att fylla i formul\u00e4ret.<\/noscript><div class=\"wpforms-field-container\"><div id=\"wpforms-1695-field_2-container\" class=\"wpforms-field wpforms-field-name\" data-field-id=\"2\"><label class=\"wpforms-field-label\" for=\"wpforms-1695-field_2\">Namn <span class=\"wpforms-required-label\">*<\/span><\/label><div class=\"wpforms-field-row wpforms-field-medium\"><div class=\"wpforms-field-row-block wpforms-first wpforms-one-half\"><input type=\"text\" id=\"wpforms-1695-field_2\" class=\"wpforms-field-name-first wpforms-field-required\" name=\"wpforms[fields][2][first]\" placeholder=\"F\u00f6rnamn\" required><label for=\"wpforms-1695-field_2\" class=\"wpforms-field-sublabel after wpforms-sublabel-hide\">F\u00f6rst<\/label><\/div><div class=\"wpforms-field-row-block wpforms-one-half\"><input type=\"text\" id=\"wpforms-1695-field_2-last\" class=\"wpforms-field-name-last wpforms-field-required\" name=\"wpforms[fields][2][last]\" placeholder=\"Efternamn\" required><label for=\"wpforms-1695-field_2-last\" class=\"wpforms-field-sublabel after wpforms-sublabel-hide\">Sist<\/label><\/div><\/div><\/div><div id=\"wpforms-1695-field_3-container\" class=\"wpforms-field wpforms-field-text\" data-field-id=\"3\"><label class=\"wpforms-field-label\" for=\"wpforms-1695-field_3\">Adress <span class=\"wpforms-required-label\">*<\/span><\/label><input type=\"text\" id=\"wpforms-1695-field_3\" class=\"wpforms-field-medium wpforms-field-required\" name=\"wpforms[fields][3]\" placeholder=\"N\u00e4radress\" required><\/div><div id=\"wpforms-1695-field_4-container\" class=\"wpforms-field wpforms-field-text\" data-field-id=\"4\"><label class=\"wpforms-field-label\" for=\"wpforms-1695-field_4\">Postadress <span class=\"wpforms-required-label\">*<\/span><\/label><input type=\"text\" id=\"wpforms-1695-field_4\" class=\"wpforms-field-medium wpforms-field-required\" name=\"wpforms[fields][4]\" placeholder=\"Postnummer och ort\" required><\/div><div id=\"wpforms-1695-field_5-container\" class=\"wpforms-field wpforms-field-email\" data-field-id=\"5\"><label class=\"wpforms-field-label\" for=\"wpforms-1695-field_5\">Epost <span class=\"wpforms-required-label\">*<\/span><\/label><input type=\"email\" id=\"wpforms-1695-field_5\" class=\"wpforms-field-medium wpforms-field-required\" name=\"wpforms[fields][5]\" spellcheck=\"false\" required><\/div><div id=\"wpforms-1695-field_18-container\" class=\"wpforms-field wpforms-field-text\" data-field-id=\"18\"><label class=\"wpforms-field-label\" for=\"wpforms-1695-field_18\">Telefonnummer <span class=\"wpforms-required-label\">*<\/span><\/label><input type=\"text\" id=\"wpforms-1695-field_18\" class=\"wpforms-field-medium wpforms-field-required\" name=\"wpforms[fields][18]\" required><\/div><div id=\"wpforms-1695-field_7-container\" class=\"wpforms-field wpforms-field-text\" data-field-id=\"7\"><label class=\"wpforms-field-label\" for=\"wpforms-1695-field_7\">Jag vill delta i  <span class=\"wpforms-required-label\">*<\/span><\/label><input type=\"text\" id=\"wpforms-1695-field_7\" class=\"wpforms-field-medium wpforms-field-required\" name=\"wpforms[fields][7]\" placeholder=\"Kursnamn\" required><\/div><div id=\"wpforms-1695-field_8-container\" class=\"wpforms-field wpforms-field-text\" data-field-id=\"8\"><label class=\"wpforms-field-label\" for=\"wpforms-1695-field_8\">Hundens namn <span class=\"wpforms-required-label\">*<\/span><\/label><input type=\"text\" id=\"wpforms-1695-field_8\" class=\"wpforms-field-medium wpforms-field-required\" name=\"wpforms[fields][8]\" required><\/div><div id=\"wpforms-1695-field_9-container\" class=\"wpforms-field wpforms-field-text\" data-field-id=\"9\"><label class=\"wpforms-field-label\" for=\"wpforms-1695-field_9\">Hundens ras <span class=\"wpforms-required-label\">*<\/span><\/label><input type=\"text\" id=\"wpforms-1695-field_9\" class=\"wpforms-field-medium wpforms-field-required\" name=\"wpforms[fields][9]\" required><\/div><div id=\"wpforms-1695-field_10-container\" class=\"wpforms-field wpforms-field-checkbox\" data-field-id=\"10\"><label class=\"wpforms-field-label\">Hundens k\u00f6n <span class=\"wpforms-required-label\">*<\/span><\/label><ul id=\"wpforms-1695-field_10\" class=\"wpforms-field-required\"><li class=\"choice-1 depth-1\"><input type=\"checkbox\" id=\"wpforms-1695-field_10_1\" name=\"wpforms[fields][10][]\" value=\"Tik\" required ><label class=\"wpforms-field-label-inline\" for=\"wpforms-1695-field_10_1\">Tik<\/label><\/li><li class=\"choice-2 depth-1\"><input type=\"checkbox\" id=\"wpforms-1695-field_10_2\" name=\"wpforms[fields][10][]\" value=\"Hane\" required ><label class=\"wpforms-field-label-inline\" for=\"wpforms-1695-field_10_2\">Hane<\/label><\/li><\/ul><\/div><div id=\"wpforms-1695-field_12-container\" class=\"wpforms-field wpforms-field-textarea\" data-field-id=\"12\"><label class=\"wpforms-field-label\" for=\"wpforms-1695-field_12\">Vad vill du l\u00e4ra dig p\u00e5 kursen?<\/label><textarea id=\"wpforms-1695-field_12\" class=\"wpforms-field-medium\" name=\"wpforms[fields][12]\" ><\/textarea><\/div><div id=\"wpforms-1695-field_13-container\" class=\"wpforms-field wpforms-field-textarea\" data-field-id=\"13\"><label class=\"wpforms-field-label\" for=\"wpforms-1695-field_13\"> Ska hunden anv\u00e4ndas till n\u00e5got speciellt? (jakt, bruks, lydnad, sp\u00e5r, familjehund)<\/label><textarea id=\"wpforms-1695-field_13\" class=\"wpforms-field-medium\" name=\"wpforms[fields][13]\" ><\/textarea><\/div><div id=\"wpforms-1695-field_14-container\" class=\"wpforms-field wpforms-field-textarea\" data-field-id=\"14\"><label class=\"wpforms-field-label\" for=\"wpforms-1695-field_14\">Har hunden haft n\u00e5gra skador eller sjukdomar?<\/label><textarea id=\"wpforms-1695-field_14\" class=\"wpforms-field-medium\" name=\"wpforms[fields][14]\" ><\/textarea><\/div><div id=\"wpforms-1695-field_15-container\" class=\"wpforms-field wpforms-field-textarea\" data-field-id=\"15\"><label class=\"wpforms-field-label\" for=\"wpforms-1695-field_15\">Har du specifika problem med hunden?<\/label><textarea id=\"wpforms-1695-field_15\" class=\"wpforms-field-medium\" name=\"wpforms[fields][15]\" ><\/textarea><\/div><div id=\"wpforms-1695-field_16-container\" class=\"wpforms-field wpforms-field-checkbox\" data-field-id=\"16\"><label class=\"wpforms-field-label\">Avbest\u00e4llningsvillkor: Anm\u00e4lan till kurs\/utbildning \u00e4r bindande. Vid f\u00f6rhinder har jag sj\u00e4lv r\u00e4tt att s\u00e4lja min avbokade plats till annan deltagare som \u00e4r p\u00e5 l\u00e4mplig niv\u00e5 f\u00f6r kursen. <span class=\"wpforms-required-label\">*<\/span><\/label><ul id=\"wpforms-1695-field_16\" class=\"wpforms-field-required\"><li class=\"choice-1 depth-1\"><input type=\"checkbox\" id=\"wpforms-1695-field_16_1\" name=\"wpforms[fields][16][]\" value=\"Jag accepterar\" required ><label class=\"wpforms-field-label-inline\" for=\"wpforms-1695-field_16_1\">Jag accepterar<\/label><\/li><\/ul><\/div><div id=\"wpforms-1695-field_17-container\" class=\"wpforms-field wpforms-field-checkbox\" data-field-id=\"17\"><label class=\"wpforms-field-label\">Ansvarsvillkor: Jag \u00e4r sj\u00e4lv ansvarig f\u00f6r att jag och min hund \u00e4r tillr\u00e4ckligt f\u00f6rs\u00e4krade. Jag bekr\u00e4ftar att jag deltar p\u00e5 kursen p\u00e5 eget ansvar och att jag sj\u00e4lv \u00e4r ansvarig f\u00f6r eventuella skador som jag eller min hund orsakar. <span class=\"wpforms-required-label\">*<\/span><\/label><ul id=\"wpforms-1695-field_17\" class=\"wpforms-field-required\"><li class=\"choice-1 depth-1\"><input type=\"checkbox\" id=\"wpforms-1695-field_17_1\" name=\"wpforms[fields][17][]\" value=\"Jag accepterar\" required ><label class=\"wpforms-field-label-inline\" for=\"wpforms-1695-field_17_1\">Jag accepterar<\/label><\/li><\/ul><\/div><\/div><!-- .wpforms-field-container --><div class=\"wpforms-submit-container\" ><input type=\"hidden\" name=\"wpforms[id]\" value=\"1695\"><input type=\"hidden\" name=\"page_title\" value=\"\"><input type=\"hidden\" name=\"page_url\" value=\"https:\/\/www.hundinstitutet.com\/index.php?rest_route=\/wp\/v2\/pages\/89\"><input type=\"hidden\" name=\"url_referer\" value=\"\"><button type=\"submit\" name=\"wpforms[submit]\" id=\"wpforms-submit-1695\" class=\"wpforms-submit\" data-alt-text=\"Skickar din anm\u00e4lan...\" data-submit-text=\"Skicka\" aria-live=\"assertive\" value=\"wpforms-submit\">Skicka<\/button><\/div><\/form><\/div>  <!-- .wpforms-container -->","protected":false},"excerpt":{"rendered":"<p>Ta Din hundtr\u00e4ning till nya h\u00f6jder oavsett tr\u00e4nings- t\u00e4vlingsgren eller vardagstr\u00e4ning genom att l\u00e4r dig klickertr\u00e4ning! F\u00f6rutom att klickertr\u00e4ningen \u00e4r en effektiv vetenskapligt baserad metod, handlar det ocks\u00e5 om att vi g\u00f6r ett val. Vi anv\u00e4nder aldrig obehag i tr\u00e4ningen, hunden ska inte beh\u00f6va vara r\u00e4dd eller os\u00e4ker p\u00e5 att g\u00f6ra fel. Sj\u00e4lva klickern \u00e4r &hellip; <a href=\"https:\/\/www.hundinstitutet.com\/?page_id=89\" class=\"more-link\">Forts\u00e4tt l\u00e4sa <span class=\"screen-reader-text\">Klickerkurs<\/span><\/a><\/p>\n","protected":false},"author":1,"featured_media":0,"parent":2338,"menu_order":0,"comment_status":"closed","ping_status":"closed","template":"","meta":{"footnotes":""},"class_list":["post-89","page","type-page","status-publish","hentry"],"_links":{"self":[{"href":"https:\/\/www.hundinstitutet.com\/index.php?rest_route=\/wp\/v2\/pages\/89","targetHints":{"allow":["GET"]}}],"collection":[{"href":"https:\/\/www.hundinstitutet.com\/index.php?rest_route=\/wp\/v2\/pages"}],"about":[{"href":"https:\/\/www.hundinstitutet.com\/index.php?rest_route=\/wp\/v2\/types\/page"}],"author":[{"embeddable":true,"href":"https:\/\/www.hundinstitutet.com\/index.php?rest_route=\/wp\/v2\/users\/1"}],"replies":[{"embeddable":true,"href":"https:\/\/www.hundinstitutet.com\/index.php?rest_route=%2Fwp%2Fv2%2Fcomments&post=89"}],"version-history":[{"count":99,"href":"https:\/\/www.hundinstitutet.com\/index.php?rest_route=\/wp\/v2\/pages\/89\/revisions"}],"predecessor-version":[{"id":2982,"href":"https:\/\/www.hundinstitutet.com\/index.php?rest_route=\/wp\/v2\/pages\/89\/revisions\/2982"}],"up":[{"embeddable":true,"href":"https:\/\/www.hundinstitutet.com\/index.php?rest_route=\/wp\/v2\/pages\/2338"}],"wp:attachment":[{"href":"https:\/\/www.hundinstitutet.com\/index.php?rest_route=%2Fwp%2Fv2%2Fmedia&parent=89"}],"curies":[{"name":"wp","href":"https:\/\/api.w.org\/{rel}","templated":true}]}}