{"id":909,"date":"2020-05-22T20:05:28","date_gmt":"2020-05-22T20:05:28","guid":{"rendered":"http:\/\/www.hundinstitutet.com\/?page_id=909"},"modified":"2025-05-22T06:59:14","modified_gmt":"2025-05-22T06:59:14","slug":"nosework-doftprov","status":"publish","type":"page","link":"https:\/\/www.hundinstitutet.com\/?page_id=909","title":{"rendered":"Kurs i PROV, Nosework"},"content":{"rendered":"<p>F\u00f6rbered dig inf\u00f6r t\u00e4vlingsstart eller bara p\u00e5 skoj ! Kursen best\u00e5r av tv\u00e5 tillf\u00e4llen tr\u00e4ning och det tredje testar vi hundens kunskaper med Inofficiellt doftprov\/beh\u00e5llars\u00f6k. Vi anv\u00e4nder \u00e4ven s\u00f6kplattform och urvalsbanor f\u00f6r att bef\u00e4sta doften, markeringar och l\u00e4gga in st\u00f6rningsdofter! Markeringen \u00e4r ofta n\u00e5got m\u00e5nga hundar har sv\u00e5rt med och d\u00e4rf\u00f6r inte klarar en t\u00e4vling.\u00a0 Har din hund en riktigt bra markering \u00e4r mycket vunnet!<\/p>\n<p><a href=\"https:\/\/www.hundinstitutet.com\/wp-content\/uploads\/2024\/04\/437171751_2132676873769303_4560331090321483386_n.jpg\"><img loading=\"lazy\" decoding=\"async\" class=\"alignnone size-medium wp-image-3152 aligncenter\" src=\"https:\/\/www.hundinstitutet.com\/wp-content\/uploads\/2024\/04\/437171751_2132676873769303_4560331090321483386_n-196x300.jpg\" alt=\"\" width=\"196\" height=\"300\" srcset=\"https:\/\/www.hundinstitutet.com\/wp-content\/uploads\/2024\/04\/437171751_2132676873769303_4560331090321483386_n-196x300.jpg 196w, https:\/\/www.hundinstitutet.com\/wp-content\/uploads\/2024\/04\/437171751_2132676873769303_4560331090321483386_n-670x1024.jpg 670w, https:\/\/www.hundinstitutet.com\/wp-content\/uploads\/2024\/04\/437171751_2132676873769303_4560331090321483386_n-768x1174.jpg 768w, https:\/\/www.hundinstitutet.com\/wp-content\/uploads\/2024\/04\/437171751_2132676873769303_4560331090321483386_n.jpg 827w\" sizes=\"auto, (max-width: 196px) 100vw, 196px\" \/><\/a><\/p>\n<p>I Sverige \u00e4r doftprov ett officiellt krav innan t\u00e4vling, i Finland kr\u00e4vs inget doftprov innan t\u00e4vling. Doftprovet motsvarar ett vanligt beh\u00e5llars\u00f6k. Vi anv\u00e4nder i f\u00f6rsta hand eukalyptus men du kan \u00e4ven tr\u00e4na med ex. lagerblad ( klass 2 nosework), eller doft som anv\u00e4nds av det svenska specials\u00f6ket (kong). \u00c4ven du som vill l\u00e4ra in svamps\u00f6k p\u00e5 detta s\u00e4tt \u00e4r v\u00e4lkommen.<\/p>\n<p><a href=\"https:\/\/www.hundinstitutet.com\/wp-content\/uploads\/2022\/12\/318088501_675384344235157_3736476222482999737_n.jpg\"><img loading=\"lazy\" decoding=\"async\" class=\"alignnone size-full wp-image-1989 aligncenter\" src=\"https:\/\/www.hundinstitutet.com\/wp-content\/uploads\/2022\/12\/318088501_675384344235157_3736476222482999737_n.jpg\" alt=\"\" width=\"261\" height=\"200\" \/><\/a><\/p>\n<p>P\u00e5 denna kurs f\u00e5r du anv\u00e4nda s\u00f6kplattformen (ovan) som ett komplement f\u00f6r tr\u00e4ningen!<\/p>\n<p>Provet best\u00e5r av 12 kartonger varav en \u00e4r laddad med en droppe eukalyptushydrolat. \u00a0N\u00e4r f\u00f6raren bed\u00f6mer att hunden hittat r\u00e4tt kartong ska domaren meddelas. Tid , Max 3 min. Se \u00a0mer regler: SNWK, \u00a0Svenska Noseworkklubben<\/p>\n<p>Provet kan arrangeras inomhus eller utomhus<\/p>\n<p>Datum: 17\/6, 24\/6 och 1\/7<\/p>\n<p>Tid kl 18 &#8211; ca 19,40 samtliga kv\u00e4llar<\/p>\n<p>Alla som klarar provet inom tiden f\u00e5r diplom. Efter provet f\u00e5r ekipage som inte blivit godk\u00e4nda m\u00f6jlighet att f\u00e5 tips om vidare tr\u00e4ning.<\/p>\n<p>F\u00f6rkunskaper:\u00a0 G\u00e4rna minst Nosework 1 eller Kantarells\u00f6kskurs vid Hundinstitutet (alt. motsvarande kunskaper). Du kan \u00e4ven vara nyb\u00f6rjare men d\u00e5 f\u00e5r du r\u00e4kna med att h\u00e5lla l\u00e5ga kriterier.\u00a0 Nosework 1 vid Hundinstituet inneh\u00e5ller mer grundl\u00e4ggande fakta och viktiga \u00f6vningar f\u00f6r nyb\u00f6rjare.\u00a0<\/p>\n<p>Arrang\u00f6ren \u00e4r bl a certifierad DOFTPROVSDOMARE av SNWK, tj\u00e4nstehundsutb. mm<\/p>\n<p>Priset \u00e4r 119 \u20ac per ekipage\u00a0\u00a0<\/p>\n\n<div class=\"wpforms-container wpforms-container-full wpforms-block wpforms-block-272cbfc0-46c7-42a6-acb2-1e752ba301c2\" id=\"wpforms-1695\"><form id=\"wpforms-form-1695\" class=\"wpforms-validate wpforms-form\" data-formid=\"1695\" method=\"post\" enctype=\"multipart\/form-data\" action=\"\/index.php?rest_route=%2Fwp%2Fv2%2Fpages%2F909\" data-token=\"d5cce333465adbcf355d651d0ec4cd3b\" data-token-time=\"1776512400\"><noscript class=\"wpforms-error-noscript\">Aktivera JavaScript i din webbl\u00e4sare f\u00f6r att fylla i formul\u00e4ret.<\/noscript><div class=\"wpforms-field-container\"><div id=\"wpforms-1695-field_2-container\" class=\"wpforms-field wpforms-field-name\" data-field-id=\"2\"><label class=\"wpforms-field-label\" for=\"wpforms-1695-field_2\">Namn <span class=\"wpforms-required-label\">*<\/span><\/label><div class=\"wpforms-field-row wpforms-field-medium\"><div class=\"wpforms-field-row-block wpforms-first wpforms-one-half\"><input type=\"text\" id=\"wpforms-1695-field_2\" class=\"wpforms-field-name-first wpforms-field-required\" name=\"wpforms[fields][2][first]\" placeholder=\"F\u00f6rnamn\" required><label for=\"wpforms-1695-field_2\" class=\"wpforms-field-sublabel after wpforms-sublabel-hide\">F\u00f6rst<\/label><\/div><div class=\"wpforms-field-row-block wpforms-one-half\"><input type=\"text\" id=\"wpforms-1695-field_2-last\" class=\"wpforms-field-name-last wpforms-field-required\" name=\"wpforms[fields][2][last]\" placeholder=\"Efternamn\" required><label for=\"wpforms-1695-field_2-last\" class=\"wpforms-field-sublabel after wpforms-sublabel-hide\">Sist<\/label><\/div><\/div><\/div><div id=\"wpforms-1695-field_3-container\" class=\"wpforms-field wpforms-field-text\" data-field-id=\"3\"><label class=\"wpforms-field-label\" for=\"wpforms-1695-field_3\">Adress <span class=\"wpforms-required-label\">*<\/span><\/label><input type=\"text\" id=\"wpforms-1695-field_3\" class=\"wpforms-field-medium wpforms-field-required\" name=\"wpforms[fields][3]\" placeholder=\"N\u00e4radress\" required><\/div><div id=\"wpforms-1695-field_4-container\" class=\"wpforms-field wpforms-field-text\" data-field-id=\"4\"><label class=\"wpforms-field-label\" for=\"wpforms-1695-field_4\">Postadress <span class=\"wpforms-required-label\">*<\/span><\/label><input type=\"text\" id=\"wpforms-1695-field_4\" class=\"wpforms-field-medium wpforms-field-required\" name=\"wpforms[fields][4]\" placeholder=\"Postnummer och ort\" required><\/div><div id=\"wpforms-1695-field_5-container\" class=\"wpforms-field wpforms-field-email\" data-field-id=\"5\"><label class=\"wpforms-field-label\" for=\"wpforms-1695-field_5\">Epost <span class=\"wpforms-required-label\">*<\/span><\/label><input type=\"email\" id=\"wpforms-1695-field_5\" class=\"wpforms-field-medium wpforms-field-required\" name=\"wpforms[fields][5]\" spellcheck=\"false\" required><\/div><div id=\"wpforms-1695-field_18-container\" class=\"wpforms-field wpforms-field-text\" data-field-id=\"18\"><label class=\"wpforms-field-label\" for=\"wpforms-1695-field_18\">Telefonnummer <span class=\"wpforms-required-label\">*<\/span><\/label><input type=\"text\" id=\"wpforms-1695-field_18\" class=\"wpforms-field-medium wpforms-field-required\" name=\"wpforms[fields][18]\" required><\/div><div id=\"wpforms-1695-field_7-container\" class=\"wpforms-field wpforms-field-text\" data-field-id=\"7\"><label class=\"wpforms-field-label\" for=\"wpforms-1695-field_7\">Jag vill delta i  <span class=\"wpforms-required-label\">*<\/span><\/label><input type=\"text\" id=\"wpforms-1695-field_7\" class=\"wpforms-field-medium wpforms-field-required\" name=\"wpforms[fields][7]\" placeholder=\"Kursnamn\" required><\/div><div id=\"wpforms-1695-field_8-container\" class=\"wpforms-field wpforms-field-text\" data-field-id=\"8\"><label class=\"wpforms-field-label\" for=\"wpforms-1695-field_8\">Hundens namn <span class=\"wpforms-required-label\">*<\/span><\/label><input type=\"text\" id=\"wpforms-1695-field_8\" class=\"wpforms-field-medium wpforms-field-required\" name=\"wpforms[fields][8]\" required><\/div><div id=\"wpforms-1695-field_9-container\" class=\"wpforms-field wpforms-field-text\" data-field-id=\"9\"><label class=\"wpforms-field-label\" for=\"wpforms-1695-field_9\">Hundens ras <span class=\"wpforms-required-label\">*<\/span><\/label><input type=\"text\" id=\"wpforms-1695-field_9\" class=\"wpforms-field-medium wpforms-field-required\" name=\"wpforms[fields][9]\" required><\/div><div id=\"wpforms-1695-field_10-container\" class=\"wpforms-field wpforms-field-checkbox\" data-field-id=\"10\"><label class=\"wpforms-field-label\">Hundens k\u00f6n <span class=\"wpforms-required-label\">*<\/span><\/label><ul id=\"wpforms-1695-field_10\" class=\"wpforms-field-required\"><li class=\"choice-1 depth-1\"><input type=\"checkbox\" id=\"wpforms-1695-field_10_1\" name=\"wpforms[fields][10][]\" value=\"Tik\" required ><label class=\"wpforms-field-label-inline\" for=\"wpforms-1695-field_10_1\">Tik<\/label><\/li><li class=\"choice-2 depth-1\"><input type=\"checkbox\" id=\"wpforms-1695-field_10_2\" name=\"wpforms[fields][10][]\" value=\"Hane\" required ><label class=\"wpforms-field-label-inline\" for=\"wpforms-1695-field_10_2\">Hane<\/label><\/li><\/ul><\/div><div id=\"wpforms-1695-field_12-container\" class=\"wpforms-field wpforms-field-textarea\" data-field-id=\"12\"><label class=\"wpforms-field-label\" for=\"wpforms-1695-field_12\">Vad vill du l\u00e4ra dig p\u00e5 kursen?<\/label><textarea id=\"wpforms-1695-field_12\" class=\"wpforms-field-medium\" name=\"wpforms[fields][12]\" ><\/textarea><\/div><div id=\"wpforms-1695-field_13-container\" class=\"wpforms-field wpforms-field-textarea\" data-field-id=\"13\"><label class=\"wpforms-field-label\" for=\"wpforms-1695-field_13\"> Ska hunden anv\u00e4ndas till n\u00e5got speciellt? (jakt, bruks, lydnad, sp\u00e5r, familjehund)<\/label><textarea id=\"wpforms-1695-field_13\" class=\"wpforms-field-medium\" name=\"wpforms[fields][13]\" ><\/textarea><\/div><div id=\"wpforms-1695-field_14-container\" class=\"wpforms-field wpforms-field-textarea\" data-field-id=\"14\"><label class=\"wpforms-field-label\" for=\"wpforms-1695-field_14\">Har hunden haft n\u00e5gra skador eller sjukdomar?<\/label><textarea id=\"wpforms-1695-field_14\" class=\"wpforms-field-medium\" name=\"wpforms[fields][14]\" ><\/textarea><\/div><div id=\"wpforms-1695-field_15-container\" class=\"wpforms-field wpforms-field-textarea\" data-field-id=\"15\"><label class=\"wpforms-field-label\" for=\"wpforms-1695-field_15\">Har du specifika problem med hunden?<\/label><textarea id=\"wpforms-1695-field_15\" class=\"wpforms-field-medium\" name=\"wpforms[fields][15]\" ><\/textarea><\/div><div id=\"wpforms-1695-field_16-container\" class=\"wpforms-field wpforms-field-checkbox\" data-field-id=\"16\"><label class=\"wpforms-field-label\">Avbest\u00e4llningsvillkor: Anm\u00e4lan till kurs\/utbildning \u00e4r bindande. Vid f\u00f6rhinder har jag sj\u00e4lv r\u00e4tt att s\u00e4lja min avbokade plats till annan deltagare som \u00e4r p\u00e5 l\u00e4mplig niv\u00e5 f\u00f6r kursen. <span class=\"wpforms-required-label\">*<\/span><\/label><ul id=\"wpforms-1695-field_16\" class=\"wpforms-field-required\"><li class=\"choice-1 depth-1\"><input type=\"checkbox\" id=\"wpforms-1695-field_16_1\" name=\"wpforms[fields][16][]\" value=\"Jag accepterar\" required ><label class=\"wpforms-field-label-inline\" for=\"wpforms-1695-field_16_1\">Jag accepterar<\/label><\/li><\/ul><\/div><div id=\"wpforms-1695-field_17-container\" class=\"wpforms-field wpforms-field-checkbox\" data-field-id=\"17\"><label class=\"wpforms-field-label\">Ansvarsvillkor: Jag \u00e4r sj\u00e4lv ansvarig f\u00f6r att jag och min hund \u00e4r tillr\u00e4ckligt f\u00f6rs\u00e4krade. Jag bekr\u00e4ftar att jag deltar p\u00e5 kursen p\u00e5 eget ansvar och att jag sj\u00e4lv \u00e4r ansvarig f\u00f6r eventuella skador som jag eller min hund orsakar. <span class=\"wpforms-required-label\">*<\/span><\/label><ul id=\"wpforms-1695-field_17\" class=\"wpforms-field-required\"><li class=\"choice-1 depth-1\"><input type=\"checkbox\" id=\"wpforms-1695-field_17_1\" name=\"wpforms[fields][17][]\" value=\"Jag accepterar\" required ><label class=\"wpforms-field-label-inline\" for=\"wpforms-1695-field_17_1\">Jag accepterar<\/label><\/li><\/ul><\/div><\/div><!-- .wpforms-field-container --><div class=\"wpforms-submit-container\" ><input type=\"hidden\" name=\"wpforms[id]\" value=\"1695\"><input type=\"hidden\" name=\"page_title\" value=\"\"><input type=\"hidden\" name=\"page_url\" value=\"https:\/\/www.hundinstitutet.com\/index.php?rest_route=\/wp\/v2\/pages\/909\"><input type=\"hidden\" name=\"url_referer\" value=\"\"><button type=\"submit\" name=\"wpforms[submit]\" id=\"wpforms-submit-1695\" class=\"wpforms-submit\" data-alt-text=\"Skickar din anm\u00e4lan...\" data-submit-text=\"Skicka\" aria-live=\"assertive\" value=\"wpforms-submit\">Skicka<\/button><\/div><\/form><\/div>  <!-- .wpforms-container -->","protected":false},"excerpt":{"rendered":"<p>F\u00f6rbered dig inf\u00f6r t\u00e4vlingsstart eller bara p\u00e5 skoj ! Kursen best\u00e5r av tv\u00e5 tillf\u00e4llen tr\u00e4ning och det tredje testar vi hundens kunskaper med Inofficiellt doftprov\/beh\u00e5llars\u00f6k. Vi anv\u00e4nder \u00e4ven s\u00f6kplattform och urvalsbanor f\u00f6r att bef\u00e4sta doften, markeringar och l\u00e4gga in st\u00f6rningsdofter! Markeringen \u00e4r ofta n\u00e5got m\u00e5nga hundar har sv\u00e5rt med och d\u00e4rf\u00f6r inte klarar en t\u00e4vling.\u00a0 &hellip; <a href=\"https:\/\/www.hundinstitutet.com\/?page_id=909\" class=\"more-link\">Forts\u00e4tt l\u00e4sa <span class=\"screen-reader-text\">Kurs i PROV, Nosework<\/span><\/a><\/p>\n","protected":false},"author":1,"featured_media":0,"parent":2327,"menu_order":1,"comment_status":"closed","ping_status":"closed","template":"","meta":{"footnotes":""},"class_list":["post-909","page","type-page","status-publish","hentry"],"_links":{"self":[{"href":"https:\/\/www.hundinstitutet.com\/index.php?rest_route=\/wp\/v2\/pages\/909","targetHints":{"allow":["GET"]}}],"collection":[{"href":"https:\/\/www.hundinstitutet.com\/index.php?rest_route=\/wp\/v2\/pages"}],"about":[{"href":"https:\/\/www.hundinstitutet.com\/index.php?rest_route=\/wp\/v2\/types\/page"}],"author":[{"embeddable":true,"href":"https:\/\/www.hundinstitutet.com\/index.php?rest_route=\/wp\/v2\/users\/1"}],"replies":[{"embeddable":true,"href":"https:\/\/www.hundinstitutet.com\/index.php?rest_route=%2Fwp%2Fv2%2Fcomments&post=909"}],"version-history":[{"count":20,"href":"https:\/\/www.hundinstitutet.com\/index.php?rest_route=\/wp\/v2\/pages\/909\/revisions"}],"predecessor-version":[{"id":4228,"href":"https:\/\/www.hundinstitutet.com\/index.php?rest_route=\/wp\/v2\/pages\/909\/revisions\/4228"}],"up":[{"embeddable":true,"href":"https:\/\/www.hundinstitutet.com\/index.php?rest_route=\/wp\/v2\/pages\/2327"}],"wp:attachment":[{"href":"https:\/\/www.hundinstitutet.com\/index.php?rest_route=%2Fwp%2Fv2%2Fmedia&parent=909"}],"curies":[{"name":"wp","href":"https:\/\/api.w.org\/{rel}","templated":true}]}}