{"id":930,"date":"2016-12-04T17:10:24","date_gmt":"2016-12-04T17:10:24","guid":{"rendered":"http:\/\/www.hundinstitutet.com\/?page_id=930"},"modified":"2024-03-26T10:57:38","modified_gmt":"2024-03-26T10:57:38","slug":"sokutveckling-for-specialsoknosework","status":"publish","type":"page","link":"https:\/\/www.hundinstitutet.com\/?page_id=930","title":{"rendered":"S\u00f6kutveckling: s\u00f6kplattform och doftstock"},"content":{"rendered":"\n<figure class=\"wp-block-image\" id=\"block-bdb4656b-1547-4693-88cb-7f2539d43825\"><img decoding=\"async\" src=\"https:\/\/www.hundinstitutet.com\/wp-content\/uploads\/2022\/12\/318580986_5651512674937662_6714028902534277936_n-1024x768.jpg\" alt=\"Denna bild har ett alt-attribut som \u00e4r tomt. Dess filnamn \u00e4r 318580986_5651512674937662_6714028902534277936_n-1024x768.jpg\"\/><figcaption class=\"wp-element-caption\">Lagom till JUL 2022 fick vi hem s\u00f6kplattformen.  Nu utvecklar vi hundarna snarlikt &#8221;laboratoriemilj\u00f6&#8221;  <\/figcaption><\/figure>\n\n\n\n<figure class=\"wp-block-image is-resized\"><img decoding=\"async\" src=\"https:\/\/www.hundinstitutet.com\/wp-content\/uploads\/2022\/12\/318088501_675384344235157_3736476222482999737_n.jpg\" alt=\"Denna bild har ett alt-attribut som \u00e4r tomt. Dess filnamn \u00e4r 318088501_675384344235157_3736476222482999737_n.jpg\" style=\"width:630px;height:483px\"\/><figcaption class=\"wp-element-caption\">Vid Hundinstitutets s\u00f6kutvecklingskurs har du m\u00f6jlighet att tr\u00e4na din hund med plattformen. Vi l\u00e4gger \u00e4ven in den enklare varianten av doftstock s\u00e5 du kan tr\u00e4na vidare hemma.  <\/figcaption><\/figure>\n\n\n\n<p><strong>Doftstock \/urvalsbana:<\/strong><\/p>\n\n\n<p style=\"text-align: center;\"><a href=\"https:\/\/www.hundinstitutet.com\/wp-content\/uploads\/2017\/12\/mindypadoftstocken.jpg\"><img loading=\"lazy\" decoding=\"async\" class=\"alignnone size-medium wp-image-1141\" src=\"https:\/\/www.hundinstitutet.com\/wp-content\/uploads\/2017\/12\/mindypadoftstocken-200x300.jpg\" alt=\"\" width=\"200\" height=\"300\" srcset=\"https:\/\/www.hundinstitutet.com\/wp-content\/uploads\/2017\/12\/mindypadoftstocken-200x300.jpg 200w, https:\/\/www.hundinstitutet.com\/wp-content\/uploads\/2017\/12\/mindypadoftstocken.jpg 342w\" sizes=\"auto, (max-width: 200px) 100vw, 200px\" \/><\/a><\/p>\n<p>Foto Marie P -K<\/p>\n<p>S\u00f6kplattformen och urvalsbanor g\u00f6r att vi kan effektivisera din hunds tr\u00e4ning. Vid denna kurs kan vi bef\u00e4sta doft&#8221;etiketten&#8221; som du vill att din hund ska s\u00f6ka. P\u00e5 s\u00f6kplattformen kan vi ocks\u00e5 tr\u00e4na markeringar, g\u00f6ra s\u00e4krings\u00f6vningar, diskriminerings\u00f6vningar och l\u00e4gga in &#8221;st\u00f6rningsdofter&#8221;\u00a0<\/p>\n<p>Vid denna kurs ing\u00e5r \u00e4ven en del klickertr\u00e4ning d\u00e5 det ing\u00e5r i arbetet med s\u00f6kplattformen.<\/p>\n<p>Kursen anpassas givetvis ocks\u00e5 efter deltagarnas behov och \u00f6nskem\u00e5l.<\/p>\n<p style=\"text-align: center;\"><a href=\"https:\/\/www.hundinstitutet.com\/wp-content\/uploads\/2017\/12\/noseworknellymednosenosynlig.jpg\"><img loading=\"lazy\" decoding=\"async\" class=\"alignnone size-full wp-image-1130\" src=\"https:\/\/www.hundinstitutet.com\/wp-content\/uploads\/2017\/12\/noseworknellymednosenosynlig.jpg\" alt=\"\" width=\"200\" height=\"200\" srcset=\"https:\/\/www.hundinstitutet.com\/wp-content\/uploads\/2017\/12\/noseworknellymednosenosynlig.jpg 200w, https:\/\/www.hundinstitutet.com\/wp-content\/uploads\/2017\/12\/noseworknellymednosenosynlig-150x150.jpg 150w\" sizes=\"auto, (max-width: 200px) 100vw, 200px\" \/><\/a>foto AK Dernsj\u00f6<\/p>\n<p>Oavsett om du tr\u00e4nar f\u00f6r att hitta eukalyptus, lagerblad, lavendel, kongs\u00f6k, kantarell eller andra specials\u00f6ksdofter passar denna kurs dig.\u00a0<\/p>\n<p>F\u00f6rkunskaper: F\u00f6r att anm\u00e4la till denna kurs rekommenderas minst Nosework grund, kantarells\u00f6k\u00a0 el. annan\u00a0 specials\u00f6k nyb\u00f6rjarkurs \/ nosework 1 f\u00f6r certifierad Noseworkinstrukt\u00f6r\/ alternativt motsvarande kunskaper.\u00a0 \u00a0Vill du som nyb\u00f6rjare l\u00e4ra in doft med plattform och urvalsbanor\u00a0 v\u00e4nligen g\u00f6r en intresseanm\u00e4lan s\u00e5 h\u00f6r jag av mig\u00a0 n\u00e4r jag lagt in datum!<\/p>\n<p><a href=\"https:\/\/www.hundinstitutet.com\/wp-content\/uploads\/2017\/12\/nosewroknellysokervaggute.jpg\"><img loading=\"lazy\" decoding=\"async\" class=\"size-full wp-image-1129 aligncenter\" src=\"https:\/\/www.hundinstitutet.com\/wp-content\/uploads\/2017\/12\/nosewroknellysokervaggute.jpg\" alt=\"\" width=\"200\" height=\"200\" srcset=\"https:\/\/www.hundinstitutet.com\/wp-content\/uploads\/2017\/12\/nosewroknellysokervaggute.jpg 200w, https:\/\/www.hundinstitutet.com\/wp-content\/uploads\/2017\/12\/nosewroknellysokervaggute-150x150.jpg 150w\" sizes=\"auto, (max-width: 200px) 100vw, 200px\" \/><\/a><\/p>\n<p>Totalt\u00a0 ca 4 lektioner<\/p>\n<p>Observat\u00f6r utan hund: tas Ej pga utrymmesbrist vid inomhusutrymmen samt att k\u00e4nsliga hundar kan f\u00f6rekomma p\u00e5 kursen<\/p>\n<p>Plats: Prelimin\u00e4rt Hammarland Hundinstitutet<\/p>\n<p>Datum \u00e5r 2024 l\u00e4mna intresseanm\u00e4lan f\u00f6r denna kurs!<\/p>\n<p>Vid str\u00e4ng kyla kan hundarna beh\u00f6va v\u00e4nta p\u00e5 sin tur inomhus, dock med egen bur. D\u00e5 din hund inte jobbar aktivt kan det vara bra eller n\u00f6dv\u00e4ndigt att tidvis h\u00e5lla hunden vilande i buren. Innan denna kurs beh\u00f6ver hunden dvs vara van att anv\u00e4nda sin bur.\u00a0\u00a0<\/p>\n<p><a href=\"http:\/\/contact-form-7id=146title=Kontaktformul\u00e4r1\">A<\/a>nm\u00e4l via anm\u00e4lningsblanketten, \u00a0tack!<\/p>\n\n<div class=\"wpforms-container wpforms-container-full wpforms-block wpforms-block-ff8e50be-6355-4cb6-88f5-ee21ba3cf232\" id=\"wpforms-1707\"><form id=\"wpforms-form-1707\" class=\"wpforms-validate wpforms-form\" data-formid=\"1707\" method=\"post\" enctype=\"multipart\/form-data\" action=\"\/index.php?rest_route=%2Fwp%2Fv2%2Fpages%2F930\" data-token=\"086d50c2c857bf9782491a3f938e3ab8\" data-token-time=\"1776166893\"><noscript class=\"wpforms-error-noscript\">Aktivera JavaScript i din webbl\u00e4sare f\u00f6r att fylla i formul\u00e4ret.<\/noscript><div class=\"wpforms-field-container\"><div id=\"wpforms-1707-field_2-container\" class=\"wpforms-field wpforms-field-name\" data-field-id=\"2\"><label class=\"wpforms-field-label\" for=\"wpforms-1707-field_2\">Namn <span class=\"wpforms-required-label\">*<\/span><\/label><div class=\"wpforms-field-row wpforms-field-medium\"><div class=\"wpforms-field-row-block wpforms-first wpforms-one-half\"><input type=\"text\" id=\"wpforms-1707-field_2\" class=\"wpforms-field-name-first wpforms-field-required\" name=\"wpforms[fields][2][first]\" placeholder=\"F\u00f6rnamn\" required><label for=\"wpforms-1707-field_2\" class=\"wpforms-field-sublabel after wpforms-sublabel-hide\">F\u00f6rst<\/label><\/div><div class=\"wpforms-field-row-block wpforms-one-half\"><input type=\"text\" id=\"wpforms-1707-field_2-last\" class=\"wpforms-field-name-last wpforms-field-required\" name=\"wpforms[fields][2][last]\" placeholder=\"Efternamn\" required><label for=\"wpforms-1707-field_2-last\" class=\"wpforms-field-sublabel after wpforms-sublabel-hide\">Sist<\/label><\/div><\/div><\/div><div id=\"wpforms-1707-field_3-container\" class=\"wpforms-field wpforms-field-text\" data-field-id=\"3\"><label class=\"wpforms-field-label\" for=\"wpforms-1707-field_3\">Adress <span class=\"wpforms-required-label\">*<\/span><\/label><input type=\"text\" id=\"wpforms-1707-field_3\" class=\"wpforms-field-medium wpforms-field-required\" name=\"wpforms[fields][3]\" placeholder=\"N\u00e4radress\" required><\/div><div id=\"wpforms-1707-field_4-container\" class=\"wpforms-field wpforms-field-text\" data-field-id=\"4\"><label class=\"wpforms-field-label\" for=\"wpforms-1707-field_4\">Postadress <span class=\"wpforms-required-label\">*<\/span><\/label><input type=\"text\" id=\"wpforms-1707-field_4\" class=\"wpforms-field-medium wpforms-field-required\" name=\"wpforms[fields][4]\" placeholder=\"Postnummer och ort\" required><\/div><div id=\"wpforms-1707-field_5-container\" class=\"wpforms-field wpforms-field-email\" data-field-id=\"5\"><label class=\"wpforms-field-label\" for=\"wpforms-1707-field_5\">Epost <span class=\"wpforms-required-label\">*<\/span><\/label><input type=\"email\" id=\"wpforms-1707-field_5\" class=\"wpforms-field-medium wpforms-field-required\" name=\"wpforms[fields][5]\" spellcheck=\"false\" required><\/div><div id=\"wpforms-1707-field_18-container\" class=\"wpforms-field wpforms-field-text\" data-field-id=\"18\"><label class=\"wpforms-field-label\" for=\"wpforms-1707-field_18\">Telefonnummer <span class=\"wpforms-required-label\">*<\/span><\/label><input type=\"text\" id=\"wpforms-1707-field_18\" class=\"wpforms-field-medium wpforms-field-required\" name=\"wpforms[fields][18]\" required><\/div><div id=\"wpforms-1707-field_7-container\" class=\"wpforms-field wpforms-field-text\" data-field-id=\"7\"><label class=\"wpforms-field-label\" for=\"wpforms-1707-field_7\">Jag vill delta i  <span class=\"wpforms-required-label\">*<\/span><\/label><input type=\"text\" id=\"wpforms-1707-field_7\" class=\"wpforms-field-medium wpforms-field-required\" name=\"wpforms[fields][7]\" placeholder=\"Kursnamn\" required><\/div><div id=\"wpforms-1707-field_8-container\" class=\"wpforms-field wpforms-field-text\" data-field-id=\"8\"><label class=\"wpforms-field-label\" for=\"wpforms-1707-field_8\">Hundens namn <span class=\"wpforms-required-label\">*<\/span><\/label><input type=\"text\" id=\"wpforms-1707-field_8\" class=\"wpforms-field-medium wpforms-field-required\" name=\"wpforms[fields][8]\" required><\/div><div id=\"wpforms-1707-field_9-container\" class=\"wpforms-field wpforms-field-text\" data-field-id=\"9\"><label class=\"wpforms-field-label\" for=\"wpforms-1707-field_9\">Hundens ras <span class=\"wpforms-required-label\">*<\/span><\/label><input type=\"text\" id=\"wpforms-1707-field_9\" class=\"wpforms-field-medium wpforms-field-required\" name=\"wpforms[fields][9]\" required><\/div><div id=\"wpforms-1707-field_10-container\" class=\"wpforms-field wpforms-field-checkbox\" data-field-id=\"10\"><label class=\"wpforms-field-label\">Hundens k\u00f6n <span class=\"wpforms-required-label\">*<\/span><\/label><ul id=\"wpforms-1707-field_10\" class=\"wpforms-field-required\"><li class=\"choice-1 depth-1\"><input type=\"checkbox\" id=\"wpforms-1707-field_10_1\" name=\"wpforms[fields][10][]\" value=\"Tik\" required ><label class=\"wpforms-field-label-inline\" for=\"wpforms-1707-field_10_1\">Tik<\/label><\/li><li class=\"choice-2 depth-1\"><input type=\"checkbox\" id=\"wpforms-1707-field_10_2\" name=\"wpforms[fields][10][]\" value=\"Hane\" required ><label class=\"wpforms-field-label-inline\" for=\"wpforms-1707-field_10_2\">Hane<\/label><\/li><\/ul><\/div><div id=\"wpforms-1707-field_12-container\" class=\"wpforms-field wpforms-field-textarea\" data-field-id=\"12\"><label class=\"wpforms-field-label\" for=\"wpforms-1707-field_12\">Vad vill du l\u00e4ra dig p\u00e5 kursen?<\/label><textarea id=\"wpforms-1707-field_12\" class=\"wpforms-field-medium\" name=\"wpforms[fields][12]\" ><\/textarea><\/div><div id=\"wpforms-1707-field_13-container\" class=\"wpforms-field wpforms-field-textarea\" data-field-id=\"13\"><label class=\"wpforms-field-label\" for=\"wpforms-1707-field_13\"> Ska hunden anv\u00e4ndas till n\u00e5got speciellt? (jakt, bruks, lydnad, sp\u00e5r, familjehund)<\/label><textarea id=\"wpforms-1707-field_13\" class=\"wpforms-field-medium\" name=\"wpforms[fields][13]\" ><\/textarea><\/div><div id=\"wpforms-1707-field_14-container\" class=\"wpforms-field wpforms-field-textarea\" data-field-id=\"14\"><label class=\"wpforms-field-label\" for=\"wpforms-1707-field_14\">Har hunden haft n\u00e5gra skador eller sjukdomar?<\/label><textarea id=\"wpforms-1707-field_14\" class=\"wpforms-field-medium\" name=\"wpforms[fields][14]\" ><\/textarea><\/div><div id=\"wpforms-1707-field_15-container\" class=\"wpforms-field wpforms-field-textarea\" data-field-id=\"15\"><label class=\"wpforms-field-label\" for=\"wpforms-1707-field_15\">Har du specifika problem med hunden?<\/label><textarea id=\"wpforms-1707-field_15\" class=\"wpforms-field-medium\" name=\"wpforms[fields][15]\" ><\/textarea><\/div><div id=\"wpforms-1707-field_16-container\" class=\"wpforms-field wpforms-field-checkbox\" data-field-id=\"16\"><label class=\"wpforms-field-label\">Avbest\u00e4llningsvillkor: Anm\u00e4lan till kurs\/utbildning \u00e4r bindande. Vid f\u00f6rhinder har jag sj\u00e4lv r\u00e4tt att s\u00e4lja min avbokade plats till annan deltagare som \u00e4r p\u00e5 l\u00e4mplig niv\u00e5 f\u00f6r kursen. <span class=\"wpforms-required-label\">*<\/span><\/label><ul id=\"wpforms-1707-field_16\" class=\"wpforms-field-required\"><li class=\"choice-1 depth-1\"><input type=\"checkbox\" id=\"wpforms-1707-field_16_1\" name=\"wpforms[fields][16][]\" value=\"Jag accepterar\" required ><label class=\"wpforms-field-label-inline\" for=\"wpforms-1707-field_16_1\">Jag accepterar<\/label><\/li><\/ul><\/div><div id=\"wpforms-1707-field_17-container\" class=\"wpforms-field wpforms-field-checkbox\" data-field-id=\"17\"><label class=\"wpforms-field-label\">Ansvarsvillkor: Jag \u00e4r sj\u00e4lv ansvarig f\u00f6r att jag och min hund \u00e4r tillr\u00e4ckligt f\u00f6rs\u00e4krade. Jag bekr\u00e4ftar att jag deltar p\u00e5 kursen p\u00e5 eget ansvar och att jag sj\u00e4lv \u00e4r ansvarig f\u00f6r eventuella skador som jag eller min hund orsakar. <span class=\"wpforms-required-label\">*<\/span><\/label><ul id=\"wpforms-1707-field_17\" class=\"wpforms-field-required\"><li class=\"choice-1 depth-1\"><input type=\"checkbox\" id=\"wpforms-1707-field_17_1\" name=\"wpforms[fields][17][]\" value=\"Jag accepterar\" required ><label class=\"wpforms-field-label-inline\" for=\"wpforms-1707-field_17_1\">Jag accepterar<\/label><\/li><\/ul><\/div><\/div><!-- .wpforms-field-container --><div class=\"wpforms-submit-container\" ><input type=\"hidden\" name=\"wpforms[id]\" value=\"1707\"><input type=\"hidden\" name=\"page_title\" value=\"\"><input type=\"hidden\" name=\"page_url\" value=\"https:\/\/www.hundinstitutet.com\/index.php?rest_route=\/wp\/v2\/pages\/930\"><input type=\"hidden\" name=\"url_referer\" value=\"\"><button type=\"submit\" name=\"wpforms[submit]\" id=\"wpforms-submit-1707\" class=\"wpforms-submit\" data-alt-text=\"Skickar din anm\u00e4lan...\" data-submit-text=\"Skicka\" aria-live=\"assertive\" value=\"wpforms-submit\">Skicka<\/button><\/div><\/form><\/div>  <!-- .wpforms-container -->","protected":false},"excerpt":{"rendered":"<p>Doftstock \/urvalsbana: Foto Marie P -K S\u00f6kplattformen och urvalsbanor g\u00f6r att vi kan effektivisera din hunds tr\u00e4ning. Vid denna kurs kan vi bef\u00e4sta doft&#8221;etiketten&#8221; som du vill att din hund ska s\u00f6ka. P\u00e5 s\u00f6kplattformen kan vi ocks\u00e5 tr\u00e4na markeringar, g\u00f6ra s\u00e4krings\u00f6vningar, diskriminerings\u00f6vningar och l\u00e4gga in &#8221;st\u00f6rningsdofter&#8221;\u00a0 Vid denna kurs ing\u00e5r \u00e4ven en del klickertr\u00e4ning d\u00e5 &hellip; <a href=\"https:\/\/www.hundinstitutet.com\/?page_id=930\" class=\"more-link\">Forts\u00e4tt l\u00e4sa <span class=\"screen-reader-text\">S\u00f6kutveckling: s\u00f6kplattform och doftstock<\/span><\/a><\/p>\n","protected":false},"author":1,"featured_media":0,"parent":2327,"menu_order":0,"comment_status":"closed","ping_status":"closed","template":"","meta":{"footnotes":""},"class_list":["post-930","page","type-page","status-publish","hentry"],"_links":{"self":[{"href":"https:\/\/www.hundinstitutet.com\/index.php?rest_route=\/wp\/v2\/pages\/930","targetHints":{"allow":["GET"]}}],"collection":[{"href":"https:\/\/www.hundinstitutet.com\/index.php?rest_route=\/wp\/v2\/pages"}],"about":[{"href":"https:\/\/www.hundinstitutet.com\/index.php?rest_route=\/wp\/v2\/types\/page"}],"author":[{"embeddable":true,"href":"https:\/\/www.hundinstitutet.com\/index.php?rest_route=\/wp\/v2\/users\/1"}],"replies":[{"embeddable":true,"href":"https:\/\/www.hundinstitutet.com\/index.php?rest_route=%2Fwp%2Fv2%2Fcomments&post=930"}],"version-history":[{"count":28,"href":"https:\/\/www.hundinstitutet.com\/index.php?rest_route=\/wp\/v2\/pages\/930\/revisions"}],"predecessor-version":[{"id":2755,"href":"https:\/\/www.hundinstitutet.com\/index.php?rest_route=\/wp\/v2\/pages\/930\/revisions\/2755"}],"up":[{"embeddable":true,"href":"https:\/\/www.hundinstitutet.com\/index.php?rest_route=\/wp\/v2\/pages\/2327"}],"wp:attachment":[{"href":"https:\/\/www.hundinstitutet.com\/index.php?rest_route=%2Fwp%2Fv2%2Fmedia&parent=930"}],"curies":[{"name":"wp","href":"https:\/\/api.w.org\/{rel}","templated":true}]}}