{"id":98,"date":"2021-10-03T12:04:00","date_gmt":"2021-10-03T12:04:00","guid":{"rendered":"http:\/\/hundinstitutet.cotongardens.com\/?page_id=98"},"modified":"2026-02-05T10:36:03","modified_gmt":"2026-02-05T10:36:03","slug":"privatlektioner-och-privatlektionspaket","status":"publish","type":"page","link":"https:\/\/www.hundinstitutet.com\/?page_id=98","title":{"rendered":"Privatlektioner o. paket"},"content":{"rendered":"<p>Jag erbjuder privatlektioner och privatlektionspaket efter Ditt \u00f6nskem\u00e5l.\u00a0<\/p>\n<p><strong><img loading=\"lazy\" decoding=\"async\" class=\"aligncenter\" src=\"https:\/\/www.hundinstitutet.com\/wp-content\/uploads\/2023\/03\/325545118_3085118818300518_3292040303860841471_n-1024x768.jpg\" alt=\"Denna bild har ett alt-attribut som \u00e4r tomt. Dess filnamn \u00e4r 325545118_3085118818300518_3292040303860841471_n-1024x768.jpg\" width=\"328\" height=\"246\" \/><\/strong><\/p>\n<p><strong>Tr\u00e4ningsgrupp \/ kennel\u00e4gare\/ klubb\/ f\u00f6retag som vill boka privat kurs: Kontakta Hundinstitutet f\u00f6r vidare uppgifter.<\/strong><\/p>\n\n\n<figure class=\"wp-block-gallery has-nested-images columns-default is-cropped wp-block-gallery-1 is-layout-flex wp-block-gallery-is-layout-flex\">\n<figure class=\"wp-block-image size-large\"><a href=\"https:\/\/www.hundinstitutet.com\/wp-content\/uploads\/2023\/03\/gisvar.jpg\"><img loading=\"lazy\" decoding=\"async\" width=\"802\" height=\"960\" data-id=\"2412\" src=\"https:\/\/www.hundinstitutet.com\/wp-content\/uploads\/2023\/03\/gisvar.jpg\" alt=\"\" class=\"wp-image-2412\" srcset=\"https:\/\/www.hundinstitutet.com\/wp-content\/uploads\/2023\/03\/gisvar.jpg 802w, https:\/\/www.hundinstitutet.com\/wp-content\/uploads\/2023\/03\/gisvar-251x300.jpg 251w, https:\/\/www.hundinstitutet.com\/wp-content\/uploads\/2023\/03\/gisvar-768x919.jpg 768w, https:\/\/www.hundinstitutet.com\/wp-content\/uploads\/2023\/03\/gisvar-624x747.jpg 624w\" sizes=\"auto, (max-width: 802px) 100vw, 802px\" \/><\/a><\/figure>\n\n\n\n<figure class=\"wp-block-image size-large\"><a href=\"https:\/\/www.hundinstitutet.com\/wp-content\/uploads\/2014\/04\/freestyle-030.jpg\"><img loading=\"lazy\" decoding=\"async\" width=\"1024\" height=\"768\" data-id=\"218\" src=\"https:\/\/www.hundinstitutet.com\/wp-content\/uploads\/2014\/04\/freestyle-030-1024x768.jpg\" alt=\"\" class=\"wp-image-218\" srcset=\"https:\/\/www.hundinstitutet.com\/wp-content\/uploads\/2014\/04\/freestyle-030-1024x768.jpg 1024w, https:\/\/www.hundinstitutet.com\/wp-content\/uploads\/2014\/04\/freestyle-030-300x225.jpg 300w\" sizes=\"auto, (max-width: 1024px) 100vw, 1024px\" \/><\/a><\/figure>\n\n\n\n<figure class=\"wp-block-image size-large\"><a href=\"https:\/\/www.hundinstitutet.com\/wp-content\/uploads\/2023\/03\/325610107_1141127876600682_8394065129979735049_n.jpg\"><img loading=\"lazy\" decoding=\"async\" width=\"1024\" height=\"890\" data-id=\"2414\" src=\"https:\/\/www.hundinstitutet.com\/wp-content\/uploads\/2023\/03\/325610107_1141127876600682_8394065129979735049_n-1024x890.jpg\" alt=\"\" class=\"wp-image-2414\" srcset=\"https:\/\/www.hundinstitutet.com\/wp-content\/uploads\/2023\/03\/325610107_1141127876600682_8394065129979735049_n-1024x890.jpg 1024w, https:\/\/www.hundinstitutet.com\/wp-content\/uploads\/2023\/03\/325610107_1141127876600682_8394065129979735049_n-300x261.jpg 300w, https:\/\/www.hundinstitutet.com\/wp-content\/uploads\/2023\/03\/325610107_1141127876600682_8394065129979735049_n-768x667.jpg 768w, https:\/\/www.hundinstitutet.com\/wp-content\/uploads\/2023\/03\/325610107_1141127876600682_8394065129979735049_n-1536x1335.jpg 1536w, https:\/\/www.hundinstitutet.com\/wp-content\/uploads\/2023\/03\/325610107_1141127876600682_8394065129979735049_n-624x542.jpg 624w, https:\/\/www.hundinstitutet.com\/wp-content\/uploads\/2023\/03\/325610107_1141127876600682_8394065129979735049_n.jpg 1709w\" sizes=\"auto, (max-width: 1024px) 100vw, 1024px\" \/><\/a><\/figure>\n\n\n\n<figure class=\"wp-block-image size-large\"><a href=\"https:\/\/www.hundinstitutet.com\/wp-content\/uploads\/2023\/03\/337334879_962174088249345_5636646648939123365_n.jpg\"><img loading=\"lazy\" decoding=\"async\" width=\"992\" height=\"1024\" data-id=\"2380\" src=\"https:\/\/www.hundinstitutet.com\/wp-content\/uploads\/2023\/03\/337334879_962174088249345_5636646648939123365_n-992x1024.jpg\" alt=\"\" class=\"wp-image-2380\" srcset=\"https:\/\/www.hundinstitutet.com\/wp-content\/uploads\/2023\/03\/337334879_962174088249345_5636646648939123365_n-992x1024.jpg 992w, https:\/\/www.hundinstitutet.com\/wp-content\/uploads\/2023\/03\/337334879_962174088249345_5636646648939123365_n-291x300.jpg 291w, https:\/\/www.hundinstitutet.com\/wp-content\/uploads\/2023\/03\/337334879_962174088249345_5636646648939123365_n-768x793.jpg 768w, https:\/\/www.hundinstitutet.com\/wp-content\/uploads\/2023\/03\/337334879_962174088249345_5636646648939123365_n-1488x1536.jpg 1488w, https:\/\/www.hundinstitutet.com\/wp-content\/uploads\/2023\/03\/337334879_962174088249345_5636646648939123365_n-1983x2048.jpg 1983w, https:\/\/www.hundinstitutet.com\/wp-content\/uploads\/2023\/03\/337334879_962174088249345_5636646648939123365_n-624x644.jpg 624w\" sizes=\"auto, (max-width: 992px) 100vw, 992px\" \/><\/a><\/figure>\n\n\n\n<figure class=\"wp-block-image size-large\"><a href=\"https:\/\/www.hundinstitutet.com\/wp-content\/uploads\/2014\/04\/morrandehund.jpg\"><img loading=\"lazy\" decoding=\"async\" width=\"166\" height=\"232\" data-id=\"129\" src=\"https:\/\/www.hundinstitutet.com\/wp-content\/uploads\/2014\/04\/morrandehund.jpg\" alt=\"\" class=\"wp-image-129\"\/><\/a><\/figure>\n\n\n\n<figure class=\"wp-block-image size-large\"><a href=\"https:\/\/www.hundinstitutet.com\/wp-content\/uploads\/2014\/09\/cropped-mariagodisbusmedmindy.jpg\"><img loading=\"lazy\" decoding=\"async\" width=\"1024\" height=\"474\" data-id=\"363\" src=\"https:\/\/www.hundinstitutet.com\/wp-content\/uploads\/2014\/09\/cropped-mariagodisbusmedmindy-1024x474.jpg\" alt=\"\" class=\"wp-image-363\" srcset=\"https:\/\/www.hundinstitutet.com\/wp-content\/uploads\/2014\/09\/cropped-mariagodisbusmedmindy-1024x474.jpg 1024w, https:\/\/www.hundinstitutet.com\/wp-content\/uploads\/2014\/09\/cropped-mariagodisbusmedmindy-300x139.jpg 300w, https:\/\/www.hundinstitutet.com\/wp-content\/uploads\/2014\/09\/cropped-mariagodisbusmedmindy.jpg 1260w\" sizes=\"auto, (max-width: 1024px) 100vw, 1024px\" \/><\/a><\/figure>\n<figcaption class=\"blocks-gallery-caption wp-element-caption\"><em>Du kan v\u00e4lja helt sj\u00e4lv vad Du vill: unghundstr\u00e4ning, t\u00e4vlingslydnadsgrunder, valptr\u00e4ning, tricktr\u00e4ning, rallylydnad, vardagslydnad, agilitygrunder, problembeteendetr\u00e4ning, r\u00e4dslor, aggressioner, hundm\u00f6ten\/m\u00e4nniskom\u00f6ten, utst\u00e4llningstr\u00e4ning,&nbsp; klickertr\u00e4ning, nosework etc .&nbsp;<\/em><br><em>Jag tar \u00e4ven emot hundar f\u00f6r parallell tr\u00e4ning vid utbildning av ex assistans\/diabetshund, specials\u00f6k mm<br>&nbsp;<\/em><\/figcaption><\/figure>\n\n\n\n<p><strong>Priset per enskild lektion \u00e4r 64,90 \u20ac ,\u00a045 min\/ lektion \/ett ekipage\/ tr\u00e4ning vid Vestmyra hundhall. Privatlektioner erbjuds vardagar kl 9-16 <\/strong>.<\/p>\n\n\n\n<p>Hembes\u00f6k och privatlektioner vid andra platser: <strong>78 \u20ac\/45 min lektion<\/strong> + k\u00f6rers\u00e4ttning + ev k\u00f6rtid+ ev andra lokalhyror. Dessa lektioner kan endast bokas vardag 9-16. Vid problembeteenden rekommenderas att boka  60 min-1,5 h vid f\u00f6rsta tillf\u00e4llet d\u00e5 man beh\u00f6ver diskutera, utreda och tr\u00e4na hund samtidigt.<\/p>\n\n\n\n<p><strong>Paketpriset \u00e4r 234 \u20ac f\u00f6r 4 st lektioner\/ Vestmyra Hundsporthall. <\/strong>  F\u00f6r paketpris ska samtliga datum och tider vara bokade innan start.  Statisthundar och ev. statistm\u00e4nniskor beh\u00f6ver ofta ytterligare bokas in f\u00f6r denna typ av tr\u00e4ning<\/p>\n\n\n\n<p><strong>F\u00f6r utomhustr\u00e4ning<\/strong> \/ hundm\u00f6testr\u00e4ning:  gr\u00e4ns p\u00e5 0 grader f\u00f6r att det inte ska bli f\u00f6r kallt f\u00f6r hund och f\u00f6rare. <\/p>\n\n\n\n<h3 class=\"wp-block-heading\"><strong>Anm\u00e4lan: <\/strong><\/h3>\n\n\n<div class=\"wpforms-container wpforms-container-full wpforms-block wpforms-block-dce4ece5-3efe-491d-81d2-6d0f092125f8\" id=\"wpforms-1707\"><form id=\"wpforms-form-1707\" class=\"wpforms-validate wpforms-form\" data-formid=\"1707\" method=\"post\" enctype=\"multipart\/form-data\" action=\"\/index.php?rest_route=%2Fwp%2Fv2%2Fpages%2F98\" data-token=\"7633214dc21a2f5e6517eace019c0f56\" data-token-time=\"1775241699\"><noscript class=\"wpforms-error-noscript\">Aktivera JavaScript i din webbl\u00e4sare f\u00f6r att fylla i formul\u00e4ret.<\/noscript><div class=\"wpforms-field-container\"><div id=\"wpforms-1707-field_2-container\" class=\"wpforms-field wpforms-field-name\" data-field-id=\"2\"><label class=\"wpforms-field-label\" for=\"wpforms-1707-field_2\">Namn <span class=\"wpforms-required-label\">*<\/span><\/label><div class=\"wpforms-field-row wpforms-field-medium\"><div class=\"wpforms-field-row-block wpforms-first wpforms-one-half\"><input type=\"text\" id=\"wpforms-1707-field_2\" class=\"wpforms-field-name-first wpforms-field-required\" name=\"wpforms[fields][2][first]\" placeholder=\"F\u00f6rnamn\" required><label for=\"wpforms-1707-field_2\" class=\"wpforms-field-sublabel after wpforms-sublabel-hide\">F\u00f6rst<\/label><\/div><div class=\"wpforms-field-row-block wpforms-one-half\"><input type=\"text\" id=\"wpforms-1707-field_2-last\" class=\"wpforms-field-name-last wpforms-field-required\" name=\"wpforms[fields][2][last]\" placeholder=\"Efternamn\" required><label for=\"wpforms-1707-field_2-last\" class=\"wpforms-field-sublabel after wpforms-sublabel-hide\">Sist<\/label><\/div><\/div><\/div><div id=\"wpforms-1707-field_3-container\" class=\"wpforms-field wpforms-field-text\" data-field-id=\"3\"><label class=\"wpforms-field-label\" for=\"wpforms-1707-field_3\">Adress <span class=\"wpforms-required-label\">*<\/span><\/label><input type=\"text\" id=\"wpforms-1707-field_3\" class=\"wpforms-field-medium wpforms-field-required\" name=\"wpforms[fields][3]\" placeholder=\"N\u00e4radress\" required><\/div><div id=\"wpforms-1707-field_4-container\" class=\"wpforms-field wpforms-field-text\" data-field-id=\"4\"><label class=\"wpforms-field-label\" for=\"wpforms-1707-field_4\">Postadress <span class=\"wpforms-required-label\">*<\/span><\/label><input type=\"text\" id=\"wpforms-1707-field_4\" class=\"wpforms-field-medium wpforms-field-required\" name=\"wpforms[fields][4]\" placeholder=\"Postnummer och ort\" required><\/div><div id=\"wpforms-1707-field_5-container\" class=\"wpforms-field wpforms-field-email\" data-field-id=\"5\"><label class=\"wpforms-field-label\" for=\"wpforms-1707-field_5\">Epost <span class=\"wpforms-required-label\">*<\/span><\/label><input type=\"email\" id=\"wpforms-1707-field_5\" class=\"wpforms-field-medium wpforms-field-required\" name=\"wpforms[fields][5]\" spellcheck=\"false\" required><\/div><div id=\"wpforms-1707-field_18-container\" class=\"wpforms-field wpforms-field-text\" data-field-id=\"18\"><label class=\"wpforms-field-label\" for=\"wpforms-1707-field_18\">Telefonnummer <span class=\"wpforms-required-label\">*<\/span><\/label><input type=\"text\" id=\"wpforms-1707-field_18\" class=\"wpforms-field-medium wpforms-field-required\" name=\"wpforms[fields][18]\" required><\/div><div id=\"wpforms-1707-field_7-container\" class=\"wpforms-field wpforms-field-text\" data-field-id=\"7\"><label class=\"wpforms-field-label\" for=\"wpforms-1707-field_7\">Jag vill delta i  <span class=\"wpforms-required-label\">*<\/span><\/label><input type=\"text\" id=\"wpforms-1707-field_7\" class=\"wpforms-field-medium wpforms-field-required\" name=\"wpforms[fields][7]\" placeholder=\"Kursnamn\" required><\/div><div id=\"wpforms-1707-field_8-container\" class=\"wpforms-field wpforms-field-text\" data-field-id=\"8\"><label class=\"wpforms-field-label\" for=\"wpforms-1707-field_8\">Hundens namn <span class=\"wpforms-required-label\">*<\/span><\/label><input type=\"text\" id=\"wpforms-1707-field_8\" class=\"wpforms-field-medium wpforms-field-required\" name=\"wpforms[fields][8]\" required><\/div><div id=\"wpforms-1707-field_9-container\" class=\"wpforms-field wpforms-field-text\" data-field-id=\"9\"><label class=\"wpforms-field-label\" for=\"wpforms-1707-field_9\">Hundens ras <span class=\"wpforms-required-label\">*<\/span><\/label><input type=\"text\" id=\"wpforms-1707-field_9\" class=\"wpforms-field-medium wpforms-field-required\" name=\"wpforms[fields][9]\" required><\/div><div id=\"wpforms-1707-field_10-container\" class=\"wpforms-field wpforms-field-checkbox\" data-field-id=\"10\"><label class=\"wpforms-field-label\">Hundens k\u00f6n <span class=\"wpforms-required-label\">*<\/span><\/label><ul id=\"wpforms-1707-field_10\" class=\"wpforms-field-required\"><li class=\"choice-1 depth-1\"><input type=\"checkbox\" id=\"wpforms-1707-field_10_1\" name=\"wpforms[fields][10][]\" value=\"Tik\" required ><label class=\"wpforms-field-label-inline\" for=\"wpforms-1707-field_10_1\">Tik<\/label><\/li><li class=\"choice-2 depth-1\"><input type=\"checkbox\" id=\"wpforms-1707-field_10_2\" name=\"wpforms[fields][10][]\" value=\"Hane\" required ><label class=\"wpforms-field-label-inline\" for=\"wpforms-1707-field_10_2\">Hane<\/label><\/li><\/ul><\/div><div id=\"wpforms-1707-field_12-container\" class=\"wpforms-field wpforms-field-textarea\" data-field-id=\"12\"><label class=\"wpforms-field-label\" for=\"wpforms-1707-field_12\">Vad vill du l\u00e4ra dig p\u00e5 kursen?<\/label><textarea id=\"wpforms-1707-field_12\" class=\"wpforms-field-medium\" name=\"wpforms[fields][12]\" ><\/textarea><\/div><div id=\"wpforms-1707-field_13-container\" class=\"wpforms-field wpforms-field-textarea\" data-field-id=\"13\"><label class=\"wpforms-field-label\" for=\"wpforms-1707-field_13\"> Ska hunden anv\u00e4ndas till n\u00e5got speciellt? (jakt, bruks, lydnad, sp\u00e5r, familjehund)<\/label><textarea id=\"wpforms-1707-field_13\" class=\"wpforms-field-medium\" name=\"wpforms[fields][13]\" ><\/textarea><\/div><div id=\"wpforms-1707-field_14-container\" class=\"wpforms-field wpforms-field-textarea\" data-field-id=\"14\"><label class=\"wpforms-field-label\" for=\"wpforms-1707-field_14\">Har hunden haft n\u00e5gra skador eller sjukdomar?<\/label><textarea id=\"wpforms-1707-field_14\" class=\"wpforms-field-medium\" name=\"wpforms[fields][14]\" ><\/textarea><\/div><div id=\"wpforms-1707-field_15-container\" class=\"wpforms-field wpforms-field-textarea\" data-field-id=\"15\"><label class=\"wpforms-field-label\" for=\"wpforms-1707-field_15\">Har du specifika problem med hunden?<\/label><textarea id=\"wpforms-1707-field_15\" class=\"wpforms-field-medium\" name=\"wpforms[fields][15]\" ><\/textarea><\/div><div id=\"wpforms-1707-field_16-container\" class=\"wpforms-field wpforms-field-checkbox\" data-field-id=\"16\"><label class=\"wpforms-field-label\">Avbest\u00e4llningsvillkor: Anm\u00e4lan till kurs\/utbildning \u00e4r bindande. Vid f\u00f6rhinder har jag sj\u00e4lv r\u00e4tt att s\u00e4lja min avbokade plats till annan deltagare som \u00e4r p\u00e5 l\u00e4mplig niv\u00e5 f\u00f6r kursen. <span class=\"wpforms-required-label\">*<\/span><\/label><ul id=\"wpforms-1707-field_16\" class=\"wpforms-field-required\"><li class=\"choice-1 depth-1\"><input type=\"checkbox\" id=\"wpforms-1707-field_16_1\" name=\"wpforms[fields][16][]\" value=\"Jag accepterar\" required ><label class=\"wpforms-field-label-inline\" for=\"wpforms-1707-field_16_1\">Jag accepterar<\/label><\/li><\/ul><\/div><div id=\"wpforms-1707-field_17-container\" class=\"wpforms-field wpforms-field-checkbox\" data-field-id=\"17\"><label class=\"wpforms-field-label\">Ansvarsvillkor: Jag \u00e4r sj\u00e4lv ansvarig f\u00f6r att jag och min hund \u00e4r tillr\u00e4ckligt f\u00f6rs\u00e4krade. Jag bekr\u00e4ftar att jag deltar p\u00e5 kursen p\u00e5 eget ansvar och att jag sj\u00e4lv \u00e4r ansvarig f\u00f6r eventuella skador som jag eller min hund orsakar. <span class=\"wpforms-required-label\">*<\/span><\/label><ul id=\"wpforms-1707-field_17\" class=\"wpforms-field-required\"><li class=\"choice-1 depth-1\"><input type=\"checkbox\" id=\"wpforms-1707-field_17_1\" name=\"wpforms[fields][17][]\" value=\"Jag accepterar\" required ><label class=\"wpforms-field-label-inline\" for=\"wpforms-1707-field_17_1\">Jag accepterar<\/label><\/li><\/ul><\/div><\/div><!-- .wpforms-field-container --><div class=\"wpforms-submit-container\" ><input type=\"hidden\" name=\"wpforms[id]\" value=\"1707\"><input type=\"hidden\" name=\"page_title\" value=\"\"><input type=\"hidden\" name=\"page_url\" value=\"https:\/\/www.hundinstitutet.com\/index.php?rest_route=\/wp\/v2\/pages\/98\"><input type=\"hidden\" name=\"url_referer\" value=\"\"><button type=\"submit\" name=\"wpforms[submit]\" id=\"wpforms-submit-1707\" class=\"wpforms-submit\" data-alt-text=\"Skickar din anm\u00e4lan...\" data-submit-text=\"Skicka\" aria-live=\"assertive\" value=\"wpforms-submit\">Skicka<\/button><\/div><\/form><\/div>  <!-- .wpforms-container -->","protected":false},"excerpt":{"rendered":"<p>Jag erbjuder privatlektioner och privatlektionspaket efter Ditt \u00f6nskem\u00e5l.\u00a0 Tr\u00e4ningsgrupp \/ kennel\u00e4gare\/ klubb\/ f\u00f6retag som vill boka privat kurs: Kontakta Hundinstitutet f\u00f6r vidare uppgifter. Priset per enskild lektion \u00e4r 64,90 \u20ac ,\u00a045 min\/ lektion \/ett ekipage\/ tr\u00e4ning vid Vestmyra hundhall. Privatlektioner erbjuds vardagar kl 9-16 . Hembes\u00f6k och privatlektioner vid andra platser: 78 \u20ac\/45 min lektion &hellip; <a href=\"https:\/\/www.hundinstitutet.com\/?page_id=98\" class=\"more-link\">Forts\u00e4tt l\u00e4sa <span class=\"screen-reader-text\">Privatlektioner o. paket<\/span><\/a><\/p>\n","protected":false},"author":1,"featured_media":0,"parent":0,"menu_order":0,"comment_status":"closed","ping_status":"closed","template":"","meta":{"footnotes":""},"class_list":["post-98","page","type-page","status-publish","hentry"],"_links":{"self":[{"href":"https:\/\/www.hundinstitutet.com\/index.php?rest_route=\/wp\/v2\/pages\/98","targetHints":{"allow":["GET"]}}],"collection":[{"href":"https:\/\/www.hundinstitutet.com\/index.php?rest_route=\/wp\/v2\/pages"}],"about":[{"href":"https:\/\/www.hundinstitutet.com\/index.php?rest_route=\/wp\/v2\/types\/page"}],"author":[{"embeddable":true,"href":"https:\/\/www.hundinstitutet.com\/index.php?rest_route=\/wp\/v2\/users\/1"}],"replies":[{"embeddable":true,"href":"https:\/\/www.hundinstitutet.com\/index.php?rest_route=%2Fwp%2Fv2%2Fcomments&post=98"}],"version-history":[{"count":46,"href":"https:\/\/www.hundinstitutet.com\/index.php?rest_route=\/wp\/v2\/pages\/98\/revisions"}],"predecessor-version":[{"id":4445,"href":"https:\/\/www.hundinstitutet.com\/index.php?rest_route=\/wp\/v2\/pages\/98\/revisions\/4445"}],"wp:attachment":[{"href":"https:\/\/www.hundinstitutet.com\/index.php?rest_route=%2Fwp%2Fv2%2Fmedia&parent=98"}],"curies":[{"name":"wp","href":"https:\/\/api.w.org\/{rel}","templated":true}]}}